{"id":997,"date":"2023-11-28T18:03:58","date_gmt":"2023-11-28T15:03:58","guid":{"rendered":"https:\/\/www.nobeltarim.com\/?post_type=product&#038;p=997"},"modified":"2023-11-28T18:03:58","modified_gmt":"2023-11-28T15:03:58","slug":"nitrocal-plus-2","status":"publish","type":"product","link":"https:\/\/www.nobeltarim.com\/?product=nitrocal-plus-2&lang=fr","title":{"rendered":"NITROCAL-PLUS"},"content":{"rendered":"<p><strong>N-PLUS<\/strong><\/p>\n<p>&nbsp;<\/p>\n<p><strong>Contenu garanti<\/strong> \u00a0\u00a0\u00a0\u00a0\u00a0\u00a0\u00a0\u00a0\u00a0\u00a0\u00a0\u00a0\u00a0\u00a0\u00a0\u00a0\u00a0\u00a0\u00a0\u00a0\u00a0\u00a0\u00a0\u00a0\u00a0\u00a0\u00a0\u00a0\u00a0\u00a0\u00a0\u00a0\u00a0\u00a0\u00a0\u00a0\u00a0\u00a0\u00a0\u00a0\u00a0\u00a0\u00a0\u00a0\u00a0\u00a0\u00a0\u00a0\u00a0\u00a0\u00a0\u00a0\u00a0\u00a0\u00a0\u00a0\u00a0\u00a0\u00a0\u00a0\u00a0\u00a0\u00a0\u00a0\u00a0\u00a0\u00a0<strong>p\/p<\/strong><\/p>\n<p>Azote total (N) :\u00a0\u00a0\u00a0\u00a0\u00a0\u00a0\u00a0\u00a0\u00a0\u00a0\u00a0\u00a0\u00a0\u00a0\u00a0\u00a0\u00a0\u00a0\u00a0\u00a0\u00a0\u00a0\u00a0\u00a0\u00a0\u00a0\u00a0\u00a0\u00a0\u00a0\u00a0\u00a0\u00a0\u00a0\u00a0\u00a0\u00a0\u00a0\u00a0\u00a0\u00a0\u00a0\u00a0\u00a0\u00a0\u00a0\u00a0\u00a0\u00a0\u00a0\u00a0\u00a0\u00a0\u00a0\u00a0\u00a0\u00a0\u00a0\u00a0\u00a0\u00a0\u00a0 9%<\/p>\n<p>Azote nitrique (NO\u2083-N) : \u00a0\u00a0\u00a0\u00a0\u00a0\u00a0\u00a0\u00a0\u00a0\u00a0\u00a0\u00a0\u00a0\u00a0\u00a0\u00a0\u00a0\u00a0\u00a0\u00a0\u00a0\u00a0\u00a0\u00a0\u00a0\u00a0\u00a0\u00a0\u00a0\u00a0\u00a0\u00a0\u00a0\u00a0\u00a0\u00a0\u00a0\u00a0\u00a0\u00a0\u00a0\u00a0\u00a0\u00a0\u00a0\u00a0\u00a0\u00a09 %<\/p>\n<p>Oxyde de calcium soluble dans l&#8217;eau (CaO):\u00a0\u00a0\u00a0\u00a0\u00a0\u00a0\u00a0\u00a0\u00a0\u00a0\u00a0\u00a0\u00a0\u00a0\u00a0\u00a0 15 %<\/p>\n<p>Bore soluble dans l&#8217;eau (B) :\u00a0\u00a0\u00a0\u00a0\u00a0\u00a0\u00a0\u00a0\u00a0\u00a0\u00a0\u00a0\u00a0\u00a0\u00a0\u00a0\u00a0\u00a0\u00a0\u00a0\u00a0\u00a0\u00a0\u00a0\u00a0\u00a0\u00a0\u00a0\u00a0\u00a0\u00a0\u00a0\u00a0\u00a0\u00a0\u00a0\u00a0\u00a0 \u00a00,17%<\/p>\n<p><strong>Caract\u00e9ristiques du produit :<\/strong><\/p>\n<p>&#8211; \u00c9paissit la tige et les parties sup\u00e9rieures des plantes.<\/p>\n<p>&#8211; \u00c9limine la salinit\u00e9.<\/p>\n<p>&#8211; Am\u00e9liore la croissance des racines marginales.<\/p>\n<p>-Il est une source d&#8217;azote permanente.<\/p>\n<p>&#8211; Assure l&#8217;\u00e9quilibre hormonal des plantes expos\u00e9es \u00e0 des conditions de stress.<\/p>\n<p>&#8211; Assure le raccourcissement des entre-n\u0153uds et la croissance de branches lat\u00e9rales dans la partie sup\u00e9rieure de la plante.<\/p>\n<p>-R\u00e9duit les d\u00e9formations observ\u00e9es sur les feuilles et les fruits.<\/p>\n<p>&#8211; Augmente la rigidit\u00e9 du fruit.<\/p>\n<p>&#8211; accro\u00eet la durabilit\u00e9 du fruit et leur r\u00e9sistance contre la fissuration.<\/p>\n<p>&#8211; Prolonge la dur\u00e9e de conservation des fruits.<\/p>\n<p>&#8211; active certaines enzymes.<\/p>\n<p>&#8211; Ajuste la pression osmatique.<\/p>\n<p>&#8211; \u00c9quilibre le pH<\/p>\n<p>&nbsp;<\/p>\n<p>PLANTES DOSES ET TEMPS RECOMMENDE<\/p>\n<table width=\"621\">\n<tbody>\n<tr>\n<td width=\"196\">NOM DU PRODUIT<\/td>\n<td width=\"198\">&nbsp;<\/td>\n<td width=\"227\">TEMPS D&#8217;UTILISATION<\/td>\n<\/tr>\n<tr>\n<td width=\"196\">Cultures de plein champ et Cultures industrielles<\/p>\n<p>C\u00e9r\u00e9ales, ma\u00efs, betteraves,<\/p>\n<p>Pommes de terre, l\u00e9gumes de plein champ et autres cultures de plein champ.<\/td>\n<td width=\"198\">&nbsp;<\/p>\n<p>&nbsp;<\/p>\n<p>\u00e0 partir des feuilles\u00a0;230-400 gr\/100 lt<\/td>\n<td rowspan=\"7\" width=\"227\">En commen\u00e7ant par la premi\u00e8re phase des plantes (semis-plantation), il s&#8217;applique \u00e0 chaque p\u00e9riode (avant et apr\u00e8s la floraison, formation des fruits, pr\u00e9-r\u00e9colte).<\/p>\n<p>&nbsp;<\/p>\n<p>&nbsp;<\/p>\n<p>Assurez-vous d&#8217;utiliser suffisamment d&#8217;eau pour couvrir compl\u00e8tement la plante. Il peut \u00eatre appliqu\u00e9 \u00e0 des intervalles de 15 \u00e0 20 jours.<\/p>\n<p>&nbsp;<\/p>\n<p>Il est plus efficace de faire des applications \u00e0 faible dose \u00e0 intervalles fr\u00e9quents.<\/td>\n<\/tr>\n<tr>\n<td width=\"196\">Agrumes et arbres fruitiers<\/td>\n<td width=\"198\">\u00e0 partir des feuilles; 200-300 gr\/100 lt<\/td>\n<\/tr>\n<tr>\n<td width=\"196\">plantes de d\u00e9coration<\/td>\n<td width=\"198\">\u00e0 partir des feuilles; 200-250 gr\/100 lt<\/td>\n<\/tr>\n<tr>\n<td width=\"196\">\u0152illet, Rose contre.<\/td>\n<td width=\"198\">\u00e0 partir des feuilles; 200-230 gr\/100 lt<\/td>\n<\/tr>\n<tr>\n<td width=\"196\">Fraise, Melon, Past\u00e8que, Vigne, Banane<\/td>\n<td width=\"198\">Yapraktan; 200-250 gr\/100 lt<\/td>\n<\/tr>\n<tr>\n<td width=\"196\">L\u00e9gumes<\/p>\n<p>Tomates, poivrons, aubergines, etc.<\/td>\n<td width=\"198\">Yapraktan; 200-250 gr\/100 lt<\/td>\n<\/tr>\n<tr>\n<td width=\"196\">&nbsp;<\/td>\n<td width=\"198\">TOPRAK UYGULAMASI<\/td>\n<\/tr>\n<tr>\n<td colspan=\"3\" width=\"621\">Les applications sont adapt\u00e9es \u00e0 l&#8217;irrigation goutte \u00e0 goutte \u00e0 partir de 2,5 Kg\/da.<\/td>\n<\/tr>\n<\/tbody>\n<\/table>\n<p>&nbsp;<\/p>\n","protected":false},"excerpt":{"rendered":"<p>N-PLUS &nbsp; Contenu garanti \u00a0\u00a0\u00a0\u00a0\u00a0\u00a0\u00a0\u00a0\u00a0\u00a0\u00a0\u00a0\u00a0\u00a0\u00a0\u00a0\u00a0\u00a0\u00a0\u00a0\u00a0\u00a0\u00a0\u00a0\u00a0\u00a0\u00a0\u00a0\u00a0\u00a0\u00a0\u00a0\u00a0\u00a0\u00a0\u00a0\u00a0\u00a0\u00a0\u00a0\u00a0\u00a0\u00a0\u00a0\u00a0\u00a0\u00a0\u00a0\u00a0\u00a0\u00a0\u00a0\u00a0\u00a0\u00a0\u00a0\u00a0\u00a0\u00a0\u00a0\u00a0\u00a0\u00a0\u00a0\u00a0\u00a0\u00a0p\/p Azote total (N) :\u00a0\u00a0\u00a0\u00a0\u00a0\u00a0\u00a0\u00a0\u00a0\u00a0\u00a0\u00a0\u00a0\u00a0\u00a0\u00a0\u00a0\u00a0\u00a0\u00a0\u00a0\u00a0\u00a0\u00a0\u00a0\u00a0\u00a0\u00a0\u00a0\u00a0\u00a0\u00a0\u00a0\u00a0\u00a0\u00a0\u00a0\u00a0\u00a0\u00a0\u00a0\u00a0\u00a0\u00a0\u00a0\u00a0\u00a0\u00a0\u00a0\u00a0\u00a0\u00a0\u00a0\u00a0\u00a0\u00a0\u00a0\u00a0\u00a0\u00a0\u00a0\u00a0 9% Azote nitrique (NO\u2083-N) : \u00a0\u00a0\u00a0\u00a0\u00a0\u00a0\u00a0\u00a0\u00a0\u00a0\u00a0\u00a0\u00a0\u00a0\u00a0\u00a0\u00a0\u00a0\u00a0\u00a0\u00a0\u00a0\u00a0\u00a0\u00a0\u00a0\u00a0\u00a0\u00a0\u00a0\u00a0\u00a0\u00a0\u00a0\u00a0\u00a0\u00a0\u00a0\u00a0\u00a0\u00a0\u00a0\u00a0\u00a0\u00a0\u00a0\u00a0\u00a09 % Oxyde de calcium soluble dans l&#8217;eau (CaO):\u00a0\u00a0\u00a0\u00a0\u00a0\u00a0\u00a0\u00a0\u00a0\u00a0\u00a0\u00a0\u00a0\u00a0\u00a0\u00a0 15 % Bore soluble dans l&#8217;eau (B) :\u00a0\u00a0\u00a0\u00a0\u00a0\u00a0\u00a0\u00a0\u00a0\u00a0\u00a0\u00a0\u00a0\u00a0\u00a0\u00a0\u00a0\u00a0\u00a0\u00a0\u00a0\u00a0\u00a0\u00a0\u00a0\u00a0\u00a0\u00a0\u00a0\u00a0\u00a0\u00a0\u00a0\u00a0\u00a0\u00a0\u00a0\u00a0 \u00a00,17% Caract\u00e9ristiques du produit : &#8211; \u00c9paissit la tige et les parties sup\u00e9rieures des plantes. &#8211; \u00c9limine la salinit\u00e9. &#8211; Am\u00e9liore la croissance des [&#8230;]\n","protected":false},"featured_media":865,"template":"","meta":[],"product_cat":[235],"product_tag":[],"_links":{"self":[{"href":"https:\/\/www.nobeltarim.com\/index.php?rest_route=\/wp\/v2\/product\/997"}],"collection":[{"href":"https:\/\/www.nobeltarim.com\/index.php?rest_route=\/wp\/v2\/product"}],"about":[{"href":"https:\/\/www.nobeltarim.com\/index.php?rest_route=\/wp\/v2\/types\/product"}],"wp:featuredmedia":[{"embeddable":true,"href":"https:\/\/www.nobeltarim.com\/index.php?rest_route=\/wp\/v2\/media\/865"}],"wp:attachment":[{"href":"https:\/\/www.nobeltarim.com\/index.php?rest_route=%2Fwp%2Fv2%2Fmedia&parent=997"}],"wp:term":[{"taxonomy":"product_cat","embeddable":true,"href":"https:\/\/www.nobeltarim.com\/index.php?rest_route=%2Fwp%2Fv2%2Fproduct_cat&post=997"},{"taxonomy":"product_tag","embeddable":true,"href":"https:\/\/www.nobeltarim.com\/index.php?rest_route=%2Fwp%2Fv2%2Fproduct_tag&post=997"}],"curies":[{"name":"wp","href":"https:\/\/api.w.org\/{rel}","templated":true}]}}