{"id":996,"date":"2023-11-28T18:02:32","date_gmt":"2023-11-28T15:02:32","guid":{"rendered":"https:\/\/www.nobeltarim.com\/?post_type=product&#038;p=996"},"modified":"2023-11-28T18:02:33","modified_gmt":"2023-11-28T15:02:33","slug":"ec-fertilizer-nitrosul-4","status":"publish","type":"product","link":"https:\/\/www.nobeltarim.com\/?product=ec-fertilizer-nitrosul-4&lang=ru","title":{"rendered":"EC FERTILIZER NITROSUL"},"content":{"rendered":"<p><strong>NITROSUL<\/strong><\/p>\n<p><strong>\u0420\u0410\u0421\u0422\u0412\u041e\u0420 \u0410\u0417\u041e\u0422\u041d\u042b\u0425 \u0423\u0414\u041e\u0411\u0420\u0415\u041d\u0418\u0419<\/strong><\/p>\n<p><strong>\u00a0<\/strong><\/p>\n<p><strong>\u0413\u0410\u0420\u0410\u041d\u0422\u0418\u0420\u041e\u0412\u0410\u041d\u041d\u041e\u0415 \u0421\u041e\u0414\u0415\u0420\u0416\u0410\u041d\u0418\u0415<\/strong><\/p>\n<p>\u041e\u0431\u0449\u0438\u0439 \u0430\u0437\u043e\u0442 (N) &#8230;&#8230;&#8230;.. 15% w\/w<\/p>\n<p>\u0410\u0437\u043e\u0442 \u043c\u043e\u0447\u0435\u0432\u0438\u043d\u044b (NH2-N) &#8230;&#8230;. 15% w\/w.<\/p>\n<p>&nbsp;<\/p>\n<p><strong>\u041f\u0420\u0415\u0418\u041c\u0423\u0429\u0415\u0421\u0422\u0412\u0410<\/strong><\/p>\n<p>&#8211; \u0411\u044b\u0441\u0442\u0440\u043e \u0443\u0441\u0438\u043b\u0438\u0432\u0430\u0435\u0442 \u0440\u0430\u0437\u0432\u0438\u0442\u0438\u0435 \u0437\u0435\u043b\u0435\u043d\u044b\u0445 \u0447\u0430\u0441\u0442\u0435\u0439 \u0440\u0430\u0441\u0442\u0435\u043d\u0438\u044f<\/p>\n<p>&#8211; \u041e\u0431\u0435\u0441\u043f\u0435\u0447\u0438\u0432\u0430\u0435\u0442 \u043e\u0431\u0440\u0430\u0437\u043e\u0432\u0430\u043d\u0438\u0435 \u0431\u043e\u043b\u044c\u0448\u0435\u0433\u043e \u043a\u043e\u043b\u0438\u0447\u0435\u0441\u0442\u0432\u0430 \u0438 \u0431\u043e\u043b\u0435\u0435 \u0437\u0434\u043e\u0440\u043e\u0432\u044b\u0445 \u0431\u043e\u043a\u043e\u0432\u044b\u0445 \u0432\u0435\u0442\u0432\u0435\u0439 \u0438 \u043f\u043e\u0431\u0435\u0433\u043e\u0432.<\/p>\n<p>&#8211; \u041f\u043e\u0437\u0432\u043e\u043b\u044f\u0435\u0442 \u0440\u0430\u0441\u0442\u0435\u043d\u0438\u044e \u0440\u0430\u0431\u043e\u0442\u0430\u0442\u044c \u043d\u0430 \u043c\u0430\u043a\u0441\u0438\u043c\u0430\u043b\u044c\u043d\u043e\u043c \u0443\u0440\u043e\u0432\u043d\u0435 \u0434\u0430\u0436\u0435 \u043f\u0440\u0438 \u043d\u0435\u0431\u043b\u0430\u0433\u043e\u043f\u0440\u0438\u044f\u0442\u043d\u044b\u0445 \u043a\u043b\u0438\u043c\u0430\u0442\u0438\u0447\u0435\u0441\u043a\u0438\u0445 \u0438 \u043f\u043e\u0447\u0432\u0435\u043d\u043d\u044b\u0445 \u0443\u0441\u043b\u043e\u0432\u0438\u044f\u0445<strong>.<\/strong><\/p>\n<p><strong>\u00a0<\/strong><\/p>\n<p><strong>\u041f\u0420\u0418\u041c\u0415\u041d\u0415\u041d\u0418\u0415 \u0418 \u0414\u041e\u0417\u042b<\/strong><\/p>\n<table>\n<tbody>\n<tr>\n<td width=\"256\"><strong>\u0410\u0421\u0422\u0415\u041d\u0418\u042f<\/strong><\/td>\n<td width=\"285\"><strong>\u041f\u0440\u0438\u043c\u0435\u043d\u0435\u043d\u0438\u0435 \u043f\u0440\u0438 \u043a\u0430\u043f\u0435\u043b\u044c\u043d\u043e\u043c \u043e\u0440\u043e\u0448\u0435\u043d\u0438\u0438<\/strong><\/td>\n<\/tr>\n<tr>\n<td width=\"256\">\u0422\u0435\u043f\u043b\u0438\u0447\u043d\u044b\u0435 \u043e\u0432\u043e\u0449\u0438<\/td>\n<td width=\"285\">2-2,5 \u043a\u0433\/\u0434\u0430 \u0441 \u043a\u0430\u043f\u0435\u043b\u044c\u043d\u044b\u043c \u043e\u0440\u043e\u0448\u0435\u043d\u0438\u0435\u043c<\/td>\n<\/tr>\n<tr>\n<td width=\"256\">\u041e\u0432\u043e\u0449\u0438 \u043e\u0442\u043a\u0440\u044b\u0442\u043e\u0433\u043e \u0433\u0440\u0443\u043d\u0442\u0430<\/td>\n<td width=\"285\">2-2,5 \u043a\u0433\/\u0434\u0430 \u0441 \u043a\u0430\u043f\u0435\u043b\u044c\u043d\u044b\u043c \u043e\u0440\u043e\u0448\u0435\u043d\u0438\u0435\u043c<\/td>\n<\/tr>\n<tr>\n<td width=\"256\">\u041f\u043b\u043e\u0434\u043e\u0432\u044b\u0435 \u0434\u0435\u0440\u0435\u0432\u044c\u044f<\/td>\n<td width=\"285\">2-2,5 \u043a\u0433\/\u0434\u0430 \u0441 \u043a\u0430\u043f\u0435\u043b\u044c\u043d\u044b\u043c \u043e\u0440\u043e\u0448\u0435\u043d\u0438\u0435\u043c<\/td>\n<\/tr>\n<tr>\n<td width=\"256\">\u0426\u0438\u0442\u0440\u0443\u0441\u043e\u0432\u044b\u0435, \u0431\u0430\u043d\u0430\u043d\u044b<\/td>\n<td width=\"285\">2-2,5 \u043a\u0433\/\u0434\u0430 \u0441 \u043a\u0430\u043f\u0435\u043b\u044c\u043d\u044b\u043c \u043e\u0440\u043e\u0448\u0435\u043d\u0438\u0435\u043c<\/td>\n<\/tr>\n<tr>\n<td width=\"256\">\u0424\u043b\u043e\u0440\u0438\u0441\u0442\u0438\u043a\u0430 \u0432 \u0441\u0440\u0435\u0437\u043a\u0435<\/td>\n<td width=\"285\">2-2,5 \u043a\u0433\/\u0434\u0430 \u0441 \u043a\u0430\u043f\u0435\u043b\u044c\u043d\u044b\u043c \u043e\u0440\u043e\u0448\u0435\u043d\u0438\u0435\u043c<\/td>\n<\/tr>\n<tr>\n<td width=\"256\">\u0412 \u0432\u0438\u043d\u043e\u0433\u0440\u0430\u0434\u043d\u0438\u043a\u0430\u0445<\/td>\n<td width=\"285\">2-2,5 \u043a\u0433\/\u0434\u0430 \u0441 \u043a\u0430\u043f\u0435\u043b\u044c\u043d\u044b\u043c \u043e\u0440\u043e\u0448\u0435\u043d\u0438\u0435\u043c<\/td>\n<\/tr>\n<tr>\n<td width=\"256\">\u041f\u043e\u043b\u0435\u0432\u044b\u0435 \u043a\u0443\u043b\u044c\u0442\u0443\u0440\u044b (\u043a\u0443\u043a\u0443\u0440\u0443\u0437\u0430, \u0441\u0430\u0445\u0430\u0440\u043d\u0430\u044f \u0441\u0432\u0435\u043a\u043b\u0430, \u0445\u043b\u043e\u043f\u043e\u043a, \u043a\u0430\u0440\u0442\u043e\u0444\u0435\u043b\u044c \u0438 \u0442.\u0434.)<\/td>\n<td width=\"285\">2-2,5 \u043a\u0433\/\u0434\u0430 \u0441 \u043a\u0430\u043f\u0435\u043b\u044c\u043d\u044b\u043c \u043e\u0440\u043e\u0448\u0435\u043d\u0438\u0435\u043c<\/td>\n<\/tr>\n<\/tbody>\n<\/table>\n<p>&nbsp;<\/p>\n<p>&nbsp;<\/p>\n","protected":false},"excerpt":{"rendered":"<h3><strong>AZOTLU G\u00dcBRE \u00c7\u00d6ZELT\u0130S\u0130<\/strong><\/h3>\n","protected":false},"featured_media":849,"template":"","meta":[],"product_cat":[240],"product_tag":[],"_links":{"self":[{"href":"https:\/\/www.nobeltarim.com\/index.php?rest_route=\/wp\/v2\/product\/996"}],"collection":[{"href":"https:\/\/www.nobeltarim.com\/index.php?rest_route=\/wp\/v2\/product"}],"about":[{"href":"https:\/\/www.nobeltarim.com\/index.php?rest_route=\/wp\/v2\/types\/product"}],"wp:featuredmedia":[{"embeddable":true,"href":"https:\/\/www.nobeltarim.com\/index.php?rest_route=\/wp\/v2\/media\/849"}],"wp:attachment":[{"href":"https:\/\/www.nobeltarim.com\/index.php?rest_route=%2Fwp%2Fv2%2Fmedia&parent=996"}],"wp:term":[{"taxonomy":"product_cat","embeddable":true,"href":"https:\/\/www.nobeltarim.com\/index.php?rest_route=%2Fwp%2Fv2%2Fproduct_cat&post=996"},{"taxonomy":"product_tag","embeddable":true,"href":"https:\/\/www.nobeltarim.com\/index.php?rest_route=%2Fwp%2Fv2%2Fproduct_tag&post=996"}],"curies":[{"name":"wp","href":"https:\/\/api.w.org\/{rel}","templated":true}]}}