{"id":995,"date":"2023-11-28T18:02:13","date_gmt":"2023-11-28T15:02:13","guid":{"rendered":"https:\/\/www.nobeltarim.com\/?post_type=product&#038;p=995"},"modified":"2023-11-28T18:02:13","modified_gmt":"2023-11-28T15:02:13","slug":"ec-fertilizer-nitrosul-3","status":"publish","type":"product","link":"https:\/\/www.nobeltarim.com\/?product=ec-fertilizer-nitrosul-3&lang=fr","title":{"rendered":"EC FERTILIZER NITROSUL"},"content":{"rendered":"<table width=\"100%\">\n<tbody>\n<tr>\n<td><strong>EC FERTILIZER<\/strong><\/td>\n<\/tr>\n<\/tbody>\n<\/table>\n<p><strong>NITROSUL<\/strong><\/p>\n<p><strong>SOLUTION D&#8217;ENGRAIS AZOT\u00c9<\/strong><\/p>\n<p>&nbsp;<\/p>\n<p><strong>TENEUR GARANTIE<\/strong> \u00a0\u00a0\u00a0\u00a0\u00a0\u00a0\u00a0\u00a0\u00a0<strong>p\/p<\/strong><\/p>\n<p>Azote total (N) &#8230;&#8230;&#8230;&#8230;&#8230;&#8230;&#8230; 15%<\/p>\n<p>Azote ur\u00e9ique (NH2-N) &#8230;&#8230;. 15%<\/p>\n<p><strong>\u00a0<\/strong><\/p>\n<p><strong>AVANTAGES<\/strong><\/p>\n<p>&#8211; Augmente rapidement le d\u00e9veloppement des parties vertes de la plante.<\/p>\n<p>&#8211; Permet la formation de branches lat\u00e9rales et de bourgeons plus nombreux et plus sains.<\/p>\n<p>&#8211; Permet \u00e0 la plante de produire au maximum m\u00eame dans des conditions climatiques et p\u00e9dologiques d\u00e9favorables.<\/p>\n<p>&nbsp;<\/p>\n<p><strong>\u00a0\u00a0\u00a0\u00a0\u00a0\u00a0\u00a0\u00a0\u00a0\u00a0\u00a0\u00a0\u00a0\u00a0\u00a0\u00a0\u00a0\u00a0\u00a0\u00a0\u00a0\u00a0\u00a0\u00a0 USAGES ET DOSES<\/strong><\/p>\n<table>\n<tbody>\n<tr>\n<td width=\"177\">PLANTES<\/td>\n<td width=\"197\">Application avec le syst\u00e8me d&#8217;irrigation goutte \u00e0 goutte<\/td>\n<\/tr>\n<tr>\n<td width=\"177\">L\u00e9gumes de serre<\/td>\n<td width=\"197\">2-2,5 kg\/da<\/td>\n<\/tr>\n<tr>\n<td width=\"177\">L\u00e9gumes de plein champ<\/td>\n<td width=\"197\">2-2,5 kg\/da<\/td>\n<\/tr>\n<tr>\n<td width=\"177\">Arbres fruitiers<\/td>\n<td width=\"197\">2-2,5 kg\/da<\/td>\n<\/tr>\n<tr>\n<td width=\"177\">Agrumes, banane<\/td>\n<td width=\"197\">2-2,5 kg\/da<\/td>\n<\/tr>\n<tr>\n<td width=\"177\">fleurs coup\u00e9es<\/td>\n<td width=\"197\">2-2,5 kg\/da<\/td>\n<\/tr>\n<tr>\n<td width=\"177\">Dans les vignobles<\/td>\n<td width=\"197\">2-2,5 kg\/da<\/td>\n<\/tr>\n<tr>\n<td width=\"177\">Grandes cultures (ma\u00efs, betterave \u00e0 sucre, coton, pomme de terre, etc.)<\/td>\n<td width=\"197\">2-2,5 kg\/da<\/td>\n<\/tr>\n<\/tbody>\n<\/table>\n<p>&nbsp;<\/p>\n","protected":false},"excerpt":{"rendered":"<h3><strong>AZOTLU G\u00dcBRE \u00c7\u00d6ZELT\u0130S\u0130<\/strong><\/h3>\n","protected":false},"featured_media":849,"template":"","meta":[],"product_cat":[235],"product_tag":[],"_links":{"self":[{"href":"https:\/\/www.nobeltarim.com\/index.php?rest_route=\/wp\/v2\/product\/995"}],"collection":[{"href":"https:\/\/www.nobeltarim.com\/index.php?rest_route=\/wp\/v2\/product"}],"about":[{"href":"https:\/\/www.nobeltarim.com\/index.php?rest_route=\/wp\/v2\/types\/product"}],"wp:featuredmedia":[{"embeddable":true,"href":"https:\/\/www.nobeltarim.com\/index.php?rest_route=\/wp\/v2\/media\/849"}],"wp:attachment":[{"href":"https:\/\/www.nobeltarim.com\/index.php?rest_route=%2Fwp%2Fv2%2Fmedia&parent=995"}],"wp:term":[{"taxonomy":"product_cat","embeddable":true,"href":"https:\/\/www.nobeltarim.com\/index.php?rest_route=%2Fwp%2Fv2%2Fproduct_cat&post=995"},{"taxonomy":"product_tag","embeddable":true,"href":"https:\/\/www.nobeltarim.com\/index.php?rest_route=%2Fwp%2Fv2%2Fproduct_tag&post=995"}],"curies":[{"name":"wp","href":"https:\/\/api.w.org\/{rel}","templated":true}]}}