{"id":994,"date":"2023-11-28T18:01:54","date_gmt":"2023-11-28T15:01:54","guid":{"rendered":"https:\/\/www.nobeltarim.com\/?post_type=product&#038;p=994"},"modified":"2023-11-28T18:01:55","modified_gmt":"2023-11-28T15:01:55","slug":"ec-fertilizer-nitrosul-2","status":"publish","type":"product","link":"https:\/\/www.nobeltarim.com\/?product=ec-fertilizer-nitrosul-2&lang=ar","title":{"rendered":"EC FERTILIZER NITROSUL"},"content":{"rendered":"<p><strong>NITROSUL<\/strong><\/p>\n<p>\u0645\u062d\u0644\u0648\u0644 \u0627\u0644\u0623\u0633\u0645\u062f\u0629 \u0627\u0644\u0646\u064a\u062a\u0631\u0648\u062c\u064a\u0646\u064a\u0629<\/p>\n<p>&nbsp;<\/p>\n<p><strong>\u0645\u062d\u062a\u0648\u0649 \u0645\u0636\u0645\u0648\u0646\u00a0\u00a0\u00a0\u00a0\u00a0\u00a0\u00a0\u00a0\u00a0\u00a0\u00a0\u00a0\u00a0\u00a0\u00a0\u00a0\u00a0\u00a0\u00a0\u00a0\u00a0\u00a0\u00a0\u00a0\u00a0\u00a0\u00a0\u00a0\u00a0\u00a0\u00a0\u00a0\u00a0\u00a0\u00a0\u00a0\u00a0\u00a0\u00a0\u00a0\u00a0\u00a0\u00a0\u00a0\u00a0\u00a0\u00a0\u00a0\u00a0\u00a0\u00a0\u00a0\u00a0\u00a0\u00a0\u00a0\u00a0\u00a0\u00a0\u00a0\u00a0\u00a0\u00a0\u00a0\u00a0\u00a0\u00a0 \u0648\u0632\u0646\/ \u0648\u0632\u0646<\/strong><\/p>\n<p>15\u066a\u00a0 (N) \u0627\u0644\u0646\u064a\u062a\u0631\u0648\u062c\u064a\u0646 \u0627\u0644\u0643\u0644\u064a<\/p>\n<p>15\u066a \u00a0\u00a0\u00a0\u00a0\u00a0\u00a0\u00a0\u00a0\u00a0\u00a0\u00a0\u00a0\u00a0\u00a0\u00a0\u00a0\u00a0\u00a0\u00a0\u00a0\u00a0\u00a0\u00a0\u00a0\u00a0\u00a0\u00a0\u00a0\u00a0\u00a0\u00a0\u00a0\u00a0\u00a0\u00a0\u00a0\u00a0\u00a0\u00a0\u00a0\u00a0\u00a0\u00a0\u00a0\u00a0\u00a0\u00a0\u00a0\u00a0\u00a0\u00a0\u00a0\u00a0\u00a0\u00a0\u00a0\u00a0\u00a0\u00a0\u00a0\u00a0\u00a0\u00a0\u00a0\u00a0\u00a0\u00a0\u00a0\u00a0\u0646\u064a\u062a\u0631\u0648\u062c\u064a\u0646 \u0627\u0644\u064a\u0648\u0631\u064a\u0627<\/p>\n<p>2-1: PH<\/p>\n<p>\u0627\u0644\u0643\u062b\u0627\u0641\u0629 : 1.4<\/p>\n<p>\u0633\u0627\u0626\u0644 \u0634\u0641\u0627\u0641<\/p>\n<p>&nbsp;<\/p>\n<p><strong>\u0641\u0648\u0627\u0626\u062f\u0647<\/strong><\/p>\n<p>&#8211; \u064a\u0632\u064a\u062f \u0645\u0646 \u0646\u0645\u0648 \u0627\u0644\u0623\u062c\u0632\u0627\u0621 \u0627\u0644\u062e\u0636\u0631\u0627\u0621 \u0645\u0646 \u0627\u0644\u0646\u0628\u0627\u062a \u0628\u0634\u0643\u0644 \u0633\u0631\u064a\u0639.<\/p>\n<p>&#8211; \u064a\u0633\u0645\u062d \u0628\u062a\u0643\u0648\u064a\u0646 \u0628\u0631\u0627\u0639\u0645 \u0648 \u0641\u0631\u0648\u0639 \u062c\u0627\u0646\u0628\u064a\u0629 \u0623\u0643\u062b\u0631 \u0635\u062d\u0629.<\/p>\n<p>&#8211; \u064a\u0632\u064a\u062f \u0641\u064a \u0625\u0646\u062a\u0627\u062c\u064a\u0629 \u0627\u0644\u0646\u0628\u0627\u062a \u0625\u0644\u0649 \u0627\u0644\u062d\u062f \u0627\u0644\u0623\u0642\u0635\u0649 \u062d\u062a\u0649 \u0641\u064a \u0627\u0644\u0638\u0631\u0648\u0641 \u0627\u0644\u0645\u0646\u0627\u062e\u064a\u0629 \u0648\u0627\u0644\u062a\u0631\u0628\u0629 \u063a\u064a\u0631 \u0627\u0644\u0645\u0644\u0627\u0626\u0645\u0629.<\/p>\n<p>&nbsp;<\/p>\n<p>\u0627\u0644\u0627\u0633\u062a\u062e\u062f\u0627\u0645\u0627\u062a \u0648\u0627\u0644\u062c\u0631\u0639\u0629<\/p>\n<table>\n<tbody>\n<tr>\n<td width=\"177\">\u0627\u0644\u0646\u0628\u0627\u062a\u0627\u062a<\/td>\n<td width=\"197\">\u0627\u0644\u062a\u0637\u0628\u064a\u0642 \u0645\u0639 \u0646\u0638\u0627\u0645 \u0627\u0644\u0631\u064a \u0628\u0627\u0644\u062a\u0646\u0642\u064a\u0637<\/td>\n<\/tr>\n<tr>\n<td width=\"177\">\u062e\u0636\u0631\u0648\u0627\u062a \u0627\u0644\u0628\u064a\u0648\u062a \u0627\u0644\u0628\u0644\u0627\u0633\u062a\u064a\u0643\u064a\u0629<\/td>\n<td width=\"197\">2.5-2 \u0643\u063a\/\u062f\u0648\u0646\u0645<\/td>\n<\/tr>\n<tr>\n<td width=\"177\">\u0627\u0644\u062e\u0636\u0631\u0648\u0627\u062a \u0627\u0644\u062d\u0642\u0644\u064a\u0629<\/td>\n<td width=\"197\">2.5-2 \u0643\u063a\/\u062f\u0648\u0646\u0645<\/td>\n<\/tr>\n<tr>\n<td width=\"177\">\u0623\u0634\u062c\u0627\u0631 \u0627\u0644\u0641\u0627\u0643\u0647\u0629<\/td>\n<td width=\"197\">2.5-2 \u0643\u063a\/\u062f\u0648\u0646\u0645<\/td>\n<\/tr>\n<tr>\n<td width=\"177\">\u0627\u0644\u062d\u0645\u0636\u064a\u0627\u062a\u060c \u0627\u0644\u0645\u0648\u0632<\/td>\n<td width=\"197\">2.5-2 \u0643\u063a\/\u062f\u0648\u0646\u0645<\/td>\n<\/tr>\n<tr>\n<td width=\"177\">\u0632\u0647\u0648\u0631 \u0627\u0644\u0642\u0637\u0641<\/td>\n<td width=\"197\">2.5-2 \u0643\u063a\/\u062f\u0648\u0646\u0645<\/td>\n<\/tr>\n<tr>\n<td width=\"177\">\u0641\u064a \u0627\u0644\u0643\u0631\u0648\u0645<\/td>\n<td width=\"197\">2.5-2 \u0643\u063a\/\u062f\u0648\u0646\u0645<\/td>\n<\/tr>\n<tr>\n<td width=\"177\">\u0627\u0644\u0645\u062d\u0627\u0635\u064a\u0644 \u0627\u0644\u062d\u0642\u0644\u064a\u0629 (\u0627\u0644\u0630\u0631\u0629 \u0648\u0628\u0646\u062c\u0631 \u0627\u0644\u0633\u0643\u0631\u064a \u0648\u0627\u0644\u0642\u0637\u0646 \u0648\u0627\u0644\u0628\u0637\u0627\u0637\u0633 \u0648\u063a\u064a\u0631\u0647\u0627)<\/td>\n<td width=\"197\">2.5-2 \u0643\u063a\/\u062f\u0648\u0646\u0645<\/td>\n<\/tr>\n<\/tbody>\n<\/table>\n<p>&nbsp;<\/p>\n","protected":false},"excerpt":{"rendered":"<h3><strong>AZOTLU G\u00dcBRE \u00c7\u00d6ZELT\u0130S\u0130<\/strong><\/h3>\n","protected":false},"featured_media":849,"template":"","meta":[],"product_cat":[229],"product_tag":[],"_links":{"self":[{"href":"https:\/\/www.nobeltarim.com\/index.php?rest_route=\/wp\/v2\/product\/994"}],"collection":[{"href":"https:\/\/www.nobeltarim.com\/index.php?rest_route=\/wp\/v2\/product"}],"about":[{"href":"https:\/\/www.nobeltarim.com\/index.php?rest_route=\/wp\/v2\/types\/product"}],"wp:featuredmedia":[{"embeddable":true,"href":"https:\/\/www.nobeltarim.com\/index.php?rest_route=\/wp\/v2\/media\/849"}],"wp:attachment":[{"href":"https:\/\/www.nobeltarim.com\/index.php?rest_route=%2Fwp%2Fv2%2Fmedia&parent=994"}],"wp:term":[{"taxonomy":"product_cat","embeddable":true,"href":"https:\/\/www.nobeltarim.com\/index.php?rest_route=%2Fwp%2Fv2%2Fproduct_cat&post=994"},{"taxonomy":"product_tag","embeddable":true,"href":"https:\/\/www.nobeltarim.com\/index.php?rest_route=%2Fwp%2Fv2%2Fproduct_tag&post=994"}],"curies":[{"name":"wp","href":"https:\/\/api.w.org\/{rel}","templated":true}]}}