{"id":992,"date":"2023-11-28T18:00:16","date_gmt":"2023-11-28T15:00:16","guid":{"rendered":"https:\/\/www.nobeltarim.com\/?post_type=product&#038;p=992"},"modified":"2023-11-28T18:00:16","modified_gmt":"2023-11-28T15:00:16","slug":"keller-3","status":"publish","type":"product","link":"https:\/\/www.nobeltarim.com\/?product=keller-3&lang=fr","title":{"rendered":"Keller"},"content":{"rendered":"<p><strong>Keller<\/strong><\/p>\n<p><strong>\u00a0<\/strong><\/p>\n<p>CONTENU GARANTI :\u00a0\u00a0\u00a0\u00a0\u00a0\u00a0\u00a0\u00a0\u00a0\u00a0\u00a0\u00a0\u00a0\u00a0\u00a0\u00a0\u00a0\u00a0\u00a0 \u00a0\u00a0\u00a0\u00a0\u00a0\u00a0\u00a0\u00a0\u00a0\u00a0\u00a0\u00a0\u00a0\u00a0\u00a0\u00a0\u00a0\u00a0\u00a0\u00a0\u00a0\u00a0\u00a0\u00a0\u00a0\u00a0\u00a0\u00a0\u00a0\u00a0\u00a0\u00a0WW<\/p>\n<p>Azote total (N) \u00a0\u00a0\u00a0\u00a0\u00a0\u00a0\u00a0\u00a0\u00a0\u00a0\u00a0\u00a0\u00a0\u00a0\u00a0\u00a0\u00a0\u00a0\u00a0\u00a0\u00a0\u00a0\u00a0\u00a0\u00a0\u00a0\u00a0\u00a0\u00a0\u00a0\u00a0\u00a0\u00a0\u00a0\u00a0\u00a0\u00a0\u00a0\u00a0\u00a0\u00a0\u00a0\u00a0\u00a0\u00a0\u00a0\u00a0\u00a0\u00a0\u00a0\u00a0\u00a0\u00a0\u00a0\u00a0\u00a0\u00a0\u00a0\u00a0\u00a0\u00a0\u00a0\u00a0\u00a0\u00a0\u00a0\u00a0\u00a0\u00a03%<\/p>\n<p>Azote ur\u00e9ique (NH2-N) \u00a0\u00a0\u00a0\u00a0\u00a0\u00a0\u00a0\u00a0\u00a0\u00a0\u00a0\u00a0\u00a0\u00a0\u00a0\u00a0\u00a0\u00a0\u00a0\u00a0\u00a0\u00a0\u00a0\u00a0\u00a0\u00a0\u00a0\u00a0\u00a0\u00a0\u00a0\u00a0\u00a0\u00a0\u00a0\u00a0\u00a0\u00a0\u00a0\u00a0\u00a0\u00a0\u00a0\u00a0\u00a0\u00a0\u00a0\u00a0\u00a0\u00a0\u00a0\u00a0\u00a0\u00a03%<\/p>\n<p>Penta Oxide de Phosphore soluble dans l&#8217;eau (P205) \u00a0\u00a0\u00a0\u00a0\u00a0\u00a0\u00a0\u00a016%<\/p>\n<p>Zinc soluble dans l&#8217;eau (Zn) \u00a0\u00a0\u00a0\u00a0\u00a0\u00a0\u00a0\u00a0\u00a0\u00a0\u00a0\u00a0\u00a0\u00a0\u00a0\u00a0\u00a0\u00a0\u00a0\u00a0\u00a0\u00a0\u00a0\u00a0\u00a0\u00a0\u00a0\u00a0\u00a0\u00a0\u00a0\u00a0\u00a0\u00a0\u00a0\u00a0\u00a0\u00a0\u00a0\u00a0\u00a0\u00a0\u00a0\u00a0\u00a0\u00a0\u00a0\u00a06%<\/p>\n<p>&nbsp;<\/p>\n<p><strong>Caract\u00e9ristiques<\/strong> :<\/p>\n<p>Keller est un produit liquide pour les stades initial et interm\u00e9diaire du cycle de la plante, en particulier pour stimuler le d\u00e9veloppement des racines et des bourgeons, ainsi que la floraison et le d\u00e9veloppement des fruits.<\/p>\n<p>Avantages de l&#8217;application de Keller aux premiers stades du cycle v\u00e9g\u00e9tatif :<\/p>\n<p>Favorise la productivit\u00e9 v\u00e9g\u00e9tative au d\u00e9but du cycle de la plante ; stimule le d\u00e9veloppement des racines, am\u00e9liore l&#8217;absorption de l&#8217;eau et des min\u00e9raux, et am\u00e9liore la capacit\u00e9 de la plante \u00e0 s&#8217;accrocher au sol ;<\/p>\n<p>Favorise la floraison, la nouaison et le d\u00e9veloppement de petits fruits, augmentant ainsi le rendement final d\u2019une plante.<\/p>\n<p>Il pr\u00e9vient la perte de fleurs due aux carences en phosphore et en zinc chez les plantes.<\/p>\n<p>Pr\u00e9vient l&#8217;empilement des feuilles \u00e0 l&#8217;extr\u00e9mit\u00e9 des bourgeons et la chlorose entre les nervures.<\/p>\n<p>&nbsp;<\/p>\n<p><strong>Dose d&#8217;application g\u00e9n\u00e9rale<\/strong><\/p>\n<p>En application foliaire, 200 ml pour 100 litres d&#8217;eau doit \u00eatre \u00a0utilis\u00e9s avec des syst\u00e8mes d&#8217;irrigation goutte \u00e0 goutte \u00e0 raison de 2 \u00e0 3 litres par d\u00e9care.<\/p>\n<p>&nbsp;<\/p>\n","protected":false},"excerpt":{"rendered":"<p>Keller \u00a0 CONTENU GARANTI :\u00a0\u00a0\u00a0\u00a0\u00a0\u00a0\u00a0\u00a0\u00a0\u00a0\u00a0\u00a0\u00a0\u00a0\u00a0\u00a0\u00a0\u00a0\u00a0 \u00a0\u00a0\u00a0\u00a0\u00a0\u00a0\u00a0\u00a0\u00a0\u00a0\u00a0\u00a0\u00a0\u00a0\u00a0\u00a0\u00a0\u00a0\u00a0\u00a0\u00a0\u00a0\u00a0\u00a0\u00a0\u00a0\u00a0\u00a0\u00a0\u00a0\u00a0\u00a0WW Azote total (N) \u00a0\u00a0\u00a0\u00a0\u00a0\u00a0\u00a0\u00a0\u00a0\u00a0\u00a0\u00a0\u00a0\u00a0\u00a0\u00a0\u00a0\u00a0\u00a0\u00a0\u00a0\u00a0\u00a0\u00a0\u00a0\u00a0\u00a0\u00a0\u00a0\u00a0\u00a0\u00a0\u00a0\u00a0\u00a0\u00a0\u00a0\u00a0\u00a0\u00a0\u00a0\u00a0\u00a0\u00a0\u00a0\u00a0\u00a0\u00a0\u00a0\u00a0\u00a0\u00a0\u00a0\u00a0\u00a0\u00a0\u00a0\u00a0\u00a0\u00a0\u00a0\u00a0\u00a0\u00a0\u00a0\u00a0\u00a0\u00a0\u00a03% Azote ur\u00e9ique (NH2-N) \u00a0\u00a0\u00a0\u00a0\u00a0\u00a0\u00a0\u00a0\u00a0\u00a0\u00a0\u00a0\u00a0\u00a0\u00a0\u00a0\u00a0\u00a0\u00a0\u00a0\u00a0\u00a0\u00a0\u00a0\u00a0\u00a0\u00a0\u00a0\u00a0\u00a0\u00a0\u00a0\u00a0\u00a0\u00a0\u00a0\u00a0\u00a0\u00a0\u00a0\u00a0\u00a0\u00a0\u00a0\u00a0\u00a0\u00a0\u00a0\u00a0\u00a0\u00a0\u00a0\u00a0\u00a03% Penta Oxide de Phosphore soluble dans l&#8217;eau (P205) \u00a0\u00a0\u00a0\u00a0\u00a0\u00a0\u00a0\u00a016% Zinc soluble dans l&#8217;eau (Zn) \u00a0\u00a0\u00a0\u00a0\u00a0\u00a0\u00a0\u00a0\u00a0\u00a0\u00a0\u00a0\u00a0\u00a0\u00a0\u00a0\u00a0\u00a0\u00a0\u00a0\u00a0\u00a0\u00a0\u00a0\u00a0\u00a0\u00a0\u00a0\u00a0\u00a0\u00a0\u00a0\u00a0\u00a0\u00a0\u00a0\u00a0\u00a0\u00a0\u00a0\u00a0\u00a0\u00a0\u00a0\u00a0\u00a0\u00a0\u00a06% &nbsp; Caract\u00e9ristiques : Keller est un produit liquide pour les stades initial et interm\u00e9diaire du cycle de la plante, en particulier pour stimuler le d\u00e9veloppement des [&#8230;]\n","protected":false},"featured_media":523,"template":"","meta":[],"product_cat":[235],"product_tag":[],"_links":{"self":[{"href":"https:\/\/www.nobeltarim.com\/index.php?rest_route=\/wp\/v2\/product\/992"}],"collection":[{"href":"https:\/\/www.nobeltarim.com\/index.php?rest_route=\/wp\/v2\/product"}],"about":[{"href":"https:\/\/www.nobeltarim.com\/index.php?rest_route=\/wp\/v2\/types\/product"}],"wp:featuredmedia":[{"embeddable":true,"href":"https:\/\/www.nobeltarim.com\/index.php?rest_route=\/wp\/v2\/media\/523"}],"wp:attachment":[{"href":"https:\/\/www.nobeltarim.com\/index.php?rest_route=%2Fwp%2Fv2%2Fmedia&parent=992"}],"wp:term":[{"taxonomy":"product_cat","embeddable":true,"href":"https:\/\/www.nobeltarim.com\/index.php?rest_route=%2Fwp%2Fv2%2Fproduct_cat&post=992"},{"taxonomy":"product_tag","embeddable":true,"href":"https:\/\/www.nobeltarim.com\/index.php?rest_route=%2Fwp%2Fv2%2Fproduct_tag&post=992"}],"curies":[{"name":"wp","href":"https:\/\/api.w.org\/{rel}","templated":true}]}}