{"id":989,"date":"2023-11-28T17:52:35","date_gmt":"2023-11-28T14:52:35","guid":{"rendered":"https:\/\/www.nobeltarim.com\/?post_type=product&#038;p=989"},"modified":"2023-11-28T17:52:35","modified_gmt":"2023-11-28T14:52:35","slug":"trio-n-3","status":"publish","type":"product","link":"https:\/\/www.nobeltarim.com\/?product=trio-n-3&lang=fr","title":{"rendered":"TRIO-N"},"content":{"rendered":"<p><strong>TRIO-N<\/strong><\/p>\n<p>SOLUTION D&#8217;ENGRAIS AZOT\u00c9S<\/p>\n<p><strong>Contenu garanti\u00a0\u00a0\u00a0\u00a0\u00a0\u00a0\u00a0\u00a0\u00a0\u00a0\u00a0\u00a0\u00a0\u00a0\u00a0\u00a0\u00a0\u00a0\u00a0\u00a0\u00a0\u00a0\u00a0\u00a0 <\/strong><strong>p\/p<\/strong><\/p>\n<p>Azote total (N) :\u00a0\u00a0\u00a0\u00a0\u00a0\u00a0\u00a0\u00a0\u00a0\u00a0\u00a0\u00a0\u00a0\u00a0\u00a0\u00a0\u00a0\u00a0\u00a0\u00a0\u00a0\u00a0 \u00a022%<\/p>\n<p>Azote nitrique (NO3-N) : \u00a0\u00a0\u00a0\u00a0\u00a0\u00a0\u00a0\u00a0\u00a0\u00a0\u00a04%<\/p>\n<p>Azote ammoniacal (NH4-N) :\u00a0 \u00a0\u00a0\u00a06%<\/p>\n<p>Azote ur\u00e9ique (NH2-N) :\u00a0\u00a0\u00a0\u00a0\u00a0\u00a0\u00a0\u00a0 \u00a012%<\/p>\n<p>Teneur en chlore : \u00a0\u00a0\u00a0\u00a0\u00a0\u00a0\u00a0\u00a0\u00a0\u00a0\u00a0\u00a0\u00a0\u00a0\u00a0\u00a0\u00a0\u00a0\u00a00,16%<\/p>\n<p>PLANTES DOSES ET P\u00c9RIODE D&#8217;UTILISATION<\/p>\n<table>\n<tbody>\n<tr>\n<td width=\"243\">NOM DU PRODUIT<\/td>\n<td width=\"180\">DOSAGE (d\u00e9care)<\/td>\n<td width=\"191\">P\u00c9RIODE D&#8217;UTILISATION<\/td>\n<\/tr>\n<tr>\n<td width=\"243\"><strong>L\u00e9gumes de serre et de plein champ<\/strong><\/p>\n<p>Tomate, poivron, aubergine, concombre, melon, past\u00e8que, fraise, okra, haricot, pois, carotte, l\u00e9gumes verts, etc.<\/td>\n<td rowspan=\"4\" width=\"180\">&nbsp;<\/p>\n<p>&nbsp;<\/p>\n<p>&nbsp;<\/p>\n<p>&nbsp;<\/p>\n<p>&nbsp;<\/p>\n<p>Au Sol 2-3 L\/da<\/p>\n<p>&nbsp;<\/p>\n<p>Application foliaire Dose g\u00e9n\u00e9rale 200-300 ml\/100 Ld&#8217;eau ou 200-300 ml\/da par application foliaire<\/td>\n<td rowspan=\"4\" width=\"191\">&nbsp;<\/p>\n<p>&nbsp;<\/p>\n<p>&nbsp;<\/p>\n<p>&nbsp;<\/p>\n<p>&nbsp;<\/p>\n<p>&nbsp;<\/p>\n<p>D\u00e9but du d\u00e9veloppement v\u00e9g\u00e9tatif,<\/p>\n<p>&nbsp;<\/p>\n<p>2 applications \u00e0 10 jours d&#8217;intervalle pendant la p\u00e9riode de d\u00e9veloppement des feuilles et des pousses (bourgeons). Aux premiers stades du d\u00e9veloppement des fruits, 2 applications \u00e0 un intervalle de 10-15 jours.<\/td>\n<\/tr>\n<tr>\n<td width=\"243\">Agrumes, Pomme, Cerise, P\u00eache, Prune, Noix, Abricot, Pistache.<\/td>\n<\/tr>\n<tr>\n<td width=\"243\">Cerise, Poire, Amande, Nectarine, Olive etc.<\/p>\n<p>Oignon, ail,<\/p>\n<p>Chou, c\u00e9leri, brocoli, chou-fleur, \u00e9pinard. Laitue, persil, etc.<\/td>\n<\/tr>\n<tr>\n<td width=\"243\">Vignoble, Noisette, Plantes et fleurs ornementales.<\/td>\n<\/tr>\n<tr>\n<td width=\"243\">Cultures de plein champ, Cultures industrielles, Cultures fourrag\u00e8res, Tournesol. Ma\u00efs, pomme de terre, paddy.<\/td>\n<td width=\"180\">au sol : 1-2 L\/da<\/p>\n<p>Foliaire 100-300 ml\/da<\/td>\n<td width=\"191\">Application au sol et foliaire avec 2-4 r\u00e9p\u00e9titions pendant la saison de croissance.<\/td>\n<\/tr>\n<tr>\n<td width=\"243\">Cultures de plein champ, Cultures industrielles, Cultures fourrag\u00e8res, Tournesol. Ma\u00efs, pomme de terre, paddy.<\/td>\n<td width=\"180\">Foliaire 100-300 ml\/da<\/td>\n<td width=\"191\">Il est appliqu\u00e9 conjointement et\/ou s\u00e9par\u00e9ment avec des pesticides, avec 1 \u00e0 3 r\u00e9p\u00e9titions pendant la saison de croissance.<\/td>\n<\/tr>\n<\/tbody>\n<\/table>\n<p>&nbsp;<\/p>\n<p><strong>3 sources d&#8217;azote diff\u00e9rentes pour <\/strong><\/p>\n","protected":false},"excerpt":{"rendered":"<h3><strong>3 Farkl\u0131 Azot Kaynakl\u0131 Bitki B\u00fcy\u00fct\u00fcc\u00fc ve Geli\u015ftirici<\/strong><\/h3>\n","protected":false},"featured_media":315,"template":"","meta":[],"product_cat":[235],"product_tag":[],"_links":{"self":[{"href":"https:\/\/www.nobeltarim.com\/index.php?rest_route=\/wp\/v2\/product\/989"}],"collection":[{"href":"https:\/\/www.nobeltarim.com\/index.php?rest_route=\/wp\/v2\/product"}],"about":[{"href":"https:\/\/www.nobeltarim.com\/index.php?rest_route=\/wp\/v2\/types\/product"}],"wp:featuredmedia":[{"embeddable":true,"href":"https:\/\/www.nobeltarim.com\/index.php?rest_route=\/wp\/v2\/media\/315"}],"wp:attachment":[{"href":"https:\/\/www.nobeltarim.com\/index.php?rest_route=%2Fwp%2Fv2%2Fmedia&parent=989"}],"wp:term":[{"taxonomy":"product_cat","embeddable":true,"href":"https:\/\/www.nobeltarim.com\/index.php?rest_route=%2Fwp%2Fv2%2Fproduct_cat&post=989"},{"taxonomy":"product_tag","embeddable":true,"href":"https:\/\/www.nobeltarim.com\/index.php?rest_route=%2Fwp%2Fv2%2Fproduct_tag&post=989"}],"curies":[{"name":"wp","href":"https:\/\/api.w.org\/{rel}","templated":true}]}}