{"id":988,"date":"2023-11-28T17:52:03","date_gmt":"2023-11-28T14:52:03","guid":{"rendered":"https:\/\/www.nobeltarim.com\/?post_type=product&#038;p=988"},"modified":"2023-11-28T17:52:03","modified_gmt":"2023-11-28T14:52:03","slug":"trio-n-2","status":"publish","type":"product","link":"https:\/\/www.nobeltarim.com\/?product=trio-n-2&lang=ar","title":{"rendered":"TRIO-N"},"content":{"rendered":"<p><strong>TRIO-N<\/strong><\/p>\n<p>\u0645\u062d\u0644\u0648\u0644 \u0627\u0644\u0623\u0633\u0645\u062f\u0629 \u0627\u0644\u0622\u0632\u0648\u062a\u064a\u0629<\/p>\n<p>\u0645\u062d\u062a\u0648\u0649 \u0645\u0636\u0645\u0648\u0646\u00a0\u00a0\u00a0\u00a0\u00a0\u00a0\u00a0\u00a0\u00a0\u00a0\u00a0\u00a0\u00a0\u00a0\u00a0\u00a0\u00a0\u00a0\u00a0\u00a0\u00a0 \u0648\u0632\u0646 \/ \u0648\u0632\u0646<\/p>\n<p>\u0625\u062c\u0645\u0627\u0644\u064a \u0627\u0644\u0646\u064a\u062a\u0631\u0648\u062c\u064a\u0646 : (N) \u00a0\u00a0\u00a0\u00a0\u00a0\u00a0\u00a0\u00a0\u00a0\u00a0\u00a0\u00a0\u00a0\u00a022\u066a<\/p>\n<p>\u0646\u064a\u062a\u0631\u0648\u062c\u064a\u0646\u00a0 (NO3-N) : \u00a0\u00a0\u00a0\u00a0\u00a0\u00a0\u00a0\u00a0\u00a0\u00a0\u00a0\u00a0\u00a0\u00a0\u00a0\u00a0\u00a04\u066a<\/p>\n<p>\u0646\u064a\u062a\u0631\u0648\u062c\u064a\u0646 \u0627\u0644\u0623\u0645\u0648\u0646\u064a\u0627 (NH4-N ) : \u00a0\u00a0\u00a0\u00a0\u00a0\u00a0\u00a06\u066a<\/p>\n<p>\u0646\u064a\u062a\u0631\u0648\u062c\u064a\u0646 \u0627\u0644\u064a\u0648\u0631\u064a\u0627 (NH2-N) \u00a0:\u00a0\u00a0\u00a0\u00a0\u00a0\u00a0 12\u066a<\/p>\n<p>\u0627\u0644\u0643\u0644\u0648\u0631: \u00a0\u00a0\u00a0\u00a0\u00a0\u00a0\u00a0\u00a0\u00a0\u00a0\u00a0\u00a0\u00a0\u00a0\u00a0\u00a0\u00a0\u00a0\u00a0\u00a0\u00a0\u00a0\u00a0\u00a0\u00a0\u00a0\u00a0\u00a0\u00a0\u00a0\u00a0\u00a0\u00a00.16\u066a<\/p>\n<p>\u0627\u0644\u062c\u0631\u0639\u0629 \u0648 \u0627\u0644\u0646\u0628\u0627\u062a\u0627\u062a \u0627\u0644\u0645\u0648\u0635\u0649 \u0628\u0647\u0627 \u0648\u0645\u062f\u0629 \u0627\u0644\u0627\u0633\u062a\u062e\u062f\u0627\u0645<\/p>\n<table>\n<thead>\n<tr>\n<td width=\"243\">\u0625\u0633\u0645 \u0627\u0644\u0645\u0646\u062a\u0648\u062c<\/td>\n<td width=\"180\">\u0627\u0644\u062c\u0631\u0639\u0629 ( \u062a\u0642\u0631\u0631 )<\/td>\n<td width=\"191\">\u0641\u062a\u0631\u0629 \u0627\u0644\u0627\u0633\u062a\u062e\u062f\u0627\u0645<\/td>\n<\/tr>\n<tr>\n<td width=\"243\"><strong>\u062e\u0636\u0631\u0648\u0627\u062a \u0627\u0644\u0628\u064a\u0648\u062a \u0627\u0644\u0628\u0644\u0627\u0633\u062a\u064a\u0643\u064a\u0629 \u0648\u0627\u0644\u062d\u0642\u0644\u064a\u0629<\/strong><\/p>\n<p><strong>\u00a0 \u0637\u0645\u0627\u0637\u0645 \u060c \u0641\u0644\u0641\u0644 \u060c \u0628\u0627\u0630\u0646\u062c\u0627\u0646 \u060c \u062e\u064a\u0627\u0631 \u060c \u0634\u0645\u0627\u0645 \u060c \u0628\u0637\u064a\u062e \u060c \u0641\u0631\u0627\u0648\u0644\u0629 \u060c \u0628\u0627\u0645\u064a\u0629 \u060c \u0641\u0627\u0635\u0648\u0644\u064a\u0627 \u060c \u0628\u0627\u0632\u0644\u0627\u0621 \u060c \u062c\u0632\u0631 \u060c \u062e\u0636\u0631\u0648\u0627\u062a \u062e\u0636\u0631\u0627\u0621 \u060c \u0625\u0644\u062e.<\/strong><\/td>\n<td rowspan=\"4\" width=\"180\">&nbsp;<\/p>\n<p>&nbsp;<\/p>\n<p>&nbsp;<\/p>\n<p>&nbsp;<\/p>\n<p>&nbsp;<\/p>\n<p>\u062a\u0637\u0628\u064a\u0642 \u0639\u0644\u0649 \u0627\u0644\u062a\u0631\u0628\u0629: 2-3 \u0644\u062a\u0631 \/ \u062f\u0648\u0646\u0645<\/p>\n<p>&nbsp;<\/p>\n<p>\u062a\u0637\u0628\u064a\u0642 \u0648\u0631\u0642\u064a: \u0627\u0644\u062c\u0631\u0639\u0629 \u0627\u0644\u0639\u0627\u0645\u0629\u00a0\u00a0 \u00a0200-300 \u0645\u0644 \/ 100 \u0644\u062a\u0631 \u0645\u0627\u0621 \u0623\u0648 200-300 \u0645\u0644 \/ \u062f\u0648\u0646\u0645<\/td>\n<td rowspan=\"4\" width=\"191\">&nbsp;<\/p>\n<p>&nbsp;<\/p>\n<p>\u0628\u062f\u0627\u064a\u0629 \u0627\u0644\u062a\u0637\u0648\u0631 \u0627\u0644\u062e\u0636\u0631\u064a \u060c<\/p>\n<p>&nbsp;<\/p>\n<p>\u062a\u0637\u0628\u064a\u0642\u0627\u0646 \u064a\u0643\u0648\u0646 \u0628\u064a\u0646\u0647\u0645\u0627 \u0641\u0627\u0635\u0644 \u0632\u0645\u0646\u064a \u0628\u0645\u0642\u062f\u0627\u0631 10 \u0623\u064a\u0627\u0645 \u062e\u0644\u0627\u0644 \u0641\u062a\u0631\u0629 \u0646\u0645\u0648 \u0627\u0644\u0623\u0648\u0631\u0627\u0642 \u0648\u0627\u0644\u0628\u0631\u0627\u0639\u0645. \u0641\u064a \u0627\u0644\u0645\u0631\u0627\u062d\u0644 \u0627\u0644\u0623\u0648\u0644\u0649 \u0645\u0646 \u0646\u0645\u0648 \u0627\u0644\u062b\u0645\u0627\u0631 \u060c \u064a\u0633\u062a\u062e\u062f\u0645 \u0645\u0631\u062a\u064a\u0646 \u0628\u0641\u0627\u0635\u0644 \u0632\u0645\u0646\u064a \u0645\u0646 10 \u0625\u0644\u0649 15 \u064a\u0648\u0645\u064b\u0627.<\/p>\n<p>&nbsp;<\/p>\n<p>&nbsp;<\/p>\n<p>&nbsp;<\/td>\n<\/tr>\n<tr>\n<td width=\"243\">\u0627\u0644\u062d\u0645\u0636\u064a\u0627\u062a \u060c \u0627\u0644\u062a\u0641\u0627\u062d \u060c \u0627\u0644\u0643\u0631\u0632 \u060c \u0627\u0644\u062e\u0648\u062e \u060c \u0627\u0644\u0628\u0631\u0642\u0648\u0642 \u060c \u0627\u0644\u062c\u0648\u0632 \u060c \u0627\u0644\u0645\u0634\u0645\u0634 \u060c \u0627\u0644\u0641\u0633\u062a\u0642 .<\/td>\n<\/tr>\n<tr>\n<td width=\"243\">\u0627\u0644\u0643\u0631\u0632 \u060c \u0627\u0644\u0643\u0645\u062b\u0631\u0649 \u060c \u0627\u0644\u0644\u0648\u0632 \u060c \u0627\u0644\u0646\u0643\u062a\u0627\u0631\u064a\u0646 \u060c \u0627\u0644\u0632\u064a\u062a\u0648\u0646 \u0625\u0644\u062e<\/p>\n<p>\u0627\u0644\u0628\u0635\u0644 \u0648\u0627\u0644\u062b\u0648\u0645<\/p>\n<p>\u0643\u0631\u0646\u0628 \u060c\u0643\u0631\u0641\u0633 \u060c \u0628\u0631\u0648\u0643\u0644\u064a \u060c \u0642\u0631\u0646\u0628\u064a\u0637 \u060c \u0633\u0628\u0627\u0646\u062e . \u062e\u0633 \u060c \u0628\u0642\u062f\u0648\u0646\u0633 \u060c \u0625\u0644\u062e .<\/td>\n<\/tr>\n<tr>\n<td width=\"243\">\u0627\u0644\u0643\u0631\u0648\u0645 \u0648\u0627\u0644\u0628\u0646\u062f\u0642 \u0648\u0627\u0644\u0646\u0628\u0627\u062a\u0627\u062a \u0627\u0644\u0632\u064a\u0646\u0629 \u0648 \u0632\u0647\u0648\u0631.<\/td>\n<\/tr>\n<tr>\n<td width=\"243\">\u0627\u0644\u0645\u062d\u0627\u0635\u064a\u0644 \u0627\u0644\u062d\u0642\u0644\u064a\u0629 \u0627\u0644\u0645\u0641\u062a\u0648\u062d\u0629 \u060c \u0627\u0644\u0645\u062d\u0627\u0635\u064a\u0644 \u0627\u0644\u0635\u0646\u0627\u0639\u064a\u0629 \u060c \u0627\u0644\u0645\u062d\u0627\u0635\u064a\u0644 \u0627\u0644\u0639\u0644\u0641\u064a\u0629 \u060c \u0639\u0628\u0627\u062f \u0627\u0644\u0634\u0645\u0633. \u0630\u0631\u0629 \u060c \u0628\u0637\u0627\u0637\u0627 \u060c \u0623\u0631\u0632 .<\/td>\n<td width=\"180\">\u062a\u0637\u0628\u064a\u0642 \u0639\u0644\u0649 \u0627\u0644\u062a\u0631\u0628\u0629: 1-2 \u0644\u062a\u0631 \/ \u062f\u0648\u0646\u0645<\/p>\n<p>\u062a\u0637\u0628\u064a\u0642 \u0648\u0631\u0642\u064a: 100-300 \u0645\u0644 \/ \u062f\u0648\u0646\u0645<\/td>\n<td width=\"191\">\u064a\u0637\u0628\u0642 \u0639\u0644\u0649 \u0627\u0644\u062a\u0631\u0628\u0629 \u0648\u0627\u0644\u0623\u0648\u0631\u0627\u0642 \u0645\u0639 \u062a\u0643\u0631\u0627\u0631 2 \u0627\u0644\u0649 4 \u0645\u0631\u0627\u062a \u062e\u0644\u0627\u0644 \u0645\u0631\u062d\u0644\u0629 \u0627\u0644\u0646\u0645\u0648.<\/td>\n<\/tr>\n<tr>\n<td width=\"243\">\u0627\u0644\u0645\u062d\u0627\u0635\u064a\u0644 \u0627\u0644\u062d\u0642\u0644\u064a\u0629 \u0627\u0644\u0645\u0641\u062a\u0648\u062d\u0629 \u060c \u0627\u0644\u0645\u062d\u0627\u0635\u064a\u0644 \u0627\u0644\u0635\u0646\u0627\u0639\u064a\u0629 \u060c \u0627\u0644\u0645\u062d\u0627\u0635\u064a\u0644 \u0627\u0644\u0639\u0644\u0641\u064a\u0629 \u060c \u0639\u0628\u0627\u062f \u0627\u0644\u0634\u0645\u0633. \u0630\u0631\u0629 \u060c \u0628\u0637\u0627\u0637\u0627 \u060c \u0623\u0631\u0632.<\/td>\n<td width=\"180\">\u062a\u0637\u0628\u064a\u0642 \u0648\u0631\u0642\u064a: 100-300 \u0645\u0644 \/ \u062f\u0648\u0646\u0645<\/td>\n<td width=\"191\">\u064a\u0645\u0643\u0646 \u0627\u0633\u062a\u062e\u062f\u0627\u0645\u0647 \u0628\u0634\u0643\u0644 \u0645\u0646\u0641\u0635\u0644 \u0623\u0648 \u0645\u0639 \u0645\u0628\u064a\u062f\u0627\u062a \u0627\u0644\u0622\u0641\u0627\u062a \u060c \u0645\u0639 \u062a\u0643\u0631\u0627\u0631 \u0648\u0627\u062d\u062f \u0625\u0644\u0649 3 \u0645\u0631\u0627\u062a \u062e\u0644\u0627\u0644 \u0645\u0648\u0633\u0645 \u0627\u0644\u0646\u0645\u0648.<\/td>\n<\/tr>\n<\/thead>\n<\/table>\n<p>&nbsp;<\/p>\n<p><strong>3<\/strong> <strong>\u0645\u0635\u0627\u062f\u0631 \u0646\u064a\u062a\u0631\u0648\u062c\u064a\u0646 \u0645\u062e\u062a\u0644\u0641\u0629 \u0644\u0646\u0645\u0648 \u0627\u0644\u0646\u0628\u0627\u062a \u0648\u062a\u062d\u0633\u064a\u0646\u0647<\/strong><\/p>\n","protected":false},"excerpt":{"rendered":"<h3><strong>3 Farkl\u0131 Azot Kaynakl\u0131 Bitki B\u00fcy\u00fct\u00fcc\u00fc ve Geli\u015ftirici<\/strong><\/h3>\n","protected":false},"featured_media":315,"template":"","meta":[],"product_cat":[229],"product_tag":[],"_links":{"self":[{"href":"https:\/\/www.nobeltarim.com\/index.php?rest_route=\/wp\/v2\/product\/988"}],"collection":[{"href":"https:\/\/www.nobeltarim.com\/index.php?rest_route=\/wp\/v2\/product"}],"about":[{"href":"https:\/\/www.nobeltarim.com\/index.php?rest_route=\/wp\/v2\/types\/product"}],"wp:featuredmedia":[{"embeddable":true,"href":"https:\/\/www.nobeltarim.com\/index.php?rest_route=\/wp\/v2\/media\/315"}],"wp:attachment":[{"href":"https:\/\/www.nobeltarim.com\/index.php?rest_route=%2Fwp%2Fv2%2Fmedia&parent=988"}],"wp:term":[{"taxonomy":"product_cat","embeddable":true,"href":"https:\/\/www.nobeltarim.com\/index.php?rest_route=%2Fwp%2Fv2%2Fproduct_cat&post=988"},{"taxonomy":"product_tag","embeddable":true,"href":"https:\/\/www.nobeltarim.com\/index.php?rest_route=%2Fwp%2Fv2%2Fproduct_tag&post=988"}],"curies":[{"name":"wp","href":"https:\/\/api.w.org\/{rel}","templated":true}]}}