{"id":980,"date":"2023-11-28T17:46:06","date_gmt":"2023-11-28T14:46:06","guid":{"rendered":"https:\/\/www.nobeltarim.com\/?post_type=product&#038;p=980"},"modified":"2023-11-28T17:46:06","modified_gmt":"2023-11-28T14:46:06","slug":"azotrol-3","status":"publish","type":"product","link":"https:\/\/www.nobeltarim.com\/?product=azotrol-3&lang=fr","title":{"rendered":"AZOTROL"},"content":{"rendered":"<p><strong>S\u00c9R\u0130E NPK L\u0130QU\u0130DE<\/strong><\/p>\n<p><strong>AZOTROL<\/strong><\/p>\n<p><strong>16.0.0 + TE<\/strong><\/p>\n<p><strong>Contenu garanti\u00a0\u00a0\u00a0\u00a0\u00a0\u00a0\u00a0\u00a0\u00a0\u00a0\u00a0\u00a0\u00a0\u00a0\u00a0\u00a0\u00a0\u00a0\u00a0\u00a0\u00a0\u00a0\u00a0\u00a0\u00a0\u00a0\u00a0\u00a0\u00a0\u00a0\u00a0\u00a0\u00a0\u00a0\u00a0\u00a0\u00a0\u00a0\u00a0\u00a0\u00a0\u00a0\u00a0\u00a0\u00a0\u00a0\u00a0\u00a0\u00a0\u00a0\u00a0\u00a0\u00a0\u00a0\u00a0\u00a0 w\/w<\/strong><\/p>\n<p>Azote total (N) : \u00a0\u00a0\u00a0\u00a0\u00a0\u00a0\u00a0\u00a0\u00a0\u00a0\u00a0\u00a0\u00a0\u00a0\u00a0\u00a0\u00a0\u00a0\u00a0\u00a0\u00a0\u00a0\u00a0\u00a0\u00a0\u00a0\u00a0\u00a0\u00a0\u00a0\u00a0\u00a0\u00a0\u00a0\u00a0\u00a0\u00a0\u00a0\u00a0\u00a0\u00a0\u00a0\u00a0\u00a0\u00a0\u00a0\u00a0\u00a0\u00a0\u00a0\u00a0\u00a0\u00a0\u00a0\u00a0\u00a0\u00a016%<\/p>\n<p>Azote ur\u00e9ique (NH2-N) :\u00a0\u00a0\u00a0\u00a0\u00a0\u00a0\u00a0\u00a0\u00a0\u00a0\u00a0\u00a0\u00a0\u00a0\u00a0\u00a0\u00a0\u00a0\u00a0\u00a0\u00a0\u00a0\u00a0\u00a0\u00a0\u00a0\u00a0\u00a0\u00a0\u00a0\u00a0\u00a0\u00a0\u00a0\u00a0\u00a0\u00a0\u00a0\u00a0\u00a0\u00a0\u00a0\u00a0 \u00a016%<\/p>\n<p>Bore soluble dans l&#8217;eau (B) :\u00a0\u00a0\u00a0\u00a0\u00a0\u00a0\u00a0\u00a0\u00a0\u00a0\u00a0\u00a0\u00a0\u00a0\u00a0\u00a0\u00a0\u00a0\u00a0\u00a0\u00a0\u00a0\u00a0\u00a0\u00a0\u00a0\u00a0\u00a0\u00a0\u00a0\u00a0\u00a0\u00a0\u00a0\u00a0\u00a0\u00a0\u00a0 0,4%<\/p>\n<p>&nbsp;<\/p>\n<p><strong>PLANTES, DOSES ET P\u00c9RIODES RECOMMAND\u00c9ES<\/strong><\/p>\n<table width=\"718\">\n<tbody>\n<tr>\n<td width=\"199\"><strong>PLANTES<\/strong><\/td>\n<td width=\"198\"><strong>DOSE (d\u00e9care)<\/strong><\/td>\n<td width=\"321\"><strong>PERIODS D&#8217;UTILISATION<\/strong><\/td>\n<\/tr>\n<tr>\n<td width=\"199\">Grandes cultures et cultures industrielles<\/p>\n<p>C\u00e9r\u00e9ales, soja, arachide, ma\u00efs, l\u00e9gumineuses, paddy, betterave \u00e0 sucre, coton, verger, pomme de terre, l\u00e9gumes de plein champ et autres cultures de plein champ.<\/td>\n<td width=\"198\">Au sol : 200-400 g<\/p>\n<p>Application foliaire : 200 g \/ 100 L d&#8217;eau<\/td>\n<td width=\"321\">\u00c0 utiliser au d\u00e9but de la p\u00e9riode de d\u00e9veloppement apr\u00e8s l&#8217;\u00e9mergence ou lorsque la plante a une surface foliaire suffisante.<\/td>\n<\/tr>\n<tr>\n<td width=\"199\">Agrumes<\/p>\n<p>Orange, mandarine, citron, pamplemousse<\/td>\n<td width=\"198\">Au sol : 200-400 g<\/p>\n<p>Application foliaire : 200 g \/ 100 L d&#8217;eau<\/td>\n<td width=\"321\">s&#8217;utilise au printemps, lorsque le syst\u00e8me v\u00e9g\u00e9tatif appara\u00eet. 2 ou 3 applications seront \u00e9galement effectu\u00e9es au cours de la saison.<\/td>\n<\/tr>\n<tr>\n<td width=\"199\">Olive<\/td>\n<td width=\"198\">Au sol : 200-400 g<\/p>\n<p>Application foliaire : 200 g \/ 100 L d&#8217;eau<\/td>\n<td width=\"321\">L&#8217;application se fait pendant la p\u00e9riode de formation des nouvelles pousses, des fleurs et des fruits.<\/td>\n<\/tr>\n<tr>\n<td width=\"199\">fruits \u00e0 p\u00e9pins<\/p>\n<p>Pomme, poire, coing<\/td>\n<td width=\"198\">Au sol : 200-400 g<\/p>\n<p>Application foliaire : 200 g \/ 100 L d&#8217;eau<\/td>\n<td width=\"321\">Appliquer 2 \u00e0 3 fois \u00e0 partir du stade du bourgeon rose jusqu&#8217;\u00e0 ce que les fruits atteignent la taille d&#8217;une noix.<\/td>\n<\/tr>\n<tr>\n<td width=\"199\">fruits \u00e0 noyau<\/p>\n<p>P\u00eache, abricot, prune, etc.<\/td>\n<td width=\"198\">Au sol : 200-400 g<\/p>\n<p>Application foliaire : 200 g \/ 100 L d&#8217;eau<\/td>\n<td width=\"321\">S&#8217;utilise dans les phases de bourgeon rose, de floraison et de nouaison.<\/td>\n<\/tr>\n<tr>\n<td width=\"199\">Cerise, noix<\/td>\n<td width=\"198\">Au sol : 200-400 g<\/p>\n<p>Application foliaire : 200 g \/ 100 L d&#8217;eau<\/td>\n<td width=\"321\">L&#8217;application se fait apr\u00e8s la floraison<\/td>\n<\/tr>\n<tr>\n<td width=\"199\">Vignoble<\/td>\n<td width=\"198\">Au sol : 200-400 g<\/p>\n<p>Application foliaire : 200 g \/ 100 L d&#8217;eau<\/td>\n<td width=\"321\">Avant la floraison, au moins 100 litres d&#8217;eau par d\u00e9care<\/p>\n<p>Avant la floraison, au moins 100 litres d&#8217;eau par d\u00e9care et pulv\u00e9riser sur les feuilles (ne s&#8217;applique pas pendant la floraison, 1 ou 2 applications peuvent \u00eatre effectu\u00e9es apr\u00e8s la floraison).<\/td>\n<\/tr>\n<tr>\n<td width=\"199\">Fraise<\/td>\n<td width=\"198\">Au sol : 200-400 g<\/p>\n<p>Application foliaire : 200 g \/ 100 L d&#8217;eau<\/td>\n<td width=\"321\">Il s&#8217;applique pendant la p\u00e9riode de formation des pousses. Il peut \u00eatre appliqu\u00e9 3 \u00e0 4 fois pendant la saison.<\/td>\n<\/tr>\n<tr>\n<td width=\"199\">Produits de serre<\/td>\n<td colspan=\"2\" width=\"520\">il s&#8217;applique 2-3 kg par d\u00e9care chaque semaine avec un syst\u00e8me d&#8217;irrigation goutte \u00e0 goutte \u00e0 partir du sol plusieurs fois de la p\u00e9riode de semis \u00e0 la p\u00e9riode de r\u00e9colte ou 200 g \/ 100 Il peut \u00e9galement \u00eatre appliqu\u00e9 par voie foliaire.<\/td>\n<\/tr>\n<\/tbody>\n<\/table>\n<p>&nbsp;<\/p>\n<p><strong>\u00a0<\/strong><\/p>\n","protected":false},"excerpt":{"rendered":"<p>S\u00c9R\u0130E NPK L\u0130QU\u0130DE AZOTROL 16.0.0 + TE Contenu garanti\u00a0\u00a0\u00a0\u00a0\u00a0\u00a0\u00a0\u00a0\u00a0\u00a0\u00a0\u00a0\u00a0\u00a0\u00a0\u00a0\u00a0\u00a0\u00a0\u00a0\u00a0\u00a0\u00a0\u00a0\u00a0\u00a0\u00a0\u00a0\u00a0\u00a0\u00a0\u00a0\u00a0\u00a0\u00a0\u00a0\u00a0\u00a0\u00a0\u00a0\u00a0\u00a0\u00a0\u00a0\u00a0\u00a0\u00a0\u00a0\u00a0\u00a0\u00a0\u00a0\u00a0\u00a0\u00a0\u00a0 w\/w Azote total (N) : \u00a0\u00a0\u00a0\u00a0\u00a0\u00a0\u00a0\u00a0\u00a0\u00a0\u00a0\u00a0\u00a0\u00a0\u00a0\u00a0\u00a0\u00a0\u00a0\u00a0\u00a0\u00a0\u00a0\u00a0\u00a0\u00a0\u00a0\u00a0\u00a0\u00a0\u00a0\u00a0\u00a0\u00a0\u00a0\u00a0\u00a0\u00a0\u00a0\u00a0\u00a0\u00a0\u00a0\u00a0\u00a0\u00a0\u00a0\u00a0\u00a0\u00a0\u00a0\u00a0\u00a0\u00a0\u00a0\u00a0\u00a016% Azote ur\u00e9ique (NH2-N) :\u00a0\u00a0\u00a0\u00a0\u00a0\u00a0\u00a0\u00a0\u00a0\u00a0\u00a0\u00a0\u00a0\u00a0\u00a0\u00a0\u00a0\u00a0\u00a0\u00a0\u00a0\u00a0\u00a0\u00a0\u00a0\u00a0\u00a0\u00a0\u00a0\u00a0\u00a0\u00a0\u00a0\u00a0\u00a0\u00a0\u00a0\u00a0\u00a0\u00a0\u00a0\u00a0\u00a0 \u00a016% Bore soluble dans l&#8217;eau (B) :\u00a0\u00a0\u00a0\u00a0\u00a0\u00a0\u00a0\u00a0\u00a0\u00a0\u00a0\u00a0\u00a0\u00a0\u00a0\u00a0\u00a0\u00a0\u00a0\u00a0\u00a0\u00a0\u00a0\u00a0\u00a0\u00a0\u00a0\u00a0\u00a0\u00a0\u00a0\u00a0\u00a0\u00a0\u00a0\u00a0\u00a0\u00a0 0,4% &nbsp; PLANTES, DOSES ET P\u00c9RIODES RECOMMAND\u00c9ES PLANTES DOSE (d\u00e9care) PERIODS D&#8217;UTILISATION Grandes cultures et cultures industrielles C\u00e9r\u00e9ales, soja, arachide, ma\u00efs, l\u00e9gumineuses, paddy, betterave \u00e0 sucre, coton, verger, pomme [&#8230;]\n","protected":false},"featured_media":641,"template":"","meta":[],"product_cat":[235,238],"product_tag":[],"_links":{"self":[{"href":"https:\/\/www.nobeltarim.com\/index.php?rest_route=\/wp\/v2\/product\/980"}],"collection":[{"href":"https:\/\/www.nobeltarim.com\/index.php?rest_route=\/wp\/v2\/product"}],"about":[{"href":"https:\/\/www.nobeltarim.com\/index.php?rest_route=\/wp\/v2\/types\/product"}],"wp:featuredmedia":[{"embeddable":true,"href":"https:\/\/www.nobeltarim.com\/index.php?rest_route=\/wp\/v2\/media\/641"}],"wp:attachment":[{"href":"https:\/\/www.nobeltarim.com\/index.php?rest_route=%2Fwp%2Fv2%2Fmedia&parent=980"}],"wp:term":[{"taxonomy":"product_cat","embeddable":true,"href":"https:\/\/www.nobeltarim.com\/index.php?rest_route=%2Fwp%2Fv2%2Fproduct_cat&post=980"},{"taxonomy":"product_tag","embeddable":true,"href":"https:\/\/www.nobeltarim.com\/index.php?rest_route=%2Fwp%2Fv2%2Fproduct_tag&post=980"}],"curies":[{"name":"wp","href":"https:\/\/api.w.org\/{rel}","templated":true}]}}