{"id":968,"date":"2023-11-28T17:38:43","date_gmt":"2023-11-28T14:38:43","guid":{"rendered":"https:\/\/www.nobeltarim.com\/?post_type=product&#038;p=968"},"modified":"2023-11-28T17:38:43","modified_gmt":"2023-11-28T14:38:43","slug":"belle-3","status":"publish","type":"product","link":"https:\/\/www.nobeltarim.com\/?product=belle-3&lang=fr","title":{"rendered":"BELLE"},"content":{"rendered":"<p><strong><em>\u00a0<\/em><\/strong><\/p>\n<p><strong>BELLE<\/strong><\/p>\n<p><strong>\u00a0<\/strong><\/p>\n<p><strong>Contenu garanti<\/strong> \u00a0\u00a0\u00a0\u00a0\u00a0\u00a0\u00a0\u00a0\u00a0\u00a0\u00a0\u00a0\u00a0\u00a0\u00a0\u00a0\u00a0\u00a0\u00a0\u00a0\u00a0\u00a0\u00a0\u00a0\u00a0\u00a0\u00a0\u00a0\u00a0\u00a0\u00a0\u00a0\u00a0\u00a0<strong>p\/p<\/strong><\/p>\n<p>&nbsp;<\/p>\n<p>Bore soluble dans l&#8217;eau (B) : \u00a0\u00a0\u00a0\u00a0\u00a0\u00a0\u00a0\u00a0\u00a0\u00a0\u00a0\u00a0\u00a0\u00a0\u00a0\u00a05%<\/p>\n<p>Mangan\u00e8se soluble dans l&#8217;eau (Mn) : 10%<\/p>\n<p>Molybd\u00e8ne soluble dans l&#8217;eau (Mo) :\u00a0\u00a0 \u00a01%<\/p>\n<p>Zinc soluble dans l&#8217;eau (Zn) : \u00a0\u00a0\u00a0\u00a0\u00a0\u00a0\u00a0\u00a0\u00a0\u00a0\u00a0\u00a0\u00a0\u00a010%<\/p>\n<p>&nbsp;<\/p>\n<p><strong>Caract\u00e9ristiques :<\/strong><\/p>\n<p>&nbsp;<\/p>\n<p>&#8211; Tout ce qui est n\u00e9cessaire \u00e0 la floraison et \u00e0 la fructification en un produit.<\/p>\n<p>&#8211; Sp\u00e9cialement pour les arbres fruitiers, il contient les \u00e9l\u00e9ments n\u00e9cessaires \u00e0 la formation des bourgeons de l&#8217;ann\u00e9e suivante.<\/p>\n<p>&#8211; en usage g\u00e9n\u00e9ral Il peut \u00eatre utilis\u00e9 en toute s\u00e9curit\u00e9 sur tous les plantes gr\u00e2ce \u00e0 sa haute teneur en oligo-\u00e9l\u00e9ments en.<\/p>\n<p>&nbsp;<\/p>\n<p><strong>Dose d&#8217;utilisation<\/strong><\/p>\n<p>Le dosage g\u00e9n\u00e9ral est de 50-100 gr pour 100 L d&#8217;eau.<\/p>\n","protected":false},"excerpt":{"rendered":"<p>\u00a0 BELLE \u00a0 Contenu garanti \u00a0\u00a0\u00a0\u00a0\u00a0\u00a0\u00a0\u00a0\u00a0\u00a0\u00a0\u00a0\u00a0\u00a0\u00a0\u00a0\u00a0\u00a0\u00a0\u00a0\u00a0\u00a0\u00a0\u00a0\u00a0\u00a0\u00a0\u00a0\u00a0\u00a0\u00a0\u00a0\u00a0\u00a0p\/p &nbsp; Bore soluble dans l&#8217;eau (B) : \u00a0\u00a0\u00a0\u00a0\u00a0\u00a0\u00a0\u00a0\u00a0\u00a0\u00a0\u00a0\u00a0\u00a0\u00a0\u00a05% Mangan\u00e8se soluble dans l&#8217;eau (Mn) : 10% Molybd\u00e8ne soluble dans l&#8217;eau (Mo) :\u00a0\u00a0 \u00a01% Zinc soluble dans l&#8217;eau (Zn) : \u00a0\u00a0\u00a0\u00a0\u00a0\u00a0\u00a0\u00a0\u00a0\u00a0\u00a0\u00a0\u00a0\u00a010% &nbsp; Caract\u00e9ristiques : &nbsp; &#8211; Tout ce qui est n\u00e9cessaire \u00e0 la floraison et \u00e0 la fructification en un produit. [&#8230;]\n","protected":false},"featured_media":573,"template":"","meta":[],"product_cat":[216],"product_tag":[],"_links":{"self":[{"href":"https:\/\/www.nobeltarim.com\/index.php?rest_route=\/wp\/v2\/product\/968"}],"collection":[{"href":"https:\/\/www.nobeltarim.com\/index.php?rest_route=\/wp\/v2\/product"}],"about":[{"href":"https:\/\/www.nobeltarim.com\/index.php?rest_route=\/wp\/v2\/types\/product"}],"wp:featuredmedia":[{"embeddable":true,"href":"https:\/\/www.nobeltarim.com\/index.php?rest_route=\/wp\/v2\/media\/573"}],"wp:attachment":[{"href":"https:\/\/www.nobeltarim.com\/index.php?rest_route=%2Fwp%2Fv2%2Fmedia&parent=968"}],"wp:term":[{"taxonomy":"product_cat","embeddable":true,"href":"https:\/\/www.nobeltarim.com\/index.php?rest_route=%2Fwp%2Fv2%2Fproduct_cat&post=968"},{"taxonomy":"product_tag","embeddable":true,"href":"https:\/\/www.nobeltarim.com\/index.php?rest_route=%2Fwp%2Fv2%2Fproduct_tag&post=968"}],"curies":[{"name":"wp","href":"https:\/\/api.w.org\/{rel}","templated":true}]}}