{"id":965,"date":"2023-11-28T17:36:26","date_gmt":"2023-11-28T14:36:26","guid":{"rendered":"https:\/\/www.nobeltarim.com\/?post_type=product&#038;p=965"},"modified":"2023-11-28T17:36:27","modified_gmt":"2023-11-28T14:36:27","slug":"powercal-3","status":"publish","type":"product","link":"https:\/\/www.nobeltarim.com\/?product=powercal-3&lang=fr","title":{"rendered":"POWERCAL"},"content":{"rendered":"<p><strong>POWERCAL<\/strong><\/p>\n<p><strong>\u00a0<\/strong><\/p>\n<p><strong>CONTENU GARANTI\u00a0\u00a0\u00a0\u00a0\u00a0\u00a0\u00a0\u00a0\u00a0\u00a0 <\/strong>\u00a0<strong>p\/p<\/strong><\/p>\n<p><strong>\u00a0<\/strong><\/p>\n<p>Oxyde de calcium (CaO) :\u00a0\u00a0\u00a0\u00a0\u00a0\u00a0 \u00a040 %<\/p>\n<p><strong>\u00a0<\/strong><\/p>\n<p><strong>POWERCAL ;<\/strong><\/p>\n<p>Il contient une teneur tr\u00e8s \u00e9lev\u00e9e en calcium totalement soluble dans l&#8217;eau et une teneur \u00e9lev\u00e9e en acides organiques.<\/p>\n<p><strong>\u00a0<\/strong><\/p>\n<p><strong>AVANTAGES<\/strong><\/p>\n<p>-C&#8217;est le calcium le plus soluble dans l&#8217;eau du secteur agricole. Il est absorb\u00e9 tr\u00e8s rapidement par la plante gr\u00e2ce aux acides organiques qu&#8217;il contient.<\/p>\n<p>-Apporte une r\u00e9sistance m\u00e9canique \u00e0 la plante en renfor\u00e7ant les parois cellulaires.<\/p>\n<p>-Il renforce la plante contre les maladies et les parasites.<\/p>\n<p>&nbsp;<\/p>\n<p>-Prot\u00e8ge les fruits et l&#8217;ensemble de la plante contre les dommages physiologiques et assure une formation robuste des fruits.<\/p>\n<p>-Il prolonge la dur\u00e9e de conservation des fruits et augmente leur r\u00e9sistance \u00e0 long terme.<\/p>\n<p><strong>\u00a0<\/strong><\/p>\n<p><strong>DOSAGE GENERAL :<\/strong><\/p>\n<p>Application foliaire 100-200 gr\/100 lt d&#8217;eau 0,5-1 kg \/ d\u00e9care avec irrigation goutte \u00e0 goutte.<\/p>\n","protected":false},"excerpt":{"rendered":"<p>POWERCAL \u00a0 CONTENU GARANTI\u00a0\u00a0\u00a0\u00a0\u00a0\u00a0\u00a0\u00a0\u00a0\u00a0 \u00a0p\/p \u00a0 Oxyde de calcium (CaO) :\u00a0\u00a0\u00a0\u00a0\u00a0\u00a0 \u00a040 % \u00a0 POWERCAL ; Il contient une teneur tr\u00e8s \u00e9lev\u00e9e en calcium totalement soluble dans l&#8217;eau et une teneur \u00e9lev\u00e9e en acides organiques. \u00a0 AVANTAGES -C&#8217;est le calcium le plus soluble dans l&#8217;eau du secteur agricole. Il est absorb\u00e9 tr\u00e8s rapidement par la [&#8230;]\n","protected":false},"featured_media":577,"template":"","meta":[],"product_cat":[216],"product_tag":[],"_links":{"self":[{"href":"https:\/\/www.nobeltarim.com\/index.php?rest_route=\/wp\/v2\/product\/965"}],"collection":[{"href":"https:\/\/www.nobeltarim.com\/index.php?rest_route=\/wp\/v2\/product"}],"about":[{"href":"https:\/\/www.nobeltarim.com\/index.php?rest_route=\/wp\/v2\/types\/product"}],"wp:featuredmedia":[{"embeddable":true,"href":"https:\/\/www.nobeltarim.com\/index.php?rest_route=\/wp\/v2\/media\/577"}],"wp:attachment":[{"href":"https:\/\/www.nobeltarim.com\/index.php?rest_route=%2Fwp%2Fv2%2Fmedia&parent=965"}],"wp:term":[{"taxonomy":"product_cat","embeddable":true,"href":"https:\/\/www.nobeltarim.com\/index.php?rest_route=%2Fwp%2Fv2%2Fproduct_cat&post=965"},{"taxonomy":"product_tag","embeddable":true,"href":"https:\/\/www.nobeltarim.com\/index.php?rest_route=%2Fwp%2Fv2%2Fproduct_tag&post=965"}],"curies":[{"name":"wp","href":"https:\/\/api.w.org\/{rel}","templated":true}]}}