{"id":959,"date":"2023-11-28T17:32:29","date_gmt":"2023-11-28T14:32:29","guid":{"rendered":"https:\/\/www.nobeltarim.com\/?post_type=product&#038;p=959"},"modified":"2023-11-28T17:32:30","modified_gmt":"2023-11-28T14:32:30","slug":"evercozym-bor-3","status":"publish","type":"product","link":"https:\/\/www.nobeltarim.com\/?product=evercozym-bor-3&lang=fr","title":{"rendered":"EVERCOZYM  BOR"},"content":{"rendered":"<p><strong>EVERCOZYM\u00a0 BOR<\/strong><\/p>\n<p><strong>\u00a0<\/strong><\/p>\n<p><strong>CONTENU GARANTI :\u00a0\u00a0\u00a0\u00a0\u00a0\u00a0\u00a0\u00a0\u00a0\u00a0 \u00a0\u00a0\u00a0\u00a0\u00a0\u00a0\u00a0\u00a0\u00a0\u00a0\u00a0\u00a0WW<\/strong><\/p>\n<p>Bore soluble dans l&#8217;eau \u00a0\u00a0\u00a0\u00a0\u00a0\u00a0\u00a0\u00a0\u00a0\u00a0\u00a0\u00a0\u00a0\u00a0\u00a0\u00a0\u00a0\u00a0\u00a0\u00a0\u00a0\u00a0\u00a0\u00a0\u00a0\u00a0\u00a0\u00a015%.<\/p>\n<p>&nbsp;<\/p>\n<p><strong>Autres additifs compl\u00e9mentaires :<\/strong><\/p>\n<p>Oxyde de potassium (K20) \u00a0\u00a0\u00a0\u00a0\u00a0\u00a0\u00a0\u00a0\u00a0\u00a0\u00a0\u00a0\u00a0\u00a0\u00a0\u00a0\u00a0\u00a0\u00a0\u00a0\u00a0\u00a0\u00a0\u00a05%<\/p>\n<p>Acide humique \u00a0\u00a0\u00a0\u00a0\u00a0\u00a0\u00a0\u00a0\u00a0\u00a0\u00a0\u00a0\u00a0\u00a0\u00a0\u00a0\u00a0\u00a0\u00a0\u00a0\u00a0\u00a0\u00a0\u00a0\u00a0\u00a0\u00a0\u00a0\u00a0\u00a0\u00a0\u00a0\u00a0\u00a0\u00a0\u00a0\u00a0\u00a0\u00a0\u00a0\u00a0\u00a08%<\/p>\n<p>Algues \u00a0\u00a0\u00a0\u00a0\u00a0\u00a0\u00a0\u00a0\u00a0\u00a0\u00a0\u00a0\u00a0\u00a0\u00a0\u00a0\u00a0\u00a0\u00a0\u00a0\u00a0\u00a0\u00a0\u00a0\u00a0\u00a0\u00a0\u00a0\u00a0\u00a0\u00a0\u00a0\u00a0\u00a0\u00a0\u00a0\u00a0\u00a0\u00a0\u00a0\u00a0\u00a0\u00a0\u00a0\u00a0\u00a0\u00a0\u00a0\u00a0\u00a0\u00a0\u00a0\u00a08,5%<\/p>\n<p>Complexe de vitamines E, C, B<\/p>\n<p><strong>Ingr\u00e9dients naturels,<\/strong><\/p>\n<p>Carbohydrates, Acides Amin\u00e9s \u00a0\u00a0\u00a0\u00a0\u00a0\u00a0\u00a0\u00a0\u00a0\u00a0\u00a0\u00a0\u00a0\u00a0\u00a0\u00a0\u00a06%<\/p>\n<p>Bact\u00e9ries b\u00e9n\u00e9fiques<\/p>\n<p>Bact\u00e9ries fixatrices d&#8217;azote 78 milliards \/ 1 litre (450g)<\/p>\n<p>Bact\u00e9ries qui d\u00e9composent le phosphore 149 milliards \/ 1 litre (450gr)<\/p>\n<p>&nbsp;<\/p>\n<p>Il contient 15 % de bore sous la forme la plus absorbable et, en outre, il met la plante dans une p\u00e9riode rapide et saine gr\u00e2ce aux algues, \u00e0 l&#8217;acide humique, aux vitamines et aux acides amin\u00e9s. Il contribue fortement \u00e0 la formation des fleurs de la plante. Gr\u00e2ce aux bact\u00e9ries dissolvantes du phosphore, il dissout le phosphore li\u00e9 au sol et le convertit en une forme libre que la plante peut utiliser. S&#8217;il est utilis\u00e9 pour l&#8217;irrigation au goutte-\u00e0-goutte, il suffit de le dissoudre dans un petit r\u00e9cipient d&#8217;eau et de le laisser \u00e0 temp\u00e9rature ambiante pendant un jour pour que le nombre de bact\u00e9ries qu&#8217;il contient soit multipli\u00e9.<\/p>\n<p>Dans ce cas, on utilise 250 gr par d\u00e9care.<\/p>\n<p>Utilisation foliaire ; en fonction de l&#8217;\u00e9tat ph\u00e9nologique de la plante, on l&#8217;utilise \u00e0 raison de 50-100 gr pour 100 L<\/p>\n<p><strong><em>\u00a0<\/em><\/strong><\/p>\n","protected":false},"excerpt":{"rendered":"<p>EVERCOZYM\u00a0 BOR \u00a0 CONTENU GARANTI :\u00a0\u00a0\u00a0\u00a0\u00a0\u00a0\u00a0\u00a0\u00a0\u00a0 \u00a0\u00a0\u00a0\u00a0\u00a0\u00a0\u00a0\u00a0\u00a0\u00a0\u00a0\u00a0WW Bore soluble dans l&#8217;eau \u00a0\u00a0\u00a0\u00a0\u00a0\u00a0\u00a0\u00a0\u00a0\u00a0\u00a0\u00a0\u00a0\u00a0\u00a0\u00a0\u00a0\u00a0\u00a0\u00a0\u00a0\u00a0\u00a0\u00a0\u00a0\u00a0\u00a0\u00a015%. &nbsp; Autres additifs compl\u00e9mentaires : Oxyde de potassium (K20) \u00a0\u00a0\u00a0\u00a0\u00a0\u00a0\u00a0\u00a0\u00a0\u00a0\u00a0\u00a0\u00a0\u00a0\u00a0\u00a0\u00a0\u00a0\u00a0\u00a0\u00a0\u00a0\u00a0\u00a05% Acide humique \u00a0\u00a0\u00a0\u00a0\u00a0\u00a0\u00a0\u00a0\u00a0\u00a0\u00a0\u00a0\u00a0\u00a0\u00a0\u00a0\u00a0\u00a0\u00a0\u00a0\u00a0\u00a0\u00a0\u00a0\u00a0\u00a0\u00a0\u00a0\u00a0\u00a0\u00a0\u00a0\u00a0\u00a0\u00a0\u00a0\u00a0\u00a0\u00a0\u00a0\u00a0\u00a08% Algues \u00a0\u00a0\u00a0\u00a0\u00a0\u00a0\u00a0\u00a0\u00a0\u00a0\u00a0\u00a0\u00a0\u00a0\u00a0\u00a0\u00a0\u00a0\u00a0\u00a0\u00a0\u00a0\u00a0\u00a0\u00a0\u00a0\u00a0\u00a0\u00a0\u00a0\u00a0\u00a0\u00a0\u00a0\u00a0\u00a0\u00a0\u00a0\u00a0\u00a0\u00a0\u00a0\u00a0\u00a0\u00a0\u00a0\u00a0\u00a0\u00a0\u00a0\u00a0\u00a0\u00a08,5% Complexe de vitamines E, C, B Ingr\u00e9dients naturels, Carbohydrates, Acides Amin\u00e9s \u00a0\u00a0\u00a0\u00a0\u00a0\u00a0\u00a0\u00a0\u00a0\u00a0\u00a0\u00a0\u00a0\u00a0\u00a0\u00a0\u00a06% Bact\u00e9ries b\u00e9n\u00e9fiques Bact\u00e9ries fixatrices d&#8217;azote 78 milliards \/ 1 litre (450g) Bact\u00e9ries qui d\u00e9composent le phosphore [&#8230;]\n","protected":false},"featured_media":606,"template":"","meta":[],"product_cat":[216],"product_tag":[],"_links":{"self":[{"href":"https:\/\/www.nobeltarim.com\/index.php?rest_route=\/wp\/v2\/product\/959"}],"collection":[{"href":"https:\/\/www.nobeltarim.com\/index.php?rest_route=\/wp\/v2\/product"}],"about":[{"href":"https:\/\/www.nobeltarim.com\/index.php?rest_route=\/wp\/v2\/types\/product"}],"wp:featuredmedia":[{"embeddable":true,"href":"https:\/\/www.nobeltarim.com\/index.php?rest_route=\/wp\/v2\/media\/606"}],"wp:attachment":[{"href":"https:\/\/www.nobeltarim.com\/index.php?rest_route=%2Fwp%2Fv2%2Fmedia&parent=959"}],"wp:term":[{"taxonomy":"product_cat","embeddable":true,"href":"https:\/\/www.nobeltarim.com\/index.php?rest_route=%2Fwp%2Fv2%2Fproduct_cat&post=959"},{"taxonomy":"product_tag","embeddable":true,"href":"https:\/\/www.nobeltarim.com\/index.php?rest_route=%2Fwp%2Fv2%2Fproduct_tag&post=959"}],"curies":[{"name":"wp","href":"https:\/\/api.w.org\/{rel}","templated":true}]}}