{"id":956,"date":"2023-11-28T17:30:37","date_gmt":"2023-11-28T14:30:37","guid":{"rendered":"https:\/\/www.nobeltarim.com\/?post_type=product&#038;p=956"},"modified":"2023-11-28T17:30:38","modified_gmt":"2023-11-28T14:30:38","slug":"boramol-3","status":"publish","type":"product","link":"https:\/\/www.nobeltarim.com\/?product=boramol-3&lang=fr","title":{"rendered":"BORAMOL"},"content":{"rendered":"<p><strong>BORAMOL<\/strong><\/p>\n<p><strong>\u00a0<\/strong><\/p>\n<p><strong>Contenu garanti<\/strong> \u00a0\u00a0\u00a0\u00a0\u00a0\u00a0\u00a0\u00a0\u00a0\u00a0\u00a0\u00a0\u00a0\u00a0\u00a0\u00a0\u00a0\u00a0\u00a0\u00a0\u00a0\u00a0\u00a0\u00a0\u00a0\u00a0\u00a0\u00a0\u00a0\u00a0\u00a0\u00a0\u00a0\u00a0\u00a0\u00a0\u00a0\u00a0<strong>p\/p<\/strong><\/p>\n<p>&nbsp;<\/p>\n<p>Bore soluble dans l&#8217;eau (B) : \u00a0\u00a0\u00a0\u00a0\u00a0\u00a0\u00a0\u00a0\u00a0\u00a0\u00a0\u00a0\u00a0\u00a0\u00a0\u00a0\u00a08 %<\/p>\n<p>Molybd\u00e8ne soluble dans l&#8217;eau (Mo )\u00a0 : 12 %<\/p>\n<p>&nbsp;<\/p>\n<p><strong>Avantages :<\/strong><\/p>\n<p>Produit concentr\u00e9 avec la teneur la plus \u00e9lev\u00e9e en bore et en molybd\u00e8ne pour la formation du pollen et des fleurs chez les plantes.<\/p>\n<p>&#8211; Faible dose d&#8217;utilisation<\/p>\n<p>-Phytotoxicit\u00e9 nulle<\/p>\n<p>-R\u00e9sultat rapide<\/p>\n<p>&nbsp;<\/p>\n<p><strong>Utilisation :<\/strong><\/p>\n<p>Boramol doit \u00eatre utilis\u00e9 au d\u00e9but de la floraison \u00e0 raison de 50-100 g pour 100 litres d&#8217;eau.<\/p>\n","protected":false},"excerpt":{"rendered":"<p>BORAMOL \u00a0 Contenu garanti \u00a0\u00a0\u00a0\u00a0\u00a0\u00a0\u00a0\u00a0\u00a0\u00a0\u00a0\u00a0\u00a0\u00a0\u00a0\u00a0\u00a0\u00a0\u00a0\u00a0\u00a0\u00a0\u00a0\u00a0\u00a0\u00a0\u00a0\u00a0\u00a0\u00a0\u00a0\u00a0\u00a0\u00a0\u00a0\u00a0\u00a0\u00a0p\/p &nbsp; Bore soluble dans l&#8217;eau (B) : \u00a0\u00a0\u00a0\u00a0\u00a0\u00a0\u00a0\u00a0\u00a0\u00a0\u00a0\u00a0\u00a0\u00a0\u00a0\u00a0\u00a08 % Molybd\u00e8ne soluble dans l&#8217;eau (Mo )\u00a0 : 12 % &nbsp; Avantages : Produit concentr\u00e9 avec la teneur la plus \u00e9lev\u00e9e en bore et en molybd\u00e8ne pour la formation du pollen et des fleurs chez les plantes. &#8211; Faible dose d&#8217;utilisation -Phytotoxicit\u00e9 [&#8230;]\n","protected":false},"featured_media":605,"template":"","meta":[],"product_cat":[216],"product_tag":[],"_links":{"self":[{"href":"https:\/\/www.nobeltarim.com\/index.php?rest_route=\/wp\/v2\/product\/956"}],"collection":[{"href":"https:\/\/www.nobeltarim.com\/index.php?rest_route=\/wp\/v2\/product"}],"about":[{"href":"https:\/\/www.nobeltarim.com\/index.php?rest_route=\/wp\/v2\/types\/product"}],"wp:featuredmedia":[{"embeddable":true,"href":"https:\/\/www.nobeltarim.com\/index.php?rest_route=\/wp\/v2\/media\/605"}],"wp:attachment":[{"href":"https:\/\/www.nobeltarim.com\/index.php?rest_route=%2Fwp%2Fv2%2Fmedia&parent=956"}],"wp:term":[{"taxonomy":"product_cat","embeddable":true,"href":"https:\/\/www.nobeltarim.com\/index.php?rest_route=%2Fwp%2Fv2%2Fproduct_cat&post=956"},{"taxonomy":"product_tag","embeddable":true,"href":"https:\/\/www.nobeltarim.com\/index.php?rest_route=%2Fwp%2Fv2%2Fproduct_tag&post=956"}],"curies":[{"name":"wp","href":"https:\/\/api.w.org\/{rel}","templated":true}]}}