{"id":953,"date":"2023-11-28T17:29:04","date_gmt":"2023-11-28T14:29:04","guid":{"rendered":"https:\/\/www.nobeltarim.com\/?post_type=product&#038;p=953"},"modified":"2023-11-28T17:29:05","modified_gmt":"2023-11-28T14:29:05","slug":"fruit-max-3","status":"publish","type":"product","link":"https:\/\/www.nobeltarim.com\/?product=fruit-max-3&lang=fr","title":{"rendered":"FRUIT MAX"},"content":{"rendered":"<p><strong>FRUIT MAX<\/strong><\/p>\n<p><strong>\u00a0<\/strong><\/p>\n<p><strong>\u00a0<\/strong><\/p>\n<p><strong>Teneur garantie :\u00a0\u00a0\u00a0\u00a0\u00a0\u00a0\u00a0\u00a0\u00a0\u00a0\u00a0\u00a0\u00a0\u00a0\u00a0\u00a0\u00a0\u00a0\u00a0\u00a0\u00a0\u00a0\u00a0\u00a0\u00a0\u00a0\u00a0\u00a0\u00a0\u00a0\u00a0\u00a0\u00a0\u00a0\u00a0\u00a0\u00a0\u00a0\u00a0\u00a0\u00a0\u00a0\u00a0\u00a0\u00a0\u00a0 p\/p<\/strong><\/p>\n<p>Azote total (N). &#8230;&#8230;&#8230;&#8230;&#8230;&#8230;&#8230;&#8230;&#8230;&#8230;&#8230;&#8230;&#8230;&#8230;&#8230;. : \u00a03%<\/p>\n<p>Azote ur\u00e9ique (NH2-N)&#8230;&#8230;&#8230;&#8230;&#8230;&#8230;&#8230;&#8230;&#8230;&#8230;&#8230;. : \u00a0\u00a03%<\/p>\n<p>Oxyde de potassium (K2O) soluble dans l&#8217;eau : 35%<\/p>\n<p>Fer soluble dans l&#8217;eau (Fe) &#8230;&#8230;&#8230;&#8230;&#8230;&#8230;&#8230;&#8230;&#8230;&#8230;..:\u00a0 4%<\/p>\n<p>Mangan\u00e8se soluble dans l&#8217;eau (Mn)\u00a0 &#8230;&#8230;&#8230;&#8230;.. : \u00a03%<\/p>\n<p>&nbsp;<\/p>\n<p>Aspect\u00a0: Poudre blanche<\/p>\n<p><strong>Avantages\u00a0:<\/strong><\/p>\n<p>-Formation de fruits pleins et gros.<\/p>\n<p>-Meilleure coloration.<\/p>\n<p>&#8211; Brix plus \u00e9lev\u00e9.<\/p>\n<p>&#8211; Plus d&#8217;ar\u00f4me.<\/p>\n<p><strong>\u00a0<\/strong><\/p>\n<p><strong>P\u00e9riode d&#8217;utilisation :<\/strong><\/p>\n<p>Au moins 2 applications \u00e0 partir de la premi\u00e8re p\u00e9riode de formation et de d\u00e9veloppement des fruits.<\/p>\n<p>&nbsp;<\/p>\n<p><strong>Dosage d&#8217;utilisation :<\/strong><\/p>\n<p>100-200 gr\/100 L d&#8217;eau en application foliaire. Avec l&#8217;irrigation goutte \u00e0 goutte ou d&#8217;autres syst\u00e8mes d&#8217;irrigation, on utilise 0,5 \u00e0 1 kg par d\u00e9care.<\/p>\n","protected":false},"excerpt":{"rendered":"<p>FRUIT MAX \u00a0 \u00a0 Teneur garantie :\u00a0\u00a0\u00a0\u00a0\u00a0\u00a0\u00a0\u00a0\u00a0\u00a0\u00a0\u00a0\u00a0\u00a0\u00a0\u00a0\u00a0\u00a0\u00a0\u00a0\u00a0\u00a0\u00a0\u00a0\u00a0\u00a0\u00a0\u00a0\u00a0\u00a0\u00a0\u00a0\u00a0\u00a0\u00a0\u00a0\u00a0\u00a0\u00a0\u00a0\u00a0\u00a0\u00a0\u00a0\u00a0\u00a0 p\/p Azote total (N). &#8230;&#8230;&#8230;&#8230;&#8230;&#8230;&#8230;&#8230;&#8230;&#8230;&#8230;&#8230;&#8230;&#8230;&#8230;. : \u00a03% Azote ur\u00e9ique (NH2-N)&#8230;&#8230;&#8230;&#8230;&#8230;&#8230;&#8230;&#8230;&#8230;&#8230;&#8230;. : \u00a0\u00a03% Oxyde de potassium (K2O) soluble dans l&#8217;eau : 35% Fer soluble dans l&#8217;eau (Fe) &#8230;&#8230;&#8230;&#8230;&#8230;&#8230;&#8230;&#8230;&#8230;&#8230;..:\u00a0 4% Mangan\u00e8se soluble dans l&#8217;eau (Mn)\u00a0 &#8230;&#8230;&#8230;&#8230;.. : \u00a03% &nbsp; Aspect\u00a0: Poudre blanche Avantages\u00a0: -Formation de fruits pleins et gros. -Meilleure [&#8230;]\n","protected":false},"featured_media":575,"template":"","meta":[],"product_cat":[216],"product_tag":[],"_links":{"self":[{"href":"https:\/\/www.nobeltarim.com\/index.php?rest_route=\/wp\/v2\/product\/953"}],"collection":[{"href":"https:\/\/www.nobeltarim.com\/index.php?rest_route=\/wp\/v2\/product"}],"about":[{"href":"https:\/\/www.nobeltarim.com\/index.php?rest_route=\/wp\/v2\/types\/product"}],"wp:featuredmedia":[{"embeddable":true,"href":"https:\/\/www.nobeltarim.com\/index.php?rest_route=\/wp\/v2\/media\/575"}],"wp:attachment":[{"href":"https:\/\/www.nobeltarim.com\/index.php?rest_route=%2Fwp%2Fv2%2Fmedia&parent=953"}],"wp:term":[{"taxonomy":"product_cat","embeddable":true,"href":"https:\/\/www.nobeltarim.com\/index.php?rest_route=%2Fwp%2Fv2%2Fproduct_cat&post=953"},{"taxonomy":"product_tag","embeddable":true,"href":"https:\/\/www.nobeltarim.com\/index.php?rest_route=%2Fwp%2Fv2%2Fproduct_tag&post=953"}],"curies":[{"name":"wp","href":"https:\/\/api.w.org\/{rel}","templated":true}]}}