{"id":947,"date":"2023-11-28T17:25:22","date_gmt":"2023-11-28T14:25:22","guid":{"rendered":"https:\/\/www.nobeltarim.com\/?post_type=product&#038;p=947"},"modified":"2023-11-28T17:25:22","modified_gmt":"2023-11-28T14:25:22","slug":"zetra-3","status":"publish","type":"product","link":"https:\/\/www.nobeltarim.com\/?product=zetra-3&lang=fr","title":{"rendered":"ZETRA"},"content":{"rendered":"<p><strong>ZETRA<\/strong><\/p>\n<p><strong>\u00a0<\/strong><\/p>\n<p><strong>Contenu garanti\u00a0\u00a0\u00a0\u00a0\u00a0\u00a0\u00a0\u00a0\u00a0\u00a0\u00a0\u00a0\u00a0\u00a0\u00a0\u00a0\u00a0\u00a0\u00a0 \u00a0p\/p<\/strong><\/p>\n<p>Zinc soluble dans l&#8217;eau (Zn) : 35%<\/p>\n<p>Densit\u00e9 : 2,0<\/p>\n<p>Aspect Liquide transparent<\/p>\n<p><strong>La particularit\u00e9 de Zetra :<\/strong><\/p>\n<p>&#8211; Le pourcentage le plus \u00e9lev\u00e9 de Zinc liquide soluble dans l&#8217;eau<\/p>\n<p>-Densit\u00e9 la plus \u00e9lev\u00e9e.<\/p>\n<p>-Ch\u00e9lat\u00e9 organiquement sous une forme enti\u00e8rement absorbable par les plantes.<\/p>\n<p>&#8211; P\u00e9n\u00e9tration la plus rapide.<\/p>\n<p><strong>Avantages:<\/strong><\/p>\n<p>-Augmente la r\u00e9sistance des plantes au froid hivernal et permet une am\u00e9lioration significative du rendement, notamment dans les champs de c\u00e9r\u00e9ales.<\/p>\n<p>&#8211; Favorise la floraison.<\/p>\n<p>&#8211; Augmente le nombre de fruits.<\/p>\n<p>&#8211; Assure l&#8217;\u00e9longation et le d\u00e9veloppement des racines.<\/p>\n<p>-Assure la formation des bourgeons lat\u00e9rale et sup\u00e9rieure.<\/p>\n<p>-Prot\u00e8ge les arbres fruitiers contre le rabougrissement et la d\u00e9foliation.<\/p>\n<p>&nbsp;<\/p>\n<p><strong>M\u00e9thode d&#8217;utilisation :<\/strong><\/p>\n<p>Il s&#8217;utilise comme trempage des semences dans les grandes cultures avec 3 \u00e0 6 litres pour 1 tonne de semences. La dose d&#8217;application g\u00e9n\u00e9rale est de 50-100 ml par 100 litres d&#8217;eau en application foliaire et de 200 ml par d\u00e9care en irrigation goutte \u00e0 goutte. Il peut \u00eatre utilis\u00e9 avec de nombreux pesticides et engrais.<\/p>\n","protected":false},"excerpt":{"rendered":"<p>ZETRA \u00a0 Contenu garanti\u00a0\u00a0\u00a0\u00a0\u00a0\u00a0\u00a0\u00a0\u00a0\u00a0\u00a0\u00a0\u00a0\u00a0\u00a0\u00a0\u00a0\u00a0\u00a0 \u00a0p\/p Zinc soluble dans l&#8217;eau (Zn) : 35% Densit\u00e9 : 2,0 Aspect Liquide transparent La particularit\u00e9 de Zetra : &#8211; Le pourcentage le plus \u00e9lev\u00e9 de Zinc liquide soluble dans l&#8217;eau -Densit\u00e9 la plus \u00e9lev\u00e9e. -Ch\u00e9lat\u00e9 organiquement sous une forme enti\u00e8rement absorbable par les plantes. &#8211; P\u00e9n\u00e9tration la plus rapide. Avantages: [&#8230;]\n","protected":false},"featured_media":544,"template":"","meta":[],"product_cat":[197],"product_tag":[],"_links":{"self":[{"href":"https:\/\/www.nobeltarim.com\/index.php?rest_route=\/wp\/v2\/product\/947"}],"collection":[{"href":"https:\/\/www.nobeltarim.com\/index.php?rest_route=\/wp\/v2\/product"}],"about":[{"href":"https:\/\/www.nobeltarim.com\/index.php?rest_route=\/wp\/v2\/types\/product"}],"wp:featuredmedia":[{"embeddable":true,"href":"https:\/\/www.nobeltarim.com\/index.php?rest_route=\/wp\/v2\/media\/544"}],"wp:attachment":[{"href":"https:\/\/www.nobeltarim.com\/index.php?rest_route=%2Fwp%2Fv2%2Fmedia&parent=947"}],"wp:term":[{"taxonomy":"product_cat","embeddable":true,"href":"https:\/\/www.nobeltarim.com\/index.php?rest_route=%2Fwp%2Fv2%2Fproduct_cat&post=947"},{"taxonomy":"product_tag","embeddable":true,"href":"https:\/\/www.nobeltarim.com\/index.php?rest_route=%2Fwp%2Fv2%2Fproduct_tag&post=947"}],"curies":[{"name":"wp","href":"https:\/\/api.w.org\/{rel}","templated":true}]}}