{"id":944,"date":"2023-11-28T17:23:40","date_gmt":"2023-11-28T14:23:40","guid":{"rendered":"https:\/\/www.nobeltarim.com\/?post_type=product&#038;p=944"},"modified":"2023-11-28T17:23:41","modified_gmt":"2023-11-28T14:23:41","slug":"evercal-3","status":"publish","type":"product","link":"https:\/\/www.nobeltarim.com\/?product=evercal-3&lang=fr","title":{"rendered":"EVERCAL"},"content":{"rendered":"<p><strong>\u00a0<\/strong><\/p>\n<p><strong>EVERCAL<\/strong><\/p>\n<p><strong>\u00a0<\/strong><\/p>\n<p><strong>Contenu garanti<\/strong> \u00a0\u00a0\u00a0\u00a0\u00a0\u00a0\u00a0\u00a0\u00a0\u00a0\u00a0\u00a0\u00a0\u00a0\u00a0\u00a0\u00a0\u00a0\u00a0\u00a0\u00a0\u00a0\u00a0\u00a0\u00a0\u00a0\u00a0\u00a0\u00a0\u00a0\u00a0\u00a0\u00a0\u00a0\u00a0\u00a0\u00a0\u00a0\u00a0\u00a0\u00a0\u00a0\u00a0\u00a0\u00a0\u00a0\u00a0\u00a0\u00a0<strong>p\/p<\/strong><\/p>\n<p>Oxyde de calcium soluble dans l&#8217;eau (CaO) : 25%<\/p>\n<p><strong>\u00a0<\/strong><\/p>\n<p><strong>Caract\u00e9ristiques :<\/strong><\/p>\n<p>&#8211; La plus riche et la plus pure source de calcium<\/p>\n<p>&#8211; Il peut \u00eatre appliqu\u00e9 \u00e0 toutes sortes de plantes aussi bien par syst\u00e8me d&#8217;irrigation goutte \u00e0 goutte que par voie foliaire.<\/p>\n<p>&#8211; Miscibilit\u00e9 avec de nombreux pesticides et engrais<\/p>\n<p><strong>\u00a0<\/strong><\/p>\n<p><strong>Application g\u00e9n\u00e9rale Dosage :<\/strong><\/p>\n<p>100-200 gr\/100 L d&#8217;eau en application foliaire. Avec l&#8217;irrigation goutte \u00e0 goutte, on utilise 0,5 \u00e0 1 kg par d\u00e9care.<\/p>\n<p>&nbsp;<\/p>\n<p>-En g\u00e9n\u00e9ral, il peut \u00eatre utilis\u00e9 dans toutes les phases, de la p\u00e9riode de floraison \u00e0 la p\u00e9riode de r\u00e9colte.<\/p>\n<p>&nbsp;<\/p>\n<p>&#8211; Pendant la p\u00e9riode de croissance, on peut faire 5 \u00e0 10 applications par an.<\/p>\n<p><strong>\u00a0<\/strong><\/p>\n<p><strong>\u00a0<\/strong><\/p>\n<p><strong>Condition de miscibilit\u00e9 :<\/strong><\/p>\n<p>Il peut \u00eatre m\u00e9lang\u00e9 \u00e0 de nombreux autres produits nutritionnels des plantes et pesticides, \u00e0 l&#8217;exception de la bouillie bordelaise et des m\u00e9dicaments alcalins.<\/p>\n<p><strong>\u00a0<\/strong><\/p>\n<p><strong>Recommandations :<\/strong><\/p>\n<p>Il peut \u00eatre appliqu\u00e9 par syst\u00e8me d&#8217;irrigation goutte \u00e0 goutte ou par application foliaire pendant la p\u00e9riode de croissance, selon les besoins des plantes.<\/p>\n","protected":false},"excerpt":{"rendered":"<p>\u00a0 EVERCAL \u00a0 Contenu garanti \u00a0\u00a0\u00a0\u00a0\u00a0\u00a0\u00a0\u00a0\u00a0\u00a0\u00a0\u00a0\u00a0\u00a0\u00a0\u00a0\u00a0\u00a0\u00a0\u00a0\u00a0\u00a0\u00a0\u00a0\u00a0\u00a0\u00a0\u00a0\u00a0\u00a0\u00a0\u00a0\u00a0\u00a0\u00a0\u00a0\u00a0\u00a0\u00a0\u00a0\u00a0\u00a0\u00a0\u00a0\u00a0\u00a0\u00a0\u00a0\u00a0p\/p Oxyde de calcium soluble dans l&#8217;eau (CaO) : 25% \u00a0 Caract\u00e9ristiques : &#8211; La plus riche et la plus pure source de calcium &#8211; Il peut \u00eatre appliqu\u00e9 \u00e0 toutes sortes de plantes aussi bien par syst\u00e8me d&#8217;irrigation goutte \u00e0 goutte que par voie foliaire. &#8211; Miscibilit\u00e9 avec de [&#8230;]\n","protected":false},"featured_media":551,"template":"","meta":[],"product_cat":[197],"product_tag":[],"_links":{"self":[{"href":"https:\/\/www.nobeltarim.com\/index.php?rest_route=\/wp\/v2\/product\/944"}],"collection":[{"href":"https:\/\/www.nobeltarim.com\/index.php?rest_route=\/wp\/v2\/product"}],"about":[{"href":"https:\/\/www.nobeltarim.com\/index.php?rest_route=\/wp\/v2\/types\/product"}],"wp:featuredmedia":[{"embeddable":true,"href":"https:\/\/www.nobeltarim.com\/index.php?rest_route=\/wp\/v2\/media\/551"}],"wp:attachment":[{"href":"https:\/\/www.nobeltarim.com\/index.php?rest_route=%2Fwp%2Fv2%2Fmedia&parent=944"}],"wp:term":[{"taxonomy":"product_cat","embeddable":true,"href":"https:\/\/www.nobeltarim.com\/index.php?rest_route=%2Fwp%2Fv2%2Fproduct_cat&post=944"},{"taxonomy":"product_tag","embeddable":true,"href":"https:\/\/www.nobeltarim.com\/index.php?rest_route=%2Fwp%2Fv2%2Fproduct_tag&post=944"}],"curies":[{"name":"wp","href":"https:\/\/api.w.org\/{rel}","templated":true}]}}