{"id":941,"date":"2023-11-28T17:22:02","date_gmt":"2023-11-28T14:22:02","guid":{"rendered":"https:\/\/www.nobeltarim.com\/?post_type=product&#038;p=941"},"modified":"2023-11-28T17:22:03","modified_gmt":"2023-11-28T14:22:03","slug":"bia-cozyme-sl-3","status":"publish","type":"product","link":"https:\/\/www.nobeltarim.com\/?product=bia-cozyme-sl-3&lang=fr","title":{"rendered":"BIA COZYME SL"},"content":{"rendered":"<p><strong>BIA COZYME SL<\/strong><\/p>\n<p>&nbsp;<\/p>\n<p><strong>Garanti Edilen \u0130\u00e7erik: \u00a0\u00a0\u00a0\u00a0\u00a0\u00a0\u00a0\u00a0\u00a0\u00a0\u00a0\u00a0\u00a0\u00a0\u00a0\u00a0\u00a0\u00a0\u00a0\u00a0\u00a0\u00a0\u00a0\u00a0\u00a0\u00a0\u00a0\u00a0\u00a0\u00a0\u00a0\u00a0\u00a0\u00a0\u00a0\u00a0\u00a0\u00a0\u00a0\u00a0\u00a0\u00a0\u00a0\u00a0\u00a0w\/w<\/strong><\/p>\n<p>&nbsp;<\/p>\n<p>Azote total (N):\u00a0\u00a0\u00a0\u00a0\u00a0\u00a0\u00a0\u00a0\u00a0\u00a0\u00a0\u00a0\u00a0\u00a0\u00a0\u00a0\u00a0\u00a0\u00a0\u00a0\u00a0\u00a0\u00a0\u00a0\u00a0\u00a0\u00a0\u00a0\u00a0\u00a0\u00a0\u00a0\u00a0\u00a0\u00a0\u00a0\u00a0\u00a0\u00a0\u00a0\u00a0\u00a0\u00a0\u00a0\u00a0\u00a0\u00a0\u00a0\u00a0\u00a0\u00a0\u00a0 \u00a0\u00a0\u00a0\u00a0\u00a0\u00a0\u00a0\u00a0\u00a05%<\/p>\n<p>Azote ammoniacal (NH\u2084- N):\u00a0\u00a0\u00a0\u00a0\u00a0\u00a0\u00a0\u00a0\u00a0\u00a0\u00a0\u00a0\u00a0\u00a0\u00a0\u00a0\u00a0\u00a0\u00a0\u00a0\u00a0\u00a0\u00a0\u00a0\u00a0\u00a0\u00a0\u00a0\u00a0\u00a0\u00a0\u00a0\u00a0\u00a0\u00a0\u00a0\u00a0 \u00a01%<\/p>\n<p>Azote nitrique (NO\u2083-N):\u00a0\u00a0\u00a0\u00a0\u00a0\u00a0\u00a0\u00a0\u00a0\u00a0\u00a0\u00a0\u00a0\u00a0\u00a0\u00a0\u00a0\u00a0\u00a0\u00a0\u00a0\u00a0\u00a0\u00a0\u00a0\u00a0\u00a0\u00a0\u00a0\u00a0\u00a0\u00a0\u00a0\u00a0\u00a0\u00a0\u00a0\u00a0\u00a0\u00a0\u00a0\u00a0\u00a0\u00a0\u00a0 \u00a01,5%<\/p>\n<p>Azote ur\u00e9ique (NH\u2082-N):\u00a0\u00a0\u00a0\u00a0\u00a0\u00a0\u00a0\u00a0\u00a0\u00a0\u00a0\u00a0\u00a0\u00a0\u00a0\u00a0\u00a0\u00a0\u00a0\u00a0\u00a0\u00a0\u00a0\u00a0\u00a0\u00a0\u00a0\u00a0\u00a0\u00a0\u00a0\u00a0\u00a0\u00a0\u00a0\u00a0\u00a0\u00a0\u00a0\u00a0\u00a0\u00a0\u00a0\u00a0\u00a0 \u00a02,5%<\/p>\n<p>Penta-oxyde de phosphore soluble dans l&#8217;eau (P\u2082O\u2085): \u00a05%<\/p>\n<p>Oxyde de potassium soluble dans l&#8217;eau (K\u2082O):\u00a0\u00a0\u00a0\u00a0\u00a0\u00a0\u00a0\u00a0\u00a0\u00a0\u00a0 \u00a05%<\/p>\n<p>&nbsp;<\/p>\n<p>-Il favorise la f\u00e9condation, la floraison et la nouaison des fruits. Ainsi, il assure une plus grande quantit\u00e9 de fruits et l\u00e9gumes.<\/p>\n<p>-Il acc\u00e9l\u00e8re la division cellulaire et favorise la croissance v\u00e9g\u00e9tative. Une croissance v\u00e9g\u00e9tative rapide assure une croissance globale des plantes avec une foliation saine.<\/p>\n<p>-favorise la croissance des fruits et l\u00e9gumes et la formation des fruits sera \u00a0de m\u00eame taille. Ainsi \u00a0vous obtenez des fruits et l\u00e9gumes qui valent plus cher.<\/p>\n<p>-Renforce le p\u00e9doncule du fruit, ce qui emp\u00eache sa chute.<\/p>\n<p>-En g\u00e9n\u00e9ral, elle acc\u00e9l\u00e8re le d\u00e9veloppement.<\/p>\n<p><strong>\u00a0<\/strong><\/p>\n<p><strong>P\u00e9riode et doses d&#8217;application g\u00e9n\u00e9rales : <\/strong><\/p>\n<p><strong>&#8211;<\/strong>Il s&#8217;utilise au d\u00e9but de la floraison et 3 &#8211; 4 semaines apr\u00e8s celle-ci \u00e0 raison de 100-200 ml pour 100 L.<\/p>\n<p>-Il s&#8217;utilise avec l&#8217;irrigation goutte \u00e0 goutte \u00e0 raison de 0,5-1 It par d\u00e9care.<\/p>\n","protected":false},"excerpt":{"rendered":"<p>BIA COZYME SL &nbsp; Garanti Edilen \u0130\u00e7erik: \u00a0\u00a0\u00a0\u00a0\u00a0\u00a0\u00a0\u00a0\u00a0\u00a0\u00a0\u00a0\u00a0\u00a0\u00a0\u00a0\u00a0\u00a0\u00a0\u00a0\u00a0\u00a0\u00a0\u00a0\u00a0\u00a0\u00a0\u00a0\u00a0\u00a0\u00a0\u00a0\u00a0\u00a0\u00a0\u00a0\u00a0\u00a0\u00a0\u00a0\u00a0\u00a0\u00a0\u00a0\u00a0w\/w &nbsp; Azote total (N):\u00a0\u00a0\u00a0\u00a0\u00a0\u00a0\u00a0\u00a0\u00a0\u00a0\u00a0\u00a0\u00a0\u00a0\u00a0\u00a0\u00a0\u00a0\u00a0\u00a0\u00a0\u00a0\u00a0\u00a0\u00a0\u00a0\u00a0\u00a0\u00a0\u00a0\u00a0\u00a0\u00a0\u00a0\u00a0\u00a0\u00a0\u00a0\u00a0\u00a0\u00a0\u00a0\u00a0\u00a0\u00a0\u00a0\u00a0\u00a0\u00a0\u00a0\u00a0\u00a0 \u00a0\u00a0\u00a0\u00a0\u00a0\u00a0\u00a0\u00a0\u00a05% Azote ammoniacal (NH\u2084- N):\u00a0\u00a0\u00a0\u00a0\u00a0\u00a0\u00a0\u00a0\u00a0\u00a0\u00a0\u00a0\u00a0\u00a0\u00a0\u00a0\u00a0\u00a0\u00a0\u00a0\u00a0\u00a0\u00a0\u00a0\u00a0\u00a0\u00a0\u00a0\u00a0\u00a0\u00a0\u00a0\u00a0\u00a0\u00a0\u00a0\u00a0 \u00a01% Azote nitrique (NO\u2083-N):\u00a0\u00a0\u00a0\u00a0\u00a0\u00a0\u00a0\u00a0\u00a0\u00a0\u00a0\u00a0\u00a0\u00a0\u00a0\u00a0\u00a0\u00a0\u00a0\u00a0\u00a0\u00a0\u00a0\u00a0\u00a0\u00a0\u00a0\u00a0\u00a0\u00a0\u00a0\u00a0\u00a0\u00a0\u00a0\u00a0\u00a0\u00a0\u00a0\u00a0\u00a0\u00a0\u00a0\u00a0\u00a0 \u00a01,5% Azote ur\u00e9ique (NH\u2082-N):\u00a0\u00a0\u00a0\u00a0\u00a0\u00a0\u00a0\u00a0\u00a0\u00a0\u00a0\u00a0\u00a0\u00a0\u00a0\u00a0\u00a0\u00a0\u00a0\u00a0\u00a0\u00a0\u00a0\u00a0\u00a0\u00a0\u00a0\u00a0\u00a0\u00a0\u00a0\u00a0\u00a0\u00a0\u00a0\u00a0\u00a0\u00a0\u00a0\u00a0\u00a0\u00a0\u00a0\u00a0\u00a0 \u00a02,5% Penta-oxyde de phosphore soluble dans l&#8217;eau (P\u2082O\u2085): \u00a05% Oxyde de potassium soluble dans l&#8217;eau (K\u2082O):\u00a0\u00a0\u00a0\u00a0\u00a0\u00a0\u00a0\u00a0\u00a0\u00a0\u00a0 \u00a05% &nbsp; -Il favorise la f\u00e9condation, la floraison et la nouaison des fruits. Ainsi, [&#8230;]\n","protected":false},"featured_media":856,"template":"","meta":[],"product_cat":[197],"product_tag":[],"_links":{"self":[{"href":"https:\/\/www.nobeltarim.com\/index.php?rest_route=\/wp\/v2\/product\/941"}],"collection":[{"href":"https:\/\/www.nobeltarim.com\/index.php?rest_route=\/wp\/v2\/product"}],"about":[{"href":"https:\/\/www.nobeltarim.com\/index.php?rest_route=\/wp\/v2\/types\/product"}],"wp:featuredmedia":[{"embeddable":true,"href":"https:\/\/www.nobeltarim.com\/index.php?rest_route=\/wp\/v2\/media\/856"}],"wp:attachment":[{"href":"https:\/\/www.nobeltarim.com\/index.php?rest_route=%2Fwp%2Fv2%2Fmedia&parent=941"}],"wp:term":[{"taxonomy":"product_cat","embeddable":true,"href":"https:\/\/www.nobeltarim.com\/index.php?rest_route=%2Fwp%2Fv2%2Fproduct_cat&post=941"},{"taxonomy":"product_tag","embeddable":true,"href":"https:\/\/www.nobeltarim.com\/index.php?rest_route=%2Fwp%2Fv2%2Fproduct_tag&post=941"}],"curies":[{"name":"wp","href":"https:\/\/api.w.org\/{rel}","templated":true}]}}