{"id":938,"date":"2023-11-28T17:20:06","date_gmt":"2023-11-28T14:20:06","guid":{"rendered":"https:\/\/www.nobeltarim.com\/?post_type=product&#038;p=938"},"modified":"2023-11-28T17:20:07","modified_gmt":"2023-11-28T14:20:07","slug":"phos-pro-3","status":"publish","type":"product","link":"https:\/\/www.nobeltarim.com\/?product=phos-pro-3&lang=fr","title":{"rendered":"PHOS PRO"},"content":{"rendered":"<p><strong>PHOS PRO<\/strong><\/p>\n<p><strong>0.25.20<\/strong><\/p>\n<p>PHOSPHITE de POTASSIUM<\/p>\n<p>&nbsp;<\/p>\n<p>SOLUTION D&#8217;ENGRAIS PK<\/p>\n<p><strong>Contenu garanti<\/strong><\/p>\n<p>Penta-oxyde de phosphore soluble dans l&#8217;eau (P\u2082O\u2085) :\u00a0\u00a0\u00a0\u00a0\u00a0\u00a0\u00a0\u00a0\u00a0\u00a0\u00a0\u00a0\u00a0 % 25<\/p>\n<p>Oxyde de potassium soluble dans l&#8217;eau (K\u2082O) :\u00a0\u00a0\u00a0\u00a0\u00a0\u00a0\u00a0\u00a0\u00a0\u00a0\u00a0\u00a0\u00a0\u00a0\u00a0\u00a0\u00a0\u00a0\u00a0\u00a0\u00a0\u00a0\u00a0\u00a0\u00a0\u00a0 %20w\/w<\/p>\n<p>Aspect: Liquide transparent<\/p>\n<p>Densit\u00e9 : 1,7<\/p>\n<p><strong>Avantage :<\/strong><\/p>\n<p>-Favorise le d\u00e9veloppement g\u00e9n\u00e9ratif des plantes \u00e0 fort d\u00e9veloppement v\u00e9g\u00e9tatif et permet aux plantes de donner un bon rendement.<\/p>\n<p>-Synth\u00e9tise des phytoalexines contre des maladies telles que le mildiou et le phytophthora et favorise le m\u00e9canisme de r\u00e9sistance aux agents pathog\u00e8nes.<\/p>\n<p>-Am\u00e9liore le syst\u00e8me racinaire, assure le d\u00e9veloppement et la maturation des fruits.<\/p>\n<p>-Tr\u00e8s s\u00e9lectif vis-\u00e0-vis des agents pathog\u00e8nes.<\/p>\n<p>-Pr\u00e9ventif et curatif.<\/p>\n<p>-Non-toxique et ne laisse aucun r\u00e9sidu sur les feuilles.<\/p>\n<p>-Renforce le syst\u00e8me immunitaire de la plante.<\/p>\n<p>&#8211; Contr\u00f4le la qualit\u00e9 des produits.<\/p>\n<p>-Rapidement absorb\u00e9 et utilis\u00e9.<\/p>\n<p>-Il est syst\u00e9mique, il fonctionne \u00e0 la fois de la racine vers le haut et vers le bas \u00e0 partir des feuilles.<\/p>\n<p><strong>Dosage d&#8217;utilisation :<\/strong><\/p>\n<p>En applications foliaires, il peut \u00eatre donn\u00e9 entre 1-2 L par d\u00e9care, avec syst\u00e8me d&#8217;irrigation goutte \u00e0 goutte 200 ml pour 100 L d&#8217;eau.<\/p>\n","protected":false},"excerpt":{"rendered":"<p>PHOS PRO 0.25.20 PHOSPHITE de POTASSIUM &nbsp; SOLUTION D&#8217;ENGRAIS PK Contenu garanti Penta-oxyde de phosphore soluble dans l&#8217;eau (P\u2082O\u2085) :\u00a0\u00a0\u00a0\u00a0\u00a0\u00a0\u00a0\u00a0\u00a0\u00a0\u00a0\u00a0\u00a0 % 25 Oxyde de potassium soluble dans l&#8217;eau (K\u2082O) :\u00a0\u00a0\u00a0\u00a0\u00a0\u00a0\u00a0\u00a0\u00a0\u00a0\u00a0\u00a0\u00a0\u00a0\u00a0\u00a0\u00a0\u00a0\u00a0\u00a0\u00a0\u00a0\u00a0\u00a0\u00a0\u00a0 %20w\/w Aspect: Liquide transparent Densit\u00e9 : 1,7 Avantage : -Favorise le d\u00e9veloppement g\u00e9n\u00e9ratif des plantes \u00e0 fort d\u00e9veloppement v\u00e9g\u00e9tatif et permet aux plantes de donner [&#8230;]\n","protected":false},"featured_media":579,"template":"","meta":[],"product_cat":[197],"product_tag":[],"_links":{"self":[{"href":"https:\/\/www.nobeltarim.com\/index.php?rest_route=\/wp\/v2\/product\/938"}],"collection":[{"href":"https:\/\/www.nobeltarim.com\/index.php?rest_route=\/wp\/v2\/product"}],"about":[{"href":"https:\/\/www.nobeltarim.com\/index.php?rest_route=\/wp\/v2\/types\/product"}],"wp:featuredmedia":[{"embeddable":true,"href":"https:\/\/www.nobeltarim.com\/index.php?rest_route=\/wp\/v2\/media\/579"}],"wp:attachment":[{"href":"https:\/\/www.nobeltarim.com\/index.php?rest_route=%2Fwp%2Fv2%2Fmedia&parent=938"}],"wp:term":[{"taxonomy":"product_cat","embeddable":true,"href":"https:\/\/www.nobeltarim.com\/index.php?rest_route=%2Fwp%2Fv2%2Fproduct_cat&post=938"},{"taxonomy":"product_tag","embeddable":true,"href":"https:\/\/www.nobeltarim.com\/index.php?rest_route=%2Fwp%2Fv2%2Fproduct_tag&post=938"}],"curies":[{"name":"wp","href":"https:\/\/api.w.org\/{rel}","templated":true}]}}