{"id":934,"date":"2023-11-28T17:18:04","date_gmt":"2023-11-28T14:18:04","guid":{"rendered":"https:\/\/www.nobeltarim.com\/?post_type=product&#038;p=934"},"modified":"2023-11-28T17:18:04","modified_gmt":"2023-11-28T14:18:04","slug":"nutra-copper-2","status":"publish","type":"product","link":"https:\/\/www.nobeltarim.com\/?product=nutra-copper-2&lang=fr","title":{"rendered":"Nutra Copper"},"content":{"rendered":"<p><strong>Nutra Copper<\/strong><\/p>\n<p>CUIVRE ORGANIQUE SYST\u00c9MIQUE<\/p>\n<p>&nbsp;<\/p>\n<p>Teneur garantie : \u00a0\u00a0\u00a0\u00a0\u00a0\u00a0\u00a0\u00a0\u00a0\u00a0\u00a0\u00a0\u00a0\u00a0\u00a0\u00a0\u00a0\u00a0\u00a0\u00a0\u00a0\u00a0\u00a0w\/w<\/p>\n<p>Cuivre soluble dans l&#8217;eau (Cu) : 5%<\/p>\n<p>&nbsp;<\/p>\n<p><strong>Nutra Copper<\/strong> est un produit syst\u00e9mique contenant du cuivre qui convient \u00e0 l&#8217;utilisation au sol et par voie foliaire.<\/p>\n<p>&nbsp;<\/p>\n<p><strong>Avantages<\/strong><\/p>\n<p>&#8211; Effet syst\u00e9mique, tant par voie foliaire que par voie racinaire.<\/p>\n<p>&#8211; Utilisation s\u00fbre (peut \u00eatre utilis\u00e9 \u00e9galement pendant la p\u00e9riode de floraison).<\/p>\n<p>&#8211; Pas de r\u00e9sidus, pas de taches.<\/p>\n<p>&#8211; Temps d&#8217;attente de z\u00e9ro jour.<\/p>\n<p>&#8211; P\u00e9n\u00e9tration rapide. Comme il p\u00e9n\u00e8tre dans la plante en peu de temps (2 \u00e0 2,5 heures), il ne sera pas lessiv\u00e9 par la pluie.<\/p>\n<p>&#8211; Effet protecteur pendant 1 mois sur les fruits et 15 jours sur les l\u00e9gumes.<\/p>\n<p>&#8211; M\u00e9lange s\u00fbr avec des produits chimiques autres que le soufre, le phosphore et les produits fortement alcalins.<\/p>\n<p>&nbsp;<\/p>\n<p><strong>Utilisation sur toutes les plantes ;<\/strong><\/p>\n<p>Application foliaire 100-150 ml\/100 litres d&#8217;eau 0,5-1 lt.\/da avec irrigation goutte \u00e0 goutte<\/p>\n","protected":false},"excerpt":{"rendered":"<p>Nutra Copper CUIVRE ORGANIQUE SYST\u00c9MIQUE &nbsp; Teneur garantie : \u00a0\u00a0\u00a0\u00a0\u00a0\u00a0\u00a0\u00a0\u00a0\u00a0\u00a0\u00a0\u00a0\u00a0\u00a0\u00a0\u00a0\u00a0\u00a0\u00a0\u00a0\u00a0\u00a0w\/w Cuivre soluble dans l&#8217;eau (Cu) : 5% &nbsp; Nutra Copper est un produit syst\u00e9mique contenant du cuivre qui convient \u00e0 l&#8217;utilisation au sol et par voie foliaire. &nbsp; Avantages &#8211; Effet syst\u00e9mique, tant par voie foliaire que par voie racinaire. &#8211; Utilisation s\u00fbre (peut \u00eatre [&#8230;]\n","protected":false},"featured_media":583,"template":"","meta":[],"product_cat":[197],"product_tag":[],"_links":{"self":[{"href":"https:\/\/www.nobeltarim.com\/index.php?rest_route=\/wp\/v2\/product\/934"}],"collection":[{"href":"https:\/\/www.nobeltarim.com\/index.php?rest_route=\/wp\/v2\/product"}],"about":[{"href":"https:\/\/www.nobeltarim.com\/index.php?rest_route=\/wp\/v2\/types\/product"}],"wp:featuredmedia":[{"embeddable":true,"href":"https:\/\/www.nobeltarim.com\/index.php?rest_route=\/wp\/v2\/media\/583"}],"wp:attachment":[{"href":"https:\/\/www.nobeltarim.com\/index.php?rest_route=%2Fwp%2Fv2%2Fmedia&parent=934"}],"wp:term":[{"taxonomy":"product_cat","embeddable":true,"href":"https:\/\/www.nobeltarim.com\/index.php?rest_route=%2Fwp%2Fv2%2Fproduct_cat&post=934"},{"taxonomy":"product_tag","embeddable":true,"href":"https:\/\/www.nobeltarim.com\/index.php?rest_route=%2Fwp%2Fv2%2Fproduct_tag&post=934"}],"curies":[{"name":"wp","href":"https:\/\/api.w.org\/{rel}","templated":true}]}}