{"id":933,"date":"2023-11-28T17:17:11","date_gmt":"2023-11-28T14:17:11","guid":{"rendered":"https:\/\/www.nobeltarim.com\/?post_type=product&#038;p=933"},"modified":"2023-11-28T17:17:11","modified_gmt":"2023-11-28T14:17:11","slug":"nzn-effect-4","status":"publish","type":"product","link":"https:\/\/www.nobeltarim.com\/?product=nzn-effect-4&lang=fr","title":{"rendered":"NZN EFFECT"},"content":{"rendered":"<p><strong>NZN EFFECT<\/strong><\/p>\n<p><strong>solution d&#8217;engrais azot\u00e9<\/strong><\/p>\n<p><strong>\u00a0<\/strong><\/p>\n<p><strong>\u00a0<\/strong><\/p>\n<p><strong>Teneur garantie :\u00a0\u00a0\u00a0\u00a0\u00a0\u00a0\u00a0\u00a0\u00a0\u00a0\u00a0\u00a0\u00a0\u00a0\u00a0\u00a0\u00a0\u00a0\u00a0\u00a0\u00a0\u00a0 w\/w<\/strong><\/p>\n<p>Azote total (N) \u00a0\u00a0\u00a0\u00a0\u00a0\u00a0\u00a0\u00a0\u00a0\u00a0\u00a0\u00a0\u00a0\u00a0\u00a0\u00a0\u00a0\u00a0\u00a0\u00a0\u00a0\u00a0\u00a0\u00a0\u00a0\u00a015%.<\/p>\n<p>Azote ur\u00e9ique (NH\u2082-N) \u00a0\u00a0\u00a0\u00a0\u00a0\u00a0\u00a0\u00a0\u00a0\u00a0\u00a0\u00a015%.<\/p>\n<p>Zinc soluble dans l&#8217;eau (Zn) \u00a0\u00a0\u00a0\u00a0\u00a0\u00a0\u00a05%.<\/p>\n<p>pH 5 &#8211; 7<\/p>\n<p>&nbsp;<\/p>\n<p><strong>CARACT\u00c9RISTIQUES<\/strong><\/p>\n<p>La formulation de NZN EFFECT a \u00e9t\u00e9 d\u00e9velopp\u00e9e pour p\u00e9n\u00e9trer tr\u00e8s rapidement dans les tissus v\u00e9g\u00e9taux.<\/p>\n<p>NZN EFFECT est tr\u00e8s efficace m\u00eame lorsqu&#8217;il est utilis\u00e9 avec de l&#8217;eau \u00e0 pH \u00e9lev\u00e9 et augmente l&#8217;efficacit\u00e9 des pesticides utilis\u00e9s en r\u00e9duisant leur pH.<\/p>\n<p>Il s&#8217;agit d&#8217;un produit id\u00e9al pour entamer le d\u00e9veloppement des plantes au printemps de la mani\u00e8re la plus appropri\u00e9e.<\/p>\n<p>&nbsp;<\/p>\n<p><strong>AVANTAGES\u00a0 <\/strong><\/p>\n<p>*Permet un meilleur d\u00e9veloppement des plantes dans des conditions de stress.<\/p>\n<p>* Augmente la floraison et la nouaison.<\/p>\n<p>*Augmente la r\u00e9sistance des plantes aux maladies.<\/p>\n<p>*Prolonge la dur\u00e9e de conservation des fruits r\u00e9colt\u00e9s.<\/p>\n<p>* Assure une taille homog\u00e8ne des fruits dans la plante trait\u00e9e.<\/p>\n<p>&nbsp;<\/p>\n<p>En raison de son effet fonctionnel sur le d\u00e9veloppement cellulaire, NZN EFFECT favorise le d\u00e9veloppement de feuilles et de boutons floraux nouvellement form\u00e9s, augmente les taux de f\u00e9condation et d\u2019attachement, l&#8217;allongement des racines, le d\u00e9veloppement du syst\u00e8me foliac\u00e9 et augmente la r\u00e9sistance des plantes aux maladies et au froid.<\/p>\n<p>&nbsp;<\/p>\n<p><strong>APPLICATIONS<\/strong><\/p>\n<p>Doses g\u00e9n\u00e9rales d&#8217;application d&#8217;engrais ;<\/p>\n<p>Application foliaire ; 200 cc pour 100 L d&#8217;eau.<\/p>\n<p>1000 cc par d\u00e9care avec un syst\u00e8me d&#8217;irrigation goutte \u00e0 goutte.<\/p>\n","protected":false},"excerpt":{"rendered":"<h3><strong>AZOTLU G\u00dcBRE \u00c7\u00d6ZELT\u0130S\u0130<\/strong><\/h3>\n","protected":false},"featured_media":858,"template":"","meta":[],"product_cat":[171],"product_tag":[],"_links":{"self":[{"href":"https:\/\/www.nobeltarim.com\/index.php?rest_route=\/wp\/v2\/product\/933"}],"collection":[{"href":"https:\/\/www.nobeltarim.com\/index.php?rest_route=\/wp\/v2\/product"}],"about":[{"href":"https:\/\/www.nobeltarim.com\/index.php?rest_route=\/wp\/v2\/types\/product"}],"wp:featuredmedia":[{"embeddable":true,"href":"https:\/\/www.nobeltarim.com\/index.php?rest_route=\/wp\/v2\/media\/858"}],"wp:attachment":[{"href":"https:\/\/www.nobeltarim.com\/index.php?rest_route=%2Fwp%2Fv2%2Fmedia&parent=933"}],"wp:term":[{"taxonomy":"product_cat","embeddable":true,"href":"https:\/\/www.nobeltarim.com\/index.php?rest_route=%2Fwp%2Fv2%2Fproduct_cat&post=933"},{"taxonomy":"product_tag","embeddable":true,"href":"https:\/\/www.nobeltarim.com\/index.php?rest_route=%2Fwp%2Fv2%2Fproduct_tag&post=933"}],"curies":[{"name":"wp","href":"https:\/\/api.w.org\/{rel}","templated":true}]}}