{"id":932,"date":"2023-11-28T17:16:47","date_gmt":"2023-11-28T14:16:47","guid":{"rendered":"https:\/\/www.nobeltarim.com\/?post_type=product&#038;p=932"},"modified":"2023-11-28T17:16:47","modified_gmt":"2023-11-28T14:16:47","slug":"nzn-effect-3","status":"publish","type":"product","link":"https:\/\/www.nobeltarim.com\/?product=nzn-effect-3&lang=ar","title":{"rendered":"NZN EFFECT"},"content":{"rendered":"<p><strong>NZN EFFECT<\/strong><\/p>\n<p>\u0645\u062d\u0644\u0648\u0644 \u0633\u0645\u0627\u062f \u0646\u064a\u062a\u0631\u0648\u062c\u064a\u0646\u064a<\/p>\n<p>&nbsp;<\/p>\n<p><strong>\u0645\u062d\u062a\u0648\u0649 \u0645\u0636\u0645\u0648\u0646\u00a0\u00a0\u00a0\u00a0\u00a0\u00a0\u00a0\u00a0\u00a0\u00a0\u00a0\u00a0\u00a0\u00a0\u00a0\u00a0\u00a0\u00a0\u00a0\u00a0\u00a0\u00a0\u00a0\u00a0\u00a0\u00a0\u00a0\u00a0\u00a0\u00a0\u00a0\u00a0\u00a0\u00a0\u00a0\u00a0\u00a0\u00a0\u00a0\u00a0\u00a0\u00a0\u00a0\u00a0\u00a0\u00a0\u00a0\u00a0\u00a0\u00a0\u00a0\u00a0\u00a0 \u0648\u0632\u0646\/ \u0648\u0632\u0646<\/strong><\/p>\n<p>15\u066a\u00a0 (N) \u0627\u0644\u0646\u064a\u062a\u0631\u0648\u062c\u064a\u0646 \u0627\u0644\u0643\u0644\u064a<\/p>\n<p>15\u066a \u00a0\u00a0\u00a0\u00a0\u00a0\u00a0\u00a0\u00a0\u00a0\u00a0\u00a0\u00a0\u00a0\u00a0\u00a0\u00a0\u00a0\u00a0\u00a0\u00a0\u00a0\u00a0\u00a0\u00a0\u00a0\u00a0\u00a0\u00a0\u00a0\u00a0\u00a0\u00a0\u00a0\u00a0\u00a0\u00a0\u00a0\u00a0\u00a0\u00a0\u00a0\u00a0\u00a0\u00a0\u00a0\u00a0\u00a0\u00a0\u00a0\u00a0\u00a0\u00a0\u00a0\u00a0\u00a0\u00a0\u00a0\u00a0\u0646\u064a\u062a\u0631\u0648\u062c\u064a\u0646 \u0627\u0644\u064a\u0648\u0631\u064a\u0627<\/p>\n<p>5\u066a \u00a0\u00a0\u00a0\u00a0\u00a0\u00a0\u00a0\u00a0\u00a0\u00a0\u00a0\u00a0\u00a0\u00a0\u00a0\u00a0\u00a0\u00a0\u00a0\u00a0\u00a0\u00a0\u00a0\u00a0\u00a0\u00a0\u00a0\u00a0\u00a0\u00a0\u00a0\u00a0\u00a0\u00a0\u00a0\u00a0\u00a0(Zn) \u0632\u0646\u0643 \u0642\u0627\u0628\u0644 \u0644\u0644\u0630\u0648\u0628\u0627\u0646\u00a0 \u0641\u064a\u00a0 \u0627\u0644\u0645\u0627\u0621<\/p>\n<p>-7 5: PH<\/p>\n<p>&nbsp;<\/p>\n<p><strong>\u062e\u0635\u0627\u0626\u0635\u0647<\/strong><\/p>\n<ul>\n<li>\u062a\u0645 \u062a\u0637\u0648\u064a\u0631 \u062a\u0631\u0643\u064a\u0628\u0629 NZN EFFECT \u0644\u062a\u062a\u063a\u0644\u063a\u0644 \u0628\u0633\u0631\u0639\u0629 \u0643\u0628\u064a\u0631\u0629 \u0641\u064a \u0627\u0644\u0623\u0646\u0633\u062c\u0629 \u0627\u0644\u0646\u0628\u0627\u062a\u064a\u0629.<\/li>\n<li>\u064a\u0639\u062a\u0628\u0631 NZN EFFECT \u0641\u0639\u0627\u0644\u0627\u064b \u0644\u0644\u063a\u0627\u064a\u0629 \u062d\u062a\u0649 \u0639\u0646\u062f \u0627\u0633\u062a\u062e\u062f\u0627\u0645\u0647 \u0645\u0639 \u0645\u064a\u0627\u0647 \u0630\u0627\u062a \u062f\u0631\u062c\u0629 \u062d\u0645\u0648\u0636\u0629 \u0639\u0627\u0644\u064a\u0629 \u0648\u064a\u0632\u064a\u062f \u0645\u0646 \u0641\u0639\u0627\u0644\u064a\u0629 \u0627\u0644\u0645\u0628\u064a\u062f\u0627\u062a \u0627\u0644\u062a\u064a \u062a\u0633\u062a\u062e\u062f\u0645 \u0645\u0639\u0647 \u0639\u0646 \u0637\u0631\u064a\u0642 \u062a\u0642\u0644\u064a\u0644 \u0642\u064a\u0645\u0629 \u0627\u0644\u0631\u0642\u0645 \u0627\u0644\u0647\u064a\u062f\u0631\u0648\u062c\u064a\u0646\u064a \u0627\u0644\u062e\u0627\u0635 \u0628\u0647\u0627.<\/li>\n<li>\u0625\u0646\u0647 \u0645\u0646\u062a\u062c \u0645\u062b\u0627\u0644\u064a \u0644\u0628\u062f\u0621 \u0646\u0645\u0648 \u0627\u0644\u0646\u0628\u0627\u062a\u0627\u062a \u0641\u064a \u0627\u0644\u0631\u0628\u064a\u0639 \u0628\u0627\u0644\u0637\u0631\u064a\u0642\u0629 \u0627\u0644\u0623\u0646\u0633\u0628.<\/li>\n<\/ul>\n<p>&nbsp;<\/p>\n<p><strong>\u0641\u0648\u0627\u0626\u062f\u0647<\/strong><\/p>\n<p>* \u064a\u0633\u0645\u062d \u0628\u0646\u0645\u0648 \u0623\u0641\u0636\u0644 \u0644\u0644\u0646\u0628\u0627\u062a\u0627\u062a \u0641\u064a \u0627\u0644\u0638\u0631\u0648\u0641 \u0627\u0644\u063a\u064a\u0631 \u0645\u0648\u0627\u062a\u064a\u0629.<\/p>\n<p>* \u064a\u0632\u064a\u062f \u0645\u0646 \u0627\u0644\u062a\u0632\u0647\u064a\u0631 \u0648\u0639\u0642\u062f \u0627\u0644\u062b\u0645\u0627\u0631.<\/p>\n<p>* \u064a\u0632\u064a\u062f \u0645\u0646 \u0645\u0642\u0627\u0648\u0645\u0629 \u0627\u0644\u0646\u0628\u0627\u062a \u0644\u0644\u0623\u0645\u0631\u0627\u0636 .<\/p>\n<p>*\u064a\u0637\u064a\u0644 \u0627\u0644\u0639\u0645\u0631 \u0627\u0644\u0627\u0641\u062a\u0631\u0627\u0636\u064a \u0644\u0644\u062b\u0645\u0627\u0631 \u0627\u0644\u0645\u062d\u0635\u0648\u062f\u0629.<\/p>\n<p>* \u064a\u0636\u0645\u0646 \u0645\u0646 \u062a\u062c\u0627\u0646\u0633 \u062d\u062c\u0645 \u0627\u0644\u062b\u0645\u0627\u0631 \u0641\u064a \u0627\u0644\u0646\u0628\u0627\u062a \u0627\u0644\u0645\u0639\u0627\u0644\u062c.<\/p>\n<p>&nbsp;<\/p>\n<p>\u0646\u0638\u0631\u064b\u0627 \u0644\u062a\u0623\u062b\u064a\u0631\u0647 \u0627\u0644\u0648\u0638\u064a\u0641\u064a \u0639\u0644\u0649 \u0646\u0645\u0648 \u0627\u0644\u062e\u0644\u0627\u064a\u0627\u060c \u064a\u0639\u0632\u0632 NZN EFFECT \u0646\u0645\u0648 \u0627\u0644\u0623\u0648\u0631\u0627\u0642 \u0627\u0644\u0645\u0634\u0643\u0644\u0629 \u062d\u062f\u064a\u062b\u064b\u0627 \u0648\u0628\u0631\u0627\u0639\u0645 \u0627\u0644\u0632\u0647\u0648\u0631\u060c \u0648\u064a\u0632\u064a\u062f \u0645\u0646 \u0645\u0639\u062f\u0644\u0627\u062a \u0627\u0644\u0625\u062e\u0635\u0627\u0628 \u060c \u0648\u0627\u0633\u062a\u0637\u0627\u0644\u0629 \u0627\u0644\u062c\u0630\u0648\u0631\u060c \u0648\u0646\u0645\u0648 \u0627\u0644\u0645\u062c\u0645\u0648\u0639 \u0627\u0644\u062e\u0636\u0631\u064a\u060c \u0648\u064a\u0632\u064a\u062f \u0645\u0646 \u0645\u0642\u0627\u0648\u0645\u0629 \u0627\u0644\u0646\u0628\u0627\u062a\u0627\u062a \u0644\u0644\u0623\u0645\u0631\u0627\u0636 \u0648\u0627\u0644\u0628\u0631\u062f.<\/p>\n<p>&nbsp;<\/p>\n<p><strong>\u0627\u0644\u062a\u0637\u0628\u064a\u0642\u0627\u062a\u0647<\/strong><\/p>\n<p>\u0645\u0639\u062f\u0644\u0627\u062a \u0627\u0633\u062a\u062e\u062f\u0627\u0645 \u0627\u0644\u0639\u0627\u0645\u0629\u061b<\/p>\n<p>\u062a\u0637\u0628\u064a\u0642 \u0648\u0631\u0642\u064a: 200 \u0633\u0645<sup>3 <\/sup>\u00a0\/ 100 \u0644\u062a\u0631 \u0645\u0646 \u0627\u0644\u0645\u0627\u0621.<\/p>\n<p>1000 \u0633\u0645<sup>3<\/sup> \u0644\u0644\u062f\u0648\u0646\u0645 \u0627\u0644\u0648\u0627\u062d\u062f \u0628\u0646\u0638\u0627\u0645 \u0627\u0644\u0631\u064a \u0628\u0627\u0644\u062a\u0646\u0642\u064a\u0637.<\/p>\n<p><em>\u00a0<\/em><\/p>\n","protected":false},"excerpt":{"rendered":"<h3><strong>AZOTLU G\u00dcBRE \u00c7\u00d6ZELT\u0130S\u0130<\/strong><\/h3>\n","protected":false},"featured_media":858,"template":"","meta":[],"product_cat":[168],"product_tag":[],"_links":{"self":[{"href":"https:\/\/www.nobeltarim.com\/index.php?rest_route=\/wp\/v2\/product\/932"}],"collection":[{"href":"https:\/\/www.nobeltarim.com\/index.php?rest_route=\/wp\/v2\/product"}],"about":[{"href":"https:\/\/www.nobeltarim.com\/index.php?rest_route=\/wp\/v2\/types\/product"}],"wp:featuredmedia":[{"embeddable":true,"href":"https:\/\/www.nobeltarim.com\/index.php?rest_route=\/wp\/v2\/media\/858"}],"wp:attachment":[{"href":"https:\/\/www.nobeltarim.com\/index.php?rest_route=%2Fwp%2Fv2%2Fmedia&parent=932"}],"wp:term":[{"taxonomy":"product_cat","embeddable":true,"href":"https:\/\/www.nobeltarim.com\/index.php?rest_route=%2Fwp%2Fv2%2Fproduct_cat&post=932"},{"taxonomy":"product_tag","embeddable":true,"href":"https:\/\/www.nobeltarim.com\/index.php?rest_route=%2Fwp%2Fv2%2Fproduct_tag&post=932"}],"curies":[{"name":"wp","href":"https:\/\/api.w.org\/{rel}","templated":true}]}}