{"id":928,"date":"2023-11-28T17:14:17","date_gmt":"2023-11-28T14:14:17","guid":{"rendered":"https:\/\/www.nobeltarim.com\/?post_type=product&#038;p=928"},"modified":"2023-11-28T17:14:18","modified_gmt":"2023-11-28T14:14:18","slug":"orgafol-2","status":"publish","type":"product","link":"https:\/\/www.nobeltarim.com\/?product=orgafol-2&lang=fr","title":{"rendered":"ORGAFOL"},"content":{"rendered":"<p><strong>ORGAFOL<\/strong><\/p>\n<p>ENGRAIS ORGANIQUE LIQUIDE D&#8217;ORIGINE V\u00c9G\u00c9TALE<\/p>\n<p>&nbsp;<\/p>\n<p><strong>CONTENU GARANTI :<\/strong><\/p>\n<p>Mati\u00e8re organique : \u00a0\u00a0\u00a0\u00a0\u00a0\u00a0\u00a0\u00a0\u00a0\u00a0\u00a0\u00a0\u00a0\u00a0\u00a0\u00a0\u00a0\u00a0\u00a0\u00a0\u00a0\u00a0\u00a0\u00a0\u00a0\u00a0\u00a0\u00a0\u00a0\u00a0\u00a0\u00a0\u00a0\u00a0\u00a0\u00a0\u00a0\u00a0\u00a0\u00a0\u00a040% p\/p<\/p>\n<p>Carbone organique : \u00a0\u00a0\u00a0\u00a0\u00a0\u00a0\u00a0\u00a0\u00a0\u00a0\u00a0\u00a0\u00a0\u00a0\u00a0\u00a0\u00a0\u00a0\u00a0\u00a0\u00a0\u00a0\u00a0\u00a0\u00a0\u00a0\u00a0\u00a0\u00a0\u00a0\u00a0\u00a0\u00a0\u00a0\u00a0\u00a0\u00a0\u00a0\u00a0\u00a017% p\/p<\/p>\n<p>Azote total (N) : \u00a0\u00a0\u00a0\u00a0\u00a0\u00a0\u00a0\u00a0\u00a0\u00a0\u00a0\u00a0\u00a0\u00a0\u00a0\u00a0\u00a0\u00a0\u00a0\u00a0\u00a0\u00a0\u00a0\u00a0\u00a0\u00a0\u00a0\u00a0\u00a0\u00a0\u00a0\u00a0\u00a0\u00a0\u00a0\u00a0\u00a0\u00a0\u00a0\u00a0\u00a0\u00a0\u00a0\u00a0\u00a0\u00a0\u00a02% p\/p<\/p>\n<p>Oxyde de potassium soluble dans l&#8217;eau (K\u2082O): 5% W\/W<\/p>\n<p>Ph : (4-6)<\/p>\n<p><strong>Caract\u00e9ristiques :<\/strong><\/p>\n<p>* Cr\u00e9ateur de racine<\/p>\n<p>* attache fleur<\/p>\n<p>* Emp\u00eache la perte des fleurs et de fruits<\/p>\n<p>* Agrandisseur de fruits<\/p>\n<p>* Am\u00e9liorateur de rendement<\/p>\n<p>* Anti-stress<\/p>\n<p>PLANTES, DOSE ET P\u00c9RIODE RECOMMAND\u00c9ES<\/p>\n<table>\n<tbody>\n<tr>\n<td width=\"205\">NOM DU PRODUIT<\/td>\n<td width=\"205\">DOSAGE POUR 100 L D\u2019EAU<\/td>\n<td width=\"205\">P\u00c9RIODE D&#8217;UTILISATION<\/td>\n<\/tr>\n<tr>\n<td width=\"205\">Cultures de plein champ et industrielles<\/p>\n<p>C\u00e9r\u00e9ales, soja, arachides, ma\u00efs, l\u00e9gumineuses, paddy, betterave.<\/p>\n<p>coton, verger, pommes de terre, l\u00e9gumes de plein champ et autres cultures de plein champ<\/td>\n<td width=\"205\">foliaires: 100-200 gr.<\/td>\n<td width=\"205\">Utilis\u00e9 au d\u00e9but de la p\u00e9riode de d\u00e9veloppement apr\u00e8s l&#8217;\u00e9mergence ou lorsqu&#8217;une surface foliaire suffisante est form\u00e9e dans la plante.<\/td>\n<\/tr>\n<tr>\n<td width=\"205\">Agrumes<\/p>\n<p>Orange, mandarine, citron, pamplemousse<\/td>\n<td width=\"205\">foliaires: 100-200 gr.<\/td>\n<td width=\"205\">S&#8217;utilise au printemps, il peut \u00eatre appliqu\u00e9 2-3 autre fois dans la saison.<\/td>\n<\/tr>\n<tr>\n<td width=\"205\">Olive<\/td>\n<td width=\"205\">foliaires: 100 gr.<\/td>\n<td width=\"205\">L&#8217;application se fait pendant\u00a0 la p\u00e9riode de formation de nouvelles pousses de fleurs et de fruits<\/td>\n<\/tr>\n<tr>\n<td width=\"205\">Fruits \u00e0 noyau<\/p>\n<p>Pomme, poire, coing<\/td>\n<td width=\"205\">foliaires: 100-200 gr.<\/td>\n<td width=\"205\">\u00e0 partir du stade du bouton rose des Fruits<\/p>\n<p>Il s&#8217;applique 2 \u00e0 3 fois jusqu&#8217;\u00e0 ce qu&#8217;il atteigne la taille d&#8217;une noix.<\/td>\n<\/tr>\n<tr>\n<td width=\"205\">Fruits \u00e0 noyau<\/p>\n<p>P\u00eache, abricot, prune, etc.<\/td>\n<td width=\"205\">foliaires: 100-200 gr.<\/td>\n<td width=\"205\">S&#8217;utilise pendant les p\u00e9riodes du bouton rose, de la formation des fleurs et de la nouaison.<\/td>\n<\/tr>\n<tr>\n<td width=\"205\">Cerisier, noyer<\/td>\n<td width=\"205\">foliaires: 100-200 gr.<\/td>\n<td width=\"205\">L&#8217;application se fait apr\u00e8s la floraison.<\/td>\n<\/tr>\n<tr>\n<td width=\"205\">Vignoble<\/td>\n<td width=\"205\">&nbsp;<\/p>\n<p>&nbsp;<\/p>\n<p>foliaires: 100-200 gr.<\/td>\n<td width=\"205\">Avant la floraison, au moins 100 litres par d\u00e9care. Il se m\u00e9lange avec de l&#8217;eau est se pulv\u00e9rise sur les feuilles (Ne pas appliquer pendant la floraison, 1-2 applications peuvent \u00eatre faites par la suite.)<\/td>\n<\/tr>\n<tr>\n<td width=\"205\">Fraise<\/td>\n<td width=\"205\">foliaires: 50-150 gr.<\/td>\n<td width=\"205\">Il s&#8217;applique pendant la p\u00e9riode de formation des boutons. Il peut \u00eatre appliqu\u00e9 3-4 fois pendant la saison.<\/td>\n<\/tr>\n<tr>\n<td width=\"205\">Produits de serre<\/td>\n<td width=\"205\">foliaires: 100-200 gr.<\/td>\n<td width=\"205\">De la p\u00e9riode de semis \u00e0 la p\u00e9riode de r\u00e9colte l&#8217;application foliaire se fait \u00e0 plusieurs reprises.<\/p>\n<p>Et il s\u2019applique au sol \u00e0 raison de 400-600 gr par d\u00e9car avec le syst\u00e8me d&#8217;irrigation goutte \u00e0 goutte.<\/td>\n<\/tr>\n<\/tbody>\n<\/table>\n<p>&nbsp;<\/p>\n","protected":false},"excerpt":{"rendered":"<p>ORGAFOL ENGRAIS ORGANIQUE LIQUIDE D&#8217;ORIGINE V\u00c9G\u00c9TALE &nbsp; CONTENU GARANTI : Mati\u00e8re organique : \u00a0\u00a0\u00a0\u00a0\u00a0\u00a0\u00a0\u00a0\u00a0\u00a0\u00a0\u00a0\u00a0\u00a0\u00a0\u00a0\u00a0\u00a0\u00a0\u00a0\u00a0\u00a0\u00a0\u00a0\u00a0\u00a0\u00a0\u00a0\u00a0\u00a0\u00a0\u00a0\u00a0\u00a0\u00a0\u00a0\u00a0\u00a0\u00a0\u00a0\u00a040% p\/p Carbone organique : \u00a0\u00a0\u00a0\u00a0\u00a0\u00a0\u00a0\u00a0\u00a0\u00a0\u00a0\u00a0\u00a0\u00a0\u00a0\u00a0\u00a0\u00a0\u00a0\u00a0\u00a0\u00a0\u00a0\u00a0\u00a0\u00a0\u00a0\u00a0\u00a0\u00a0\u00a0\u00a0\u00a0\u00a0\u00a0\u00a0\u00a0\u00a0\u00a0\u00a017% p\/p Azote total (N) : \u00a0\u00a0\u00a0\u00a0\u00a0\u00a0\u00a0\u00a0\u00a0\u00a0\u00a0\u00a0\u00a0\u00a0\u00a0\u00a0\u00a0\u00a0\u00a0\u00a0\u00a0\u00a0\u00a0\u00a0\u00a0\u00a0\u00a0\u00a0\u00a0\u00a0\u00a0\u00a0\u00a0\u00a0\u00a0\u00a0\u00a0\u00a0\u00a0\u00a0\u00a0\u00a0\u00a0\u00a0\u00a0\u00a0\u00a02% p\/p Oxyde de potassium soluble dans l&#8217;eau (K\u2082O): 5% W\/W Ph : (4-6) Caract\u00e9ristiques : * Cr\u00e9ateur de racine * attache fleur * Emp\u00eache la perte des fleurs et de [&#8230;]\n","protected":false},"featured_media":530,"template":"","meta":[],"product_cat":[171],"product_tag":[],"_links":{"self":[{"href":"https:\/\/www.nobeltarim.com\/index.php?rest_route=\/wp\/v2\/product\/928"}],"collection":[{"href":"https:\/\/www.nobeltarim.com\/index.php?rest_route=\/wp\/v2\/product"}],"about":[{"href":"https:\/\/www.nobeltarim.com\/index.php?rest_route=\/wp\/v2\/types\/product"}],"wp:featuredmedia":[{"embeddable":true,"href":"https:\/\/www.nobeltarim.com\/index.php?rest_route=\/wp\/v2\/media\/530"}],"wp:attachment":[{"href":"https:\/\/www.nobeltarim.com\/index.php?rest_route=%2Fwp%2Fv2%2Fmedia&parent=928"}],"wp:term":[{"taxonomy":"product_cat","embeddable":true,"href":"https:\/\/www.nobeltarim.com\/index.php?rest_route=%2Fwp%2Fv2%2Fproduct_cat&post=928"},{"taxonomy":"product_tag","embeddable":true,"href":"https:\/\/www.nobeltarim.com\/index.php?rest_route=%2Fwp%2Fv2%2Fproduct_tag&post=928"}],"curies":[{"name":"wp","href":"https:\/\/api.w.org\/{rel}","templated":true}]}}