{"id":927,"date":"2023-11-28T17:13:30","date_gmt":"2023-11-28T14:13:30","guid":{"rendered":"https:\/\/www.nobeltarim.com\/?post_type=product&#038;p=927"},"modified":"2023-11-28T17:13:30","modified_gmt":"2023-11-28T14:13:30","slug":"genesis-sc-4","status":"publish","type":"product","link":"https:\/\/www.nobeltarim.com\/?product=genesis-sc-4&lang=fr","title":{"rendered":"GENESIS SC"},"content":{"rendered":"<p><strong>GENESIS SC<\/strong><\/p>\n<p><strong>SOLUTION d&#8217;ACIDE HUMIQUE EN SUSPENSION<\/strong><\/p>\n<p><strong>\u00a0<\/strong><\/p>\n<p><strong>ANALYSE GARANTIE\u00a0\u00a0\u00a0\u00a0\u00a0\u00a0\u00a0\u00a0\u00a0\u00a0\u00a0\u00a0\u00a0\u00a0\u00a0\u00a0\u00a0\u00a0\u00a0\u00a0\u00a0\u00a0\u00a0\u00a0\u00a0 P\/P<\/strong><\/p>\n<p>Mati\u00e8re organique\u00a0\u00a0\u00a0\u00a0\u00a0\u00a0\u00a0\u00a0\u00a0\u00a0\u00a0\u00a0\u00a0\u00a0\u00a0\u00a0\u00a0\u00a0\u00a0\u00a0\u00a0\u00a0\u00a0\u00a0\u00a0\u00a0\u00a0\u00a0 15%<\/p>\n<p>Acide humique et fulvique total\u00a0\u00a0\u00a0\u00a0\u00a0 15%<\/p>\n<p>pH 4-6<\/p>\n<p><strong>CARACT\u00c9RISTIQUES DU PRODUIT<\/strong><\/p>\n<p>GENESIS SC est un acide humique qui se dissoudre tr\u00e8s bien dans l&#8217;eau. Il est utilis\u00e9 dans toutes sortes de cultures, en particulier la betterave sucri\u00e8re, la carotte, la pomme de terre, l&#8217;oignon, l&#8217;ail, le radis, le c\u00e9leri, etc. dont les parties comestibles se trouvent sous le sol. Il augmente la teneur en sucre de la betterave sucri\u00e8re, son pH est de 4 \u00e0 6, et gr\u00e2ce \u00e0 cet avantage, il permet d&#8217;absorber plus facilement les oligo-\u00e9l\u00e9ments tels que le fer et le mangan\u00e8se pr\u00e9sents dans le sol.<\/p>\n<p><strong>EFFETS DES ACIDES HUMIQUES SUR LES CULTURES<\/strong><\/p>\n<p>Ils aident les plantes \u00e0 former un bon syst\u00e8me racinaire. Ils favorisent la multiplication des micro-organismes du sol. Ils aident \u00e0 retenir l&#8217;eau dans les sols l\u00e9gers.<\/p>\n<p>Il aide \u00e0 rendre les \u00e9l\u00e9ments tels que l&#8217;azote, le phosphore, la potasse, le fer et le zinc facilement utilisables par les plantes. Il contribue \u00e0 all\u00e9ger la structure des sols argileux.<\/p>\n<ol>\n<li><strong> APPLICATION AU SOL<\/strong><\/li>\n<\/ol>\n<p><strong>1) Betterave sucri\u00e8re, betterave rouge, autres plantes \u00e0 tubercules (pommes de terre, oignons, carottes, etc.) : <\/strong><\/p>\n<ol>\n<li>Large application au sol : Une fois le sol pr\u00e9par\u00e9 pour la plantation, il est m\u00e9lang\u00e9 avec une quantit\u00e9 suffisante d&#8217;eau \u00e0 une dose de 400 cc par d\u00e9care et pulv\u00e9ris\u00e9 dans le sol.<\/li>\n<li>Application en bandes dans les serres : Apr\u00e8s le semis, le produit doit \u00eatre m\u00e9lang\u00e9 \u00e0 une quantit\u00e9 suffisante d&#8217;eau \u00e0 raison de 250 cc par d\u00e9care et pulv\u00e9ris\u00e9 sur les lignes en bandes.<\/li>\n<li>Autres produits :<\/li>\n<\/ol>\n<p><strong>2.1. Grandes cultures (coton, ma\u00efs, l\u00e9gumes, c\u00e9r\u00e9ales, etc.) :<\/strong><\/p>\n<ol>\n<li>Large application au sol : Une fois le sol pr\u00e9par\u00e9 pour la plantation, il est m\u00e9lang\u00e9 avec une dose d&#8217;eau de 400 cc et pulv\u00e9ris\u00e9 dans le sol.<\/li>\n<li>Application en bandes bande de serre : Apr\u00e8s semis, il est m\u00e9lang\u00e9 avec une quantit\u00e9 d&#8217;eau suffisante \u00e0 raison de 250 cc par d\u00e9care et pulv\u00e9ris\u00e9 sur les rangs sous forme de bandes.<\/li>\n<li>De m\u00eame, il est \u00e9galement utilis\u00e9 dans les syst\u00e8mes d&#8217;irrigation goutte \u00e0 goutte ou par aspersion avec un dosage de 250 cc par d\u00e9care. Le processus est r\u00e9p\u00e9t\u00e9 5 \u00e0 6 fois au cours de la saison. On ajoute \u00e0 100 litres d&#8217;eau une dose de 200 cc et on l&#8217;administre aux semis dans les cultures implant\u00e9s.<\/li>\n<\/ol>\n<p><strong>2.2 Vergers (arbres fruitiers \u00e0 p\u00e9pins et \u00e0 noyaux, agrumes, vignobles, oliviers, noisetiers, bananiers, etc.) :<\/strong><\/p>\n<p>Au d\u00e9but du d\u00e9veloppement v\u00e9g\u00e9tatif, 25 cc seront m\u00e9lang\u00e9s \u00e0 10 It d&#8217;eau et Il s&#8217;applique au sol pour chaque arbre de mani\u00e8re \u00e0 ce qu&#8217;il soit appliqu\u00e9 dans le p\u00e9rim\u00e8tre de la projection de la couronne de l&#8217;arbre ou 250 cc\/da\u00a0 sera ajout\u00e9 au engrais liquide et la plante sera arros\u00e9e\u00a0 via un syst\u00e8me d&#8217;irrigation goutte \u00e0 goutte ou tout autre type de syst\u00e8me d&#8217;irrigation.<\/p>\n<ol>\n<li><strong> APPLICATION FOLIAIRE<\/strong><\/li>\n<li><strong> betterave sucri\u00e8re, betterave rouge : <\/strong><\/li>\n<\/ol>\n<p>La premi\u00e8re dose sera appliqu\u00e9e 10-12 semaines apr\u00e8s le semis \u00e0 raison de 200 cc par d\u00e9care m\u00e9lang\u00e9e \u00e0 une quantit\u00e9 suffisante d&#8217;eau. La deuxi\u00e8me application sera faite avec la m\u00eame dose 2 \u00e0 3 semaines apr\u00e8s la premi\u00e8re application.<\/p>\n<p>Autres plantes tub\u00e9reuses (pomme de terre, oignon, carotte, etc.) : lorsque les plantes atteignent une hauteur de 20 \u00e0 25 cm, le produit est appliqu\u00e9 \u00e0 raison de 50 cc par d\u00e9care. La deuxi\u00e8me application est effectu\u00e9e 15-20 jours plus tard.<\/p>\n<p><strong>2) Autres cultures<\/strong><\/p>\n<p><strong>2.1 Grandes cultures (coton, ma\u00efs, l\u00e9gumes, c\u00e9r\u00e9ales, etc.) : <\/strong><\/p>\n<p>Lorsque les plantes atteignent une hauteur de 20-25 cm, il est utilis\u00e9 seul \u00e0 la dose de 50 cc par d\u00e9care ou en ajoutant des engrais foliaires, des r\u00e9gulateurs de croissance des plantes et des pesticides \u00e0 la m\u00eame dose. Si n\u00e9cessaire, il est r\u00e9p\u00e9t\u00e9 \u00e0 la m\u00eame dose apr\u00e8s 20 jours.<\/p>\n<p><strong>2.2 Vergers (arbres fruitiers \u00e0 p\u00e9pins et \u00e0 noyaux, agrumes, vignobles, oliviers, noisetiers, bananiers, etc ) :<\/strong><\/p>\n<p>Il sera ajout\u00e9 aux engrais et aux r\u00e9gulateurs de croissance des plantes ou aux pesticides foliaires une dose de 50 cc pour 100 litres d&#8217;eau et on les pulv\u00e9rise directement sur les feuilles<\/p>\n<p><strong>\u00a0<\/strong><\/p>\n","protected":false},"excerpt":{"rendered":"<p>GENESIS SC SOLUTION d&#8217;ACIDE HUMIQUE EN SUSPENSION \u00a0 ANALYSE GARANTIE\u00a0\u00a0\u00a0\u00a0\u00a0\u00a0\u00a0\u00a0\u00a0\u00a0\u00a0\u00a0\u00a0\u00a0\u00a0\u00a0\u00a0\u00a0\u00a0\u00a0\u00a0\u00a0\u00a0\u00a0\u00a0 P\/P Mati\u00e8re organique\u00a0\u00a0\u00a0\u00a0\u00a0\u00a0\u00a0\u00a0\u00a0\u00a0\u00a0\u00a0\u00a0\u00a0\u00a0\u00a0\u00a0\u00a0\u00a0\u00a0\u00a0\u00a0\u00a0\u00a0\u00a0\u00a0\u00a0\u00a0 15% Acide humique et fulvique total\u00a0\u00a0\u00a0\u00a0\u00a0 15% pH 4-6 CARACT\u00c9RISTIQUES DU PRODUIT GENESIS SC est un acide humique qui se dissoudre tr\u00e8s bien dans l&#8217;eau. Il est utilis\u00e9 dans toutes sortes de cultures, en particulier la betterave sucri\u00e8re, la carotte, la pomme [&#8230;]\n","protected":false},"featured_media":859,"template":"","meta":[],"product_cat":[171],"product_tag":[],"_links":{"self":[{"href":"https:\/\/www.nobeltarim.com\/index.php?rest_route=\/wp\/v2\/product\/927"}],"collection":[{"href":"https:\/\/www.nobeltarim.com\/index.php?rest_route=\/wp\/v2\/product"}],"about":[{"href":"https:\/\/www.nobeltarim.com\/index.php?rest_route=\/wp\/v2\/types\/product"}],"wp:featuredmedia":[{"embeddable":true,"href":"https:\/\/www.nobeltarim.com\/index.php?rest_route=\/wp\/v2\/media\/859"}],"wp:attachment":[{"href":"https:\/\/www.nobeltarim.com\/index.php?rest_route=%2Fwp%2Fv2%2Fmedia&parent=927"}],"wp:term":[{"taxonomy":"product_cat","embeddable":true,"href":"https:\/\/www.nobeltarim.com\/index.php?rest_route=%2Fwp%2Fv2%2Fproduct_cat&post=927"},{"taxonomy":"product_tag","embeddable":true,"href":"https:\/\/www.nobeltarim.com\/index.php?rest_route=%2Fwp%2Fv2%2Fproduct_tag&post=927"}],"curies":[{"name":"wp","href":"https:\/\/api.w.org\/{rel}","templated":true}]}}