{"id":923,"date":"2023-11-28T17:10:17","date_gmt":"2023-11-28T14:10:17","guid":{"rendered":"https:\/\/www.nobeltarim.com\/?post_type=product&#038;p=923"},"modified":"2023-11-28T17:10:18","modified_gmt":"2023-11-28T14:10:18","slug":"fosfocal-nobel-3","status":"publish","type":"product","link":"https:\/\/www.nobeltarim.com\/?product=fosfocal-nobel-3&lang=ar","title":{"rendered":"FOSFOCAL NOBEL"},"content":{"rendered":"<p><strong>FOSFOCAL NOBEL<\/strong><\/p>\n<p><strong>\u0645\u062d\u0644\u0648\u0644 \u0627\u0644\u0623\u0633\u0645\u062f\u0629 <\/strong><strong>NP<\/strong><\/p>\n<p><strong>\u00a0<\/strong><\/p>\n<p><strong>\u0645\u062d\u062a\u0648\u0649 \u0645\u0636\u0645\u0648\u0646\u00a0\u00a0\u00a0\u00a0\u00a0\u00a0\u00a0\u00a0\u00a0\u00a0\u00a0\u00a0\u00a0\u00a0\u00a0\u00a0\u00a0\u00a0\u00a0\u00a0\u00a0\u00a0\u00a0\u00a0\u00a0\u00a0\u00a0\u00a0\u00a0\u00a0\u00a0\u00a0\u00a0\u00a0\u00a0\u00a0\u00a0\u00a0\u00a0\u00a0\u00a0\u00a0\u00a0\u00a0\u00a0\u00a0\u00a0\u00a0\u00a0\u00a0 \u0648\u0632\u0646\/ \u0648\u0632\u0646<\/strong><\/p>\n<p>6\u066a \u00a0\u00a0(N) \u0627\u0644\u0646\u064a\u062a\u0631\u0648\u062c\u064a\u0646 \u0627\u0644\u0643\u0644\u064a<\/p>\n<p>6\u066a\u00a0\u00a0 \u00a0\u00a0\u00a0\u00a0\u00a0\u00a0\u00a0\u00a0\u00a0\u00a0\u00a0\u00a0\u00a0\u00a0\u00a0\u00a0\u00a0\u00a0\u00a0\u00a0\u00a0\u00a0\u00a0\u00a0\u00a0\u00a0\u00a0\u00a0\u00a0\u00a0\u00a0\u00a0\u00a0\u00a0\u00a0\u00a0\u00a0\u00a0\u00a0\u00a0\u00a0\u00a0\u00a0\u00a0\u00a0\u00a0\u00a0\u00a0\u00a0\u00a0\u00a0\u00a0\u00a0\u00a0\u00a0\u00a0\u00a0\u00a0\u00a0\u0646\u064a\u062a\u0631\u0648\u062c\u064a\u0646 \u0646\u064a\u062a\u0631\u0627\u062a\u064a<\/p>\n<p>24\u066a \u00a0\u00a0\u00a0\u00a0\u00a0\u00a0\u00a0\u00a0(P2O5) \u062e\u0645\u0627\u0633\u064a \u0623\u0643\u0633\u064a\u062f \u0627\u0644\u0641\u0648\u0633\u0641\u0648\u0631 \u0627\u0644\u0642\u0627\u0628\u0644 \u0644\u0644\u0630\u0648\u0628\u0627\u0646 \u0641\u064a \u0627\u0644\u0645\u0627\u0621<\/p>\n<p>10\u066a\u00a0 (CaO) \u0623\u0643\u0633\u064a\u062f \u0627\u0644\u0643\u0627\u0644\u0633\u064a\u0648\u0645 \u0627\u0644\u0642\u0627\u0628\u0644 \u0644\u0644\u0630\u0648\u0628\u0627\u0646 \u0641\u064a \u0627\u0644\u0645\u0627\u0621<\/p>\n<p>1: PH<\/p>\n<p>\u0627\u0644\u0643\u062b\u0627\u0641\u0629 : 1.65<\/p>\n<p>&nbsp;<\/p>\n<p><strong>\u062e\u0635\u0627\u0626\u0635\u0647<\/strong><\/p>\n<p>FOSFOCAL NOBEL \u0647\u0648 \u0633\u0645\u0627\u062f \u062a\u0622\u0632\u0631\u064a \u062e\u0627\u0635 \u064a\u062d\u062a\u0648\u064a \u0639\u0644\u0649 \u0643\u0644 \u0645\u0646 \u0627\u0644\u0641\u0648\u0633\u0641\u0648\u0631 \u0648\u0627\u0644\u0643\u0627\u0644\u0633\u064a\u0648\u0645. \u062a\u0631\u0643\u064a\u0628\u062a\u0647 \u0627\u0644\u0633\u0627\u0626\u0644\u0629 \u062a\u0636\u0645\u0646 \u0627\u0645\u062a\u0635\u0627\u0635 \u0623\u0633\u0631\u0639 \u0644\u0647\u0630\u0647 \u0627\u0644\u0639\u0646\u0627\u0635\u0631. FOSFOCAL NOBEL \u064a\u062d\u0641\u0632 \u0648\u064a\u0633\u0631\u0639 \u0646\u0645\u0648 \u0627\u0644\u062c\u0630\u0648\u0631 \u0628\u0641\u0636\u0644 \u062a\u0631\u0643\u064a\u0628\u062a\u0647 \u0627\u0644\u062e\u0627\u0635\u0629. \u064a\u0639\u0645\u0644 \u0639\u0644\u0649 \u0632\u064a\u0627\u062f\u0629 \u0642\u062f\u0631\u0629 \u0625\u0646\u0628\u0627\u062a \u0627\u0644\u0628\u0630\u0648\u0631. \u0646\u0638\u0631\u064b\u0627 \u0644\u0623\u0646\u0647 \u064a\u0633\u0647\u0644 \u0646\u0645\u0648 \u0627\u0644\u062c\u0630\u0648\u0631\u060c \u0641\u0625\u0646\u0647 \u064a\u0642\u0644\u0644 \u0628\u0634\u0643\u0644 \u0643\u0628\u064a\u0631 \u0645\u0646 \u0627\u0644\u0622\u062b\u0627\u0631 \u0627\u0644\u0633\u0644\u0628\u064a\u0629 \u0644\u0644\u0636\u0631\u0648\u0641 \u063a\u064a\u0631 \u0627\u0644\u0645\u0648\u0627\u062a\u064a\u0629 (\u0627\u0644\u062c\u0641\u0627\u0641\u060c \u0648\u0627\u0644\u0633\u0645\u064a\u0629 \u0627\u0644\u0646\u0628\u0627\u062a\u064a\u0629 \u0644\u0645\u0628\u064a\u062f\u0627\u062a \u0627\u0644\u0623\u0639\u0634\u0627\u0628\u060c \u0648\u0627\u0644\u0623\u0645\u0631\u0627\u0636 \u0627\u0644\u0641\u0637\u0631\u064a\u0629\u060c \u0648\u0645\u0627 \u0625\u0644\u0649 \u0630\u0644\u0643) \u0627\u0644\u062a\u064a \u0642\u062f \u064a\u0648\u0627\u062c\u0647\u0647\u0627 \u0627\u0644\u0646\u0628\u0627\u062a \u0641\u064a \u0628\u062f\u0627\u064a\u0629 \u0646\u0645\u0648\u0647. \u064a\u0636\u0645\u0646 FOSFOCAL NOBEL \u0627\u0644\u0625\u0632\u0647\u0627\u0631 \u0627\u0644\u0645\u0628\u0643\u0631 \u0644\u0644\u0646\u0628\u0627\u062a\u0627\u062a \u0648\u062a\u062d\u0648\u064a\u0644 \u0647\u0630\u0647 \u0627\u0644\u0632\u0647\u0648\u0631 \u0625\u0644\u0649 \u062b\u0645\u0627\u0631 \u0635\u062d\u064a\u0629. \u064a\u062a\u062d\u0643\u0645 FOSFOCAL NOBEL \u0641\u064a \u0627\u0644\u0645\u0633\u0627\u0641\u0629 \u0628\u064a\u0646 \u0627\u0644\u0623\u0632\u0647\u0627\u0631 \u0648\u0628\u064a\u0646 \u0627\u0644\u0639\u0642\u062f \u0628\u0627\u0644\u062a\u0627\u0644\u064a \u064a\u062a\u062d\u0643\u0645 \u0641\u064a \u0637\u0648\u0644 \u0627\u0644\u0623\u0634\u062c\u0627\u0631 \u0628\u062d\u064a\u062b \u0644\u0627 \u062a\u0643\u0648\u0646 \u0645\u0631\u062a\u0641\u0639\u0629 \u062c\u062f\u064b\u0627. \u0641\u064a \u0627\u0644\u0645\u0631\u0627\u062d\u0644 \u0627\u0644\u0641\u064a\u0646\u0648\u0644\u0648\u062c\u064a\u0629 \u0627\u0644\u062d\u0631\u062c\u0629 (\u0627\u0644\u0625\u0632\u0647\u0627\u0631\u060c \u0639\u0642\u062f \u0627\u0644\u062b\u0645\u0627\u0631\u060c \u0627\u0644\u0646\u0636\u062c)\u060c \u064a\u0633\u062a\u062c\u064a\u0628 FOSFOCAL NOBEL \u0628\u0633\u0631\u0639\u0629 \u0644\u0627\u062d\u062a\u064a\u0627\u062c\u0627\u062a \u0627\u0644\u0646\u0628\u0627\u062a \u0645\u0646 \u0627\u0644\u0641\u0648\u0633\u0641\u0648\u0631 \u0648\u0627\u0644\u0643\u0627\u0644\u0633\u064a\u0648\u0645 \u0628\u062d\u064a\u062b \u064a\u0645\u062a\u0635\u0647 \u0627\u0644\u0646\u0628\u0627\u062a \u0645\u0646 \u062e\u0644\u0627\u0644 \u0627\u0644\u0623\u0648\u0631\u0642 \u0623\u0648 \u0627\u0644\u062c\u0630\u0631.<\/p>\n<p>\u064a\u0645\u0643\u0646 \u0627\u0633\u062a\u062e\u062f\u0627\u0645 FOSFOCAL NOBEL \u0644\u062a\u062d\u064a\u064a\u062f \u062d\u0645\u0636 \u0627\u0644\u0623\u0628\u0633\u064a\u0633\u064a\u0643\u060c \u0627\u0644\u0630\u064a \u064a\u0633\u0628\u0628 \u062a\u0633\u0627\u0642\u0637 \u0627\u0644\u0623\u0632\u0647\u0627\u0631 \u0648\u0627\u0644\u0641\u0627\u0643\u0647\u0629\u060c \u062e\u0627\u0635\u0629 \u0639\u0646\u062f\u0645\u0627 \u062a\u0643\u0648\u0646 \u062f\u0631\u062c\u0627\u062a \u0627\u0644\u062d\u0631\u0627\u0631\u0629 \u0645\u0631\u062a\u0641\u0639\u0629 \u0648 \u0627\u0644\u0631\u0637\u0648\u0628\u0629 \u0645\u0646\u062e\u0641\u0636\u0629.<\/p>\n<p><strong>\u00a0\u00a0\u00a0\u00a0\u00a0\u00a0\u00a0\u00a0\u00a0\u00a0\u00a0\u00a0\u00a0\u00a0\u00a0\u00a0\u00a0\u00a0\u00a0\u00a0\u00a0\u00a0\u00a0\u00a0\u00a0\u00a0\u00a0\u00a0\u00a0 \u0627\u0644\u0646\u0628\u0627\u062a\u0627\u062a \u0648\u0627\u0644\u062c\u0631\u0639\u0627\u062a \u0648\u0627\u0644\u0641\u062a\u0631\u0627\u062a \u0627\u0644\u0645\u0648\u0635\u0649 \u0628\u0647\u0627<\/strong><\/p>\n<table width=\"671\">\n<tbody>\n<tr>\n<td width=\"189\"><strong>\u00a0\u00a0\u00a0\u00a0\u00a0\u00a0\u00a0\u00a0\u00a0\u00a0\u00a0\u00a0\u00a0\u00a0\u00a0\u00a0\u00a0\u00a0\u00a0\u00a0\u00a0\u00a0\u00a0\u00a0\u00a0\u00a0\u00a0\u00a0\u00a0 \u0627\u0644\u0646\u0628\u0627\u062a\u0627\u062a<\/strong><\/td>\n<td width=\"142\"><strong>\u0627\u0644\u062c\u0631\u0639\u0627\u062a (\u062f\u0648\u0646\u0645)<\/strong><\/td>\n<td width=\"340\"><strong>\u0627\u0644\u0641\u062a\u0631\u0627\u062a \u0627\u0644\u0645\u0648\u0635\u0649 \u0628\u0647\u0627<\/strong><\/td>\n<\/tr>\n<tr>\n<td width=\"189\">\u0627\u0644\u0645\u062d\u0627\u0635\u064a\u0644 \u0627\u0644\u062d\u0642\u0644\u064a\u0629 \u0648\u0627\u0644\u0645\u062d\u0627\u0635\u064a\u0644 \u0627\u0644\u0635\u0646\u0627\u0639\u064a\u0629<\/p>\n<p>\u0627\u0644\u062d\u0628\u0648\u0628 \u0648\u0641\u0648\u0644 \u0627\u0644\u0635\u0648\u064a\u0627 \u0648\u0627\u0644\u0641\u0648\u0644 \u0627\u0644\u0633\u0648\u062f\u0627\u0646\u064a \u0648\u0627\u0644\u0630\u0631\u0629 \u0648\u0627\u0644\u0628\u0642\u0648\u0644 \u0648\u0627\u0644\u0623\u0631\u0632 \u0648\u0628\u0646\u062c\u0631 \u0627\u0644\u0633\u0643\u0631 \u0648\u0627\u0644\u0642\u0637\u0646 \u0648\u0627\u0644\u0628\u0637\u0627\u0637\u0633 \u0648\u0641\u064a \u0627\u0644\u0628\u0633\u0627\u062a\u064a\u0646 \u0648\u0627\u0644\u062e\u0636\u0631\u0648\u0627\u062a \u0627\u0644\u062d\u0642\u0644\u064a\u0629 \u0648\u063a\u064a\u0631\u0647\u0627 \u0645\u0646 \u0627\u0644\u0645\u062d\u0627\u0635\u064a\u0644 \u0627\u0644\u062d\u0642\u0644\u064a\u0629.<\/td>\n<td width=\"142\">\u0639\u0644\u0649 \u0627\u0644\u062a\u0631\u0628\u0629: 200-400 \u063a<\/p>\n<p>\u062a\u0637\u0628\u064a\u0642 \u0648\u0631\u0642\u064a: 200 \u063a \/ 100 \u0644\u062a\u0631 \u0645\u0627\u0621<\/td>\n<td width=\"340\">\u064a\u0633\u062a\u062e\u062f\u0645 \u0641\u064a \u0628\u062f\u0627\u064a\u0629 \u0641\u062a\u0631\u0629 \u0627\u0644\u0646\u0645\u0648 \u0628\u0639\u062f \u0627\u0644\u0625\u0646\u0628\u0627\u062a \u0623\u0648 \u0639\u0646\u062f\u0645\u0627 \u064a\u0643\u0648\u0646 \u0644\u062f\u0649 \u0627\u0644\u0646\u0628\u0627\u062a \u0645\u0633\u0627\u062d\u0629 \u0648\u0631\u0642\u064a\u0629 \u0643\u0627\u0641\u064a\u0629.<\/td>\n<\/tr>\n<tr>\n<td width=\"189\">\u0627\u0644\u062d\u0645\u0636\u064a\u0627\u062a<\/p>\n<p>\u0627\u0644\u0628\u0631\u062a\u0642\u0627\u0644\u060c \u0627\u0644\u064a\u0648\u0633\u0641\u064a\u060c \u0627\u0644\u0644\u064a\u0645\u0648\u0646\u060c \u0627\u0644\u062c\u0631\u064a\u0628 \u0641\u0631\u0648\u062a<\/td>\n<td width=\"142\">\u0639\u0644\u0649 \u0627\u0644\u062a\u0631\u0628\u0629: 200-400 \u063a<\/p>\n<p>\u062a\u0637\u0628\u064a\u0642 \u0648\u0631\u0642\u064a: 200 \u063a \/ 100 \u0644\u062a\u0631 \u0645\u0627\u0621<\/td>\n<td width=\"340\">\u064a\u0633\u062a\u062e\u062f\u0645 \u0641\u064a \u0627\u0644\u0631\u0628\u064a\u0639 \u0639\u0646\u062f\u0645\u0627 \u064a\u0638\u0647\u0631 \u0627\u0644\u0646\u0638\u0627\u0645 \u0627\u0644\u062e\u0636\u0631\u064a. \u064a\u062a\u0645 \u00a0\u062a\u0637\u0628\u064a\u0642\u0647 \u0623\u064a\u0636\u064b\u0627 2 \u0623\u0648 3 \u062e\u0644\u0627\u0644 \u0627\u0644\u0645\u0648\u0633\u0645.<\/td>\n<\/tr>\n<tr>\n<td width=\"189\">\u0632\u064a\u062a\u0648\u0646<\/td>\n<td width=\"142\">\u0639\u0644\u0649 \u0627\u0644\u062a\u0631\u0628\u0629: 200-400 \u063a<\/p>\n<p>\u062a\u0637\u0628\u064a\u0642 \u0648\u0631\u0642\u064a: 200 \u063a \/ 100 \u0644\u062a\u0631 \u0645\u0627\u0621<\/td>\n<td width=\"340\">\u064a\u062a\u0645 \u0627\u0644\u062a\u0642\u062f\u064a\u0645 \u062e\u0644\u0627\u0644 \u0641\u062a\u0631\u0629 \u062a\u0643\u0648\u064a\u0646 \u0627\u0644\u0646\u0638\u0627\u0645 \u0627\u0644\u062e\u0636\u0631\u064a \u0648\u0627\u0644\u0632\u0647\u0648\u0631 \u0648\u0627\u0644\u0641\u0648\u0627\u0643\u0647 \u0627\u0644\u062c\u062f\u064a\u062f\u0629.<\/td>\n<\/tr>\n<tr>\n<td width=\"189\">\u0627\u0644\u0641\u0627\u0643\u0647\u0629 \u0630\u0627\u062a \u0627\u0644\u0646\u0648\u0627\u0629 \u0627\u0644\u0644\u064a\u0646\u0629<\/p>\n<p>\u0627\u0644\u062a\u0641\u0627\u062d \u0648\u0627\u0644\u0643\u0645\u062b\u0631\u0649 \u0648\u0627\u0644\u0633\u0641\u0631\u062c\u0644<\/td>\n<td width=\"142\">\u0639\u0644\u0649 \u0627\u0644\u062a\u0631\u0628\u0629: 200-400 \u063a<\/p>\n<p>\u062a\u0637\u0628\u064a\u0642 \u0648\u0631\u0642\u064a: 200 \u063a \/ 100 \u0644\u062a\u0631 \u0645\u0627\u0621<\/td>\n<td width=\"340\">\u064a\u0637\u0628\u0642 \u0645\u0646 2 \u0625\u0644\u0649 3 \u0645\u0631\u0627\u062a \u0645\u0646 \u0645\u0631\u062d\u0644\u0629 \u0627\u0644\u0628\u0631\u0627\u0639\u0645 \u0627\u0644\u0648\u0631\u062f\u064a\u0629 \u062d\u062a\u0649 \u062a\u0635\u0644 \u0627\u0644\u062b\u0645\u0627\u0631 \u0625\u0644\u0649 \u062d\u062c\u0645 \u062d\u0628\u0629 \u0627\u0644\u062c\u0648\u0632.<\/td>\n<\/tr>\n<tr>\n<td width=\"189\">\u0627\u0644\u0641\u0627\u0643\u0647\u0629 \u0630\u0627\u062a \u0627\u0644\u0646\u0648\u0627\u0629 \u0627\u0644\u0635\u0627\u0628\u0629<\/p>\n<p>\u0627\u0644\u062e\u0648\u062e \u0648\u0627\u0644\u0645\u0634\u0645\u0634 \u0648\u0627\u0644\u0628\u0631\u0642\u0648\u0642 \u0648\u063a\u064a\u0631\u0647\u0627.<\/td>\n<td width=\"142\">\u0639\u0644\u0649 \u0627\u0644\u062a\u0631\u0628\u0629: 200-400 \u063a<\/p>\n<p>\u062a\u0637\u0628\u064a\u0642 \u0648\u0631\u0642\u064a: 200 \u063a \/ 100 \u0644\u062a\u0631 \u0645\u0627\u0621<\/td>\n<td width=\"340\">\u064a\u0633\u062a\u062e\u062f\u0645 \u0641\u064a \u0645\u0631\u0627\u062d\u0644 \u0627\u0644\u0628\u0631\u0627\u0639\u0645 \u0627\u0644\u0648\u0631\u062f\u064a\u0629 \u0648\u0627\u0644\u062a\u0632\u0647\u064a\u0631 \u0648\u0639\u0642\u062f \u0627\u0644\u062b\u0645\u0627\u0631.<\/td>\n<\/tr>\n<tr>\n<td width=\"189\">\u0627\u0644\u0643\u0631\u0632 \u0648\u0627\u0644\u062c\u0648\u0632<\/td>\n<td width=\"142\">\u0639\u0644\u0649 \u0627\u0644\u062a\u0631\u0628\u0629: 200-400 \u063a<\/p>\n<p>\u062a\u0637\u0628\u064a\u0642 \u0648\u0631\u0642\u064a: 200 \u063a \/ 100 \u0644\u062a\u0631 \u0645\u0627\u0621<\/td>\n<td width=\"340\">\u064a\u062a\u0645 \u0627\u0644\u062a\u0637\u0628\u064a\u0642 \u0628\u0639\u062f \u0627\u0644\u0625\u0632\u0647\u0627\u0631<\/td>\n<\/tr>\n<tr>\n<td width=\"189\">\u0627\u0644\u0643\u0631\u0648\u0645<\/td>\n<td width=\"142\">\u0639\u0644\u0649 \u0627\u0644\u062a\u0631\u0628\u0629: 200-400 \u063a<\/p>\n<p>\u062a\u0637\u0628\u064a\u0642 \u0648\u0631\u0642\u064a: 200 \u063a \/ 100 \u0644\u062a\u0631 \u0645\u0627\u0621<\/td>\n<td width=\"340\">\u0642\u0628\u0644 \u0627\u0644\u062a\u0632\u0647\u064a\u0631\u060c \u0644\u0627 \u064a\u0642\u0644 \u0639\u0646 100 \u0644\u062a\u0631 \u0645\u0646 \u0627\u0644\u0645\u0627\u0621 \u0644\u0643\u0644 \u062f\u0648\u0646\u0645<\/p>\n<p>\u0642\u0628\u0644 \u0627\u0644\u0625\u0632\u0647\u0627\u0631\u060c \u0645\u0627 \u0644\u0627 \u064a\u0642\u0644 \u0639\u0646 100 \u0644\u062a\u0631 \u0645\u0646 \u0627\u0644\u0645\u0627\u0621 \u0644\u0643\u0644 \u062f\u0648\u0646\u0645 \u0648\u0631\u0634\u0647 \u0639\u0644\u0649 \u0627\u0644\u0623\u0648\u0631\u0627\u0642 (\u0644\u0627 \u064a\u0633\u062a\u062e\u062f\u0645 \u00a0\u0623\u062b\u0646\u0627\u0621 \u0627\u0644\u0625\u0632\u0647\u0627\u0631\u060c \u064a\u0645\u0643\u0646 \u0639\u0645\u0644 \u0645\u0631\u0629 \u0623\u0648 \u0645\u0631\u062a\u064a\u0646 \u0628\u0639\u062f \u0627\u0644\u0625\u0632\u0647\u0627\u0631).<\/td>\n<\/tr>\n<tr>\n<td width=\"189\">\u0627\u0644\u0641\u0631\u0648\u0644\u0629<\/td>\n<td width=\"142\">\u0639\u0644\u0649 \u0627\u0644\u062a\u0631\u0628\u0629: 200-400 \u063a<\/p>\n<p>\u062a\u0637\u0628\u064a\u0642 \u0648\u0631\u0642\u064a: 200 \u063a \/ 100 \u0644\u062a\u0631 \u0645\u0627\u0621<\/td>\n<td width=\"340\">\u064a\u062a\u0645 \u062a\u0637\u0628\u064a\u0642\u0647 \u062e\u0644\u0627\u0644 \u0641\u062a\u0631\u0629 \u062a\u0643\u0648\u064a\u0646 \u0627\u0644\u0628\u0631\u0627\u0639\u0645. \u064a\u0645\u0643\u0646 \u062a\u0637\u0628\u064a\u0642\u0647 3 \u0625\u0644\u0649 4 \u0645\u0631\u0627\u062a \u062e\u0644\u0627\u0644 \u0627\u0644\u0645\u0648\u0633\u0645.<\/td>\n<\/tr>\n<tr>\n<td width=\"189\">\u0645\u0646\u062a\u062c\u0627\u062a \u0627\u0644\u0628\u064a\u0648\u062a \u0627\u0644\u0628\u0644\u0627\u0633\u062a\u064a\u0643\u064a\u0629<\/td>\n<td colspan=\"2\" width=\"482\">\u064a\u062a\u0645 \u062a\u0637\u0628\u064a\u0642 2-3 \u0643\u063a \u00a0\u0644\u0643\u0644 \u062f\u0648\u0646\u0645 \u0643\u0644 \u0623\u0633\u0628\u0648\u0639 \u0639\u0628\u0631 \u0646\u0638\u0627\u0645 \u0627\u0644\u0631\u064a \u0628\u0627\u0644\u062a\u0646\u0642\u064a\u0637 \u0639\u062f\u0629 \u0645\u0631\u0627\u062a \u0645\u0646 \u0641\u062a\u0631\u0629 \u0627\u0644\u0632\u0631\u0627\u0639\u0629 \u0625\u0644\u0649 \u0641\u062a\u0631\u0629 \u0627\u0644\u062d\u0635\u0627\u062f, \u0643\u0645\u0627 \u064a\u0645\u0643\u0646 \u062a\u0637\u0628\u064a\u0642 200 \u063a\/ 100 \u0644\u062a\u0631 \u00a0\u0648\u0631\u0642\u064a\u0627\u064b.<\/td>\n<\/tr>\n<\/tbody>\n<\/table>\n","protected":false},"excerpt":{"rendered":"<h3><strong>NP G\u00dcBRE \u00c7\u00d6ZELT\u0130S\u0130<\/strong><\/h3>\n","protected":false},"featured_media":860,"template":"","meta":[],"product_cat":[168],"product_tag":[],"_links":{"self":[{"href":"https:\/\/www.nobeltarim.com\/index.php?rest_route=\/wp\/v2\/product\/923"}],"collection":[{"href":"https:\/\/www.nobeltarim.com\/index.php?rest_route=\/wp\/v2\/product"}],"about":[{"href":"https:\/\/www.nobeltarim.com\/index.php?rest_route=\/wp\/v2\/types\/product"}],"wp:featuredmedia":[{"embeddable":true,"href":"https:\/\/www.nobeltarim.com\/index.php?rest_route=\/wp\/v2\/media\/860"}],"wp:attachment":[{"href":"https:\/\/www.nobeltarim.com\/index.php?rest_route=%2Fwp%2Fv2%2Fmedia&parent=923"}],"wp:term":[{"taxonomy":"product_cat","embeddable":true,"href":"https:\/\/www.nobeltarim.com\/index.php?rest_route=%2Fwp%2Fv2%2Fproduct_cat&post=923"},{"taxonomy":"product_tag","embeddable":true,"href":"https:\/\/www.nobeltarim.com\/index.php?rest_route=%2Fwp%2Fv2%2Fproduct_tag&post=923"}],"curies":[{"name":"wp","href":"https:\/\/api.w.org\/{rel}","templated":true}]}}