{"id":921,"date":"2023-11-28T17:09:05","date_gmt":"2023-11-28T14:09:05","guid":{"rendered":"https:\/\/www.nobeltarim.com\/?post_type=product&#038;p=921"},"modified":"2023-11-28T17:09:06","modified_gmt":"2023-11-28T14:09:06","slug":"enerzing-4","status":"publish","type":"product","link":"https:\/\/www.nobeltarim.com\/?product=enerzing-4&lang=fr","title":{"rendered":"ENERZ\u0130NG"},"content":{"rendered":"<p><strong>ENERZ\u0130NG<\/strong><\/p>\n<p><strong>m\u00e9lange de micronutriments<\/strong><strong>\u00a0<\/strong><\/p>\n<p><strong>\u00a0<\/strong><\/p>\n<p>&nbsp;<\/p>\n<p><strong>Contenu garanti\u00a0:\u00a0\u00a0\u00a0\u00a0\u00a0\u00a0\u00a0\u00a0\u00a0\u00a0\u00a0\u00a0\u00a0\u00a0\u00a0\u00a0\u00a0\u00a0\u00a0\u00a0\u00a0\u00a0\u00a0\u00a0\u00a0\u00a0\u00a0 P\/P<\/strong><\/p>\n<p><strong>\u00a0<\/strong><\/p>\n<p>Zinc soluble dans l&#8217;eau (Zn) :\u00a0\u00a0\u00a0\u00a0\u00a0\u00a0\u00a0\u00a0\u00a0 14 %<\/p>\n<p>Bore soluble dans l&#8217;eau (B)\u00a0:\u00a0\u00a0\u00a0\u00a0\u00a0\u00a0\u00a0\u00a0\u00a0\u00a0\u00a0\u00a0 7\u00a0%<\/p>\n<p>pH : 4-6<\/p>\n<p>&nbsp;<\/p>\n<p>&nbsp;<\/p>\n<p><strong>AVANTAGES<\/strong><\/p>\n<p><strong>\u00a0<\/strong><\/p>\n<p>*Favorise la pollinisation et la f\u00e9condation en stimulant \u00a0la formation de pollen.<\/p>\n<p>*Augmente la floraison et la nouaison avec des applications en pr\u00e9floraison.<\/p>\n<p>* Permet aux plantes de former des bourgeons saines.<\/p>\n<p>* Gr\u00e2ce \u00e0 la grande quantit\u00e9 de nutriments qu&#8217;il contient, il est particuli\u00e8rement adapt\u00e9 aux arbres fruitiers pour former des bourgeons pour la saison suivante apr\u00e8s la r\u00e9colte.<\/p>\n<p>UTILISATION<\/p>\n<p>Application foliaire ; 100 g\/100 litres d&#8217;eau par d\u00e9care en dose g\u00e9n\u00e9rale.<\/p>\n<p>Application au sol ; 300-500 g\/ d\u00e9care.<\/p>\n<p>&nbsp;<\/p>\n<p><strong>MIXABILIT\u00c9<\/strong><\/p>\n<p><strong>\u00a0<\/strong><\/p>\n<p>Il peut \u00eatre m\u00e9lang\u00e9 avec de nombreux nutriments et pesticides.<\/p>\n","protected":false},"excerpt":{"rendered":"<p>ENERZ\u0130NG m\u00e9lange de micronutriments\u00a0 \u00a0 &nbsp; Contenu garanti\u00a0:\u00a0\u00a0\u00a0\u00a0\u00a0\u00a0\u00a0\u00a0\u00a0\u00a0\u00a0\u00a0\u00a0\u00a0\u00a0\u00a0\u00a0\u00a0\u00a0\u00a0\u00a0\u00a0\u00a0\u00a0\u00a0\u00a0\u00a0 P\/P \u00a0 Zinc soluble dans l&#8217;eau (Zn) :\u00a0\u00a0\u00a0\u00a0\u00a0\u00a0\u00a0\u00a0\u00a0 14 % Bore soluble dans l&#8217;eau (B)\u00a0:\u00a0\u00a0\u00a0\u00a0\u00a0\u00a0\u00a0\u00a0\u00a0\u00a0\u00a0\u00a0 7\u00a0% pH : 4-6 &nbsp; &nbsp; AVANTAGES \u00a0 *Favorise la pollinisation et la f\u00e9condation en stimulant \u00a0la formation de pollen. *Augmente la floraison et la nouaison avec des applications en pr\u00e9floraison. * [&#8230;]\n","protected":false},"featured_media":863,"template":"","meta":[],"product_cat":[171],"product_tag":[],"_links":{"self":[{"href":"https:\/\/www.nobeltarim.com\/index.php?rest_route=\/wp\/v2\/product\/921"}],"collection":[{"href":"https:\/\/www.nobeltarim.com\/index.php?rest_route=\/wp\/v2\/product"}],"about":[{"href":"https:\/\/www.nobeltarim.com\/index.php?rest_route=\/wp\/v2\/types\/product"}],"wp:featuredmedia":[{"embeddable":true,"href":"https:\/\/www.nobeltarim.com\/index.php?rest_route=\/wp\/v2\/media\/863"}],"wp:attachment":[{"href":"https:\/\/www.nobeltarim.com\/index.php?rest_route=%2Fwp%2Fv2%2Fmedia&parent=921"}],"wp:term":[{"taxonomy":"product_cat","embeddable":true,"href":"https:\/\/www.nobeltarim.com\/index.php?rest_route=%2Fwp%2Fv2%2Fproduct_cat&post=921"},{"taxonomy":"product_tag","embeddable":true,"href":"https:\/\/www.nobeltarim.com\/index.php?rest_route=%2Fwp%2Fv2%2Fproduct_tag&post=921"}],"curies":[{"name":"wp","href":"https:\/\/api.w.org\/{rel}","templated":true}]}}