{"id":915,"date":"2023-11-28T17:05:04","date_gmt":"2023-11-28T14:05:04","guid":{"rendered":"https:\/\/www.nobeltarim.com\/?post_type=product&#038;p=915"},"modified":"2023-11-28T17:05:05","modified_gmt":"2023-11-28T14:05:05","slug":"bonza-4","status":"publish","type":"product","link":"https:\/\/www.nobeltarim.com\/?product=bonza-4&lang=fr","title":{"rendered":"BONZA"},"content":{"rendered":"<p><strong>BONZA<\/strong><\/p>\n<p>&nbsp;<\/p>\n<p><strong>CONTENU GARANTI\u00a0\u00a0\u00a0\u00a0\u00a0\u00a0\u00a0\u00a0\u00a0\u00a0\u00a0\u00a0\u00a0\u00a0\u00a0 \u00a0W\/W<\/strong><\/p>\n<p>Zinc soluble dans l&#8217;eau (Zn)\u00a0\u00a0\u00a0\u00a0\u00a0\u00a0\u00a0\u00a0\u00a0\u00a0\u00a0 3%<\/p>\n<p>&nbsp;<\/p>\n<p><strong>Raccourcisseur des entre-n\u0153uds des plantes<\/strong><\/p>\n<table>\n<tbody>\n<tr>\n<td width=\"205\">\u00dcR\u00dcN ADI<\/td>\n<td width=\"205\">DOZU (dekara)<\/td>\n<td width=\"205\">KULLANMA ZAMANI<\/td>\n<\/tr>\n<tr>\n<td width=\"205\">Tomate<\/td>\n<td width=\"205\">Avec syst\u00e8me d&#8217;irrigation goutte \u00e0 goutte 500 cc\/da<\/td>\n<td width=\"205\">De la deuxi\u00e8me floraison \u00e0 la r\u00e9colte<\/td>\n<\/tr>\n<tr>\n<td width=\"205\">Poivre<\/td>\n<td width=\"205\">Avec syst\u00e8me d&#8217;irrigation goutte \u00e0 goutte 400 cc-500 cc\/da<\/td>\n<td width=\"205\">De la deuxi\u00e8me floraison \u00e0 la r\u00e9colte<\/td>\n<\/tr>\n<tr>\n<td width=\"205\">Aubergine<\/td>\n<td width=\"205\">Avec syst\u00e8me d&#8217;irrigation goutte \u00e0 goutte 500 cc\/da<\/td>\n<td width=\"205\">De la deuxi\u00e8me floraison \u00e0 la r\u00e9colte<\/td>\n<\/tr>\n<tr>\n<td width=\"205\">Concombre<\/td>\n<td width=\"205\">Avec syst\u00e8me d&#8217;irrigation goutte \u00e0 goutte 500 cc\/da<\/td>\n<td width=\"205\">De la deuxi\u00e8me floraison \u00e0 la r\u00e9colte<\/td>\n<\/tr>\n<tr>\n<td width=\"205\">Melon<\/td>\n<td width=\"205\">Avec syst\u00e8me d&#8217;irrigation goutte \u00e0 goutte 500 cc\/da<\/td>\n<td width=\"205\">De la deuxi\u00e8me floraison \u00e0 la r\u00e9colte<\/td>\n<\/tr>\n<tr>\n<td width=\"205\">Past\u00e8que<\/td>\n<td width=\"205\">Avec syst\u00e8me d&#8217;irrigation goutte \u00e0 goutte 500 cc\/da<\/td>\n<td width=\"205\">De la deuxi\u00e8me floraison \u00e0 la r\u00e9colte<\/td>\n<\/tr>\n<tr>\n<td width=\"205\">Citrouille<\/td>\n<td width=\"205\">Avec syst\u00e8me d&#8217;irrigation goutte \u00e0 goutte 300 cc\/da<\/td>\n<td width=\"205\">deux applications: Au deuxi\u00e8me floraison et apr\u00e8s 15 jour<\/td>\n<\/tr>\n<tr>\n<td width=\"205\">Fraise<\/td>\n<td width=\"205\">Avec syst\u00e8me d&#8217;irrigation goutte \u00e0 goutte 400 cc\/da<\/td>\n<td width=\"205\">De la deuxi\u00e8me floraison \u00e0 la r\u00e9colte<\/td>\n<\/tr>\n<tr>\n<td width=\"205\">Vignoble<\/td>\n<td width=\"205\">Avec syst\u00e8me d&#8217;irrigation goutte \u00e0 goutte 300 cc\/da<\/td>\n<td width=\"205\">d\u2019application pendant 15 jours Lorsque les pousses atteignent 3-5 cm<\/td>\n<\/tr>\n<tr>\n<td width=\"205\">Coton<\/td>\n<td width=\"205\">Avec syst\u00e8me d&#8217;irrigation goutte \u00e0 goutte 500 cc\/da<\/td>\n<td width=\"205\">Application unique, lorsque le nombre de feuilles est compris entre 6 et 8<\/td>\n<\/tr>\n<\/tbody>\n<\/table>\n<p><strong>\u00a0<\/strong><\/p>\n<p><strong>Aux extr\u00eames<\/strong><\/p>\n","protected":false},"excerpt":{"rendered":"<p>BONZA &nbsp; CONTENU GARANTI\u00a0\u00a0\u00a0\u00a0\u00a0\u00a0\u00a0\u00a0\u00a0\u00a0\u00a0\u00a0\u00a0\u00a0\u00a0 \u00a0W\/W Zinc soluble dans l&#8217;eau (Zn)\u00a0\u00a0\u00a0\u00a0\u00a0\u00a0\u00a0\u00a0\u00a0\u00a0\u00a0 3% &nbsp; Raccourcisseur des entre-n\u0153uds des plantes \u00dcR\u00dcN ADI DOZU (dekara) KULLANMA ZAMANI Tomate Avec syst\u00e8me d&#8217;irrigation goutte \u00e0 goutte 500 cc\/da De la deuxi\u00e8me floraison \u00e0 la r\u00e9colte Poivre Avec syst\u00e8me d&#8217;irrigation goutte \u00e0 goutte 400 cc-500 cc\/da De la deuxi\u00e8me floraison \u00e0 la [&#8230;]\n","protected":false},"featured_media":518,"template":"","meta":[],"product_cat":[179],"product_tag":[],"_links":{"self":[{"href":"https:\/\/www.nobeltarim.com\/index.php?rest_route=\/wp\/v2\/product\/915"}],"collection":[{"href":"https:\/\/www.nobeltarim.com\/index.php?rest_route=\/wp\/v2\/product"}],"about":[{"href":"https:\/\/www.nobeltarim.com\/index.php?rest_route=\/wp\/v2\/types\/product"}],"wp:featuredmedia":[{"embeddable":true,"href":"https:\/\/www.nobeltarim.com\/index.php?rest_route=\/wp\/v2\/media\/518"}],"wp:attachment":[{"href":"https:\/\/www.nobeltarim.com\/index.php?rest_route=%2Fwp%2Fv2%2Fmedia&parent=915"}],"wp:term":[{"taxonomy":"product_cat","embeddable":true,"href":"https:\/\/www.nobeltarim.com\/index.php?rest_route=%2Fwp%2Fv2%2Fproduct_cat&post=915"},{"taxonomy":"product_tag","embeddable":true,"href":"https:\/\/www.nobeltarim.com\/index.php?rest_route=%2Fwp%2Fv2%2Fproduct_tag&post=915"}],"curies":[{"name":"wp","href":"https:\/\/api.w.org\/{rel}","templated":true}]}}