{"id":910,"date":"2023-11-28T17:02:15","date_gmt":"2023-11-28T14:02:15","guid":{"rendered":"https:\/\/www.nobeltarim.com\/?post_type=product&#038;p=910"},"modified":"2023-11-28T17:02:15","modified_gmt":"2023-11-28T14:02:15","slug":"silo-guard-2","status":"publish","type":"product","link":"https:\/\/www.nobeltarim.com\/?product=silo-guard-2&lang=fr","title":{"rendered":"SILO-GUARD"},"content":{"rendered":"<p><strong>SILO-GUARD<\/strong><\/p>\n<p>SILICONE, PRODUIT SILICATE SOLUBLE<\/p>\n<p>&nbsp;<\/p>\n<p>TENEUR GARANTIE<\/p>\n<p>&nbsp;<\/p>\n<p>Silicium (Si)\u00a0: 7,5<\/p>\n<p>Aspect Liquide transparent<\/p>\n<p>&nbsp;<\/p>\n<p>M\u00e9thode d&#8217;utilisation :<\/p>\n<p><strong>SILO-GUARD<\/strong> peut \u00eatre utilis\u00e9 en toute s\u00e9curit\u00e9 sur toutes les plantes. <strong>SILO-GUARD<\/strong> recouvre toute la surface de la plante avec une couche transparent ;<\/p>\n<p>1-) Il emp\u00eache la perte d&#8217;eau par transpiration de la cuticule et \u00e9limine les probl\u00e8mes qui y sont li\u00e9s (tels que les craquelures).<\/p>\n<p>2-) Il pr\u00e9vient les br\u00fblures du soleil en r\u00e9fractant et en r\u00e9fl\u00e9chissant les rayons du soleil comme un miroir en verre.<\/p>\n<p>3-) Il augmente la r\u00e9sistance et la duret\u00e9 m\u00e9canique des plantes contre les agents pathog\u00e8nes externes. Silo-guard peut \u00eatre m\u00e9lang\u00e9 \u00e0 de nombreux fongicides et insecticides.<\/p>\n<p>&nbsp;<\/p>\n<p>Application g\u00e9n\u00e9rale Dosage :<\/p>\n<p>&#8211; 150-200 ml pour 100 litres d&#8217;eau pour toutes les plantes.<\/p>\n<p>&#8211; 2 \u00e0 3 applications pendant la p\u00e9riode de d\u00e9veloppement des fruits.<\/p>\n","protected":false},"excerpt":{"rendered":"<h3><strong>\u00c7\u00d6Z\u00dcNEB\u0130L\u0130R S\u0130L\u0130KAT \u00dcR\u00dcN\u00dc<\/strong><\/h3>\n","protected":false},"featured_media":549,"template":"","meta":[],"product_cat":[179],"product_tag":[],"_links":{"self":[{"href":"https:\/\/www.nobeltarim.com\/index.php?rest_route=\/wp\/v2\/product\/910"}],"collection":[{"href":"https:\/\/www.nobeltarim.com\/index.php?rest_route=\/wp\/v2\/product"}],"about":[{"href":"https:\/\/www.nobeltarim.com\/index.php?rest_route=\/wp\/v2\/types\/product"}],"wp:featuredmedia":[{"embeddable":true,"href":"https:\/\/www.nobeltarim.com\/index.php?rest_route=\/wp\/v2\/media\/549"}],"wp:attachment":[{"href":"https:\/\/www.nobeltarim.com\/index.php?rest_route=%2Fwp%2Fv2%2Fmedia&parent=910"}],"wp:term":[{"taxonomy":"product_cat","embeddable":true,"href":"https:\/\/www.nobeltarim.com\/index.php?rest_route=%2Fwp%2Fv2%2Fproduct_cat&post=910"},{"taxonomy":"product_tag","embeddable":true,"href":"https:\/\/www.nobeltarim.com\/index.php?rest_route=%2Fwp%2Fv2%2Fproduct_tag&post=910"}],"curies":[{"name":"wp","href":"https:\/\/api.w.org\/{rel}","templated":true}]}}