{"id":909,"date":"2023-11-28T17:01:21","date_gmt":"2023-11-28T14:01:21","guid":{"rendered":"https:\/\/www.nobeltarim.com\/?post_type=product&#038;p=909"},"modified":"2023-11-28T17:01:22","modified_gmt":"2023-11-28T14:01:22","slug":"dechlor-4","status":"publish","type":"product","link":"https:\/\/www.nobeltarim.com\/?product=dechlor-4&lang=fr","title":{"rendered":"DeCHLOR"},"content":{"rendered":"<p><strong>DeCHLOR<\/strong><\/p>\n<p><strong>NETTOYEUR DE CHLORE<\/strong><\/p>\n<p><strong>R\u00e9ducteur de pH<\/strong><\/p>\n<p>&nbsp;<\/p>\n<p>DeCHLOR \u00e9limine le chlore accumul\u00e9 dans le sol \u00e0 la suite de l&#8217;utilisation d&#8217;engrais chimiques contenant du chlore pendant une longue p\u00e9riode en le faisant dispara\u00eetre de l&#8217;environnement par vaporisation en le transformant en gaz \u00e0 la suite d&#8217;une r\u00e9action chimique. L&#8217;\u00e9limination du chlore du sol contribue \u00e0 l&#8217;augmentation de la qualit\u00e9 (couleur, taille, ar\u00f4me) et du tonnage du produit.<\/p>\n<p><strong>UTILISATION<\/strong><\/p>\n<p>DeCHLOR doit \u00eatre appliqu\u00e9 \u00e0 raison de 1 \u00e0 2 litres par d\u00e9care, en fonction de la quantit\u00e9 de chlore accumul\u00e9e dans le sol. 2 \u00e0 3 applications doivent \u00eatre effectu\u00e9es au cours de la saison. Il s&#8217;applique directement sur le sol avec un syst\u00e8me d&#8217;irrigation goutte \u00e0 goutte ou d&#8217;arrosage. Il n&#8217;est pas n\u00e9cessaire que le sol soit vide pour l&#8217;application, le produit peut \u00eatre appliqu\u00e9 lorsque la plante est pr\u00e9sente.<\/p>\n<p><strong>MIXABILIT\u00c9<\/strong><\/p>\n<p>DeCHLOR s&#8217;utilise seul, sans m\u00e9lange avec des pesticides ou des engrais chimiques.<\/p>\n","protected":false},"excerpt":{"rendered":"<h3><strong>KLOR U\u00c7URUCU <\/strong><\/h3>\n","protected":false},"featured_media":535,"template":"","meta":[],"product_cat":[179],"product_tag":[],"_links":{"self":[{"href":"https:\/\/www.nobeltarim.com\/index.php?rest_route=\/wp\/v2\/product\/909"}],"collection":[{"href":"https:\/\/www.nobeltarim.com\/index.php?rest_route=\/wp\/v2\/product"}],"about":[{"href":"https:\/\/www.nobeltarim.com\/index.php?rest_route=\/wp\/v2\/types\/product"}],"wp:featuredmedia":[{"embeddable":true,"href":"https:\/\/www.nobeltarim.com\/index.php?rest_route=\/wp\/v2\/media\/535"}],"wp:attachment":[{"href":"https:\/\/www.nobeltarim.com\/index.php?rest_route=%2Fwp%2Fv2%2Fmedia&parent=909"}],"wp:term":[{"taxonomy":"product_cat","embeddable":true,"href":"https:\/\/www.nobeltarim.com\/index.php?rest_route=%2Fwp%2Fv2%2Fproduct_cat&post=909"},{"taxonomy":"product_tag","embeddable":true,"href":"https:\/\/www.nobeltarim.com\/index.php?rest_route=%2Fwp%2Fv2%2Fproduct_tag&post=909"}],"curies":[{"name":"wp","href":"https:\/\/api.w.org\/{rel}","templated":true}]}}