{"id":902,"date":"2023-11-28T16:57:08","date_gmt":"2023-11-28T13:57:08","guid":{"rendered":"https:\/\/www.nobeltarim.com\/?post_type=product&#038;p=902"},"modified":"2023-11-28T16:57:08","modified_gmt":"2023-11-28T13:57:08","slug":"easy-wet-3","status":"publish","type":"product","link":"https:\/\/www.nobeltarim.com\/?product=easy-wet-3&lang=fr","title":{"rendered":"EASY-WET"},"content":{"rendered":"<p><strong>EASY-WET<\/strong><\/p>\n<p><strong>\u00a0<\/strong><\/p>\n<p>Substances efficaces<\/p>\n<p>Hydratants et adh\u00e9sifs non ioniques. 90%<\/p>\n<p>Mati\u00e8res de charge \u00a0\u00a0\u00a0\u00a0\u00a0\u00a0\u00a0\u00a0\u00a0\u00a0\u00a0\u00a0\u00a0\u00a0\u00a0\u00a0\u00a0\u00a0\u00a0\u00a0\u00a0\u00a0\u00a0\u00a0\u00a0\u00a0\u00a0\u00a0\u00a0\u00a010%.<\/p>\n<p>Total \u00a0\u00a0\u00a0\u00a0\u00a0\u00a0\u00a0\u00a0\u00a0\u00a0\u00a0\u00a0\u00a0\u00a0\u00a0\u00a0\u00a0\u00a0\u00a0\u00a0\u00a0\u00a0\u00a0\u00a0\u00a0\u00a0\u00a0\u00a0\u00a0\u00a0\u00a0\u00a0\u00a0\u00a0\u00a0\u00a0\u00a0\u00a0\u00a0\u00a0\u00a0\u00a0\u00a0\u00a0\u00a0\u00a0\u00a0\u00a0\u00a0\u00a0100%<\/p>\n<p>&nbsp;<\/p>\n<p>UTILISATION :<\/p>\n<p>EASY.WET est un agent mouillant et adh\u00e9sif non ionique \u00e0 usage g\u00e9n\u00e9ral qui, utilis\u00e9 en combinaison avec la plupart des insecticides, fongicides, herbicides, acaricides et d\u00e9foliants, am\u00e9liore l&#8217;efficacit\u00e9 de ces agents et permet de mieux mouiller la surface de la plante en la recouvrant de fa\u00e7on homog\u00e8ne. EASY.WET augmente la capacit\u00e9 de fixation de la substance active et lui permet de p\u00e9n\u00e9trer la couche dure de la surface de la feuille et d&#8217;atteindre les cellules internes de la feuille.<\/p>\n<p>&nbsp;<\/p>\n<p>DOSAGES POUR L&#8217;UTILISATION :<\/p>\n<p>Fongicides \u00a0\u00a0\u00a0\u00a0\u00a0\u00a0\u00a0\u00a0\u00a0\u00a0\u00a0\u00a0\u00a0\u00a0\u00a0\u00a0\u00a0\u00a0\u00a0\u00a0\u00a0\u00a0\u00a0\u00a0\u00a0\u00a0\u00a0\u00a0\u00a0\u00a0\u00a0\u00a0\u00a0\u00a0\u00a0\u00a0\u00a0\u00a0\u00a0\u00a0\u00a025-50 cm<sup>3<\/sup> pour 100 L d&#8217;eau<\/p>\n<p>Insecticides \u00a0\u00a0\u00a0\u00a0\u00a0\u00a0\u00a0\u00a0\u00a0\u00a0\u00a0\u00a0\u00a0\u00a0\u00a0\u00a0\u00a0\u00a0\u00a0\u00a0\u00a0\u00a0\u00a0\u00a0\u00a0\u00a0\u00a0\u00a0\u00a0\u00a0\u00a0\u00a0\u00a0\u00a0\u00a0\u00a0\u00a0\u00a0\u00a0\u00a025-50 cm<sup>3<\/sup> pour 100 L d&#8217;eau<\/p>\n<p>Herbicides \u00a0\u00a0\u00a0\u00a0\u00a0\u00a0\u00a0\u00a0\u00a0\u00a0\u00a0\u00a0\u00a0\u00a0\u00a0\u00a0\u00a0\u00a0\u00a0\u00a0\u00a0\u00a0\u00a0\u00a0\u00a0\u00a0\u00a0\u00a0\u00a0\u00a0\u00a0\u00a0\u00a0\u00a0\u00a0\u00a0\u00a0\u00a0\u00a0\u00a0\u00a0\u00a025-50 cm<sup>3<\/sup> pour 100 L d&#8217;eau<\/p>\n<p>Acaricides\u00a0\u00a0\u00a0\u00a0\u00a0\u00a0\u00a0\u00a0\u00a0\u00a0\u00a0\u00a0\u00a0\u00a0\u00a0\u00a0\u00a0\u00a0\u00a0\u00a0\u00a0\u00a0\u00a0\u00a0\u00a0\u00a0\u00a0\u00a0\u00a0\u00a0\u00a0\u00a0\u00a0\u00a0\u00a0\u00a0\u00a0\u00a0\u00a0\u00a0\u00a0\u00a0 \u00a025-50 cm<sup>3<\/sup> pour 100 L d&#8217;eau<\/p>\n<p>Engrais foliaires \u00a0\u00a0\u00a0\u00a0\u00a0\u00a0\u00a0\u00a0\u00a0\u00a0\u00a0\u00a0\u00a0\u00a0\u00a0\u00a0\u00a0\u00a0\u00a0\u00a0\u00a0\u00a0\u00a0\u00a0\u00a0\u00a0\u00a0\u00a0\u00a0\u00a0\u00a0\u00a0\u00a0\u00a025-50 cm<sup>3<\/sup> par 100 L d&#8217;eau<\/p>\n<p>D\u00e9foliants \u00a0\u00a0\u00a0\u00a0\u00a0\u00a0\u00a0\u00a0\u00a0\u00a0\u00a0\u00a0\u00a0\u00a0\u00a0\u00a0\u00a0\u00a0\u00a0\u00a0\u00a0\u00a0\u00a0\u00a0\u00a0\u00a0\u00a0\u00a0\u00a0\u00a0\u00a0\u00a0\u00a0\u00a0\u00a0\u00a0\u00a0\u00a0\u00a0\u00a0\u00a0\u00a0\u00a0\u00a0150-300 cm<sup>3<\/sup> pour 100 litres d&#8217;eau<\/p>\n<p>Nettoyage du dispositif de traitement 150-300 cm<sup>3<\/sup> pour 100 litres d&#8217;eau<\/p>\n<p>&nbsp;<\/p>\n<p>PR\u00c9PARATION DU M\u00c9LANGE<\/p>\n<p>Le r\u00e9servoir du pulv\u00e9risateur est d&#8217;abord rempli d&#8217;eau jusqu&#8217;\u00e0 la moiti\u00e9. Dissoudre la quantit\u00e9 recommand\u00e9e de pesticide dans l&#8217;eau dans un r\u00e9cipient s\u00e9par\u00e9, verser le tout dans le r\u00e9servoir et compl\u00e9ter le remplissage avec de l&#8217;eau. Peu avant que le r\u00e9servoir ne soit compl\u00e8tement rempli d&#8217;eau, ajouter EASY.WET<\/p>\n","protected":false},"excerpt":{"rendered":"<h3><strong>Yay\u0131c\u0131 Yap\u0131\u015ft\u0131r\u0131c\u0131<\/strong><\/h3>\n","protected":false},"featured_media":855,"template":"","meta":[],"product_cat":[179],"product_tag":[],"_links":{"self":[{"href":"https:\/\/www.nobeltarim.com\/index.php?rest_route=\/wp\/v2\/product\/902"}],"collection":[{"href":"https:\/\/www.nobeltarim.com\/index.php?rest_route=\/wp\/v2\/product"}],"about":[{"href":"https:\/\/www.nobeltarim.com\/index.php?rest_route=\/wp\/v2\/types\/product"}],"wp:featuredmedia":[{"embeddable":true,"href":"https:\/\/www.nobeltarim.com\/index.php?rest_route=\/wp\/v2\/media\/855"}],"wp:attachment":[{"href":"https:\/\/www.nobeltarim.com\/index.php?rest_route=%2Fwp%2Fv2%2Fmedia&parent=902"}],"wp:term":[{"taxonomy":"product_cat","embeddable":true,"href":"https:\/\/www.nobeltarim.com\/index.php?rest_route=%2Fwp%2Fv2%2Fproduct_cat&post=902"},{"taxonomy":"product_tag","embeddable":true,"href":"https:\/\/www.nobeltarim.com\/index.php?rest_route=%2Fwp%2Fv2%2Fproduct_tag&post=902"}],"curies":[{"name":"wp","href":"https:\/\/api.w.org\/{rel}","templated":true}]}}