{"id":899,"date":"2023-11-28T16:55:20","date_gmt":"2023-11-28T13:55:20","guid":{"rendered":"https:\/\/www.nobeltarim.com\/?post_type=product&#038;p=899"},"modified":"2023-11-28T16:55:21","modified_gmt":"2023-11-28T13:55:21","slug":"carbo%e2%82%82-3","status":"publish","type":"product","link":"https:\/\/www.nobeltarim.com\/?product=carbo%E2%82%82-3&lang=fr","title":{"rendered":"CARBO\u2082"},"content":{"rendered":"<p><strong>CARBO\u2082<\/strong><\/p>\n<p><strong>G\u00c9N\u00c9RATEUR DE DIOXYDE DE CARBONE<\/strong><\/p>\n<p><strong>Carbo<\/strong><strong>\u2082<\/strong> est un g\u00e9n\u00e9rateur de dioxyde de carbone. Il s&#8217;utilise dans les endroits o\u00f9 le dioxyde de carbone est n\u00e9cessaire. Une bo\u00eete de 1 kg de Carbo\u2082 produit suffisamment de gaz carbonique pour une surface d&#8217;au moins 1000 m\u00b2 (h:4mt).<\/p>\n<p><strong>Application de Carbo2 :<\/strong><\/p>\n<p>Dans la zone d&#8217;application, tous les animaux vivants (ruches, animaux domestiques, etc.), s&#8217;il y en a, doivent \u00eatre sortis et toute la ventilation doit \u00eatre arr\u00eat\u00e9e. La bo\u00eete de Carbo\u2082 doit \u00eatre plac\u00e9e \u00e0 peu pr\u00e8s au centre de la zone d&#8217;application. apr\u00e8s aoire ouvrir le couvercle de Carbo\u2082, retirez le sac en plastique de la partie poudre, Allumez l&#8217;une des deux m\u00e8ches contenues dans ce sachet \u00e0 l&#8217;aide d&#8217;un briquet et placez-la au centre de la poudre, comme une bougie. Lorsque le Carbo\u2082 commence \u00e0 lib\u00e9rer du gaz, il faut quitter la zone d&#8217;application.<\/p>\n<p><strong>Points \u00e0 prendre en consid\u00e9ration :<\/strong><\/p>\n<p>&#8211; Le moment le plus appropri\u00e9 pour l&#8217;application est le matin, lorsque les plantes ont le plus besoin de Carbo\u2082 (Figure 1).<\/p>\n<p>&#8211; La zone d&#8217;application doit rester ferm\u00e9e pendant au moins 4 \u00e0 5 heures et, si n\u00e9cessaire, elle doit \u00eatre ventil\u00e9e apr\u00e8s cette p\u00e9riode.<\/p>\n<p>&#8211; \u00e9tant donn\u00e9 qu&#8217;une chaleur \u00e9lev\u00e9e se d\u00e9gage au fond de la bo\u00eete pendant l&#8217;application du Carbo\u2082, ne la placez pas directement sur un objet inflammable tel que le plastique.<\/p>\n<p>&#8211; Appliquer le Carbo\u2082 \u00e0 une distance d&#8217;au moins 2 \u00e0 3 m\u00e8tres des mat\u00e9riaux susceptibles de s&#8217;enflammer avec des \u00e9tincelles.<\/p>\n<p>&#8211; Ne mettez aucune autre substance chimique dans la bo\u00eete de Carbo\u2082, utilisez-la uniquement pour Carbo\u2082.<\/p>\n<p>Avantages de Carbo2 :<\/p>\n<p>Carbo\u2082 acc\u00e9l\u00e8re les activit\u00e9s de photosynth\u00e8se en augmentant la quantit\u00e9 de CO\u2082 dans l\u2019environnement ferm\u00e9e de la serre. En cons\u00e9quence, il permet une floraison et une maturation des fruits pr\u00e9coces. Il acc\u00e9l\u00e8re la photosynth\u00e8se, en particulier dans les p\u00e9riodes o\u00f9 la dur\u00e9e de la lumi\u00e8re est courte, et fait entrer la plante dans une p\u00e9riode de croissance rapide. Par cons\u00e9quent, le rendement total et la qualit\u00e9 de la culture en serre augmentent avec l&#8217;enrichissement en dioxyde de carbone. L&#8217;utilisation du dioxyde de carbone est l&#8217;un des secrets d&#8217;un tonnage \u00e9lev\u00e9 et de la pr\u00e9cocit\u00e9, en particulier dans l&#8217;agriculture hors-sol.<\/p>\n<p>Pratiques Carbo2 :<\/p>\n<p>En utilisation intensive (une fois par semaine ou plus ), 1 kg de Carbo\u2082 peut \u00eatre utilis\u00e9 sur une surface de 1500 \u00e0 2000 m\u00b2.<\/p>\n","protected":false},"excerpt":{"rendered":"<h3><strong>KARBOND\u0130OKS\u0130T \u00dcRETEC\u0130<\/strong><\/h3>\n","protected":false},"featured_media":591,"template":"","meta":[],"product_cat":[179],"product_tag":[],"_links":{"self":[{"href":"https:\/\/www.nobeltarim.com\/index.php?rest_route=\/wp\/v2\/product\/899"}],"collection":[{"href":"https:\/\/www.nobeltarim.com\/index.php?rest_route=\/wp\/v2\/product"}],"about":[{"href":"https:\/\/www.nobeltarim.com\/index.php?rest_route=\/wp\/v2\/types\/product"}],"wp:featuredmedia":[{"embeddable":true,"href":"https:\/\/www.nobeltarim.com\/index.php?rest_route=\/wp\/v2\/media\/591"}],"wp:attachment":[{"href":"https:\/\/www.nobeltarim.com\/index.php?rest_route=%2Fwp%2Fv2%2Fmedia&parent=899"}],"wp:term":[{"taxonomy":"product_cat","embeddable":true,"href":"https:\/\/www.nobeltarim.com\/index.php?rest_route=%2Fwp%2Fv2%2Fproduct_cat&post=899"},{"taxonomy":"product_tag","embeddable":true,"href":"https:\/\/www.nobeltarim.com\/index.php?rest_route=%2Fwp%2Fv2%2Fproduct_tag&post=899"}],"curies":[{"name":"wp","href":"https:\/\/api.w.org\/{rel}","templated":true}]}}