{"id":898,"date":"2023-11-28T16:54:57","date_gmt":"2023-11-28T13:54:57","guid":{"rendered":"https:\/\/www.nobeltarim.com\/?post_type=product&#038;p=898"},"modified":"2023-11-28T16:54:57","modified_gmt":"2023-11-28T13:54:57","slug":"carbo%e2%82%82-2","status":"publish","type":"product","link":"https:\/\/www.nobeltarim.com\/?product=carbo%E2%82%82-2&lang=ar","title":{"rendered":"CARBO\u2082"},"content":{"rendered":"<p><strong>CARBO\u2082<\/strong><\/p>\n<p>\u0645\u0648\u0644\u062f \u062b\u0627\u0646\u064a \u0623\u0643\u0633\u064a\u062f \u0627\u0644\u0643\u0631\u0628\u0648\u0646<\/p>\n<p>Carbo\u2082 \u0647\u0648 \u0645\u0648\u0644\u062f \u062b\u0627\u0646\u064a \u0623\u0643\u0633\u064a\u062f \u0627\u0644\u0643\u0631\u0628\u0648\u0646. \u064a\u062a\u0645 \u0627\u0633\u062a\u062e\u062f\u0627\u0645\u0647 \u0641\u064a \u0627\u0644\u0623\u0645\u0627\u0643\u0646 \u0627\u0644\u062a\u064a \u062a\u062d\u062a\u0627\u062c \u0625\u0644\u0649 \u062b\u0627\u0646\u064a \u0623\u0643\u0633\u064a\u062f \u0627\u0644\u0643\u0631\u0628\u0648\u0646. \u064a\u0646\u062a\u062c \u0635\u0646\u062f\u0648\u0642 \u0628\u062d\u062c\u0645 1 \u0643\u063a \u0645\u0646 Carbo\u2082 \u0645\u0627 \u064a\u0643\u0641\u064a \u0645\u0646 \u062b\u0627\u0646\u064a \u0623\u0643\u0633\u064a\u062f \u0627\u0644\u0643\u0631\u0628\u0648\u0646 \u0644\u0645\u0633\u0627\u062d\u0629 \u0644\u0627 \u062a\u0642\u0644 \u0639\u0646 1000 \u0645\u062a\u0631 \u0645\u0631\u0628\u0639 (\u0627\u0644\u0627\u0631\u062a\u0641\u0627\u0639 = 4 \u0645\u062a\u0631).<\/p>\n<p><strong>\u062a\u0637\u0628\u064a\u0642 <\/strong><strong>CARBO<\/strong><strong>\u2082<\/strong><strong>:<\/strong><\/p>\n<p>\u0641\u064a \u0645\u0646\u0637\u0642\u0629 \u0627\u0644\u062a\u0637\u0628\u064a\u0642\u060c \u064a\u062c\u0628 \u0625\u0632\u0627\u0644\u0629 \u062c\u0645\u064a\u0639 \u0627\u0644\u062d\u064a\u0648\u0627\u0646\u0627\u062a \u0627\u0644\u062d\u064a\u0629 (\u062e\u0644\u0627\u064a\u0627 \u0627\u0644\u0646\u062d\u0644\u060c \u0627\u0644\u062d\u064a\u0648\u0627\u0646\u0627\u062a \u0627\u0644\u0623\u0644\u064a\u0641\u0629\u060c \u0648\u0645\u0627 \u0625\u0644\u0649 \u0630\u0644\u0643)\u060c \u0625\u0630\u0627 \u0643\u0627\u0646\u062a \u0645\u0648\u062c\u0648\u062f\u0629\u060c \u0648\u064a\u062c\u0628 \u0625\u064a\u0642\u0627\u0641 \u062a\u0634\u063a\u064a\u0644 \u062c\u0645\u064a\u0639 \u0623\u062c\u0647\u0632\u0629 \u0627\u0644\u062a\u0647\u0648\u064a\u0629. \u0648 \u0648\u0636\u0639 \u0635\u0646\u062f\u0648\u0642 Carbo\u2082 \u062a\u0642\u0631\u064a\u0628\u064b\u0627 \u0641\u064a \u0648\u0633\u0637 \u0645\u0646\u0637\u0642\u0629 \u0627\u0644\u062a\u0637\u0628\u064a\u0642. \u0628\u0639\u062f \u0641\u062a\u062d \u063a\u0637\u0627\u0621 Carbo\u2082 \u00a0\u0648 \u0625\u0632\u0627\u0644\u0629 \u0627\u0644\u0643\u064a\u0633 \u0627\u0644\u0628\u0644\u0627\u0633\u062a\u064a\u0643\u064a \u0645\u0646 \u062c\u0632\u0621 \u0627\u0644\u0645\u0633\u062d\u0648\u0642\u060c \u064a\u062a\u0645 \u0627\u0634\u0639\u0627\u0644 \u0625\u062d\u062f\u0649 \u0627\u0644\u0641\u062a\u064a\u0644\u062a\u064a\u0646 \u0627\u0644\u0645\u0648\u062c\u0648\u062f\u062a\u064a\u0646 \u0641\u064a \u0647\u0630\u0627 \u0627\u0644\u0643\u064a\u0633 \u0628\u0627\u0633\u062a\u062e\u062f\u0627\u0645 \u0648\u0644\u0627\u0639\u0629 \u062b\u0645 \u062a\u0648\u0636\u0639 \u00a0\u0641\u064a \u0648\u0633\u0637 \u0627\u0644\u0645\u0633\u062d\u0648\u0642\u060c \u0645\u062b\u0644 \u0627\u0644\u0634\u0645\u0639\u0629. \u064a\u062c\u0628 \u0627\u062e\u0644\u0627\u0621 \u0645\u0646\u0637\u0642\u0629 \u0627\u0644\u062a\u0637\u0628\u064a\u0642 \u0639\u0646\u062f\u0645\u0627 \u064a\u0628\u062f\u0623 Carbo\u2082 \u0641\u064a \u0625\u0637\u0644\u0627\u0642 \u0627\u0644\u063a\u0627\u0632.<\/p>\n<p><strong>\u0646\u0642\u0627\u0637 \u064a\u062c\u0628 \u0645\u0631\u0627\u0639\u0627\u062a\u0647\u0627:<\/strong><\/p>\n<p>&#8211; \u0623\u0646\u0633\u0628 \u0648\u0642\u062a \u0644\u0644\u062a\u0637\u0628\u064a\u0642 \u0647\u0648 \u0641\u064a \u0627\u0644\u0635\u0628\u0627\u062d\u060c \u062d\u064a\u062b \u062a\u062d\u062a\u0627\u062c \u0627\u0644\u0646\u0628\u0627\u062a\u0627\u062a \u0625\u0644\u0649 \u0623\u0643\u0628\u0631 \u0643\u0645\u064a\u0629 \u0645\u0646 \u0627\u0644\u0643\u0627\u0631\u0628\u0648 (\u0627\u0644\u0634\u0643\u0644 1).<\/p>\n<p>&#8211; \u064a\u062c\u0628 \u0623\u0646 \u062a\u0638\u0644 \u0645\u0646\u0637\u0642\u0629 \u0627\u0644\u062a\u0637\u0628\u064a\u0642 \u0645\u063a\u0644\u0642\u0629 \u0644\u0645\u062f\u0629 \u0644\u0627 \u062a\u0642\u0644 \u0639\u0646 4 \u0625\u0644\u0649 5 \u0633\u0627\u0639\u0627\u062a\u060c \u0648\u0625\u0630\u0627 \u0644\u0632\u0645 \u0627\u0644\u0623\u0645\u0631\u060c \u064a\u062c\u0628 \u062a\u0647\u0648\u064a\u062a\u0647\u0627 \u0628\u0639\u062f \u0647\u0630\u0647 \u0627\u0644\u0641\u062a\u0631\u0629.<\/p>\n<p>&#8211; \u0644\u0627 \u064a\u0648\u0636\u0639 Carbo\u2082 \u0623\u062b\u0646\u0627\u0621 \u0627\u0644\u062a\u0637\u0628\u064a\u0642 \u0639\u0644\u0649 \u0627\u0644\u0623\u0633\u0637\u062d \u0627\u0644\u0642\u0627\u0628\u0644\u0629 \u0644\u0644\u0627\u0634\u062a\u0639\u0627\u0644 \u0645\u062b\u0644 \u0627\u0644\u0628\u0644\u0627\u0633\u062a\u064a\u0643 \u0648\u0645\u0627 \u0625\u0644\u0649 \u0630\u0644\u0643 \u0646\u0636\u0631\u0627 \u0644\u0644\u062d\u0631\u0627\u0631\u0629 \u0627\u0644\u0639\u0627\u0644\u064a\u0629 \u0627\u0644\u062a\u064a \u064a\u0648\u0644\u062f\u0647\u0627.<\/p>\n<p>&#8211; \u064a\u062c\u0628 \u0623\u0646 \u064a\u0648\u0636\u0639 Carbo\u2082 \u0639\u0644\u0649 \u0645\u0633\u0627\u0641\u0629 \u0644\u0627 \u062a\u0642\u0644 \u0639\u0646 2 \u0625\u0644\u0649 3 \u0623\u0645\u062a\u0627\u0631 \u0645\u0646 \u0627\u0644\u0645\u0648\u0627\u062f \u0627\u0644\u0642\u0627\u0628\u0644\u0629 \u0644\u0644\u0627\u0634\u062a\u0639\u0627\u0644 \u0628\u0627\u0644\u0634\u0631\u0631.<\/p>\n<p>&#8211; \u064a\u0633\u062a\u062e\u062f\u0645 \u0645\u0646\u062a\u062c Carbo\u2082 \u0648\u062d\u062f\u0647 \u0641\u0642\u0637\u060c \u0644\u0627 \u062a\u0636\u0627\u0641 \u0623\u064a \u0645\u0648\u0627\u062f \u0643\u064a\u0645\u064a\u0627\u0626\u064a\u0629 \u0623\u062e\u0631\u0649 \u0641\u064a \u0635\u0646\u062f\u0648\u0642 Carbo\u2082.<\/p>\n<p><strong>\u0641\u0648\u0627\u0626\u062f<\/strong> <strong>Carbo<\/strong><strong>\u2082<\/strong><strong>:<\/strong><\/p>\n<p>\u064a\u0639\u0645\u0644 Carbo\u2082 \u0639\u0644\u0649 \u062a\u0633\u0631\u064a\u0639 \u0639\u0645\u0644\u064a\u0629 \u0627\u0644\u062a\u0631\u0643\u064a\u0628 \u0627\u0644\u0636\u0648\u0626\u064a \u0639\u0646 \u0637\u0631\u064a\u0642 \u0632\u064a\u0627\u062f\u0629 \u0643\u0645\u064a\u0629 CO\u2082 \u0641\u064a \u0627\u0644\u0628\u064a\u0626\u0629 \u0627\u0644\u0645\u063a\u0644\u0642\u0629 \u0644\u0644\u0628\u064a\u0648\u062a \u0627\u0644\u0628\u0644\u0627\u0633\u062a\u0643\u064a\u0629. \u0648\u0646\u062a\u064a\u062c\u0629 \u0644\u0630\u0644\u0643\u060c \u0641\u0625\u0646\u0647 \u064a\u0633\u0645\u062d \u0644\u0644\u0625\u0632\u0647\u0627\u0631 \u0627\u0644\u0645\u0628\u0643\u0631 \u0648\u0646\u0636\u062c \u0627\u0644\u062b\u0645\u0627\u0631. \u064a\u0639\u0645\u0644 \u0639\u0644\u0649 \u062a\u0633\u0631\u064a\u0639 \u0639\u0645\u0644\u064a\u0629 \u0627\u0644\u062a\u0631\u0643\u064a\u0628 \u0627\u0644\u0636\u0648\u0626\u064a\u060c \u062e\u0627\u0635\u0629 \u0641\u064a \u0641\u062a\u0631\u0627\u062a \u0627\u0644\u0636\u0648\u0621 \u0627\u0644\u0642\u0635\u064a\u0631\u0629\u060c \u0628\u062d\u064a\u062b \u064a\u062f\u062e\u0644 \u0627\u0644\u0646\u0628\u0627\u062a \u0641\u064a \u0641\u062a\u0631\u0629 \u0645\u0646 \u0627\u0644\u0646\u0645\u0648 \u0627\u0644\u0633\u0631\u064a\u0639. \u0648\u0630\u0627\u0644\u0643 \u0644\u0625\u0646 \u0625\u062c\u0645\u0627\u0644\u064a \u0625\u0646\u062a\u0627\u062c \u0648\u062c\u0648\u062f\u0629 \u0645\u062d\u0635\u0648\u0644 \u0627\u0644\u0628\u064a\u0648\u062a \u0627\u0644\u0628\u0644\u0627\u0633\u062a\u0643\u064a\u0629 \u064a\u0632\u062f\u0627\u062f \u0628\u0632\u064a\u0627\u062f\u0629 \u062b\u0627\u0646\u064a \u0623\u0643\u0633\u064a\u062f \u0627\u0644\u0643\u0631\u0628\u0648\u0646. \u064a\u0639\u062f \u0627\u0633\u062a\u062e\u062f\u0627\u0645 \u062b\u0627\u0646\u064a \u0623\u0643\u0633\u064a\u062f \u0627\u0644\u0643\u0631\u0628\u0648\u0646 \u0623\u062d\u062f \u0623\u0633\u0631\u0627\u0631 \u0627\u0644\u0645\u0631\u062f\u0648\u062f\u064a\u0629 \u0627\u0644\u0639\u0627\u0644\u064a\u0629 \u0648\u0627\u0644\u0645\u0628\u0643\u0631\u0629 \u062e\u0627\u0635\u0629 \u0641\u064a \u0627\u0644\u0632\u0631\u0627\u0639\u0629 \u0628\u062f\u0648\u0646 \u062a\u0631\u0628\u0629.<\/p>\n<p><strong>\u062a\u0637\u0628\u064a\u0642\u0627\u062a <\/strong><strong>Carbo2<\/strong><strong>:<\/strong><\/p>\n<p>\u0641\u064a \u0627\u0644\u0627\u0633\u062a\u062e\u062f\u0627\u0645 \u0627\u0644\u0645\u0643\u062b\u0641 (\u0645\u0631\u0629 \u0648\u0627\u062d\u062f\u0629 \u0641\u064a \u0627\u0644\u0623\u0633\u0628\u0648\u0639 \u0623\u0648 \u0623\u0643\u062b\u0631)\u060c \u064a\u0645\u0643\u0646 \u0627\u0633\u062a\u062e\u062f\u0627\u0645 1 \u0643\u063a \u0645\u0646 Carbo\u2082 \u0639\u0644\u0649 \u0645\u0633\u0627\u062d\u0629 1500 \u0625\u0644\u0649 2000 \u0645\u062a\u0631 \u0645\u0631\u0628\u0639.<\/p>\n<p>&nbsp;<\/p>\n","protected":false},"excerpt":{"rendered":"<h3><strong>KARBOND\u0130OKS\u0130T \u00dcRETEC\u0130<\/strong><\/h3>\n","protected":false},"featured_media":591,"template":"","meta":[],"product_cat":[182],"product_tag":[],"_links":{"self":[{"href":"https:\/\/www.nobeltarim.com\/index.php?rest_route=\/wp\/v2\/product\/898"}],"collection":[{"href":"https:\/\/www.nobeltarim.com\/index.php?rest_route=\/wp\/v2\/product"}],"about":[{"href":"https:\/\/www.nobeltarim.com\/index.php?rest_route=\/wp\/v2\/types\/product"}],"wp:featuredmedia":[{"embeddable":true,"href":"https:\/\/www.nobeltarim.com\/index.php?rest_route=\/wp\/v2\/media\/591"}],"wp:attachment":[{"href":"https:\/\/www.nobeltarim.com\/index.php?rest_route=%2Fwp%2Fv2%2Fmedia&parent=898"}],"wp:term":[{"taxonomy":"product_cat","embeddable":true,"href":"https:\/\/www.nobeltarim.com\/index.php?rest_route=%2Fwp%2Fv2%2Fproduct_cat&post=898"},{"taxonomy":"product_tag","embeddable":true,"href":"https:\/\/www.nobeltarim.com\/index.php?rest_route=%2Fwp%2Fv2%2Fproduct_tag&post=898"}],"curies":[{"name":"wp","href":"https:\/\/api.w.org\/{rel}","templated":true}]}}