{"id":893,"date":"2023-11-28T16:52:13","date_gmt":"2023-11-28T13:52:13","guid":{"rendered":"https:\/\/www.nobeltarim.com\/?post_type=product&#038;p=893"},"modified":"2023-11-28T16:52:14","modified_gmt":"2023-11-28T13:52:14","slug":"eversol-420-3","status":"publish","type":"product","link":"https:\/\/www.nobeltarim.com\/?product=eversol-420-3&lang=fr","title":{"rendered":"EVERSOL 420"},"content":{"rendered":"<p><strong>\u00a0<\/strong><\/p>\n<p><strong>EVERSOL 420<\/strong><\/p>\n<p><strong>THIOSULFATE DE POTASSIUM<\/strong><\/p>\n<p><strong>(Thio sulfate de kalium)<\/strong><\/p>\n<p><strong>\u00a0<\/strong><\/p>\n<p><strong>Contenu garanti : \u00a0\u00a0\u00a0\u00a0\u00a0\u00a0\u00a0\u00a0\u00a0\u00a0\u00a0\u00a0\u00a0\u00a0\u00a0\u00a0\u00a0\u00a0\u00a0\u00a0\u00a0\u00a0\u00a0\u00a0\u00a0\u00a0\u00a0\u00a0\u00a0\u00a0\u00a0\u00a0\u00a0\u00a0\u00a0\u00a0\u00a0\u00a0\u00a0\u00a0\u00a0\u00a0\u00a0\u00a0\u00a0\u00a0\u00a0\u00a0\u00a0\u00a0\u00a0\u00a0\u00a0p\/p<\/strong><\/p>\n<p>Oxyde de potassium soluble dans l&#8217;eau (K\u20820) \u00a0\u00a0\u00a0\u00a0\u00a0\u00a0\u00a0\u00a0\u00a025%<\/p>\n<p>Trioxyde de soufre soluble dans l&#8217;eau (SO\u2083) \u00a0\u00a0\u00a0\u00a0\u00a0\u00a0\u00a0\u00a0\u00a0\u00a0\u00a0\u00a042%<\/p>\n<p>pH &#8230;&#8230;&#8230;&#8230;&#8230;&#8230;&#8230;&#8230;&#8230;&#8230;&#8230;&#8230;&#8230;&#8230;&#8230;&#8230;&#8230;&#8230;&#8230;&#8230;&#8230;&#8230;&#8230;&#8230;&#8230;6.5 &#8211; 8.5<\/p>\n<p>Densit\u00e9 (D) &#8230;&#8230;&#8230;&#8230;&#8230;&#8230;&#8230;&#8230;&#8230;&#8230;&#8230;&#8230;&#8230;&#8230;&#8230;&#8230;&#8230;&#8230;&#8230;&#8230;.1.47<\/p>\n<p>Aspect Transparent, clair, liquide<\/p>\n<p>Odeur Inodore<\/p>\n<p>&nbsp;<\/p>\n<p><strong>CARACT\u00c9RISTIQUES<\/strong><\/p>\n<p>Eversol 420 est un engrais liquide clair et sans chlorure qui poss\u00e8de la teneur en potassium et en soufre liquide la plus \u00e9lev\u00e9e parmi les produits similaires sur le march\u00e9.<\/p>\n<p>L&#8217;Eversol 420 est un type d&#8217;engrais qui n\u00e9cessite une technologie de pointe et ne peut \u00eatre produit que dans quelques pays du monde. Il s&#8217;agit d&#8217;un produit de synth\u00e8se et non d&#8217;un m\u00e9lange.<\/p>\n<p>&nbsp;<\/p>\n<p><strong>AVANTAGES<\/strong><\/p>\n<p>*Am\u00e9liore la qualit\u00e9 du produit.<\/p>\n<p>*Permet une formation homog\u00e8ne des fruits.<\/p>\n<p>*Acc\u00e9l\u00e8re la formation et la coloration des fruits.<\/p>\n<p>*Permet la formation de fruits r\u00e9sistants \u00e0 la fissuration et du calibre d\u00e9sir\u00e9.<\/p>\n<p>*Augmente la valeur brix des fruits et l\u00e9gumes.<\/p>\n<p>*Par rapport \u00e0 d&#8217;autres engrais potassiques, l&#8217;apport en potassium aux plantes est sup\u00e9rieur de 30 %.<\/p>\n<p>*Convient \u00e0 toutes les plantes.<\/p>\n<p>*Peut \u00eatre appliqu\u00e9 par irrigation au goutte-\u00e0-goutte, par aspersion et par irrigation foliaire.<\/p>\n<p>&nbsp;<\/p>\n<p><strong>COMPATIBILIT\u00c9\u00a0 <\/strong><\/p>\n<p>Ne pas m\u00e9langer avec des solutions \u00e0 faible pH, des engrais acides et des engrais contenant beaucoup de calcium.<\/p>\n<p>Il ne doit pas \u00eatre appliqu\u00e9 par voie foliaire lorsque la temp\u00e9rature de l&#8217;air est sup\u00e9rieure \u00e0 32 \u00b0C. Il est pr\u00e9f\u00e9rable de proc\u00e9der \u00e0 des heures fra\u00eeches.<\/p>\n<p>&nbsp;<\/p>\n<p><strong>DOSES G\u00c9N\u00c9RALES D&#8217;APPLICATION<\/strong><\/p>\n<table>\n<tbody>\n<tr>\n<td width=\"206\"><strong>Applications au sol<\/strong><\/td>\n<td width=\"274\"><strong>Application foliaire<\/strong><\/td>\n<\/tr>\n<tr>\n<td width=\"206\">Grandes cultures 2-3 Kg\/Da<\/td>\n<td width=\"274\">Grandes cultures 200-400 gr\/Da<\/td>\n<\/tr>\n<tr>\n<td width=\"206\">Arbres fruitiers 2-4 Kg\/Da<\/td>\n<td width=\"274\">Arbres fruitiers 200-400 gr\/100L d\u2019eau<\/td>\n<\/tr>\n<tr>\n<td width=\"206\">L\u00e9gumes 2 Kg\/Da<\/td>\n<td width=\"274\">L\u00e9gumes 200-400 gr\/100L d\u2019eau<\/td>\n<\/tr>\n<\/tbody>\n<\/table>\n<p><strong>\u00a0<\/strong><\/p>\n<p>&nbsp;<\/p>\n","protected":false},"excerpt":{"rendered":"<p>\u00a0 EVERSOL 420 THIOSULFATE DE POTASSIUM (Thio sulfate de kalium) \u00a0 Contenu garanti : \u00a0\u00a0\u00a0\u00a0\u00a0\u00a0\u00a0\u00a0\u00a0\u00a0\u00a0\u00a0\u00a0\u00a0\u00a0\u00a0\u00a0\u00a0\u00a0\u00a0\u00a0\u00a0\u00a0\u00a0\u00a0\u00a0\u00a0\u00a0\u00a0\u00a0\u00a0\u00a0\u00a0\u00a0\u00a0\u00a0\u00a0\u00a0\u00a0\u00a0\u00a0\u00a0\u00a0\u00a0\u00a0\u00a0\u00a0\u00a0\u00a0\u00a0\u00a0\u00a0\u00a0p\/p Oxyde de potassium soluble dans l&#8217;eau (K\u20820) \u00a0\u00a0\u00a0\u00a0\u00a0\u00a0\u00a0\u00a0\u00a025% Trioxyde de soufre soluble dans l&#8217;eau (SO\u2083) \u00a0\u00a0\u00a0\u00a0\u00a0\u00a0\u00a0\u00a0\u00a0\u00a0\u00a0\u00a042% pH &#8230;&#8230;&#8230;&#8230;&#8230;&#8230;&#8230;&#8230;&#8230;&#8230;&#8230;&#8230;&#8230;&#8230;&#8230;&#8230;&#8230;&#8230;&#8230;&#8230;&#8230;&#8230;&#8230;&#8230;&#8230;6.5 &#8211; 8.5 Densit\u00e9 (D) &#8230;&#8230;&#8230;&#8230;&#8230;&#8230;&#8230;&#8230;&#8230;&#8230;&#8230;&#8230;&#8230;&#8230;&#8230;&#8230;&#8230;&#8230;&#8230;&#8230;.1.47 Aspect Transparent, clair, liquide Odeur Inodore &nbsp; CARACT\u00c9RISTIQUES Eversol 420 est un engrais liquide clair et sans [&#8230;]\n","protected":false},"featured_media":864,"template":"","meta":[],"product_cat":[171],"product_tag":[],"_links":{"self":[{"href":"https:\/\/www.nobeltarim.com\/index.php?rest_route=\/wp\/v2\/product\/893"}],"collection":[{"href":"https:\/\/www.nobeltarim.com\/index.php?rest_route=\/wp\/v2\/product"}],"about":[{"href":"https:\/\/www.nobeltarim.com\/index.php?rest_route=\/wp\/v2\/types\/product"}],"wp:featuredmedia":[{"embeddable":true,"href":"https:\/\/www.nobeltarim.com\/index.php?rest_route=\/wp\/v2\/media\/864"}],"wp:attachment":[{"href":"https:\/\/www.nobeltarim.com\/index.php?rest_route=%2Fwp%2Fv2%2Fmedia&parent=893"}],"wp:term":[{"taxonomy":"product_cat","embeddable":true,"href":"https:\/\/www.nobeltarim.com\/index.php?rest_route=%2Fwp%2Fv2%2Fproduct_cat&post=893"},{"taxonomy":"product_tag","embeddable":true,"href":"https:\/\/www.nobeltarim.com\/index.php?rest_route=%2Fwp%2Fv2%2Fproduct_tag&post=893"}],"curies":[{"name":"wp","href":"https:\/\/api.w.org\/{rel}","templated":true}]}}