{"id":891,"date":"2023-11-28T16:50:29","date_gmt":"2023-11-28T13:50:29","guid":{"rendered":"https:\/\/www.nobeltarim.com\/?post_type=product&#038;p=891"},"modified":"2023-11-28T16:50:30","modified_gmt":"2023-11-28T13:50:30","slug":"phosphor-n-4","status":"publish","type":"product","link":"https:\/\/www.nobeltarim.com\/?product=phosphor-n-4&lang=ar","title":{"rendered":"PHOSPHOR-N"},"content":{"rendered":"<p><strong>PHOSPHOR-N<\/strong><\/p>\n<p>\u0645\u062d\u0644\u0648\u0644 \u0623\u0633\u0645\u062f\u0629 NP<\/p>\n<p><strong>10 &#8211; 36 &#8211; 0<\/strong><\/p>\n<p><strong>\u00a0<\/strong><\/p>\n<p><strong>\u00a0<\/strong><\/p>\n<p><strong>\u0627\u0644\u0645\u062d\u062a\u0648\u0649 \u0627\u0644\u0645\u0636\u0645\u0648\u0646: \u00a0\u00a0\u00a0\u00a0\u00a0\u00a0\u00a0\u00a0\u00a0\u00a0\u00a0\u00a0\u00a0\u00a0\u00a0\u00a0\u00a0\u00a0\u00a0\u00a0\u00a0\u00a0\u00a0\u00a0\u00a0\u00a0\u00a0\u00a0\u00a0\u00a0\u00a0\u00a0\u00a0\u00a0\u00a0\u00a0\u00a0\u00a0\u00a0\u00a0\u00a0\u00a0\u00a0\u00a0\u00a0\u00a0\u00a0\u00a0\u00a0<\/strong><strong>\u0648\u0632\u0646\/ \u0648\u0632\u0646<\/strong><\/p>\n<p>\u0625\u062c\u0645\u0627\u0644\u064a \u0627\u0644\u0646\u064a\u062a\u0631\u0648\u062c\u064a\u0646\u00a0\u00a0\u00a0\u00a0\u00a0\u00a0\u00a0\u00a0\u00a0\u00a0\u00a0\u00a0\u00a0\u00a0\u00a0\u00a0\u00a0\u00a0\u00a0\u00a0\u00a0\u00a0\u00a0\u00a0\u00a0\u00a0\u00a0\u00a0\u00a0\u00a0\u00a0\u00a0\u00a0\u00a0\u00a0\u00a0\u00a0\u00a0\u00a0\u00a0\u00a0\u00a0\u00a0\u00a0\u00a0\u00a0\u00a0\u00a0\u00a0\u00a0\u00a0\u00a0\u00a0 \u00a010\u066a<\/p>\n<p>\u0646\u064a\u062a\u0631\u0648\u062c\u064a\u0646 \u0627\u0644\u0623\u0645\u0648\u0646\u064a\u0627\u00a0\u00a0\u00a0\u00a0\u00a0\u00a0\u00a0\u00a0\u00a0\u00a0\u00a0\u00a0\u00a0\u00a0\u00a0\u00a0\u00a0\u00a0\u00a0\u00a0\u00a0\u00a0\u00a0\u00a0\u00a0\u00a0\u00a0\u00a0\u00a0\u00a0\u00a0\u00a0\u00a0\u00a0\u00a0\u00a0\u00a0\u00a0\u00a0\u00a0\u00a0\u00a0\u00a0\u00a0\u00a0\u00a0\u00a0\u00a0\u00a0\u00a0\u00a0\u00a0\u00a0\u00a0\u00a0\u00a0\u00a0\u00a0 \u00a05\u066a<\/p>\n<p>\u0646\u064a\u062a\u0631\u0648\u062c\u064a\u0646 \u0627\u0644\u0646\u064a\u062a\u0631\u064a\u0643 \u00a0\u00a0\u00a0\u00a0\u00a0\u00a0\u00a0\u00a0\u00a0\u00a0\u00a0\u00a0\u00a0\u00a0\u00a0\u00a0\u00a0\u00a0\u00a0\u00a0\u00a0\u00a0\u00a0\u00a0\u00a0\u00a0\u00a0\u00a0\u00a0\u00a0\u00a0\u00a0\u00a0\u00a0\u00a0\u00a0\u00a0\u00a0\u00a0\u00a0\u00a0\u00a0\u00a0\u00a0\u00a0\u00a0\u00a0\u00a0\u00a0\u00a0\u00a0\u00a0\u00a0\u00a0\u00a0\u00a0\u00a0\u00a05\u066a<\/p>\n<p>\u062e\u0627\u0645\u0633 \u0623\u0643\u0633\u064a\u062f \u0627\u0644\u0641\u0648\u0633\u0641\u0648\u0631 \u0627\u0644\u0642\u0627\u0628\u0644 \u0644\u0644\u0630\u0648\u0628\u0627\u0646 \u0641\u064a \u0627\u0644\u0645\u0627\u0621 P\u20820\u2085) )\u00a0\u00a0\u00a0\u00a0\u00a0\u00a0\u00a0 \u066a36<\/p>\n<p>PH&#8230;&#8230;&#8230;&#8230;&#8230;&#8230;&#8230;&#8230;&#8230;&#8230;&#8230;&#8230;&#8230;&#8230;&#8230;&#8230;&#8230;&#8230;&#8230;&#8230;&#8230;&#8230;&#8230;&#8230;.. 1-3<\/p>\n<p>\u0627\u0644\u0643\u062b\u0627\u0641\u0629&#8230;&#8230;&#8230;&#8230;&#8230;&#8230;&#8230;&#8230;&#8230;&#8230;&#8230;&#8230;&#8230;&#8230;&#8230;&#8230;&#8230;&#8230;&#8230;&#8230;&#8230;&#8230;&#8230;&#8230;1.5<\/p>\n<p>\u0627\u0644\u0645\u0638\u0647\u0631: \u0633\u0627\u0626\u0644 \u0634\u0641\u0627\u0641 \u0648\u0648\u0627\u0636\u062d<\/p>\n<p><strong>\u00a0<\/strong><\/p>\n<p><strong>\u062e\u0635\u0627\u0626\u0635\u0647<\/strong><\/p>\n<p>\u0628\u0641\u0636\u0644 \u0630\u0631\u0627\u062a \u0627\u0644\u0641\u0648\u0633\u0641\u0648\u0631 \u0627\u0644\u0632\u0627\u0626\u062f\u0629 \u0627\u0644\u062a\u064a \u064a\u062d\u062a\u0648\u064a \u0639\u0644\u064a\u0647\u0627\u060c \u0641\u0625\u0646\u0647 \u064a\u0636\u0645\u0646 \u0627\u0644\u0627\u0645\u062a\u0635\u0627\u0635 \u0627\u0644\u0623\u0645\u062b\u0644 \u0644\u0644\u0641\u0648\u0633\u0641\u0648\u0631 \u0645\u0646 \u0627\u0644\u062a\u0631\u0628\u0629 \u0648\u0645\u0646 \u0627\u0644\u0623\u0648\u0631\u0627\u0642 \u0645\u0646 \u0642\u0628\u0644 \u0627\u0644\u0646\u0628\u0627\u062a\u0627\u062a\u060c \u0648\u0628\u0627\u0644\u062a\u0627\u0644\u064a \u0641\u0625\u0646\u0647 \u064a\u0648\u0641\u0631 \u062f\u0639\u0645\u0627 \u0643\u0628\u064a\u0631\u0627 \u0644\u0644\u0632\u064a\u0627\u062f\u0629 \u0641\u064a \u0627\u0644\u063a\u0644\u0629 \u0648\u0627\u0644\u062c\u0648\u062f\u0629.<\/p>\n<p>\u064a\u062d\u062a\u0648\u064a \u0639\u0644\u0649 \u0623\u0643\u0628\u0631 \u0643\u0645\u064a\u0629 \u0645\u0646 \u0627\u0644\u0641\u0648\u0633\u0641\u0648\u0631 \u0641\u064a \u0634\u0643\u0644 \u0633\u0627\u0626\u0644.<\/p>\n<p>\u064a\u0639\u0632\u0632 \u0627\u0644\u0645\u062c\u0645\u0648\u0639 \u0627\u0644\u062c\u0630\u0631\u064a \u0644\u0644\u0646\u0628\u0627\u062a\u0627\u062a.<\/p>\n<p>\u064a\u0632\u064a\u062f \u0645\u0646 \u0627\u0644\u062a\u0632\u0647\u064a\u0631 \u0648\u064a\u0642\u0644\u0644 \u0645\u0646 \u062a\u0633\u0627\u0642\u0637 \u0627\u0644\u062b\u0645\u0627\u0631.<\/p>\n<p>\u0644\u0647 \u0645\u0624\u0634\u0631 \u0645\u0644\u0648\u062d\u0629 \u0645\u0646\u062e\u0641\u0636 \u062c\u062f\u0627\u064b \u0648\u0644\u064a\u0633 \u0644\u0647 \u0623\u064a \u062a\u0623\u062b\u064a\u0631 \u0636\u0627\u0631 \u0639\u0644\u0649 \u0627\u0644\u0628\u0630\u0648\u0631 \u0623\u062b\u0646\u0627\u0621 \u0623\u0648 \u0628\u0639\u062f \u0627\u0644\u0632\u0631\u0627\u0639\u0629.<\/p>\n<p>&nbsp;<\/p>\n<p><strong>\u062a\u0637\u0628\u064a\u0642\u0627\u062a\u0647<\/strong><\/p>\n<p>\u0645\u0646\u0627\u0633\u0628 \u0644\u0644\u0632\u0631\u0627\u0639\u0629 \u0641\u064a \u0627\u0644\u062d\u0642\u0648\u0644 \u0627\u0644\u0645\u0643\u0634\u0648\u0641\u0629 \u0648 \u0644\u0644\u0632\u0631\u0627\u0639\u0629 \u0641\u064a \u0627\u0644\u0628\u064a\u0648\u062a \u0627\u0644\u0645\u062d\u0645\u064a\u0629 \u0648\u0627\u0644\u062f\u0641\u064a\u0626\u0627\u062a \u0648\u0627\u0644\u0628\u0633\u0627\u062a\u064a\u0646.<\/p>\n<p>\u0645\u0646\u0627\u0633\u0628 \u0644\u062c\u0645\u064a\u0639 \u0627\u0644\u0646\u0628\u0627\u062a\u0627\u062a.<\/p>\n<p>\u064a\u0645\u0643\u0646 \u0627\u0633\u062a\u062e\u062f\u0627\u0645\u0647 \u0641\u064a \u0627\u0644\u0631\u064a \u0628\u0627\u0644\u062a\u0646\u0642\u064a\u0637 \u0648\u0627\u0644\u0631\u064a \u0628\u0627\u0644\u0631\u0634 \u0648\u0627\u0644\u062a\u0637\u0628\u064a\u0642 \u0627\u0644\u0648\u0631\u0642\u064a.<\/p>\n<p>\u0627\u0644\u0631\u0634\u0627\u064b \u0627\u0644\u0648\u0631\u0642\u064a: 400-600 \u0633\u0645<sup>3<\/sup>\/\u062f\u0648\u0646\u0645 \u0639\u0644\u0649 \u062c\u0645\u064a\u0639 \u0627\u0644\u0646\u0628\u0627\u062a\u0627\u062a \u0642\u0628\u0644 \u0627\u0644\u062a\u0632\u0647\u064a\u0631 \u0648\u0628\u062f\u0627\u064a\u0629 \u0627\u0644\u062a\u0632\u0647\u064a\u0631.<\/p>\n<p>\u0628\u0627\u0644\u0646\u0633\u0628\u0629 \u0644\u0644\u0641\u0648\u0627\u0643\u0647 \u0648\u0627\u0644\u062e\u0636\u0631\u0648\u0627\u062a\u060c \u064a\u062a\u0645 \u0627\u0644\u0631\u0634 \u0627\u0644\u0648\u0631\u0642\u064a \u0628\u0645\u0639\u062f\u0644 400-600 \u0633\u0645<sup>3<\/sup> \u0644\u0643\u0644 100 \u0644\u062a\u0631 \u0645\u0646 \u0627\u0644\u0645\u0627\u0621.<\/p>\n<p>\u0644\u0644\u062a\u0637\u0628\u064a\u0642\u0627\u062a \u0641\u064a \u0623\u0646\u0638\u0645\u0629 \u0627\u0644\u0631\u064a \u0628\u0627\u0644\u062a\u0646\u0642\u064a\u0637\u060c \u0642\u0628\u0644 \u0627\u0644\u062a\u0632\u0647\u064a\u0631 \u0648\u0641\u064a \u0628\u062f\u0627\u064a\u0629 \u0627\u0644\u062a\u0632\u0647\u064a\u0631\u060c \u064a\u062a\u0645 \u0627\u0644\u0631\u0634 \u0639\u0644\u0649 \u0627\u0644\u0623\u0631\u0636 \u0628\u0645\u0639\u062f\u0644 2-4 \u0644\u062a\u0631\/\u062f\u0648\u0646\u0645. \u0639\u0644\u0649 \u062c\u0645\u064a\u0639 \u0627\u0644\u0646\u0628\u0627\u062a\u0627\u062a.<\/p>\n<p>\u064a\u0648\u0635\u0649 \u0628\u0625\u062c\u0631\u0627\u0621 \u0627\u062e\u062a\u0628\u0627\u0631 \u0627\u0644\u062a\u0648\u0627\u0641\u0642 \u0642\u0628\u0644 \u062e\u0644\u0637 \u0627\u0644\u0645\u0646\u062a\u062c \u0628\u0627\u0644\u0645\u0628\u064a\u062f\u0627\u062a \u0627\u0644\u062d\u0634\u0631\u064a\u0629.<\/p>\n<p>&nbsp;<\/p>\n<p><strong>\u0641\u0648\u0627\u0626\u062f\u0647<\/strong><\/p>\n<p>*\u0641\u064a \u0627\u0644\u062e\u0636\u0631\u0627\u0648\u0627\u062a \u0648\u0641\u064a \u0627\u0644\u0645\u0631\u0627\u062d\u0644 \u0627\u0644\u0623\u0648\u0644\u0649 \u0644\u0646\u0645\u0648 \u0628\u0639\u0636 \u0627\u0644\u0645\u062d\u0627\u0635\u064a\u0644 \u0627\u0644\u062d\u0642\u0644\u064a\u0629\u060c \u0639\u0646\u062f \u062a\u0637\u0628\u064a\u0642\u0647\u0627 \u0645\u0646 \u0627\u0644\u062a\u0631\u0628\u0629 \u062a\u0633\u0627\u0647\u0645 \u0628\u0634\u0643\u0644 \u0643\u0628\u064a\u0631 \u0641\u064a \u0646\u0645\u0648 \u062c\u0630\u0648\u0631 \u0627\u0644\u0646\u0628\u0627\u062a.<\/p>\n<p>* \u0644\u0647 \u062a\u0631\u0643\u064a\u0628\u0629 \u062a\u0648\u0641\u0631 \u0641\u0627\u0626\u062f\u0629 \u0645\u0637\u0644\u0642\u0629 \u062e\u0644\u0627\u0644 \u0641\u062a\u0631\u0629 \u0627\u0644\u0625\u0632\u0647\u0627\u0631.<\/p>\n<p>*PHOSPHOR-N \u0641\u0639\u0627\u0644 \u0628\u0634\u0643\u0644 \u062e\u0627\u0635 \u0641\u064a \u0627\u0644\u062a\u0637\u0628\u064a\u0642 \u0627\u0644\u0648\u0631\u0642\u064a.<\/p>\n<p>*PHOSPHOR-N \u0647\u0648 \u0633\u0645\u0627\u062f \u0633\u0627\u0626\u0644 \u062e\u0627\u0635 \u0645\u0635\u0645\u0645 \u0644\u0644\u062a\u063a\u0644\u063a\u0644 \u0641\u064a \u0628\u0646\u064a\u0629 \u0627\u0644\u0646\u0628\u0627\u062a.<\/p>\n<p>* \u062a\u0631\u0643\u064a\u0628\u0629 PHOSPHOR-N \u0647\u064a \u0645\u0635\u062f\u0631 \u0644\u0644\u0641\u0648\u0633\u0641\u0648\u0631 \u0627\u0644\u0645\u062a\u0627\u062d \u0639\u0644\u0649 \u0627\u0644\u0641\u0648\u0631 \u060c \u0643\u0645\u0627 \u0623\u0646\u0647\u0627 \u062a\u062d\u062a\u0648\u064a \u0639\u0644\u0649 \u0646\u064a\u062a\u0631\u0648\u062c\u064a\u0646 \u0627\u0644\u0623\u0645\u0648\u0646\u064a\u0627 \u0648\u0646\u064a\u062a\u0631\u0648\u062c\u064a\u0646 \u0627\u0644\u0646\u064a\u062a\u0631\u064a\u0643.<\/p>\n<p>*\u064a\u0645\u062a\u0627\u0632 \u0628\u0623\u0646\u0647 \u0645\u0641\u064a\u062f \u0644\u0644\u0646\u0628\u0627\u062a\u0627\u062a \u062d\u062a\u0649 \u0641\u064a \u062f\u0631\u062c\u0627\u062a \u062d\u0631\u0627\u0631\u0629 \u0627\u0644\u062a\u0631\u0628\u0629 \u0627\u0644\u0645\u0646\u062e\u0641\u0636\u0629 \u0645\u0642\u0627\u0631\u0646\u0629 \u0628\u0627\u0644\u0623\u0633\u0645\u062f\u0629 \u0627\u0644\u0645\u0639\u0631\u0648\u0641\u0629 \u0627\u0644\u0623\u062e\u0631\u0649 \u0627\u0644\u062a\u064a \u062a\u062d\u062a\u0648\u064a \u0639\u0644\u0649 \u0627\u0644\u0641\u0648\u0633\u0641\u0648\u0631.<\/p>\n<p>&nbsp;<\/p>\n","protected":false},"excerpt":{"rendered":"<h3><strong>\u00a0NP G\u00dcBRE \u00c7\u00d6ZELT\u0130S\u0130<\/strong><\/h3>\n","protected":false},"featured_media":857,"template":"","meta":[],"product_cat":[168],"product_tag":[],"_links":{"self":[{"href":"https:\/\/www.nobeltarim.com\/index.php?rest_route=\/wp\/v2\/product\/891"}],"collection":[{"href":"https:\/\/www.nobeltarim.com\/index.php?rest_route=\/wp\/v2\/product"}],"about":[{"href":"https:\/\/www.nobeltarim.com\/index.php?rest_route=\/wp\/v2\/types\/product"}],"wp:featuredmedia":[{"embeddable":true,"href":"https:\/\/www.nobeltarim.com\/index.php?rest_route=\/wp\/v2\/media\/857"}],"wp:attachment":[{"href":"https:\/\/www.nobeltarim.com\/index.php?rest_route=%2Fwp%2Fv2%2Fmedia&parent=891"}],"wp:term":[{"taxonomy":"product_cat","embeddable":true,"href":"https:\/\/www.nobeltarim.com\/index.php?rest_route=%2Fwp%2Fv2%2Fproduct_cat&post=891"},{"taxonomy":"product_tag","embeddable":true,"href":"https:\/\/www.nobeltarim.com\/index.php?rest_route=%2Fwp%2Fv2%2Fproduct_tag&post=891"}],"curies":[{"name":"wp","href":"https:\/\/api.w.org\/{rel}","templated":true}]}}