{"id":890,"date":"2023-11-28T16:50:07","date_gmt":"2023-11-28T13:50:07","guid":{"rendered":"https:\/\/www.nobeltarim.com\/?post_type=product&#038;p=890"},"modified":"2023-11-28T16:50:08","modified_gmt":"2023-11-28T13:50:08","slug":"phosphor-n-3","status":"publish","type":"product","link":"https:\/\/www.nobeltarim.com\/?product=phosphor-n-3&lang=fr","title":{"rendered":"PHOSPHOR-N"},"content":{"rendered":"<p><strong>PHOSPHOR-N<\/strong><\/p>\n<p><strong>\u00a0SOLUTION D&#8217;ENGRAIS NP<\/strong><\/p>\n<p><strong>10 &#8211; 36 &#8211; 0<\/strong><\/p>\n<p><strong>\u00a0<\/strong><\/p>\n<p><strong>Teneur garantie :\u00a0\u00a0\u00a0\u00a0\u00a0\u00a0\u00a0\u00a0\u00a0\u00a0\u00a0\u00a0\u00a0\u00a0\u00a0\u00a0\u00a0\u00a0\u00a0\u00a0\u00a0\u00a0\u00a0\u00a0\u00a0\u00a0\u00a0\u00a0\u00a0\u00a0\u00a0\u00a0\u00a0\u00a0\u00a0\u00a0\u00a0\u00a0\u00a0\u00a0\u00a0\u00a0\u00a0\u00a0\u00a0\u00a0\u00a0\u00a0\u00a0\u00a0\u00a0\u00a0\u00a0\u00a0\u00a0\u00a0\u00a0\u00a0 \u00a0\u00a0\u00a0P\/P<\/strong><\/p>\n<p>Azote total\u00a0\u00a0\u00a0\u00a0\u00a0\u00a0\u00a0\u00a0\u00a0\u00a0\u00a0\u00a0\u00a0\u00a0\u00a0\u00a0\u00a0\u00a0\u00a0\u00a0\u00a0\u00a0\u00a0\u00a0\u00a0\u00a0\u00a0\u00a0\u00a0\u00a0\u00a0\u00a0\u00a0\u00a0\u00a0\u00a0\u00a0\u00a0\u00a0\u00a0\u00a0\u00a0\u00a0\u00a0\u00a0\u00a0\u00a0\u00a0\u00a0\u00a0\u00a0\u00a0\u00a0\u00a0\u00a0\u00a0\u00a0\u00a0\u00a0\u00a0\u00a0\u00a0\u00a0\u00a0\u00a0\u00a0\u00a0\u00a0\u00a0\u00a0\u00a0\u00a0 10%<\/p>\n<p>Azote ammoniacal\u00a0\u00a0\u00a0\u00a0\u00a0\u00a0\u00a0\u00a0\u00a0\u00a0\u00a0\u00a0\u00a0\u00a0\u00a0\u00a0\u00a0\u00a0\u00a0\u00a0\u00a0\u00a0\u00a0\u00a0\u00a0\u00a0\u00a0\u00a0\u00a0\u00a0\u00a0\u00a0\u00a0\u00a0\u00a0\u00a0\u00a0\u00a0\u00a0\u00a0\u00a0\u00a0\u00a0\u00a0\u00a0\u00a0\u00a0\u00a0\u00a0\u00a0\u00a0\u00a0\u00a0\u00a0\u00a0\u00a0\u00a0\u00a0\u00a0\u00a0\u00a0 \u00a05%<\/p>\n<p>Azote nitrique \u00a0\u00a0\u00a0\u00a0\u00a0\u00a0\u00a0\u00a0\u00a0\u00a0\u00a0\u00a0\u00a0\u00a0\u00a0\u00a0\u00a0\u00a0\u00a0\u00a0\u00a0\u00a0\u00a0\u00a0\u00a0\u00a0\u00a0\u00a0\u00a0\u00a0\u00a0\u00a0\u00a0\u00a0\u00a0\u00a0\u00a0\u00a0\u00a0\u00a0\u00a0\u00a0\u00a0\u00a0\u00a0\u00a0\u00a0\u00a0\u00a0\u00a0\u00a0\u00a0\u00a0\u00a0\u00a0\u00a0\u00a0\u00a0\u00a0\u00a0\u00a0\u00a0\u00a0\u00a0\u00a0\u00a0\u00a0\u00a0\u00a05%<\/p>\n<p>Pentaoxyde de phosphore soluble dans l&#8217;eau (P\u20820\u2085) \u00a0\u00a0\u00a0\u00a0\u00a0\u00a0\u00a0\u00a036%<\/p>\n<p>pH &#8230;&#8230;&#8230;&#8230;&#8230;&#8230;&#8230;&#8230;&#8230;&#8230;&#8230;&#8230;&#8230;&#8230;&#8230;&#8230;&#8230;&#8230;&#8230;&#8230;&#8230;&#8230;&#8230;&#8230;&#8230;&#8230;&#8230;&#8230;..1-3<\/p>\n<p>Densit\u00e9 (D) &#8230;&#8230;&#8230;&#8230;&#8230;&#8230;&#8230;&#8230;&#8230;&#8230;&#8230;&#8230;&#8230;&#8230;&#8230;&#8230;&#8230;&#8230;&#8230;&#8230;&#8230;&#8230;&#8230;&#8230;1.5<\/p>\n<p>Aspect Liquide transparent, clair<\/p>\n<p>&nbsp;<\/p>\n<p><strong>\u00a0 CARACT\u00c9RISTIQUES<\/strong><\/p>\n<p>Gr\u00e2ce \u00e0 l&#8217;exc\u00e8s d&#8217;atomes de phosphore qu&#8217;il contient, il assure une absorption optimale du phosphore par les plantes, \u00e0 partir du sol et des feuilles. Il apporte ainsi un appui important \u00e0 une am\u00e9lioration des rendements et de la qualit\u00e9.<\/p>\n<p>Il contient la plus grande quantit\u00e9 de phosphore sous forme liquide.<\/p>\n<p>Il favorise l&#8217;enracinement des plantes.<\/p>\n<p>Augmente la floraison et r\u00e9duit la chute des fruits.<\/p>\n<p>Il a un indice de salinit\u00e9 tr\u00e8s bas et n&#8217;a pas d&#8217;effet nocif sur les semences pendant ou apr\u00e8s le semis.<\/p>\n<p><strong>\u00a0<\/strong><\/p>\n<p><strong>APPLICATIONS<\/strong><\/p>\n<p>Il convient \u00e0 la culture en plein champ ainsi qu&#8217;\u00e0 la culture sous couvert dans les tunnels et les serres et dans les vergers.<\/p>\n<p>Il convient \u00e0 toutes les plantes.<\/p>\n<p>Il peut \u00eatre utilis\u00e9 en irrigation goutte \u00e0 goutte, en irrigation par aspersion et en application foliaire.<\/p>\n<p>En application foliaire, 400-600 cc \/ da sur toutes les plantes avant la floraison et au d\u00e9but de la floraison.<\/p>\n<p>Pour les fruits et l\u00e9gumes, l&#8217;application foliaire se fait \u00e0 raison de 400-600 cc pour 100 litres d&#8217;eau.<\/p>\n<p>Pour les applications dans les syst\u00e8mes d&#8217;irrigation au goutte-\u00e0-goutte, avant la floraison et au d\u00e9but de la floraison, l&#8217;application au sol se fait \u00e0 raison de 2-4 It\/da. sur toutes les plantes.<\/p>\n<p>Il est recommand\u00e9 d&#8217;effectuer un test de compatibilit\u00e9 avant de m\u00e9langer le produit avec des pesticides.<\/p>\n<p>&nbsp;<\/p>\n<p><strong>AVANTAGES<\/strong><\/p>\n<p>* pour les L\u00e9gumes et pendant les premiers stades de d\u00e9veloppement de certaines cultures de plein champ, Lorsqu&#8217;il est appliqu\u00e9 \u00e0 partir du sol, il contribue consid\u00e9rablement au d\u00e9veloppement des racines de la plante.<\/p>\n<p>* Il s&#8217;agit d&#8217;une formulation qui apporte un b\u00e9n\u00e9fice absolu pendant la p\u00e9riode de floraison.<\/p>\n<p>*PHOSPHOR-N est particuli\u00e8rement efficace en application foliaire.<\/p>\n<p>*PHOSPHOR-N est un engrais liquide sp\u00e9cial con\u00e7u pour p\u00e9n\u00e9trer dans la structure de la plante.<\/p>\n<p>* La formule de \u00a0PHOSPHOR-N est une source de Phosphore imm\u00e9diatement disponible, Il contient \u00e9galement de l&#8217;azote ammoniacal et de l&#8217;azote nitrique.<\/p>\n<p>*Il a la particularit\u00e9 d&#8217;\u00eatre utile aux plantes m\u00eame \u00e0 des temp\u00e9ratures de sol les plus basses par rapport aux autres engrais connus \u00e0 base de phosphore.<\/p>\n","protected":false},"excerpt":{"rendered":"<h3><strong>\u00a0NP G\u00dcBRE \u00c7\u00d6ZELT\u0130S\u0130<\/strong><\/h3>\n","protected":false},"featured_media":857,"template":"","meta":[],"product_cat":[171],"product_tag":[],"_links":{"self":[{"href":"https:\/\/www.nobeltarim.com\/index.php?rest_route=\/wp\/v2\/product\/890"}],"collection":[{"href":"https:\/\/www.nobeltarim.com\/index.php?rest_route=\/wp\/v2\/product"}],"about":[{"href":"https:\/\/www.nobeltarim.com\/index.php?rest_route=\/wp\/v2\/types\/product"}],"wp:featuredmedia":[{"embeddable":true,"href":"https:\/\/www.nobeltarim.com\/index.php?rest_route=\/wp\/v2\/media\/857"}],"wp:attachment":[{"href":"https:\/\/www.nobeltarim.com\/index.php?rest_route=%2Fwp%2Fv2%2Fmedia&parent=890"}],"wp:term":[{"taxonomy":"product_cat","embeddable":true,"href":"https:\/\/www.nobeltarim.com\/index.php?rest_route=%2Fwp%2Fv2%2Fproduct_cat&post=890"},{"taxonomy":"product_tag","embeddable":true,"href":"https:\/\/www.nobeltarim.com\/index.php?rest_route=%2Fwp%2Fv2%2Fproduct_tag&post=890"}],"curies":[{"name":"wp","href":"https:\/\/api.w.org\/{rel}","templated":true}]}}