{"id":889,"date":"2023-11-28T16:49:04","date_gmt":"2023-11-28T13:49:04","guid":{"rendered":"https:\/\/www.nobeltarim.com\/?post_type=product&#038;p=889"},"modified":"2023-11-28T16:49:04","modified_gmt":"2023-11-28T13:49:04","slug":"amontio-4","status":"publish","type":"product","link":"https:\/\/www.nobeltarim.com\/?product=amontio-4&lang=fr","title":{"rendered":"AMONTIO"},"content":{"rendered":"<p><strong>AMONTIO<\/strong><\/p>\n<p><strong>THIOSULFATE D&#8217;AMMONIUM<\/strong><\/p>\n<p><strong>Contenu garanti\u00a0:\u00a0\u00a0\u00a0\u00a0\u00a0\u00a0\u00a0\u00a0\u00a0\u00a0\u00a0\u00a0\u00a0\u00a0\u00a0 \u00a0\u00a0\u00a0\u00a0\u00a0\u00a0\u00a0\u00a0\u00a0\u00a0\u00a0\u00a0\u00a0\u00a0\u00a0P\/P<\/strong><\/p>\n<p>Azote total 1\u00a0\u00a0\u00a0\u00a0\u00a0\u00a0\u00a0\u00a0\u00a0\u00a0\u00a0\u00a0\u00a0\u00a0\u00a0\u00a0\u00a0\u00a0\u00a0\u00a0\u00a0\u00a0\u00a0\u00a0\u00a0\u00a0\u00a0\u00a0\u00a0\u00a0\u00a0\u00a0\u00a0\u00a0\u00a0\u00a0\u00a0\u00a0\u00a0 2%<\/p>\n<p>Azote d&#8217;ammonium\u00a0\u00a0\u00a0\u00a0\u00a0\u00a0\u00a0\u00a0\u00a0\u00a0\u00a0\u00a0\u00a0\u00a0\u00a0\u00a0\u00a0\u00a0\u00a0\u00a0\u00a0\u00a0\u00a0 \u00a0\u00a0\u00a012%<\/p>\n<p>Soufre total (S) \u00a0\u00a0\u00a0\u00a0\u00a0\u00a0\u00a0\u00a0\u00a0\u00a0\u00a0\u00a0\u00a0\u00a0\u00a0\u00a0\u00a0\u00a0\u00a0\u00a0\u00a0\u00a0\u00a0\u00a0\u00a0\u00a0\u00a0\u00a0\u00a0\u00a0\u00a0\u00a0\u00a0\u00a026%<\/p>\n<p>pH \u2026\u2026\u2026\u2026\u2026\u2026\u2026\u2026\u2026\u2026\u2026.. 6,5 &#8211; 8,5<\/p>\n<p>Densit\u00e9 (D) \u2026\u2026\u2026\u2026\u2026\u2026\u2026\u2026\u2026\u20261,33<\/p>\n<p>Apparence : liquide transparent.<\/p>\n<p>Odeur: Inodore<\/p>\n<p>&nbsp;<\/p>\n<p>CARACT\u00c9RISTIQUES<\/p>\n<p>AMONTIO est une solution liquide transparente de thiosulfate d&#8217;ammonium qui contribue \u00e0 augmenter le rendement en fournissant de l&#8217;azote et du soufre, qui sont les besoins fondamentaux des plantes.<\/p>\n<p>AMMONTIO est un type d&#8217;engrais qui n\u00e9cessite une technologie avanc\u00e9e et qui ne peut \u00eatre produit que dans quelques pays dans le monde. Il s&#8217;agit d&#8217;un produit de synth\u00e8se et non d&#8217;un m\u00e9lange.<\/p>\n<p>&nbsp;<\/p>\n<p>APPLICATIONS<\/p>\n<p>Il convient \u00e0 la culture en serre dans des tunnels et des serres ainsi qu&#8217;\u00e0 la culture en plein champ.<\/p>\n<p>Convient \u00e0 toutes les plantes<\/p>\n<p>Il peut \u00eatre appliqu\u00e9 avec une irrigation goutte \u00e0 goutte, une irrigation par aspersion.<\/p>\n<p>Il ne faut pas l&#8217;appliquer sur les feuilles.<\/p>\n<p>Pendant la p\u00e9riode de d\u00e9veloppement des plantes\u00a0 il s\u2019applique avec une dose de 1-2 litres par d\u00e9care, une fois tous les 15 \u00e0 20 jours avec irrigation goutte \u00e0 goutte; et \u00a02-3 litres par d\u00e9care, une fois tous les 15-20 jours avec irrigation par aspersion\u00a0.<\/p>\n<p>&nbsp;<\/p>\n<p>AVANTAGES<\/p>\n<p>*R\u00e9duit l&#8217;alcalinit\u00e9 du sol<\/p>\n<p>*Am\u00e9liore l&#8217;a\u00e9ration du sol<\/p>\n<p>* Il aide \u00e0 d\u00e9composer les r\u00e9sidus v\u00e9g\u00e9taux dans le sol.<\/p>\n<p>*Augmente la teneur en chlorophylle.<\/p>\n<p>*Il aide \u00e0 la synth\u00e8se et au fonctionnement des enzymes et des vitamines de la plante.<\/p>\n<p>* optimiser l&#8217;efficacit\u00e9 des engrais.<\/p>\n<p>*Avec son effet stabilisant de l&#8217;azote, il augmenter l&#8217;efficacit\u00e9 de l\u2019utilisation de l\u2019azote.<\/p>\n<p>* Augmente la teneur en prot\u00e9ines du fruit de la plante sur la qu&#8217;elle est utilis\u00e9.<\/p>\n<p><strong>Miscibilit\u00e9<\/strong><\/p>\n<p>AMMONTIO est compatible avec la plupart des solutions d\u2019engrais dans les plages de concentrations normales.<\/p>\n<p>AMMONTIO ne doit pas \u00eatre m\u00e9lang\u00e9 avec des engrais acides d\u2019un pH inf\u00e9rieur \u00e0 6 ou d\u2019autres mat\u00e9riaux acides.<\/p>\n<p>Des tests de compatibilit\u00e9 sont recommand\u00e9s avant de m\u00e9langer avec des pesticides.<\/p>\n","protected":false},"excerpt":{"rendered":"<h3><strong>AMONYUM T\u0130YOS\u00dcLFAT<\/strong><\/h3>\n","protected":false},"featured_media":862,"template":"","meta":[],"product_cat":[171],"product_tag":[],"_links":{"self":[{"href":"https:\/\/www.nobeltarim.com\/index.php?rest_route=\/wp\/v2\/product\/889"}],"collection":[{"href":"https:\/\/www.nobeltarim.com\/index.php?rest_route=\/wp\/v2\/product"}],"about":[{"href":"https:\/\/www.nobeltarim.com\/index.php?rest_route=\/wp\/v2\/types\/product"}],"wp:featuredmedia":[{"embeddable":true,"href":"https:\/\/www.nobeltarim.com\/index.php?rest_route=\/wp\/v2\/media\/862"}],"wp:attachment":[{"href":"https:\/\/www.nobeltarim.com\/index.php?rest_route=%2Fwp%2Fv2%2Fmedia&parent=889"}],"wp:term":[{"taxonomy":"product_cat","embeddable":true,"href":"https:\/\/www.nobeltarim.com\/index.php?rest_route=%2Fwp%2Fv2%2Fproduct_cat&post=889"},{"taxonomy":"product_tag","embeddable":true,"href":"https:\/\/www.nobeltarim.com\/index.php?rest_route=%2Fwp%2Fv2%2Fproduct_tag&post=889"}],"curies":[{"name":"wp","href":"https:\/\/api.w.org\/{rel}","templated":true}]}}