{"id":886,"date":"2023-11-28T16:45:44","date_gmt":"2023-11-28T13:45:44","guid":{"rendered":"https:\/\/www.nobeltarim.com\/?post_type=product&#038;p=886"},"modified":"2023-11-28T16:45:45","modified_gmt":"2023-11-28T13:45:45","slug":"phosphor-n-2","status":"publish","type":"product","link":"https:\/\/www.nobeltarim.com\/?product=phosphor-n-2&lang=ru","title":{"rendered":"PHOSPHOR-N"},"content":{"rendered":"<p><strong>PHOSPHOR-N <\/strong><\/p>\n<p><strong>\u0420\u0410\u0421\u0422\u0412\u041e\u0420 \u0423\u0414\u041e\u0411\u0420\u0415\u041d\u0418\u0419 NP<\/strong><\/p>\n<p><strong>10 &#8211; 36 &#8211; 0<\/strong><\/p>\n<p>&nbsp;<\/p>\n<p><strong>\u0413\u0430\u0440\u0430\u043d\u0442\u0438\u0440\u043e\u0432\u0430\u043d\u043d\u043e\u0435 \u0441\u043e\u0434\u0435\u0440\u0436\u0430\u043d\u0438\u0435:\u00a0\u00a0 \u00a0\u00a0\u00a0\u00a0\u00a0\u00a0\u00a0\u00a0\u00a0\u00a0\u00a0\u00a0\u00a0\u00a0\u00a0\u00a0\u00a0\u00a0\u00a0\u00a0\u00a0\u00a0\u00a0\u00a0\u00a0\u00a0\u00a0\u00a0\u00a0\u00a0\u00a0\u00a0\u00a0\u00a0\u00a0\u00a0\u00a0\u00a0\u00a0\u00a0 w\/w<\/strong><\/p>\n<p>\u041e\u0431\u0449\u0438\u0439 \u0430\u0437\u043e\u0442 \u00a0\u00a0\u00a0\u00a0\u00a0\u00a0\u00a0\u00a0\u00a0\u00a0\u00a0\u00a0\u00a0\u00a0\u00a0\u00a0\u00a0\u00a0\u00a0\u00a0\u00a0\u00a0\u00a0\u00a0\u00a0\u00a0\u00a0\u00a0\u00a0\u00a0\u00a0\u00a0\u00a0\u00a0\u00a0\u00a0\u00a0\u00a0\u00a0\u00a0\u00a0\u00a0\u00a0\u00a0\u00a0\u00a0\u00a0\u00a0\u00a0\u00a0\u00a0\u00a0\u00a0\u00a0\u00a0\u00a0\u00a0\u00a0\u00a0\u00a0\u00a0\u00a0\u00a0\u00a0\u00a0\u00a0\u00a0\u00a0\u00a0\u00a0\u00a0\u00a0\u00a0 %10<\/p>\n<p>\u0410\u043c\u043c\u043e\u043d\u0438\u0439\u043d\u044b\u0439 \u0430\u0437\u043e\u0442 \u00a0\u00a0\u00a0\u00a0\u00a0\u00a0\u00a0\u00a0\u00a0\u00a0\u00a0\u00a0\u00a0\u00a0\u00a0\u00a0\u00a0\u00a0\u00a0\u00a0\u00a0\u00a0\u00a0\u00a0\u00a0\u00a0\u00a0\u00a0\u00a0\u00a0\u00a0\u00a0\u00a0\u00a0\u00a0\u00a0\u00a0\u00a0\u00a0\u00a0\u00a0\u00a0\u00a0\u00a0\u00a0\u00a0\u00a0\u00a0\u00a0\u00a0\u00a0\u00a0\u00a0\u00a0\u00a0\u00a0\u00a0\u00a0\u00a0\u00a0\u00a0\u00a0\u00a0 %5<\/p>\n<p>\u041d\u0438\u0442\u0440\u0430\u0442\u043d\u044b\u0439 \u0430\u0437\u043e\u0442\u00a0\u00a0\u00a0\u00a0\u00a0\u00a0\u00a0\u00a0\u00a0\u00a0\u00a0\u00a0\u00a0\u00a0\u00a0\u00a0\u00a0\u00a0\u00a0\u00a0\u00a0\u00a0\u00a0\u00a0\u00a0\u00a0\u00a0\u00a0\u00a0\u00a0\u00a0\u00a0\u00a0\u00a0\u00a0\u00a0\u00a0\u00a0\u00a0\u00a0\u00a0\u00a0\u00a0\u00a0\u00a0\u00a0\u00a0\u00a0\u00a0\u00a0\u00a0\u00a0\u00a0\u00a0\u00a0\u00a0\u00a0\u00a0\u00a0\u00a0\u00a0\u00a0\u00a0\u00a0\u00a0\u00a0\u00a0\u00a0 %5<\/p>\n<p>\u0412\u043e\u0434\u043e\u0440\u0430\u0441\u0442\u0432\u043e\u0440\u0438\u043c\u044b\u0439 \u043f\u0435\u043d\u0442\u0430\u043e\u043a\u0441\u0438\u0434 \u0444\u043e\u0441\u0444\u043e\u0440\u0430 (P\u20820\u2085)\u00a0\u00a0\u00a0\u00a0\u00a0\u00a0\u00a0\u00a0\u00a0\u00a0\u00a0\u00a0\u00a0\u00a0\u00a0\u00a0\u00a0\u00a0\u00a0\u00a0\u00a0 %36<\/p>\n<p>pH ..\u2026\u2026\u2026\u2026\u2026\u2026\u2026\u2026\u2026\u2026\u2026\u2026\u2026\u2026\u2026\u2026\u2026\u2026\u2026\u2026\u2026\u2026\u2026\u2026\u2026\u2026\u2026\u2026\u2026\u2026\u2026\u2026\u2026\u2026.1-3<\/p>\n<p>\u041f\u043b\u043e\u0442\u043d\u043e\u0441\u0442\u044c (D)\u2026\u2026\u2026\u2026\u2026\u2026\u2026\u2026\u2026\u2026\u2026\u2026\u2026\u2026\u2026\u2026\u2026\u2026\u2026\u2026\u2026\u2026\u2026\u2026\u2026\u2026\u2026\u2026\u20261.5<\/p>\n<p>\u0412\u043d\u0435\u0448\u043d\u0438\u0439 \u0432\u0438\u0434 \u041f\u0440\u043e\u0437\u0440\u0430\u0447\u043d\u0430\u044f, \u0447\u0438\u0441\u0442\u0430\u044f \u0436\u0438\u0434\u043a\u043e\u0441\u0442\u044c<\/p>\n<p>&nbsp;<\/p>\n<p><strong>\u0421\u0412\u041e\u0419\u0421\u0422\u0412\u0410<\/strong><\/p>\n<p>\u0411\u043b\u0430\u0433\u043e\u0434\u0430\u0440\u044f \u0438\u0437\u0431\u044b\u0442\u043a\u0443 \u0441\u043e\u0434\u0435\u0440\u0436\u0430\u0449\u0438\u0445\u0441\u044f \u0432 \u043d\u0435\u043c \u0430\u0442\u043e\u043c\u043e\u0432 \u0444\u043e\u0441\u0444\u043e\u0440\u0430 \u043e\u0431\u0435\u0441\u043f\u0435\u0447\u0438\u0432\u0430\u0435\u0442 \u043e\u043f\u0442\u0438\u043c\u0430\u043b\u044c\u043d\u043e\u0435 \u0443\u0441\u0432\u043e\u0435\u043d\u0438\u0435 \u0444\u043e\u0441\u0444\u043e\u0440\u0430 \u0440\u0430\u0441\u0442\u0435\u043d\u0438\u044f\u043c\u0438 \u043a\u0430\u043a \u0438\u0437 \u043f\u043e\u0447\u0432\u044b, \u0442\u0430\u043a \u0438 \u0438\u0437 \u043b\u0438\u0441\u0442\u044c\u0435\u0432. \u0422\u0430\u043a\u0438\u043c \u043e\u0431\u0440\u0430\u0437\u043e\u043c, \u043e\u043d \u043e\u0431\u0435\u0441\u043f\u0435\u0447\u0438\u0432\u0430\u0435\u0442 \u043f\u0440\u0435\u0432\u043e\u0441\u0445\u043e\u0434\u043d\u0443\u044e \u043f\u043e\u0434\u0434\u0435\u0440\u0436\u043a\u0443 \u0434\u043b\u044f \u043f\u043e\u0432\u044b\u0448\u0435\u043d\u0438\u044f \u0443\u0440\u043e\u0436\u0430\u0439\u043d\u043e\u0441\u0442\u0438 \u0438 \u043a\u0430\u0447\u0435\u0441\u0442\u0432\u0430 \u043f\u0440\u043e\u0434\u0443\u043a\u0446\u0438\u0438.<\/p>\n<p>\u0421\u043e\u0434\u0435\u0440\u0436\u0438\u0442 \u043d\u0430\u0438\u0431\u043e\u043b\u044c\u0448\u0435\u0435 \u043a\u043e\u043b\u0438\u0447\u0435\u0441\u0442\u0432\u043e \u0444\u043e\u0441\u0444\u043e\u0440\u0430 \u0432 \u0436\u0438\u0434\u043a\u043e\u0439 \u0444\u043e\u0440\u043c\u0435.<\/p>\n<p>\u042f\u0432\u043b\u044f\u0435\u0442\u0441\u044f \u043e\u0447\u0435\u043d\u044c \u0445\u043e\u0440\u043e\u0448\u0438\u043c \u0443\u043a\u043e\u0440\u0435\u043d\u044f\u044e\u0449\u0438\u043c \u0430\u0433\u0435\u043d\u0442\u043e\u043c.<\/p>\n<p>\u0423\u0441\u0438\u043b\u0438\u0432\u0430\u0435\u0442 \u0446\u0432\u0435\u0442\u0435\u043d\u0438\u0435 \u0438 \u0441\u043d\u0438\u0436\u0430\u0435\u0442 \u043e\u043f\u0430\u0434\u0435\u043d\u0438\u0435 \u043f\u043b\u043e\u0434\u043e\u0432.<\/p>\n<p>\u0418\u043c\u0435\u0435\u0442 \u043e\u0447\u0435\u043d\u044c \u043d\u0438\u0437\u043a\u0438\u0439 \u0438\u043d\u0434\u0435\u043a\u0441 \u0437\u0430\u0441\u043e\u043b\u0435\u043d\u0438\u044f \u0438 \u043d\u0435 \u043e\u043a\u0430\u0437\u044b\u0432\u0430\u0435\u0442 \u0432\u0440\u0435\u0434\u043d\u043e\u0433\u043e \u0432\u043e\u0437\u0434\u0435\u0439\u0441\u0442\u0432\u0438\u044f \u043d\u0430 \u043a\u043e\u043d\u0442\u0430\u043a\u0442 \u0441 \u0441\u0435\u043c\u0435\u043d\u0430\u043c\u0438 \u0432\u043e \u0432\u0440\u0435\u043c\u044f \u0438 \u043f\u043e\u0441\u043b\u0435 \u043f\u043e\u0441\u0435\u0432\u0430.<\/p>\n<p>&nbsp;<\/p>\n<p><strong>\u041e\u0411\u041b\u0410\u0421\u0422\u0418 \u041f\u0420\u0418\u041c\u0415\u041d\u0415\u041d\u0418\u042f<\/strong><\/p>\n<p>\u041f\u0440\u0438\u043c\u0435\u043d\u044f\u0435\u0442\u0441\u044f \u043a\u0430\u043a \u043f\u0440\u0438 \u0432\u044b\u0440\u0430\u0449\u0438\u0432\u0430\u043d\u0438\u0438 \u0432 \u043e\u0442\u043a\u0440\u044b\u0442\u043e\u043c \u0433\u0440\u0443\u043d\u0442\u0435, \u0442\u0430\u043a \u0438 \u043f\u043e\u0434 \u0443\u043a\u0440\u044b\u0442\u0438\u0435\u043c \u0432 \u0442\u0443\u043d\u043d\u0435\u043b\u044f\u0445 \u0438 \u0442\u0435\u043f\u043b\u0438\u0446\u0430\u0445, \u0430 \u0442\u0430\u043a\u0436\u0435 \u0432 \u0441\u0430\u0434\u0430\u0445.<\/p>\n<p>\u041f\u0440\u0438\u043c\u0435\u043d\u044f\u0435\u0442\u0441\u044f \u0434\u043b\u044f \u0432\u0441\u0435\u0445 \u0440\u0430\u0441\u0442\u0435\u043d\u0438\u0439.<\/p>\n<p>\u0412\u043e\u0437\u043c\u043e\u0436\u043d\u043e \u043a\u0430\u043f\u0435\u043b\u044c\u043d\u043e\u0435 \u043e\u0440\u043e\u0448\u0435\u043d\u0438\u0435, \u0434\u043e\u0436\u0434\u0435\u0432\u0430\u043d\u0438\u0435 \u0438 \u0432\u043d\u0435\u043a\u043e\u0440\u043d\u0435\u0432\u043e\u0435 \u043f\u0440\u0438\u043c\u0435\u043d\u0435\u043d\u0438\u0435.<\/p>\n<p>\u041f\u0440\u0438 \u0432\u043d\u0435\u043a\u043e\u0440\u043d\u0435\u0432\u043e\u043c \u043f\u0440\u0438\u043c\u0435\u043d\u0435\u043d\u0438\u0438 &#8211; 400-600 \u043a\u0443\u0431. \u0441\u043c\/\u0433\u0430 \u043f\u043e \u0432\u0441\u0435\u043c \u0440\u0430\u0441\u0442\u0435\u043d\u0438\u044f\u043c \u043f\u0435\u0440\u0435\u0434 \u0446\u0432\u0435\u0442\u0435\u043d\u0438\u0435\u043c \u0438 \u0432 \u043d\u0430\u0447\u0430\u043b\u0435 \u0446\u0432\u0435\u0442\u0435\u043d\u0438\u044f.<\/p>\n<p>\u041d\u0430 \u0444\u0440\u0443\u043a\u0442\u0430\u0445 \u0438 \u043e\u0432\u043e\u0449\u0430\u0445 \u0432\u043d\u0435\u043a\u043e\u0440\u043d\u0435\u0432\u043e\u0435 \u0432\u043d\u0435\u0441\u0435\u043d\u0438\u0435 \u043f\u0440\u043e\u0438\u0437\u0432\u043e\u0434\u0438\u0442\u0441\u044f \u0438\u0437 \u0440\u0430\u0441\u0447\u0435\u0442\u0430 400-600 \u043a\u0443\u0431. \u0441\u043c \u043d\u0430 100 \u043b \u0432\u043e\u0434\u044b.<\/p>\n<p>\u041f\u0440\u0438 \u043f\u0440\u0438\u043c\u0435\u043d\u0435\u043d\u0438\u0438 \u0432 \u0441\u0438\u0441\u0442\u0435\u043c\u0430\u0445 \u043a\u0430\u043f\u0435\u043b\u044c\u043d\u043e\u0433\u043e \u043e\u0440\u043e\u0448\u0435\u043d\u0438\u044f; \u043f\u0435\u0440\u0435\u0434 \u0446\u0432\u0435\u0442\u0435\u043d\u0438\u0435\u043c \u0438 \u0432 \u043d\u0430\u0447\u0430\u043b\u0435 \u0446\u0432\u0435\u0442\u0435\u043d\u0438\u044f \u0432 \u043f\u043e\u0447\u0432\u0443 \u0432\u043d\u043e\u0441\u0438\u0442\u0441\u044f 2-4 \u0438\u0442\/\u0433\u0430 \u043d\u0430 \u0432\u0441\u0435 \u0440\u0430\u0441\u0442\u0435\u043d\u0438\u044f.<\/p>\n<p>\u041f\u0435\u0440\u0435\u0434 \u0441\u043c\u0435\u0448\u0438\u0432\u0430\u043d\u0438\u0435\u043c \u0441 \u043f\u0435\u0441\u0442\u0438\u0446\u0438\u0434\u0430\u043c\u0438 \u0440\u0435\u043a\u043e\u043c\u0435\u043d\u0434\u0443\u0435\u0442\u0441\u044f \u043f\u0440\u043e\u0432\u0435\u0441\u0442\u0438 \u0442\u0435\u0441\u0442 \u043d\u0430 \u0441\u043e\u0432\u043c\u0435\u0441\u0442\u0438\u043c\u043e\u0441\u0442\u044c.<\/p>\n<p>&nbsp;<\/p>\n<p><strong>\u0411\u0415\u041d\u0415\u0424\u0418\u0426\u0418\u0422\u042b<\/strong><\/p>\n<p>*\u041e\u0432\u043e\u0449\u0438 \u0438 \u0440\u0430\u043d\u043d\u0438\u0435 \u0441\u0442\u0430\u0434\u0438\u0438 \u0440\u0430\u0437\u0432\u0438\u0442\u0438\u044f \u043d\u0435\u043a\u043e\u0442\u043e\u0440\u044b\u0445 \u043f\u043e\u043b\u0435\u0432\u044b\u0445 \u043a\u0443\u043b\u044c\u0442\u0443\u0440,<\/p>\n<p>\u041f\u0440\u0438 \u0432\u043d\u0435\u0441\u0435\u043d\u0438\u0438 \u0438\u0437 \u043f\u043e\u0447\u0432\u044b \u0432\u043d\u043e\u0441\u0438\u0442 \u0431\u043e\u043b\u044c\u0448\u043e\u0439 \u0432\u043a\u043b\u0430\u0434 \u0432 \u0441\u043a\u043e\u0440\u043e\u0441\u0442\u044c \u0440\u0430\u0437\u0432\u0438\u0442\u0438\u044f \u043a\u043e\u0440\u043d\u0435\u0439 \u0440\u0430\u0441\u0442\u0435\u043d\u0438\u0439.<\/p>\n<p>*\u042d\u0442\u043e\u0442 \u043f\u0440\u0435\u043f\u0430\u0440\u0430\u0442 \u043e\u0431\u0435\u0441\u043f\u0435\u0447\u0438\u0432\u0430\u0435\u0442 \u0430\u0431\u0441\u043e\u043b\u044e\u0442\u043d\u0443\u044e \u043f\u043e\u043b\u044c\u0437\u0443 \u0432 \u043f\u0435\u0440\u0438\u043e\u0434 \u0446\u0432\u0435\u0442\u0435\u043d\u0438\u044f.<\/p>\n<p>*PHOSPHOR-N \u043e\u0441\u043e\u0431\u0435\u043d\u043d\u043e \u044d\u0444\u0444\u0435\u043a\u0442\u0438\u0432\u0435\u043d \u043f\u0440\u0438 \u0432\u043d\u0435\u043a\u043e\u0440\u043d\u0435\u0432\u043e\u0439 \u043f\u043e\u0434\u043a\u043e\u0440\u043c\u043a\u0435.<\/p>\n<p>\u042d\u0442\u043e \u0441\u043f\u0435\u0446\u0438\u0430\u043b\u044c\u043d\u043e\u0435 \u0436\u0438\u0434\u043a\u043e\u0435 \u0443\u0434\u043e\u0431\u0440\u0435\u043d\u0438\u0435, \u0440\u0430\u0437\u0440\u0430\u0431\u043e\u0442\u0430\u043d\u043d\u043e\u0435 \u0434\u043b\u044f \u043f\u0440\u043e\u0445\u043e\u0436\u0434\u0435\u043d\u0438\u044f \u0432 \u0441\u0442\u0440\u0443\u043a\u0442\u0443\u0440\u0443 \u0440\u0430\u0441\u0442\u0435\u043d\u0438\u044f.<\/p>\n<p>*PHOSPHOR-N \u044f\u0432\u043b\u044f\u0435\u0442\u0441\u044f \u0438\u0441\u0442\u043e\u0447\u043d\u0438\u043a\u043e\u043c \u0444\u043e\u0441\u0444\u043e\u0440\u0430, \u043d\u0435\u043c\u0435\u0434\u043b\u0435\u043d\u043d\u043e \u0434\u043e\u0441\u0442\u0443\u043f\u043d\u043e\u0433\u043e \u0432 \u0444\u043e\u043c\u0443\u043b\u0435.<\/p>\n<p>\u041a\u0440\u043e\u043c\u0435 \u0442\u043e\u0433\u043e, \u043e\u043d \u0441\u043e\u0434\u0435\u0440\u0436\u0438\u0442 \u0430\u043c\u043c\u043e\u043d\u0438\u0439\u043d\u044b\u0439 \u0438 \u043d\u0438\u0442\u0440\u0430\u0442\u043d\u044b\u0439 \u0430\u0437\u043e\u0442.<\/p>\n<p>*\u041f\u043e \u0441\u0440\u0430\u0432\u043d\u0435\u043d\u0438\u044e \u0441 \u0434\u0440\u0443\u0433\u0438\u043c\u0438 \u0438\u0437\u0432\u0435\u0441\u0442\u043d\u044b\u043c\u0438 \u0444\u043e\u0441\u0444\u043e\u0440\u043d\u044b\u043c\u0438 \u0443\u0434\u043e\u0431\u0440\u0435\u043d\u0438\u044f\u043c\u0438 \u0441\u043d\u0438\u0436\u0430\u0435\u0442 \u043f\u043b\u043e\u0434\u043e\u0440\u043e\u0434\u0438\u0435 \u043f\u043e\u0447\u0432\u044b<\/p>\n<p>\u043e\u0431\u043b\u0430\u0434\u0430\u0435\u0442 \u0441\u043f\u043e\u0441\u043e\u0431\u043d\u043e\u0441\u0442\u044c\u044e \u0431\u044b\u0442\u044c \u043f\u043e\u043b\u0435\u0437\u043d\u044b\u043c \u0434\u043b\u044f \u0440\u0430\u0441\u0442\u0435\u043d\u0438\u0439 \u0434\u0430\u0436\u0435 \u043f\u0440\u0438 \u0442\u0435\u043c\u043f\u0435\u0440\u0430\u0442\u0443\u0440\u0435<\/p>\n","protected":false},"excerpt":{"rendered":"<h3><strong>\u00a0NP G\u00dcBRE \u00c7\u00d6ZELT\u0130S\u0130<\/strong><\/h3>\n","protected":false},"featured_media":857,"template":"","meta":[],"product_cat":[163],"product_tag":[],"_links":{"self":[{"href":"https:\/\/www.nobeltarim.com\/index.php?rest_route=\/wp\/v2\/product\/886"}],"collection":[{"href":"https:\/\/www.nobeltarim.com\/index.php?rest_route=\/wp\/v2\/product"}],"about":[{"href":"https:\/\/www.nobeltarim.com\/index.php?rest_route=\/wp\/v2\/types\/product"}],"wp:featuredmedia":[{"embeddable":true,"href":"https:\/\/www.nobeltarim.com\/index.php?rest_route=\/wp\/v2\/media\/857"}],"wp:attachment":[{"href":"https:\/\/www.nobeltarim.com\/index.php?rest_route=%2Fwp%2Fv2%2Fmedia&parent=886"}],"wp:term":[{"taxonomy":"product_cat","embeddable":true,"href":"https:\/\/www.nobeltarim.com\/index.php?rest_route=%2Fwp%2Fv2%2Fproduct_cat&post=886"},{"taxonomy":"product_tag","embeddable":true,"href":"https:\/\/www.nobeltarim.com\/index.php?rest_route=%2Fwp%2Fv2%2Fproduct_tag&post=886"}],"curies":[{"name":"wp","href":"https:\/\/api.w.org\/{rel}","templated":true}]}}