{"id":834,"date":"2023-10-17T18:58:03","date_gmt":"2023-10-17T18:58:03","guid":{"rendered":"http:\/\/www.nobeltarim.com\/?post_type=product&#038;p=834"},"modified":"2023-10-17T18:58:03","modified_gmt":"2023-10-17T18:58:03","slug":"fumica","status":"publish","type":"product","link":"https:\/\/www.nobeltarim.com\/?product=fumica","title":{"rendered":"FUMICA"},"content":{"rendered":"<p><strong>FUMICA<\/strong><\/p>\n<p><strong>Pestisit Aplikat\u00f6r\u00fc \u2013 Fumigator <\/strong><\/p>\n<p>Fumica bir karbondioksit \u00fcreteci olup i\u00e7erisine konulan bir\u00e7ok \u00fcr\u00fcn\u00fc, kendi yap\u0131s\u0131na zarar vermeden gaz haline d\u00f6n\u00fc\u015ft\u00fcren karbon bazl\u0131 bir \u00fcr\u00fcnd\u00fcr. 1 kg&#8217;lik Fumica kutusu en az 1000 m\u00b2 (h=4 mt) alana gaz yayma kapasitesine sahiptir.<\/p>\n<p>&nbsp;<\/p>\n<p><strong>Fumica Uygulamas\u0131:<\/strong><\/p>\n<p>Fumica uygulanacak yerde e\u011fer varsa t\u00fcm canl\u0131 hayvanlar (kovan, evcil hayvan v.s.) d\u0131\u015far\u0131 al\u0131narak t\u00fcm havaland\u0131rmalar kapat\u0131l\u0131r. Fumica kutusu uygulama alan\u0131n\u0131n yakla\u015f\u0131k orta k\u0131sm\u0131na yerle\u015ftirilir. Burada Fumica&#8217; n\u0131n kapa\u011f\u0131 a\u00e7\u0131larak orta k\u0131sm\u0131nda bulunan t\u00fcp d\u0131\u015far\u0131 \u00e7\u0131kar\u0131l\u0131r. Burada olu\u015fan bo\u015flu\u011fa gaz haline getirilmek istenen \u00fcr\u00fcn konulur. \u00c7\u0131kar\u0131lan t\u00fcp i\u00e7indeki ate\u015fleme \u00e7ubu\u011fu da bu \u00fcr\u00fcne de\u011fmeyecek \u015fekilde Fumica&#8217;ya yerle\u015ftirilerek \u00e7akmakla tutu\u015fturulur. Gaz \u00e7\u0131k\u0131\u015f\u0131 ba\u015flad\u0131ktan sonra uygu- lama alan\u0131 d\u0131\u015f\u0131na \u00e7\u0131k\u0131l\u0131r.<\/p>\n<p>&nbsp;<\/p>\n<p><strong>Dikkat Edilecek Hususlar:<\/strong><\/p>\n<ul>\n<li>Fumica, 120 ml. s\u0131v\u0131 \u00fcr\u00fcn\u00fc veya 60 gr. toz \u00fcr\u00fcn\u00fc gaz haline \u00e7evirir.<\/li>\n<li>Oyuk kapasitesini a\u015fmayacak \u015fekilde 2 veya daha fazla form\u00fclasyonlu kar\u0131\u015f\u0131m yap\u0131labilir.<\/li>\n<li>R\u00fczg\u00e2rl\u0131 havalarda kullanmay\u0131n\u0131z.<\/li>\n<li>En iyi uygulama zaman\u0131 \u00f6\u011flenden sonra s\u0131cakl\u0131\u011f\u0131n iyice d\u00fc\u015ft\u00fc\u011f\u00fc ak\u015fam\u00fcst\u00fc saatleridir. Uygulama yap\u0131lan alan\u0131 ertesi sabaha kadar kapal\u0131 tutunuz. Sabah erkenden iyice havaland\u0131r\u0131n\u0131z.<\/li>\n<li>Fumica uygulamas\u0131 s\u0131ras\u0131nda kutunun taban\u0131nda y\u00fcksek \u0131s\u0131 olu\u015faca\u011f\u0131ndan direkt plastik vs. gibi yan\u0131c\u0131 zemin \u00fczerine koymay\u0131n\u0131z.<\/li>\n<li>Fumica&#8217;y\u0131 k\u0131v\u0131lc\u0131mla tutu\u015fabilecek maddelerden en az 2-3 mt uzakl\u0131kta uygulay\u0131n\u0131z.<\/li>\n<li>Daha k\u00fc\u00e7\u00fck alan uygulamalar\u0131 yapmak i\u00e7in fumica&#8217; y\u0131 ikiye veya \u00fc\u00e7e b\u00f6l\u00fcp orijinal oyuk yap\u0131s\u0131n\u0131 bozmay\u0131n\u0131z.<\/li>\n<\/ul>\n","protected":false},"excerpt":{"rendered":"<h3><strong>Pestisit Aplikat\u00f6r\u00fc \u2013 Fumigator <\/strong><\/h3>\n","protected":false},"featured_media":636,"template":"","meta":[],"product_cat":[83],"product_tag":[],"_links":{"self":[{"href":"https:\/\/www.nobeltarim.com\/index.php?rest_route=\/wp\/v2\/product\/834"}],"collection":[{"href":"https:\/\/www.nobeltarim.com\/index.php?rest_route=\/wp\/v2\/product"}],"about":[{"href":"https:\/\/www.nobeltarim.com\/index.php?rest_route=\/wp\/v2\/types\/product"}],"wp:featuredmedia":[{"embeddable":true,"href":"https:\/\/www.nobeltarim.com\/index.php?rest_route=\/wp\/v2\/media\/636"}],"wp:attachment":[{"href":"https:\/\/www.nobeltarim.com\/index.php?rest_route=%2Fwp%2Fv2%2Fmedia&parent=834"}],"wp:term":[{"taxonomy":"product_cat","embeddable":true,"href":"https:\/\/www.nobeltarim.com\/index.php?rest_route=%2Fwp%2Fv2%2Fproduct_cat&post=834"},{"taxonomy":"product_tag","embeddable":true,"href":"https:\/\/www.nobeltarim.com\/index.php?rest_route=%2Fwp%2Fv2%2Fproduct_tag&post=834"}],"curies":[{"name":"wp","href":"https:\/\/api.w.org\/{rel}","templated":true}]}}