{"id":832,"date":"2023-10-17T18:56:17","date_gmt":"2023-10-17T18:56:17","guid":{"rendered":"http:\/\/www.nobeltarim.com\/?post_type=product&#038;p=832"},"modified":"2023-10-31T08:23:20","modified_gmt":"2023-10-31T08:23:20","slug":"easy-wet","status":"publish","type":"product","link":"https:\/\/www.nobeltarim.com\/?product=easy-wet","title":{"rendered":"EASY-WET"},"content":{"rendered":"<p><strong>EASY-WET<\/strong><\/p>\n<p><strong>Yay\u0131c\u0131 Yap\u0131\u015ft\u0131r\u0131c\u0131<\/strong><\/p>\n<p><strong>Etkili Maddeler<\/strong><\/p>\n<p>\u0130yonik olmayan yay\u0131c\u0131 ve yap\u0131\u015ft\u0131r\u0131c\u0131lar.\u00a0\u00a0\u00a0\u00a0\u00a0\u00a0\u00a0 %90<\/p>\n<p>Dolgu Maddeleri\u00a0\u00a0\u00a0\u00a0\u00a0\u00a0\u00a0\u00a0\u00a0\u00a0\u00a0\u00a0\u00a0\u00a0\u00a0\u00a0\u00a0\u00a0\u00a0\u00a0\u00a0\u00a0\u00a0\u00a0\u00a0\u00a0\u00a0\u00a0\u00a0\u00a0\u00a0\u00a0\u00a0\u00a0\u00a0\u00a0\u00a0\u00a0\u00a0\u00a0\u00a0\u00a0\u00a0 \u00a0%10<\/p>\n<p>Toplam\u00a0\u00a0\u00a0\u00a0\u00a0\u00a0\u00a0\u00a0\u00a0\u00a0\u00a0\u00a0\u00a0\u00a0\u00a0\u00a0\u00a0\u00a0\u00a0\u00a0\u00a0\u00a0\u00a0\u00a0\u00a0\u00a0\u00a0\u00a0\u00a0\u00a0\u00a0\u00a0\u00a0\u00a0\u00a0\u00a0\u00a0\u00a0\u00a0\u00a0\u00a0\u00a0\u00a0\u00a0\u00a0\u00a0\u00a0\u00a0\u00a0\u00a0\u00a0\u00a0\u00a0\u00a0\u00a0\u00a0\u00a0\u00a0\u00a0\u00a0 %100<\/p>\n<p>KULLANIM \u015eEKL\u0130:<\/p>\n<p>&nbsp;<\/p>\n<p>EASY.WET genel ama\u00e7l\u0131 iyonik olmayan y\u00fczey aktif yay\u0131c\u0131 ve yap\u0131\u015ft\u0131r\u0131c\u0131d\u0131r \u00c7o\u011fu insektisit, fungusit, herbisit, akarisit ve defoliant ile birlikte bu maddelerin etkinli\u011fini artt\u0131rmak ve onlar\u0131 iyice yayarak bitki y\u00fczeyinin daha iyi \u0131slanmas\u0131n\u0131 sa\u011flar. EASY.WET aktif maddenin tutunma yetene\u011fini artt\u0131r\u0131r ve yapra\u011f\u0131n y\u00fczeyindeki sert tabakay\u0131 ge\u00e7erek yapra\u011f\u0131n i\u00e7 h\u00fccrelerine ula\u015fmas\u0131n\u0131 sa\u011flar.<\/p>\n<p>KULLANMA DOZLARI:<\/p>\n<p>&nbsp;<\/p>\n<p>Fungusitler\u00a0\u00a0\u00a0\u00a0\u00a0\u00a0\u00a0\u00a0\u00a0\u00a0 \u00a0\u00a0\u00a0\u00a0\u00a0\u00a0\u00a0\u00a0\u00a0\u00a0\u00a0\u00a0\u00a0100 Lt. suya 25-50 cc<\/p>\n<p>Insektisitler\u00a0\u00a0\u00a0\u00a0\u00a0\u00a0\u00a0\u00a0 \u00a0\u00a0\u00a0\u00a0\u00a0\u00a0\u00a0\u00a0\u00a0\u00a0\u00a0\u00a0\u00a0\u00a0100 Lt. suya 25-50 cc<\/p>\n<p>Herbisitler\u00a0\u00a0\u00a0\u00a0\u00a0\u00a0\u00a0\u00a0\u00a0\u00a0 \u00a0\u00a0\u00a0\u00a0\u00a0\u00a0\u00a0\u00a0\u00a0\u00a0\u00a0\u00a0\u00a0\u00a0100 Lt. suya 25-50 cc<\/p>\n<p>Akakrisitler\u00a0\u00a0\u00a0\u00a0\u00a0\u00a0\u00a0\u00a0\u00a0\u00a0\u00a0\u00a0\u00a0\u00a0\u00a0\u00a0\u00a0\u00a0\u00a0\u00a0\u00a0\u00a0\u00a0 100 Lt. suya 25-50 cc<\/p>\n<p>Yaprak G\u00fcbreleri\u00a0\u00a0\u00a0\u00a0\u00a0\u00a0\u00a0\u00a0\u00a0\u00a0\u00a0\u00a0\u00a0\u00a0 100 Lt. suya 25-50 cc<\/p>\n<p>Defoliantler\u00a0\u00a0\u00a0\u00a0\u00a0\u00a0\u00a0\u00a0\u00a0\u00a0\u00a0\u00a0\u00a0\u00a0\u00a0\u00a0\u00a0\u00a0\u00a0\u00a0\u00a0\u00a0\u00a0 100 Ltsuya 150-300 cc<\/p>\n<p>\u0130la\u015flama aleti temizli\u011fi\u00a0\u00a0\u00a0\u00a0\u00a0 100 Ltsuya 150-300 cc<\/p>\n<p>&nbsp;<\/p>\n<p>KARI\u015eIMIN HAZIRLANMASI:<\/p>\n<p>\u0130la\u00e7lama aletinin deposu \u00f6nce yar\u0131ya kadar su ile doldurulur. Tavsiye edilen miktarda tar\u0131m ilac\u0131 ayr\u0131 bir kapta suda eritilip depoya ilave edilir ve su ile tamamlan\u0131r. Depo su ile tamamen doldurulmadan k\u0131sa bir s\u00fcre \u00f6nce EASY.WET ilave edilir<\/p>\n<p><strong>\u00a0\u00a0\u00a0\u00a0\u00a0 <\/strong><\/p>\n","protected":false},"excerpt":{"rendered":"<h3><strong>Yay\u0131c\u0131 Yap\u0131\u015ft\u0131r\u0131c\u0131<\/strong><\/h3>\n","protected":false},"featured_media":855,"template":"","meta":[],"product_cat":[83],"product_tag":[],"_links":{"self":[{"href":"https:\/\/www.nobeltarim.com\/index.php?rest_route=\/wp\/v2\/product\/832"}],"collection":[{"href":"https:\/\/www.nobeltarim.com\/index.php?rest_route=\/wp\/v2\/product"}],"about":[{"href":"https:\/\/www.nobeltarim.com\/index.php?rest_route=\/wp\/v2\/types\/product"}],"wp:featuredmedia":[{"embeddable":true,"href":"https:\/\/www.nobeltarim.com\/index.php?rest_route=\/wp\/v2\/media\/855"}],"wp:attachment":[{"href":"https:\/\/www.nobeltarim.com\/index.php?rest_route=%2Fwp%2Fv2%2Fmedia&parent=832"}],"wp:term":[{"taxonomy":"product_cat","embeddable":true,"href":"https:\/\/www.nobeltarim.com\/index.php?rest_route=%2Fwp%2Fv2%2Fproduct_cat&post=832"},{"taxonomy":"product_tag","embeddable":true,"href":"https:\/\/www.nobeltarim.com\/index.php?rest_route=%2Fwp%2Fv2%2Fproduct_tag&post=832"}],"curies":[{"name":"wp","href":"https:\/\/api.w.org\/{rel}","templated":true}]}}