{"id":828,"date":"2023-10-17T18:51:11","date_gmt":"2023-10-17T18:51:11","guid":{"rendered":"http:\/\/www.nobeltarim.com\/?post_type=product&#038;p=828"},"modified":"2023-10-17T18:51:11","modified_gmt":"2023-10-17T18:51:11","slug":"bonza","status":"publish","type":"product","link":"https:\/\/www.nobeltarim.com\/?product=bonza","title":{"rendered":"BONZA"},"content":{"rendered":"<p><strong>BONZA<\/strong><\/p>\n<p>&nbsp;<\/p>\n<p>GARANT\u0130 ED\u0130LEN \u0130\u00c7ER\u0130K\u00a0\u00a0\u00a0 W\/W<\/p>\n<p>Suda \u00c7\u00f6z\u00fcn\u00fcr \u00c7inko (Zn)\u00a0\u00a0\u00a0\u00a0\u00a0\u00a0\u00a0\u00a0\u00a0\u00a0\u00a0 %3<\/p>\n<p>&nbsp;<\/p>\n<p><strong>Bitki Bo\u011fum Aras\u0131 K\u0131salt\u0131c\u0131<\/strong><\/p>\n<table>\n<tbody>\n<tr>\n<td width=\"205\">\u00dcR\u00dcN ADI<\/td>\n<td width=\"205\">DOZU (dekara)<\/td>\n<td width=\"205\">KULLANMA ZAMANI<\/td>\n<\/tr>\n<tr>\n<td width=\"205\">Domates<\/td>\n<td width=\"205\">Damla sulama sistemi ile<\/p>\n<p>500 cc\/da<\/td>\n<td width=\"205\">2. \u00e7i\u00e7ekten hasata kadar<\/td>\n<\/tr>\n<tr>\n<td width=\"205\">Biber<\/td>\n<td width=\"205\">Damla sulama sistemi ile \u00a0\u00a0\u00a0\u00a0\u00a0400 cc-500 cc\/da<\/td>\n<td width=\"205\">2. \u00e7i\u00e7ekten hasata kadar<\/p>\n<p><strong>\u00a0<\/strong><\/td>\n<\/tr>\n<tr>\n<td width=\"205\">Patl\u0131can<\/td>\n<td width=\"205\">Damla sulama sistemi ile\u00a0\u00a0\u00a0\u00a0 \u00a0500 cc\/da<\/td>\n<td width=\"205\">2. \u00e7i\u00e7ekten hasata kadar<\/p>\n<p><strong>\u00a0<\/strong><\/td>\n<\/tr>\n<tr>\n<td width=\"205\">H\u0131yar<\/td>\n<td width=\"205\">Damla sulama sistemi ile \u00a0\u00a0\u00a0\u00a0\u00a0500 cc\/da<\/td>\n<td width=\"205\">2. \u00e7i\u00e7ekten hasata kadar<\/p>\n<p><strong>\u00a0<\/strong><\/td>\n<\/tr>\n<tr>\n<td width=\"205\">Kavun<\/td>\n<td width=\"205\">Damla sulama sistemi ile \u00a0\u00a0\u00a0\u00a0\u00a0500 cc\/da<\/td>\n<td width=\"205\">2. \u00e7i\u00e7ekten hasata kadar<\/p>\n<p><strong>\u00a0<\/strong><\/td>\n<\/tr>\n<tr>\n<td width=\"205\">Karpuz<\/td>\n<td width=\"205\">Damla sulama sistemi ile \u00a0\u00a0\u00a0\u00a0\u00a0500 cc\/da<\/td>\n<td width=\"205\">2. \u00e7i\u00e7ekten hasata kadar<\/p>\n<p><strong>\u00a0<\/strong><\/td>\n<\/tr>\n<tr>\n<td width=\"205\">Kabak<\/td>\n<td width=\"205\">Damla sulama sistemi ile \u00a0\u00a0\u00a0\u00a0\u00a0300 cc\/da<\/td>\n<td width=\"205\">2. hasatda ve 15 g\u00fcn sonra 2 uygulama<\/td>\n<\/tr>\n<tr>\n<td width=\"205\">\u00c7ilek<\/td>\n<td width=\"205\">Damla sulama sistemi ile \u00a0\u00a0\u00a0\u00a0\u00a0400 cc\/da<\/td>\n<td width=\"205\">2. \u00e7i\u00e7ekten hasata kadar<\/td>\n<\/tr>\n<tr>\n<td width=\"205\">Ba\u011f<\/td>\n<td width=\"205\">Damla sulama sistemi ile\u00a0\u00a0\u00a0\u00a0\u00a0\u00a0\u00a0 300 cc\/da<\/td>\n<td width=\"205\">S\u00fcrg\u00fcnler 3-5 cm iken<\/p>\n<p>15 g\u00fcn ara ile uygulama<\/td>\n<\/tr>\n<tr>\n<td width=\"205\">Pamuk<\/td>\n<td width=\"205\">Damla sulama sistemi ile<\/p>\n<p>500 cc\/da<\/td>\n<td width=\"205\">6-8 yaprak itibaren tek uygulama<\/td>\n<\/tr>\n<\/tbody>\n<\/table>\n<p><strong>\u00a0<\/strong><\/p>\n<p><strong>A\u015f\u0131r\u0131ya Ka\u00e7anlara<\/strong><\/p>\n","protected":false},"excerpt":{"rendered":"<p>BONZA &nbsp; GARANT\u0130 ED\u0130LEN \u0130\u00c7ER\u0130K\u00a0\u00a0\u00a0 W\/W Suda \u00c7\u00f6z\u00fcn\u00fcr \u00c7inko (Zn)\u00a0\u00a0\u00a0\u00a0\u00a0\u00a0\u00a0\u00a0\u00a0\u00a0\u00a0 %3 &nbsp; Bitki Bo\u011fum Aras\u0131 K\u0131salt\u0131c\u0131 \u00dcR\u00dcN ADI DOZU (dekara) KULLANMA ZAMANI Domates Damla sulama sistemi ile 500 cc\/da 2. \u00e7i\u00e7ekten hasata kadar Biber Damla sulama sistemi ile \u00a0\u00a0\u00a0\u00a0\u00a0400 cc-500 cc\/da 2. \u00e7i\u00e7ekten hasata kadar \u00a0 Patl\u0131can Damla sulama sistemi ile\u00a0\u00a0\u00a0\u00a0 \u00a0500 cc\/da 2. \u00e7i\u00e7ekten [&#8230;]\n","protected":false},"featured_media":518,"template":"","meta":[],"product_cat":[83],"product_tag":[],"_links":{"self":[{"href":"https:\/\/www.nobeltarim.com\/index.php?rest_route=\/wp\/v2\/product\/828"}],"collection":[{"href":"https:\/\/www.nobeltarim.com\/index.php?rest_route=\/wp\/v2\/product"}],"about":[{"href":"https:\/\/www.nobeltarim.com\/index.php?rest_route=\/wp\/v2\/types\/product"}],"wp:featuredmedia":[{"embeddable":true,"href":"https:\/\/www.nobeltarim.com\/index.php?rest_route=\/wp\/v2\/media\/518"}],"wp:attachment":[{"href":"https:\/\/www.nobeltarim.com\/index.php?rest_route=%2Fwp%2Fv2%2Fmedia&parent=828"}],"wp:term":[{"taxonomy":"product_cat","embeddable":true,"href":"https:\/\/www.nobeltarim.com\/index.php?rest_route=%2Fwp%2Fv2%2Fproduct_cat&post=828"},{"taxonomy":"product_tag","embeddable":true,"href":"https:\/\/www.nobeltarim.com\/index.php?rest_route=%2Fwp%2Fv2%2Fproduct_tag&post=828"}],"curies":[{"name":"wp","href":"https:\/\/api.w.org\/{rel}","templated":true}]}}