{"id":822,"date":"2023-10-17T18:44:36","date_gmt":"2023-10-17T18:44:36","guid":{"rendered":"http:\/\/www.nobeltarim.com\/?post_type=product&#038;p=822"},"modified":"2025-09-09T16:09:28","modified_gmt":"2025-09-09T13:09:28","slug":"nzn-effect","status":"publish","type":"product","link":"https:\/\/www.nobeltarim.com\/?product=nzn-effect","title":{"rendered":"NZN EFFECT"},"content":{"rendered":"<p><strong>NZN EFFECT<\/strong><\/p>\n<p><strong>AZOTLU G\u00dcBRE \u00c7\u00d6ZELT\u0130S\u0130<\/strong><\/p>\n<p><strong>\u00a0<\/strong><\/p>\n<p><strong>Garanti Edilen \u0130\u00e7erik:\u00a0\u00a0\u00a0\u00a0\u00a0\u00a0\u00a0\u00a0 \u00a0\u00a0\u00a0\u00a0\u00a0\u00a0\u00a0\u00a0\u00a0\u00a0\u00a0\u00a0\u00a0w\/w<\/strong><\/p>\n<p>Toplam Azot (N)\u00a0\u00a0 \u00a0\u00a0\u00a0\u00a0\u00a0\u00a0\u00a0\u00a0\u00a0\u00a0\u00a0\u00a0\u00a0\u00a0\u00a0\u00a0\u00a0\u00a0\u00a0\u00a0\u00a0\u00a0\u00a0\u00a0\u00a0\u00a0\u00a0\u00a0\u00a0\u00a0\u00a0\u00a0\u00a0\u00a0\u00a0%15<\/p>\n<p>\u00dcre Azotu (NH\u2082-N)\u00a0\u00a0\u00a0\u00a0\u00a0\u00a0\u00a0\u00a0\u00a0\u00a0\u00a0\u00a0\u00a0\u00a0\u00a0\u00a0\u00a0\u00a0\u00a0\u00a0\u00a0\u00a0\u00a0\u00a0\u00a0\u00a0\u00a0\u00a0\u00a0\u00a0\u00a0\u00a0\u00a0 %15<\/p>\n<p>Suda \u00c7\u00f6z\u00fcn\u00fcr \u00c7inko (Zn)\u00a0\u00a0\u00a0\u00a0\u00a0\u00a0\u00a0\u00a0\u00a0\u00a0\u00a0\u00a0\u00a0\u00a0\u00a0\u00a0\u00a0\u00a0\u00a0\u00a0\u00a0\u00a0 %5<\/p>\n<p>pH\u00a0\u00a0\u00a0\u00a0\u00a0\u00a0\u00a0\u00a0\u00a0\u00a0\u00a0\u00a0\u00a0\u00a0\u00a0\u00a0\u00a0\u00a0\u00a0\u00a0\u00a0\u00a0\u00a0\u00a0\u00a0\u00a0\u00a0\u00a0\u00a0\u00a0\u00a0\u00a0\u00a0\u00a0\u00a0\u00a0\u00a0\u00a0\u00a0\u00a0\u00a0\u00a0\u00a0\u00a0\u00a0\u00a0\u00a0\u00a0\u00a0\u00a0\u00a0\u00a0\u00a0\u00a0\u00a0\u00a0\u00a0\u00a0\u00a0\u00a0\u00a0 5 &#8211; 7<\/p>\n<p>&nbsp;<\/p>\n<p><strong>UYGULAMALAR<\/strong><\/p>\n<p>Genel g\u00fcbre uygulama dozlar\u0131;<\/p>\n<p>Yapraktan uygulama; 100 lt suya 200 cc<\/p>\n<p>Damla sulama sistemiyle dekara 1000 cc&#8217;dir.<\/p>\n<p><em>\u00a0<\/em><\/p>\n","protected":false},"excerpt":{"rendered":"<h3><strong>AZOTLU G\u00dcBRE \u00c7\u00d6ZELT\u0130S\u0130<\/strong><\/h3>\n","protected":false},"featured_media":858,"template":"","meta":[],"product_cat":[85],"product_tag":[],"_links":{"self":[{"href":"https:\/\/www.nobeltarim.com\/index.php?rest_route=\/wp\/v2\/product\/822"}],"collection":[{"href":"https:\/\/www.nobeltarim.com\/index.php?rest_route=\/wp\/v2\/product"}],"about":[{"href":"https:\/\/www.nobeltarim.com\/index.php?rest_route=\/wp\/v2\/types\/product"}],"wp:featuredmedia":[{"embeddable":true,"href":"https:\/\/www.nobeltarim.com\/index.php?rest_route=\/wp\/v2\/media\/858"}],"wp:attachment":[{"href":"https:\/\/www.nobeltarim.com\/index.php?rest_route=%2Fwp%2Fv2%2Fmedia&parent=822"}],"wp:term":[{"taxonomy":"product_cat","embeddable":true,"href":"https:\/\/www.nobeltarim.com\/index.php?rest_route=%2Fwp%2Fv2%2Fproduct_cat&post=822"},{"taxonomy":"product_tag","embeddable":true,"href":"https:\/\/www.nobeltarim.com\/index.php?rest_route=%2Fwp%2Fv2%2Fproduct_tag&post=822"}],"curies":[{"name":"wp","href":"https:\/\/api.w.org\/{rel}","templated":true}]}}