{"id":816,"date":"2023-10-17T18:38:05","date_gmt":"2023-10-17T18:38:05","guid":{"rendered":"http:\/\/www.nobeltarim.com\/?post_type=product&#038;p=816"},"modified":"2025-09-09T16:25:26","modified_gmt":"2025-09-09T13:25:26","slug":"casco","status":"publish","type":"product","link":"https:\/\/www.nobeltarim.com\/?product=casco","title":{"rendered":"CASCO"},"content":{"rendered":"<p><strong>CASCO<\/strong><\/p>\n<p>&nbsp;<\/p>\n<p><strong>Garanti Edilen \u0130\u00e7erik<\/strong><\/p>\n<p>Suda \u00c7\u00f6z\u00fcn\u00fcr Bak\u0131r (Cu) :\u00a0\u00a0\u00a0\u00a0\u00a0\u00a0\u00a0\u00a0\u00a0\u00a0\u00a0\u00a0\u00a0\u00a0\u00a0\u00a0\u00a0\u00a0\u00a0\u00a0\u00a0\u00a0 %6 w\/w<\/p>\n<p>Suda \u00c7\u00f6z\u00fcn\u00fcr Kalsiyum Oksit(CaO)..: \u00a0\u00a0\u00a0\u00a0%12 w\/w<\/p>\n<p>&nbsp;<\/p>\n<p>Yo\u011funluk:1,5<\/p>\n<p>G\u00f6r\u00fcn\u00fcm: Mavi renkli s\u0131v\u0131<\/p>\n<p>&nbsp;<\/p>\n<p>&nbsp;<\/p>\n<p><strong>Uygulama Tavsiyeleri:<\/strong><\/p>\n<p>Genel uygulama dozu yapraktan kullan\u0131lmak \u00fczere 100 lt suya 100 cc veya damla sulama sistemi ile 250-300 cc dir. Baz\u0131 sert \u00e7ekirdekli meyve a\u011fa\u00e7lar\u0131 (\u015feftali, kay\u0131s\u0131, erik) hassas olabilece\u011finden bunlara kullan\u0131m\u0131 tavsiye edilmez.<\/p>\n<p>&nbsp;<\/p>\n","protected":false},"excerpt":{"rendered":"<p>CASCO &nbsp; Garanti Edilen \u0130\u00e7erik Suda \u00c7\u00f6z\u00fcn\u00fcr Bak\u0131r (Cu) :\u00a0\u00a0\u00a0\u00a0\u00a0\u00a0\u00a0\u00a0\u00a0\u00a0\u00a0\u00a0\u00a0\u00a0\u00a0\u00a0\u00a0\u00a0\u00a0\u00a0\u00a0\u00a0 %6 w\/w Suda \u00c7\u00f6z\u00fcn\u00fcr Kalsiyum Oksit(CaO)..: \u00a0\u00a0\u00a0\u00a0%12 w\/w &nbsp; Yo\u011funluk:1,5 G\u00f6r\u00fcn\u00fcm: Mavi renkli s\u0131v\u0131 &nbsp; &nbsp; Uygulama Tavsiyeleri: Genel uygulama dozu yapraktan kullan\u0131lmak \u00fczere 100 lt suya 100 cc veya damla sulama sistemi ile 250-300 cc dir. Baz\u0131 sert \u00e7ekirdekli meyve a\u011fa\u00e7lar\u0131 (\u015feftali, kay\u0131s\u0131, erik) [&#8230;]\n","protected":false},"featured_media":546,"template":"","meta":[],"product_cat":[15],"product_tag":[],"_links":{"self":[{"href":"https:\/\/www.nobeltarim.com\/index.php?rest_route=\/wp\/v2\/product\/816"}],"collection":[{"href":"https:\/\/www.nobeltarim.com\/index.php?rest_route=\/wp\/v2\/product"}],"about":[{"href":"https:\/\/www.nobeltarim.com\/index.php?rest_route=\/wp\/v2\/types\/product"}],"wp:featuredmedia":[{"embeddable":true,"href":"https:\/\/www.nobeltarim.com\/index.php?rest_route=\/wp\/v2\/media\/546"}],"wp:attachment":[{"href":"https:\/\/www.nobeltarim.com\/index.php?rest_route=%2Fwp%2Fv2%2Fmedia&parent=816"}],"wp:term":[{"taxonomy":"product_cat","embeddable":true,"href":"https:\/\/www.nobeltarim.com\/index.php?rest_route=%2Fwp%2Fv2%2Fproduct_cat&post=816"},{"taxonomy":"product_tag","embeddable":true,"href":"https:\/\/www.nobeltarim.com\/index.php?rest_route=%2Fwp%2Fv2%2Fproduct_tag&post=816"}],"curies":[{"name":"wp","href":"https:\/\/api.w.org\/{rel}","templated":true}]}}