{"id":815,"date":"2023-10-17T18:37:17","date_gmt":"2023-10-17T18:37:17","guid":{"rendered":"http:\/\/www.nobeltarim.com\/?post_type=product&#038;p=815"},"modified":"2025-09-09T16:30:45","modified_gmt":"2025-09-09T13:30:45","slug":"fruit-max","status":"publish","type":"product","link":"https:\/\/www.nobeltarim.com\/?product=fruit-max","title":{"rendered":"FRUIT MAX"},"content":{"rendered":"<p><strong>FRUIT MAX<\/strong><\/p>\n<p><strong>\u00a0<\/strong><\/p>\n<p><strong>Garanti Edilen \u0130\u00e7erik : w\/w<\/strong><\/p>\n<p>Toplam Azot (N). &#8230;&#8230;&#8230;&#8230;&#8230;&#8230;&#8230;&#8230;&#8230;&#8230;.: %3 w\/w<\/p>\n<p>\u00dcre Azotu (NH2-N)\u2026\u2026\u2026\u2026\u2026.\u2026&#8230;: %3 w\/w<\/p>\n<p>Suda \u00c7\u00f6z\u00fcn\u00fcr Potasyum Oksit (K2O): %35 w\/w<\/p>\n<p>Suda \u00c7\u00f6z\u00fcn\u00fcr Demir (Fe) \u2026\u2026\u2026\u2026..:%4 w\/w<\/p>\n<p>Suda \u00c7\u00f6z\u00fcn\u00fcr Mangan (Mn)&#8230;&#8230;&#8230;&#8230;..: %3 w\/w<\/p>\n<p>G\u00f6r\u00fcn\u00fcm: Beyaz Toz<\/p>\n<p><strong>\u00a0<\/strong><\/p>\n<p>&nbsp;<\/p>\n<p><strong>Kullan\u0131m Dozlar\u0131:<\/strong><\/p>\n<p>Yaprak uygulamas\u0131 olarak 100-200 gr\/100 It su. Damla sulama veya di\u011fer sulama sistemleri ile dekara 0,5-1 kg kullan\u0131l\u0131r.<\/p>\n","protected":false},"excerpt":{"rendered":"<p>FRUIT MAX \u00a0 Garanti Edilen \u0130\u00e7erik : w\/w Toplam Azot (N). &#8230;&#8230;&#8230;&#8230;&#8230;&#8230;&#8230;&#8230;&#8230;&#8230;.: %3 w\/w \u00dcre Azotu (NH2-N)\u2026\u2026\u2026\u2026\u2026.\u2026&#8230;: %3 w\/w Suda \u00c7\u00f6z\u00fcn\u00fcr Potasyum Oksit (K2O): %35 w\/w Suda \u00c7\u00f6z\u00fcn\u00fcr Demir (Fe) \u2026\u2026\u2026\u2026..:%4 w\/w Suda \u00c7\u00f6z\u00fcn\u00fcr Mangan (Mn)&#8230;&#8230;&#8230;&#8230;..: %3 w\/w G\u00f6r\u00fcn\u00fcm: Beyaz Toz \u00a0 &nbsp; Kullan\u0131m Dozlar\u0131: Yaprak uygulamas\u0131 olarak 100-200 gr\/100 It su. Damla sulama veya [&#8230;]\n","protected":false},"featured_media":575,"template":"","meta":[],"product_cat":[79],"product_tag":[],"_links":{"self":[{"href":"https:\/\/www.nobeltarim.com\/index.php?rest_route=\/wp\/v2\/product\/815"}],"collection":[{"href":"https:\/\/www.nobeltarim.com\/index.php?rest_route=\/wp\/v2\/product"}],"about":[{"href":"https:\/\/www.nobeltarim.com\/index.php?rest_route=\/wp\/v2\/types\/product"}],"wp:featuredmedia":[{"embeddable":true,"href":"https:\/\/www.nobeltarim.com\/index.php?rest_route=\/wp\/v2\/media\/575"}],"wp:attachment":[{"href":"https:\/\/www.nobeltarim.com\/index.php?rest_route=%2Fwp%2Fv2%2Fmedia&parent=815"}],"wp:term":[{"taxonomy":"product_cat","embeddable":true,"href":"https:\/\/www.nobeltarim.com\/index.php?rest_route=%2Fwp%2Fv2%2Fproduct_cat&post=815"},{"taxonomy":"product_tag","embeddable":true,"href":"https:\/\/www.nobeltarim.com\/index.php?rest_route=%2Fwp%2Fv2%2Fproduct_tag&post=815"}],"curies":[{"name":"wp","href":"https:\/\/api.w.org\/{rel}","templated":true}]}}