{"id":814,"date":"2023-10-17T18:36:34","date_gmt":"2023-10-17T18:36:34","guid":{"rendered":"http:\/\/www.nobeltarim.com\/?post_type=product&#038;p=814"},"modified":"2025-09-09T16:29:24","modified_gmt":"2025-09-09T13:29:24","slug":"boramol","status":"publish","type":"product","link":"https:\/\/www.nobeltarim.com\/?product=boramol","title":{"rendered":"BORAMOL"},"content":{"rendered":"<p><strong>BORAMOL<\/strong><\/p>\n<p><strong>\u00a0<\/strong><\/p>\n<p><strong>Garanti Edilen \u0130\u00e7erik<\/strong><\/p>\n<p><strong>\u00a0<\/strong><\/p>\n<p>Suda \u00c7\u00f6z\u00fcn\u00fcr Bor (B) :\u00a0\u00a0\u00a0\u00a0\u00a0\u00a0\u00a0\u00a0\u00a0\u00a0\u00a0\u00a0\u00a0\u00a0\u00a0\u00a0\u00a0\u00a0\u00a0\u00a0\u00a0\u00a0\u00a0\u00a0\u00a0\u00a0\u00a0\u00a0\u00a0\u00a0\u00a0\u00a0\u00a0\u00a0\u00a0\u00a0\u00a0\u00a0\u00a0\u00a0\u00a0\u00a0\u00a0 % 8 w\/w<\/p>\n<p>Suda \u00c7\u00f6z\u00fcn\u00fcr Molibden (Mo ):\u00a0\u00a0\u00a0\u00a0\u00a0\u00a0\u00a0\u00a0\u00a0\u00a0\u00a0\u00a0\u00a0\u00a0\u00a0\u00a0\u00a0\u00a0\u00a0\u00a0\u00a0\u00a0\u00a0\u00a0\u00a0\u00a0\u00a0\u00a0 % 12 w\/w<\/p>\n<p><strong>\u00a0<\/strong><\/p>\n<p>&nbsp;<\/p>\n<p><strong>Kullan\u0131m:<\/strong><\/p>\n<p>Boramol \u00e7i\u00e7eklenme ba\u015flang\u0131c\u0131 ile birlikte yapraktan 100 lt suya 50-100 g dozda kullan\u0131l\u0131r.<\/p>\n<p>&nbsp;<\/p>\n<p>&nbsp;<\/p>\n<p>&nbsp;<\/p>\n","protected":false},"excerpt":{"rendered":"<p>BORAMOL \u00a0 Garanti Edilen \u0130\u00e7erik \u00a0 Suda \u00c7\u00f6z\u00fcn\u00fcr Bor (B) :\u00a0\u00a0\u00a0\u00a0\u00a0\u00a0\u00a0\u00a0\u00a0\u00a0\u00a0\u00a0\u00a0\u00a0\u00a0\u00a0\u00a0\u00a0\u00a0\u00a0\u00a0\u00a0\u00a0\u00a0\u00a0\u00a0\u00a0\u00a0\u00a0\u00a0\u00a0\u00a0\u00a0\u00a0\u00a0\u00a0\u00a0\u00a0\u00a0\u00a0\u00a0\u00a0\u00a0 % 8 w\/w Suda \u00c7\u00f6z\u00fcn\u00fcr Molibden (Mo ):\u00a0\u00a0\u00a0\u00a0\u00a0\u00a0\u00a0\u00a0\u00a0\u00a0\u00a0\u00a0\u00a0\u00a0\u00a0\u00a0\u00a0\u00a0\u00a0\u00a0\u00a0\u00a0\u00a0\u00a0\u00a0\u00a0\u00a0\u00a0 % 12 w\/w \u00a0 &nbsp; Kullan\u0131m: Boramol \u00e7i\u00e7eklenme ba\u015flang\u0131c\u0131 ile birlikte yapraktan 100 lt suya 50-100 g dozda kullan\u0131l\u0131r. &nbsp; &nbsp; &nbsp;<\/p>\n","protected":false},"featured_media":605,"template":"","meta":[],"product_cat":[79],"product_tag":[],"_links":{"self":[{"href":"https:\/\/www.nobeltarim.com\/index.php?rest_route=\/wp\/v2\/product\/814"}],"collection":[{"href":"https:\/\/www.nobeltarim.com\/index.php?rest_route=\/wp\/v2\/product"}],"about":[{"href":"https:\/\/www.nobeltarim.com\/index.php?rest_route=\/wp\/v2\/types\/product"}],"wp:featuredmedia":[{"embeddable":true,"href":"https:\/\/www.nobeltarim.com\/index.php?rest_route=\/wp\/v2\/media\/605"}],"wp:attachment":[{"href":"https:\/\/www.nobeltarim.com\/index.php?rest_route=%2Fwp%2Fv2%2Fmedia&parent=814"}],"wp:term":[{"taxonomy":"product_cat","embeddable":true,"href":"https:\/\/www.nobeltarim.com\/index.php?rest_route=%2Fwp%2Fv2%2Fproduct_cat&post=814"},{"taxonomy":"product_tag","embeddable":true,"href":"https:\/\/www.nobeltarim.com\/index.php?rest_route=%2Fwp%2Fv2%2Fproduct_tag&post=814"}],"curies":[{"name":"wp","href":"https:\/\/api.w.org\/{rel}","templated":true}]}}