{"id":813,"date":"2023-10-17T18:35:46","date_gmt":"2023-10-17T18:35:46","guid":{"rendered":"http:\/\/www.nobeltarim.com\/?post_type=product&#038;p=813"},"modified":"2025-09-09T16:30:08","modified_gmt":"2025-09-09T13:30:08","slug":"evercozym-bor","status":"publish","type":"product","link":"https:\/\/www.nobeltarim.com\/?product=evercozym-bor","title":{"rendered":"EVERCOZYM  BOR"},"content":{"rendered":"<p><strong>EVERCOZYM\u00a0 BOR<\/strong><\/p>\n<p><strong>\u00a0<\/strong><\/p>\n<p><strong>GARANT\u0130 ED\u0130LEN \u0130\u00c7ER\u0130K:\u00a0\u00a0\u00a0\u00a0\u00a0\u00a0 WW<\/strong><\/p>\n<p>Suda \u00c7\u00f6z\u00fcn\u00fcr Bor\u00a0\u00a0\u00a0\u00a0\u00a0\u00a0\u00a0\u00a0\u00a0\u00a0\u00a0\u00a0\u00a0\u00a0\u00a0\u00a0\u00a0\u00a0\u00a0\u00a0\u00a0\u00a0\u00a0\u00a0\u00a0\u00a0\u00a0\u00a0\u00a0 %15<\/p>\n<p>&nbsp;<\/p>\n<p>&nbsp;<\/p>\n","protected":false},"excerpt":{"rendered":"<p>EVERCOZYM\u00a0 BOR \u00a0 GARANT\u0130 ED\u0130LEN \u0130\u00c7ER\u0130K:\u00a0\u00a0\u00a0\u00a0\u00a0\u00a0 WW Suda \u00c7\u00f6z\u00fcn\u00fcr Bor\u00a0\u00a0\u00a0\u00a0\u00a0\u00a0\u00a0\u00a0\u00a0\u00a0\u00a0\u00a0\u00a0\u00a0\u00a0\u00a0\u00a0\u00a0\u00a0\u00a0\u00a0\u00a0\u00a0\u00a0\u00a0\u00a0\u00a0\u00a0\u00a0 %15 &nbsp; &nbsp;<\/p>\n","protected":false},"featured_media":606,"template":"","meta":[],"product_cat":[79],"product_tag":[],"_links":{"self":[{"href":"https:\/\/www.nobeltarim.com\/index.php?rest_route=\/wp\/v2\/product\/813"}],"collection":[{"href":"https:\/\/www.nobeltarim.com\/index.php?rest_route=\/wp\/v2\/product"}],"about":[{"href":"https:\/\/www.nobeltarim.com\/index.php?rest_route=\/wp\/v2\/types\/product"}],"wp:featuredmedia":[{"embeddable":true,"href":"https:\/\/www.nobeltarim.com\/index.php?rest_route=\/wp\/v2\/media\/606"}],"wp:attachment":[{"href":"https:\/\/www.nobeltarim.com\/index.php?rest_route=%2Fwp%2Fv2%2Fmedia&parent=813"}],"wp:term":[{"taxonomy":"product_cat","embeddable":true,"href":"https:\/\/www.nobeltarim.com\/index.php?rest_route=%2Fwp%2Fv2%2Fproduct_cat&post=813"},{"taxonomy":"product_tag","embeddable":true,"href":"https:\/\/www.nobeltarim.com\/index.php?rest_route=%2Fwp%2Fv2%2Fproduct_tag&post=813"}],"curies":[{"name":"wp","href":"https:\/\/api.w.org\/{rel}","templated":true}]}}