{"id":812,"date":"2023-10-17T18:35:00","date_gmt":"2023-10-17T18:35:00","guid":{"rendered":"http:\/\/www.nobeltarim.com\/?post_type=product&#038;p=812"},"modified":"2025-07-29T15:02:00","modified_gmt":"2025-07-29T12:02:00","slug":"alcapon","status":"publish","type":"product","link":"https:\/\/www.nobeltarim.com\/?product=alcapon","title":{"rendered":"ALCAPON"},"content":{"rendered":"<p><strong>ALCAPON <\/strong><\/p>\n<p>&nbsp;<\/p>\n<p><strong>Garanti Edilen \u0130\u00e7erik<\/strong><\/p>\n<p>Toplam Azot (N) :\u00a0\u00a0\u00a0\u00a0\u00a0\u00a0\u00a0\u00a0\u00a0\u00a0\u00a0\u00a0\u00a0\u00a0\u00a0\u00a0\u00a0\u00a0\u00a0\u00a0\u00a0\u00a0\u00a0\u00a0\u00a0\u00a0\u00a0\u00a0\u00a0\u00a0\u00a0\u00a0\u00a0\u00a0\u00a0 %3 w\/w<\/p>\n<p>Nitrat Azotu (NO\u2083) :\u00a0\u00a0\u00a0\u00a0\u00a0\u00a0\u00a0\u00a0\u00a0\u00a0\u00a0\u00a0\u00a0\u00a0\u00a0\u00a0\u00a0\u00a0\u00a0\u00a0\u00a0\u00a0\u00a0\u00a0\u00a0\u00a0\u00a0\u00a0\u00a0\u00a0\u00a0 %3 w\/w<\/p>\n<p>Suda \u00c7\u00f6z\u00fcn\u00fcr Potasyum Oksit (K\u2082O):\u00a0\u00a0\u00a0\u00a0 % 24 w\/w<\/p>\n<p>Suda \u00c7\u00f6z\u00fcn\u00fcr Kalsiyum Oksit (CaO): \u00a0\u00a0\u00a0\u00a0% 20 w\/w<\/p>\n<p>&nbsp;<\/p>\n<p>G\u00f6r\u00fcn\u00fcm: Beyaz Toz<\/p>\n<p>&nbsp;<\/p>\n<p>&nbsp;<\/p>\n","protected":false},"excerpt":{"rendered":"<p>ALCAPON &nbsp; Garanti Edilen \u0130\u00e7erik Toplam Azot (N) :\u00a0\u00a0\u00a0\u00a0\u00a0\u00a0\u00a0\u00a0\u00a0\u00a0\u00a0\u00a0\u00a0\u00a0\u00a0\u00a0\u00a0\u00a0\u00a0\u00a0\u00a0\u00a0\u00a0\u00a0\u00a0\u00a0\u00a0\u00a0\u00a0\u00a0\u00a0\u00a0\u00a0\u00a0\u00a0 %3 w\/w Nitrat Azotu (NO\u2083) :\u00a0\u00a0\u00a0\u00a0\u00a0\u00a0\u00a0\u00a0\u00a0\u00a0\u00a0\u00a0\u00a0\u00a0\u00a0\u00a0\u00a0\u00a0\u00a0\u00a0\u00a0\u00a0\u00a0\u00a0\u00a0\u00a0\u00a0\u00a0\u00a0\u00a0\u00a0 %3 w\/w Suda \u00c7\u00f6z\u00fcn\u00fcr Potasyum Oksit (K\u2082O):\u00a0\u00a0\u00a0\u00a0 % 24 w\/w Suda \u00c7\u00f6z\u00fcn\u00fcr Kalsiyum Oksit (CaO): \u00a0\u00a0\u00a0\u00a0% 20 w\/w &nbsp; G\u00f6r\u00fcn\u00fcm: Beyaz Toz &nbsp; &nbsp;<\/p>\n","protected":false},"featured_media":593,"template":"","meta":[],"product_cat":[79],"product_tag":[],"_links":{"self":[{"href":"https:\/\/www.nobeltarim.com\/index.php?rest_route=\/wp\/v2\/product\/812"}],"collection":[{"href":"https:\/\/www.nobeltarim.com\/index.php?rest_route=\/wp\/v2\/product"}],"about":[{"href":"https:\/\/www.nobeltarim.com\/index.php?rest_route=\/wp\/v2\/types\/product"}],"wp:featuredmedia":[{"embeddable":true,"href":"https:\/\/www.nobeltarim.com\/index.php?rest_route=\/wp\/v2\/media\/593"}],"wp:attachment":[{"href":"https:\/\/www.nobeltarim.com\/index.php?rest_route=%2Fwp%2Fv2%2Fmedia&parent=812"}],"wp:term":[{"taxonomy":"product_cat","embeddable":true,"href":"https:\/\/www.nobeltarim.com\/index.php?rest_route=%2Fwp%2Fv2%2Fproduct_cat&post=812"},{"taxonomy":"product_tag","embeddable":true,"href":"https:\/\/www.nobeltarim.com\/index.php?rest_route=%2Fwp%2Fv2%2Fproduct_tag&post=812"}],"curies":[{"name":"wp","href":"https:\/\/api.w.org\/{rel}","templated":true}]}}