{"id":805,"date":"2023-10-17T18:26:03","date_gmt":"2023-10-17T18:26:03","guid":{"rendered":"http:\/\/www.nobeltarim.com\/?post_type=product&#038;p=805"},"modified":"2023-10-17T18:26:03","modified_gmt":"2023-10-17T18:26:03","slug":"fruit-time","status":"publish","type":"product","link":"https:\/\/www.nobeltarim.com\/?product=fruit-time","title":{"rendered":"FRUIT TIME"},"content":{"rendered":"<p><strong>SIVI NPK SERISI<\/strong><\/p>\n<p><strong>FRUIT TIME<\/strong><\/p>\n<p><strong>8.8.8 +TE<\/strong><\/p>\n<p>&nbsp;<\/p>\n<p>Garanti Edilen \u0130\u00e7erik\u00a0\u00a0\u00a0\u00a0\u00a0\u00a0\u00a0\u00a0\u00a0\u00a0\u00a0\u00a0\u00a0\u00a0\u00a0\u00a0\u00a0\u00a0\u00a0\u00a0\u00a0\u00a0\u00a0\u00a0\u00a0\u00a0\u00a0\u00a0\u00a0\u00a0\u00a0\u00a0\u00a0\u00a0\u00a0\u00a0 \u00a0\u00a0w\/w<\/p>\n<p>Toplam Azot (N) :\u00a0\u00a0\u00a0\u00a0\u00a0\u00a0\u00a0\u00a0\u00a0\u00a0\u00a0\u00a0\u00a0\u00a0\u00a0\u00a0\u00a0\u00a0\u00a0\u00a0\u00a0\u00a0\u00a0\u00a0\u00a0\u00a0\u00a0\u00a0\u00a0\u00a0\u00a0\u00a0\u00a0\u00a0\u00a0\u00a0\u00a0\u00a0\u00a0\u00a0\u00a0 \u00a0\u00a0%8<\/p>\n<p>Ure Azotu (NH2-N) :\u00a0\u00a0\u00a0\u00a0\u00a0\u00a0\u00a0\u00a0\u00a0\u00a0\u00a0\u00a0\u00a0\u00a0\u00a0\u00a0\u00a0\u00a0\u00a0\u00a0\u00a0\u00a0\u00a0\u00a0\u00a0\u00a0\u00a0\u00a0\u00a0\u00a0\u00a0\u00a0\u00a0\u00a0\u00a0\u00a0\u00a0\u00a0 \u00a0%8<\/p>\n<p>Suda \u00c7\u00f6z\u00fcn\u00fcr Fosfor Penta Oksit (P<sub>2<\/sub>O<sub>5<\/sub>):\u00a0\u00a0\u00a0 \u00a0\u00a0\u00a0\u00a0% 8<\/p>\n<p>Suda \u00c7\u00f6z\u00fcn\u00fcr Potasyum Oksit (K<sub>2<\/sub>O)\u00a0\u00a0\u00a0\u00a0\u00a0\u00a0\u00a0\u00a0\u00a0\u00a0\u00a0\u00a0\u00a0\u00a0 % 8<\/p>\n<p>Suda \u00c7\u00f6z\u00fcn\u00fcr Bor (B) :\u00a0\u00a0\u00a0\u00a0\u00a0\u00a0\u00a0\u00a0\u00a0\u00a0\u00a0\u00a0\u00a0\u00a0\u00a0\u00a0\u00a0\u00a0\u00a0\u00a0\u00a0\u00a0\u00a0\u00a0\u00a0\u00a0\u00a0\u00a0\u00a0\u00a0\u00a0\u00a0\u00a0\u00a0\u00a0 % 0,2<\/p>\n<p><strong><em>\u00a0\u00a0\u00a0\u00a0\u00a0\u00a0\u00a0\u00a0\u00a0\u00a0\u00a0\u00a0\u00a0\u00a0\u00a0\u00a0\u00a0 Kullan\u0131m \u015fekli ve dozlar<\/em><\/strong><\/p>\n<table>\n<tbody>\n<tr>\n<td width=\"141\"><strong>\u00dcR\u00dcN ADI<\/strong><\/td>\n<td width=\"122\"><strong>DOZU (dekara)<\/strong><\/td>\n<td width=\"201\"><strong>KULLANMA ZAMANI<\/strong><\/td>\n<\/tr>\n<tr>\n<td width=\"141\">Tarla ve End\u00fcstri Bitkileri<\/p>\n<p>Hububat, soya, yer f\u0131st\u0131\u011f\u0131, m\u0131s\u0131r, baklagiller, \u00e7eltik, \u015feker pancar\u0131, pamuk, bostan, patates, tarla sebzeleri ve di\u011fer tarla \u00fcr\u00fcnleri<\/td>\n<td width=\"122\">Topraktan :200-400 gr<\/p>\n<p>Yapraktan 200 gr.\/100 lt<\/td>\n<td width=\"201\">\u00c7\u0131k\u0131\u015ftan sonraki erken geli\u015fme d\u00f6neminde veya bitkide yeterli yaprak y\u00fczeyi olu\u015funca kullan\u0131r<\/td>\n<\/tr>\n<tr>\n<td width=\"141\">Narenciye<\/p>\n<p>Portakal, mandarin, limon, greyfurt<\/td>\n<td width=\"122\">Topraktan :200-400 gr<\/p>\n<p>Yapraktan :200 gr\/100 lt<\/td>\n<td width=\"201\">\u0130lkbahar s\u00fcrg\u00fcn zaman\u0131nda kullan\u0131r. Sezon i\u00e7erisinde 2-3 uygulama da yap\u0131l\u0131r<\/td>\n<\/tr>\n<tr>\n<td width=\"141\">Zeytin<\/td>\n<td width=\"122\">Topraktan :200-400 gr<\/p>\n<p>Yapraktan 200 gr\/100<\/td>\n<td width=\"201\">Yeni s\u00fcrg\u00fcn, \u00e7i\u00e7ek ve meyve olu\u015fumu d\u00f6nemlerinde uygulama yap\u0131l\u0131r<\/td>\n<\/tr>\n<tr>\n<td width=\"141\">Yumu\u015fak \u00e7ekirdekli meyveler<\/p>\n<p>Elma, armut, ayva<\/td>\n<td width=\"122\">Topraktan :200-400 gr<\/p>\n<p>Yapraktan 200 gr\/100<\/td>\n<td width=\"201\">Pembe tomurcuk d\u00f6neminden meyveler ceviz b\u00fcy\u00fckl\u00fc\u011f\u00fcne ula\u015fana kadar 2-3 defa uygulan\u0131r<\/td>\n<\/tr>\n<tr>\n<td width=\"141\">Sert \u00e7ekirdekli meyveler<\/p>\n<p>\u015eeftali, kay\u0131s\u0131, erik vs<\/td>\n<td width=\"122\">Topraktan :200-400 gr<\/p>\n<p>Yapraktan 200 gr\/100<\/td>\n<td width=\"201\">Pembe tomurcuk, \u00e7i\u00e7ek olu\u015fumu ve meyve tutumu d\u00f6nemlerinde kullan\u0131l\u0131r<\/td>\n<\/tr>\n<tr>\n<td width=\"141\">Kiraz, ceviz<\/td>\n<td width=\"122\">Topraktan :200-400 gr<\/p>\n<p>Yapraktan 200 gr\/100<\/td>\n<td width=\"201\">\u00c7i\u00e7eklenmeden sonra uygulama yap\u0131l\u0131r<\/td>\n<\/tr>\n<tr>\n<td width=\"141\">Ba\u011f<\/td>\n<td width=\"122\">Topraktan :200-400 gr<\/p>\n<p>Yapraktan 200 gr\/100<\/td>\n<td width=\"201\">\u00c7i\u00e7eklenme \u00f6ncesi, dekara en az 100 lt.su<\/p>\n<p>ile kar\u0131\u015ft\u0131r\u0131larak yapraklara p\u00fcsk\u00fcrt\u00fcl\u00fcr(\u00c7i\u00e7eklenme zaman\u0131 uygulamay\u0131n\u0131z, sonras\u01311-2 uygulama yap\u0131labilir.)<\/td>\n<\/tr>\n<tr>\n<td width=\"141\">\u00c7ilek<\/td>\n<td width=\"122\">Topraktan :200-400 gr<\/p>\n<p>Yapraktan 200 gr\/100<\/td>\n<td width=\"201\">G\u00f6z olu\u015fumu d\u00f6neminde uygulan\u0131r. Sezon i\u00e7erisinde 3-4 defa uygulama yap\u0131labilir.<\/td>\n<\/tr>\n<tr>\n<td width=\"141\">Sera \u00dcr\u00fcnleri<\/td>\n<td colspan=\"2\" width=\"322\">Fide d\u00f6neminden hasat d\u00f6nemine kadar bir\u00e7ok defa topraktan damla sulama sistemiyle haftal\u0131k dekara 2-3 Kg. veya yapraktan 200 gr\/ 100 It gelecek \u015fekilde uygulama yap\u0131l\u0131r.<\/td>\n<\/tr>\n<\/tbody>\n<\/table>\n<p><strong><em>\u00a0<\/em><\/strong><\/p>\n","protected":false},"excerpt":{"rendered":"<p>SIVI NPK SERISI FRUIT TIME 8.8.8 +TE &nbsp; Garanti Edilen \u0130\u00e7erik\u00a0\u00a0\u00a0\u00a0\u00a0\u00a0\u00a0\u00a0\u00a0\u00a0\u00a0\u00a0\u00a0\u00a0\u00a0\u00a0\u00a0\u00a0\u00a0\u00a0\u00a0\u00a0\u00a0\u00a0\u00a0\u00a0\u00a0\u00a0\u00a0\u00a0\u00a0\u00a0\u00a0\u00a0\u00a0\u00a0 \u00a0\u00a0w\/w Toplam Azot (N) :\u00a0\u00a0\u00a0\u00a0\u00a0\u00a0\u00a0\u00a0\u00a0\u00a0\u00a0\u00a0\u00a0\u00a0\u00a0\u00a0\u00a0\u00a0\u00a0\u00a0\u00a0\u00a0\u00a0\u00a0\u00a0\u00a0\u00a0\u00a0\u00a0\u00a0\u00a0\u00a0\u00a0\u00a0\u00a0\u00a0\u00a0\u00a0\u00a0\u00a0\u00a0 \u00a0\u00a0%8 Ure Azotu (NH2-N) :\u00a0\u00a0\u00a0\u00a0\u00a0\u00a0\u00a0\u00a0\u00a0\u00a0\u00a0\u00a0\u00a0\u00a0\u00a0\u00a0\u00a0\u00a0\u00a0\u00a0\u00a0\u00a0\u00a0\u00a0\u00a0\u00a0\u00a0\u00a0\u00a0\u00a0\u00a0\u00a0\u00a0\u00a0\u00a0\u00a0\u00a0\u00a0 \u00a0%8 Suda \u00c7\u00f6z\u00fcn\u00fcr Fosfor Penta Oksit (P2O5):\u00a0\u00a0\u00a0 \u00a0\u00a0\u00a0\u00a0% 8 Suda \u00c7\u00f6z\u00fcn\u00fcr Potasyum Oksit (K2O)\u00a0\u00a0\u00a0\u00a0\u00a0\u00a0\u00a0\u00a0\u00a0\u00a0\u00a0\u00a0\u00a0\u00a0 % 8 Suda \u00c7\u00f6z\u00fcn\u00fcr Bor (B) :\u00a0\u00a0\u00a0\u00a0\u00a0\u00a0\u00a0\u00a0\u00a0\u00a0\u00a0\u00a0\u00a0\u00a0\u00a0\u00a0\u00a0\u00a0\u00a0\u00a0\u00a0\u00a0\u00a0\u00a0\u00a0\u00a0\u00a0\u00a0\u00a0\u00a0\u00a0\u00a0\u00a0\u00a0\u00a0 % 0,2 \u00a0\u00a0\u00a0\u00a0\u00a0\u00a0\u00a0\u00a0\u00a0\u00a0\u00a0\u00a0\u00a0\u00a0\u00a0\u00a0\u00a0 Kullan\u0131m \u015fekli ve dozlar \u00dcR\u00dcN ADI DOZU (dekara) KULLANMA ZAMANI [&#8230;]\n","protected":false},"featured_media":659,"template":"","meta":[],"product_cat":[151,82],"product_tag":[],"_links":{"self":[{"href":"https:\/\/www.nobeltarim.com\/index.php?rest_route=\/wp\/v2\/product\/805"}],"collection":[{"href":"https:\/\/www.nobeltarim.com\/index.php?rest_route=\/wp\/v2\/product"}],"about":[{"href":"https:\/\/www.nobeltarim.com\/index.php?rest_route=\/wp\/v2\/types\/product"}],"wp:featuredmedia":[{"embeddable":true,"href":"https:\/\/www.nobeltarim.com\/index.php?rest_route=\/wp\/v2\/media\/659"}],"wp:attachment":[{"href":"https:\/\/www.nobeltarim.com\/index.php?rest_route=%2Fwp%2Fv2%2Fmedia&parent=805"}],"wp:term":[{"taxonomy":"product_cat","embeddable":true,"href":"https:\/\/www.nobeltarim.com\/index.php?rest_route=%2Fwp%2Fv2%2Fproduct_cat&post=805"},{"taxonomy":"product_tag","embeddable":true,"href":"https:\/\/www.nobeltarim.com\/index.php?rest_route=%2Fwp%2Fv2%2Fproduct_tag&post=805"}],"curies":[{"name":"wp","href":"https:\/\/api.w.org\/{rel}","templated":true}]}}