{"id":801,"date":"2023-10-17T18:19:20","date_gmt":"2023-10-17T18:19:20","guid":{"rendered":"http:\/\/www.nobeltarim.com\/?post_type=product&#038;p=801"},"modified":"2025-09-09T15:56:05","modified_gmt":"2025-09-09T12:56:05","slug":"ec-fertilizer-nitrosul","status":"publish","type":"product","link":"https:\/\/www.nobeltarim.com\/?product=ec-fertilizer-nitrosul","title":{"rendered":"EC FERTILIZER NITROSUL"},"content":{"rendered":"<p>&nbsp;<\/p>\n<p><strong>EC FERTILIZER NITROSUL<\/strong><\/p>\n<p><strong>AZOTLU G\u00dcBRE \u00c7\u00d6ZELT\u0130S\u0130<\/strong><\/p>\n<p><strong>GARANT\u0130 ED\u0130LEN \u0130\u00c7ER\u0130K<\/strong><\/p>\n<p>Toplam Azot (N)\u2026\u2026\u2026.. %15 w\/w<\/p>\n<p>\u00dcre Azotu (NH2-N)\u2026\u2026. %15 w\/w<\/p>\n<p>&nbsp;<\/p>\n<p>&nbsp;<\/p>\n<p><strong>\u00a0\u00a0\u00a0\u00a0\u00a0\u00a0\u00a0\u00a0\u00a0 KULLANIM \u015eEKL\u0130 VE DOZLAR<\/strong><\/p>\n<table>\n<tbody>\n<tr>\n<td width=\"177\">B\u0130TK\u0130LER<\/td>\n<td width=\"197\">Damla Sulama ile Uygulama<\/td>\n<\/tr>\n<tr>\n<td width=\"177\">Sera Sebzelerinde<\/td>\n<td width=\"197\">2-2,5 kg\/da Damla Sulama ile<\/td>\n<\/tr>\n<tr>\n<td width=\"177\">A\u00e7\u0131k Alan Sebzelerinde<\/td>\n<td width=\"197\">2-2,5 kg\/da Damla Sulama ile<\/td>\n<\/tr>\n<tr>\n<td width=\"177\">Meyve A\u011fa\u00e7lar\u0131<\/td>\n<td width=\"197\">2-2,5 kg\/da Damla Sulama ile<\/td>\n<\/tr>\n<tr>\n<td width=\"177\">Narenciye, Muz<\/td>\n<td width=\"197\">2-2,5 kg\/da Damla Sulama ile<\/td>\n<\/tr>\n<tr>\n<td width=\"177\">Kesme \u00c7i\u00e7ek\u00e7ilik<\/td>\n<td width=\"197\">2-2,5 kg\/da Damla Sulama ile<\/td>\n<\/tr>\n<tr>\n<td width=\"177\">Ba\u011flarda<\/td>\n<td width=\"197\">2-2,5 kg\/da Damla Sulama ile<\/td>\n<\/tr>\n<tr>\n<td width=\"177\">Tarla bitkilerinde (M\u0131s\u0131r, \u015eeker Pancar\u0131 Pamuk, Patates vs.)<\/td>\n<td width=\"197\">2-2,5 kg\/da Damla Sulama ile<\/td>\n<\/tr>\n<\/tbody>\n<\/table>\n<p>&nbsp;<\/p>\n<p><strong><em>\u00a0<\/em><\/strong><\/p>\n<p><strong><em>\u00a0<\/em><\/strong><\/p>\n","protected":false},"excerpt":{"rendered":"<h3><strong>AZOTLU G\u00dcBRE \u00c7\u00d6ZELT\u0130S\u0130<\/strong><\/h3>\n","protected":false},"featured_media":849,"template":"","meta":[],"product_cat":[82],"product_tag":[],"_links":{"self":[{"href":"https:\/\/www.nobeltarim.com\/index.php?rest_route=\/wp\/v2\/product\/801"}],"collection":[{"href":"https:\/\/www.nobeltarim.com\/index.php?rest_route=\/wp\/v2\/product"}],"about":[{"href":"https:\/\/www.nobeltarim.com\/index.php?rest_route=\/wp\/v2\/types\/product"}],"wp:featuredmedia":[{"embeddable":true,"href":"https:\/\/www.nobeltarim.com\/index.php?rest_route=\/wp\/v2\/media\/849"}],"wp:attachment":[{"href":"https:\/\/www.nobeltarim.com\/index.php?rest_route=%2Fwp%2Fv2%2Fmedia&parent=801"}],"wp:term":[{"taxonomy":"product_cat","embeddable":true,"href":"https:\/\/www.nobeltarim.com\/index.php?rest_route=%2Fwp%2Fv2%2Fproduct_cat&post=801"},{"taxonomy":"product_tag","embeddable":true,"href":"https:\/\/www.nobeltarim.com\/index.php?rest_route=%2Fwp%2Fv2%2Fproduct_tag&post=801"}],"curies":[{"name":"wp","href":"https:\/\/api.w.org\/{rel}","templated":true}]}}