{"id":800,"date":"2023-10-17T18:17:30","date_gmt":"2023-10-17T18:17:30","guid":{"rendered":"http:\/\/www.nobeltarim.com\/?post_type=product&#038;p=800"},"modified":"2025-09-09T15:56:51","modified_gmt":"2025-09-09T12:56:51","slug":"nitrocal-plus","status":"publish","type":"product","link":"https:\/\/www.nobeltarim.com\/?product=nitrocal-plus","title":{"rendered":"NITROCAL-PLUS"},"content":{"rendered":"<p><strong>NITROCAL-PLUS<\/strong><\/p>\n<p><strong>\u00a0<\/strong><\/p>\n<p><strong>Garanti Edilen \u0130\u00e7erik:<\/strong><\/p>\n<p>Toplam Azot(N) :\u00a0\u00a0\u00a0\u00a0\u00a0\u00a0\u00a0\u00a0\u00a0\u00a0\u00a0\u00a0\u00a0\u00a0\u00a0\u00a0\u00a0\u00a0\u00a0\u00a0\u00a0\u00a0\u00a0\u00a0\u00a0\u00a0\u00a0\u00a0\u00a0\u00a0\u00a0\u00a0\u00a0\u00a0\u00a0\u00a0\u00a0\u00a0\u00a0\u00a0\u00a0\u00a0\u00a0\u00a0\u00a0\u00a0\u00a0\u00a0\u00a0\u00a0\u00a0 % 9 w\/w<\/p>\n<p>Nitrat Azotu (NO3-N) :\u00a0\u00a0\u00a0\u00a0\u00a0\u00a0\u00a0\u00a0\u00a0\u00a0\u00a0\u00a0\u00a0\u00a0\u00a0\u00a0\u00a0\u00a0\u00a0\u00a0\u00a0\u00a0\u00a0\u00a0\u00a0\u00a0\u00a0\u00a0\u00a0\u00a0\u00a0\u00a0\u00a0\u00a0\u00a0\u00a0\u00a0\u00a0\u00a0\u00a0\u00a0\u00a0\u00a0 % 9 w\/w<\/p>\n<p>Suda \u00c7\u00f6z\u00fcn\u00fcr Kalsiyum Oksit (CaO):\u00a0\u00a0\u00a0\u00a0\u00a0\u00a0\u00a0\u00a0\u00a0\u00a0\u00a0\u00a0\u00a0\u00a0\u00a0\u00a0\u00a0\u00a0\u00a0\u00a0 % 15 w\/w<\/p>\n<p>Suda \u00c7\u00f6z\u00fcn\u00fcr Bor (B) :\u00a0\u00a0\u00a0\u00a0\u00a0\u00a0\u00a0\u00a0\u00a0\u00a0\u00a0\u00a0\u00a0\u00a0\u00a0\u00a0\u00a0\u00a0\u00a0\u00a0\u00a0\u00a0\u00a0\u00a0\u00a0\u00a0\u00a0\u00a0\u00a0\u00a0\u00a0\u00a0\u00a0\u00a0\u00a0\u00a0\u00a0\u00a0\u00a0\u00a0\u00a0\u00a0\u00a0 % 0,17 w\/w<\/p>\n<p>G\u00f6r\u00fcn\u00fcm: \u015eeffaf S\u0131v\u0131<\/p>\n<p>&nbsp;<\/p>\n<p>TAVS\u0130YE ED\u0130LEN B\u0130TK\u0130LER, DOZLARI VE ZAMAN<\/p>\n<table width=\"386\">\n<tbody>\n<tr>\n<td width=\"130\">\u00dcR\u00dcN ADI<\/td>\n<td width=\"113\"><\/td>\n<td width=\"142\">KULLANMA ZAMANI<\/td>\n<\/tr>\n<tr>\n<td width=\"130\">Tarla ve End\u00fcstri Bitkileri<\/p>\n<p>Hububat, m\u0131s\u0131r, \u015feker pancar\u0131,<\/p>\n<p>Patates, tarla sebzeleri ve di\u011fer tarla \u00fcr\u00fcnleri.<\/td>\n<td width=\"113\">&nbsp;<\/p>\n<p>&nbsp;<\/p>\n<p>Yapraktan; 230-400 gr\/100 lt<\/td>\n<td rowspan=\"7\" width=\"142\">Bitkilerin gen\u00e7 fide d\u00f6nemlerinde (fide-f dan) ba\u015flayarak, her d\u00f6nemde (\u00e7i\u00e7ek \u00f6nce si-sonras\u0131, meyve olu\u015fumu, hasat \u00f6ncesi uygulan\u0131r)<\/p>\n<p>&nbsp;<\/p>\n<p>&nbsp;<\/p>\n<p>&nbsp;<\/p>\n<p>Bitkiyi tamamen kaplamaya yetecek kadar<\/p>\n<p>su kulland\u0131\u011f\u0131n\u0131zdan emin olunuz. 15-20 g\u00fcn aral\u0131klarla uygulanabilir.<\/p>\n<p>&nbsp;<\/p>\n<p>S\u0131k aral\u0131klarla d\u00fc\u015f\u00fck dozlu uygulamalar yapmak daha etkilidir.<\/td>\n<\/tr>\n<tr>\n<td width=\"130\">Narenciye ve Meyve A\u011fa\u00e7lar\u0131<\/td>\n<td width=\"113\">Yapraktan; 200-300 gr\/100 lt<\/td>\n<\/tr>\n<tr>\n<td width=\"130\">S\u00fcs bitkileri<\/td>\n<td width=\"113\">Yapraktan; 200-250 gr\/100 lt<\/td>\n<\/tr>\n<tr>\n<td width=\"130\">Karanfil, G\u00fcl vs.<\/td>\n<td width=\"113\">Yapraktan; 200-230 gr\/100 lt<\/td>\n<\/tr>\n<tr>\n<td width=\"130\">\u00c7ilek, Kavun, Karpuz, Ba\u011f, Muz<\/td>\n<td width=\"113\">Yapraktan; 200-250 gr\/100 lt<\/td>\n<\/tr>\n<tr>\n<td width=\"130\">Sebzeler<\/p>\n<p>Domates, biber, patl\u0131can vs.<\/td>\n<td width=\"113\">Yapraktan; 200-250 gr\/100 lt<\/td>\n<\/tr>\n<tr>\n<td width=\"130\"><\/td>\n<td width=\"113\">TOPRAK UYGULAMASI<\/td>\n<\/tr>\n<tr>\n<td colspan=\"3\" width=\"386\">Uygulamalar\u0131 2,5 Kg\/da olarak damla sulama i\u00e7in uygundur.<\/td>\n<\/tr>\n<\/tbody>\n<\/table>\n<p>&nbsp;<\/p>\n","protected":false},"excerpt":{"rendered":"<p>NITROCAL-PLUS \u00a0 Garanti Edilen \u0130\u00e7erik: Toplam Azot(N) :\u00a0\u00a0\u00a0\u00a0\u00a0\u00a0\u00a0\u00a0\u00a0\u00a0\u00a0\u00a0\u00a0\u00a0\u00a0\u00a0\u00a0\u00a0\u00a0\u00a0\u00a0\u00a0\u00a0\u00a0\u00a0\u00a0\u00a0\u00a0\u00a0\u00a0\u00a0\u00a0\u00a0\u00a0\u00a0\u00a0\u00a0\u00a0\u00a0\u00a0\u00a0\u00a0\u00a0\u00a0\u00a0\u00a0\u00a0\u00a0\u00a0\u00a0\u00a0 % 9 w\/w Nitrat Azotu (NO3-N) :\u00a0\u00a0\u00a0\u00a0\u00a0\u00a0\u00a0\u00a0\u00a0\u00a0\u00a0\u00a0\u00a0\u00a0\u00a0\u00a0\u00a0\u00a0\u00a0\u00a0\u00a0\u00a0\u00a0\u00a0\u00a0\u00a0\u00a0\u00a0\u00a0\u00a0\u00a0\u00a0\u00a0\u00a0\u00a0\u00a0\u00a0\u00a0\u00a0\u00a0\u00a0\u00a0\u00a0 % 9 w\/w Suda \u00c7\u00f6z\u00fcn\u00fcr Kalsiyum Oksit (CaO):\u00a0\u00a0\u00a0\u00a0\u00a0\u00a0\u00a0\u00a0\u00a0\u00a0\u00a0\u00a0\u00a0\u00a0\u00a0\u00a0\u00a0\u00a0\u00a0\u00a0 % 15 w\/w Suda \u00c7\u00f6z\u00fcn\u00fcr Bor (B) :\u00a0\u00a0\u00a0\u00a0\u00a0\u00a0\u00a0\u00a0\u00a0\u00a0\u00a0\u00a0\u00a0\u00a0\u00a0\u00a0\u00a0\u00a0\u00a0\u00a0\u00a0\u00a0\u00a0\u00a0\u00a0\u00a0\u00a0\u00a0\u00a0\u00a0\u00a0\u00a0\u00a0\u00a0\u00a0\u00a0\u00a0\u00a0\u00a0\u00a0\u00a0\u00a0\u00a0 % 0,17 w\/w G\u00f6r\u00fcn\u00fcm: \u015eeffaf S\u0131v\u0131 &nbsp; TAVS\u0130YE ED\u0130LEN B\u0130TK\u0130LER, DOZLARI VE ZAMAN \u00dcR\u00dcN ADI KULLANMA ZAMANI Tarla ve End\u00fcstri Bitkileri Hububat, m\u0131s\u0131r, \u015feker [&#8230;]\n","protected":false},"featured_media":865,"template":"","meta":[],"product_cat":[82],"product_tag":[],"_links":{"self":[{"href":"https:\/\/www.nobeltarim.com\/index.php?rest_route=\/wp\/v2\/product\/800"}],"collection":[{"href":"https:\/\/www.nobeltarim.com\/index.php?rest_route=\/wp\/v2\/product"}],"about":[{"href":"https:\/\/www.nobeltarim.com\/index.php?rest_route=\/wp\/v2\/types\/product"}],"wp:featuredmedia":[{"embeddable":true,"href":"https:\/\/www.nobeltarim.com\/index.php?rest_route=\/wp\/v2\/media\/865"}],"wp:attachment":[{"href":"https:\/\/www.nobeltarim.com\/index.php?rest_route=%2Fwp%2Fv2%2Fmedia&parent=800"}],"wp:term":[{"taxonomy":"product_cat","embeddable":true,"href":"https:\/\/www.nobeltarim.com\/index.php?rest_route=%2Fwp%2Fv2%2Fproduct_cat&post=800"},{"taxonomy":"product_tag","embeddable":true,"href":"https:\/\/www.nobeltarim.com\/index.php?rest_route=%2Fwp%2Fv2%2Fproduct_tag&post=800"}],"curies":[{"name":"wp","href":"https:\/\/api.w.org\/{rel}","templated":true}]}}