{"id":798,"date":"2023-10-17T18:14:44","date_gmt":"2023-10-17T18:14:44","guid":{"rendered":"http:\/\/www.nobeltarim.com\/?post_type=product&#038;p=798"},"modified":"2025-09-09T16:33:40","modified_gmt":"2025-09-09T13:33:40","slug":"ever-time-2","status":"publish","type":"product","link":"https:\/\/www.nobeltarim.com\/?product=ever-time-2","title":{"rendered":"EVER\u00a0 TIME"},"content":{"rendered":"<p><strong>EVER TIME SIVI \u0130Z ELEMENT SER\u0130S\u0130<\/strong><\/p>\n<p><strong>\u00a0<\/strong><strong>Formulasyonlar <\/strong><\/p>\n<p>EVER TIME COPPER:\u00a0\u00a0\u00a0\u00a0\u00a0\u00a0\u00a0\u00a0\u00a0\u00a0\u00a0\u00a0\u00a0 % 6 \u00a0BAKIR<\/p>\n<p>EVER TIME CALCIUM :\u00a0\u00a0\u00a0 \u00a0\u00a0\u00a0\u00a0\u00a0\u00a0% 12 KALS\u0130YUM<\/p>\n<p>EVER TIME ZINC :\u00a0\u00a0\u00a0\u00a0 \u00a0\u00a0\u00a0\u00a0\u00a0\u00a0\u00a0\u00a0\u00a0\u00a0\u00a0\u00a0\u00a0\u00a0% 8 \u00a0\u00c7\u0130NKO<\/p>\n<p>EVER TIME IRON : \u00a0\u00a0\u00a0\u00a0\u00a0\u00a0\u00a0\u00a0\u00a0\u00a0\u00a0\u00a0\u00a0\u00a0\u00a0\u00a0\u00a0% 6 \u00a0DEM\u0130R<\/p>\n<p>EVER TIME BOR: \u00a0\u00a0\u00a0\u00a0\u00a0\u00a0\u00a0\u00a0\u00a0\u00a0\u00a0\u00a0\u00a0\u00a0\u00a0\u00a0\u00a0\u00a0\u00a0% 10 BOR<\/p>\n<p>EVER TIME MANGAN :\u00a0\u00a0\u00a0\u00a0\u00a0\u00a0\u00a0 \u00a0\u00a0% 8\u00a0 MANGAN<\/p>\n<p>EVER TIME MAGNESIUM:\u00a0\u00a0\u00a0 \u00a0% 6\u00a0 MAGNEZYUM<\/p>\n<p>EVER TIME MOLIBOR :\u00a0\u00a0\u00a0\u00a0\u00a0\u00a0\u00a0\u00a0\u00a0 % 6 BOR %1 MOLIBDEN<\/p>\n<p>&nbsp;<\/p>\n<p>&nbsp;<\/p>\n","protected":false},"excerpt":{"rendered":"<p>EVER TIME SIVI \u0130Z ELEMENT SER\u0130S\u0130 \u00a0Formulasyonlar EVER TIME COPPER:\u00a0\u00a0\u00a0\u00a0\u00a0\u00a0\u00a0\u00a0\u00a0\u00a0\u00a0\u00a0\u00a0 % 6 \u00a0BAKIR EVER TIME CALCIUM :\u00a0\u00a0\u00a0 \u00a0\u00a0\u00a0\u00a0\u00a0\u00a0% 12 KALS\u0130YUM EVER TIME ZINC :\u00a0\u00a0\u00a0\u00a0 \u00a0\u00a0\u00a0\u00a0\u00a0\u00a0\u00a0\u00a0\u00a0\u00a0\u00a0\u00a0\u00a0\u00a0% 8 \u00a0\u00c7\u0130NKO EVER TIME IRON : \u00a0\u00a0\u00a0\u00a0\u00a0\u00a0\u00a0\u00a0\u00a0\u00a0\u00a0\u00a0\u00a0\u00a0\u00a0\u00a0\u00a0% 6 \u00a0DEM\u0130R EVER TIME BOR: \u00a0\u00a0\u00a0\u00a0\u00a0\u00a0\u00a0\u00a0\u00a0\u00a0\u00a0\u00a0\u00a0\u00a0\u00a0\u00a0\u00a0\u00a0\u00a0% 10 BOR EVER TIME MANGAN :\u00a0\u00a0\u00a0\u00a0\u00a0\u00a0\u00a0 \u00a0\u00a0% 8\u00a0 MANGAN EVER TIME MAGNESIUM:\u00a0\u00a0\u00a0 \u00a0% 6\u00a0 MAGNEZYUM EVER TIME [&#8230;]\n","protected":false},"featured_media":606,"template":"","meta":[],"product_cat":[81],"product_tag":[],"_links":{"self":[{"href":"https:\/\/www.nobeltarim.com\/index.php?rest_route=\/wp\/v2\/product\/798"}],"collection":[{"href":"https:\/\/www.nobeltarim.com\/index.php?rest_route=\/wp\/v2\/product"}],"about":[{"href":"https:\/\/www.nobeltarim.com\/index.php?rest_route=\/wp\/v2\/types\/product"}],"wp:featuredmedia":[{"embeddable":true,"href":"https:\/\/www.nobeltarim.com\/index.php?rest_route=\/wp\/v2\/media\/606"}],"wp:attachment":[{"href":"https:\/\/www.nobeltarim.com\/index.php?rest_route=%2Fwp%2Fv2%2Fmedia&parent=798"}],"wp:term":[{"taxonomy":"product_cat","embeddable":true,"href":"https:\/\/www.nobeltarim.com\/index.php?rest_route=%2Fwp%2Fv2%2Fproduct_cat&post=798"},{"taxonomy":"product_tag","embeddable":true,"href":"https:\/\/www.nobeltarim.com\/index.php?rest_route=%2Fwp%2Fv2%2Fproduct_tag&post=798"}],"curies":[{"name":"wp","href":"https:\/\/api.w.org\/{rel}","templated":true}]}}