{"id":797,"date":"2023-10-17T18:12:26","date_gmt":"2023-10-17T18:12:26","guid":{"rendered":"http:\/\/www.nobeltarim.com\/?post_type=product&#038;p=797"},"modified":"2025-09-09T16:34:13","modified_gmt":"2025-09-09T13:34:13","slug":"g-t-cinko-edta","status":"publish","type":"product","link":"https:\/\/www.nobeltarim.com\/?product=g-t-cinko-edta","title":{"rendered":"G.T \u00c7\u0130NKO-EDTA"},"content":{"rendered":"<p><strong>G.T \u00c7\u0130NKO-EDTA<\/strong><\/p>\n<p><strong>Garanti Edilen \u0130\u00e7erik<\/strong><\/p>\n<p>Suda \u00c7\u00f6z\u00fcn\u00fcr \u00c7inko (Zn):\u00a0\u00a0\u00a0\u00a0 %14 w\/w<\/p>\n<p><strong>\u00a0<\/strong><\/p>\n<p><strong>\u00a0<\/strong><\/p>\n<p><strong>Genel kullan\u0131m dozu:<\/strong><\/p>\n<p><strong>\u00a0<\/strong>Yaprak uygulamalar\u0131 olarak 100 It suya 100-200 gr&#8217;d\u0131r. Damla sulama ile dekara 200-400 grama kadar verilebilir.<\/p>\n","protected":false},"excerpt":{"rendered":"<p>G.T \u00c7\u0130NKO-EDTA Garanti Edilen \u0130\u00e7erik Suda \u00c7\u00f6z\u00fcn\u00fcr \u00c7inko (Zn):\u00a0\u00a0\u00a0\u00a0 %14 w\/w \u00a0 \u00a0 Genel kullan\u0131m dozu: \u00a0Yaprak uygulamalar\u0131 olarak 100 It suya 100-200 gr&#8217;d\u0131r. Damla sulama ile dekara 200-400 grama kadar verilebilir.<\/p>\n","protected":false},"featured_media":555,"template":"","meta":[],"product_cat":[81],"product_tag":[],"_links":{"self":[{"href":"https:\/\/www.nobeltarim.com\/index.php?rest_route=\/wp\/v2\/product\/797"}],"collection":[{"href":"https:\/\/www.nobeltarim.com\/index.php?rest_route=\/wp\/v2\/product"}],"about":[{"href":"https:\/\/www.nobeltarim.com\/index.php?rest_route=\/wp\/v2\/types\/product"}],"wp:featuredmedia":[{"embeddable":true,"href":"https:\/\/www.nobeltarim.com\/index.php?rest_route=\/wp\/v2\/media\/555"}],"wp:attachment":[{"href":"https:\/\/www.nobeltarim.com\/index.php?rest_route=%2Fwp%2Fv2%2Fmedia&parent=797"}],"wp:term":[{"taxonomy":"product_cat","embeddable":true,"href":"https:\/\/www.nobeltarim.com\/index.php?rest_route=%2Fwp%2Fv2%2Fproduct_cat&post=797"},{"taxonomy":"product_tag","embeddable":true,"href":"https:\/\/www.nobeltarim.com\/index.php?rest_route=%2Fwp%2Fv2%2Fproduct_tag&post=797"}],"curies":[{"name":"wp","href":"https:\/\/api.w.org\/{rel}","templated":true}]}}