{"id":796,"date":"2023-10-17T18:10:59","date_gmt":"2023-10-17T18:10:59","guid":{"rendered":"http:\/\/www.nobeltarim.com\/?post_type=product&#038;p=796"},"modified":"2025-09-09T16:35:23","modified_gmt":"2025-09-09T13:35:23","slug":"g-t-mangan-edta","status":"publish","type":"product","link":"https:\/\/www.nobeltarim.com\/?product=g-t-mangan-edta","title":{"rendered":"G.T MANGAN-EDTA"},"content":{"rendered":"<p><strong>G.T MANGAN-EDTA<\/strong><\/p>\n<p>&nbsp;<\/p>\n<p><strong>Garanti Edilen \u0130\u00e7erik<\/strong><\/p>\n<p>Suda \u00c7\u00f6z\u00fcn\u00fcr Mangan (Mn): %12 w\/w<\/p>\n<p><strong>\u00a0<\/strong><\/p>\n<p>&nbsp;<\/p>\n<p><strong>Genel kullan\u0131m dozu: <\/strong>Yaprak uygulamalar\u0131 i\u00e7in 100 lt suya 100-200 gr&#8217;d\u0131r. Damla sulama ile dekara 400-600 gram verile- bilir.<\/p>\n","protected":false},"excerpt":{"rendered":"<p>G.T MANGAN-EDTA &nbsp; Garanti Edilen \u0130\u00e7erik Suda \u00c7\u00f6z\u00fcn\u00fcr Mangan (Mn): %12 w\/w \u00a0 &nbsp; Genel kullan\u0131m dozu: Yaprak uygulamalar\u0131 i\u00e7in 100 lt suya 100-200 gr&#8217;d\u0131r. Damla sulama ile dekara 400-600 gram verile- bilir.<\/p>\n","protected":false},"featured_media":557,"template":"","meta":[],"product_cat":[81],"product_tag":[],"_links":{"self":[{"href":"https:\/\/www.nobeltarim.com\/index.php?rest_route=\/wp\/v2\/product\/796"}],"collection":[{"href":"https:\/\/www.nobeltarim.com\/index.php?rest_route=\/wp\/v2\/product"}],"about":[{"href":"https:\/\/www.nobeltarim.com\/index.php?rest_route=\/wp\/v2\/types\/product"}],"wp:featuredmedia":[{"embeddable":true,"href":"https:\/\/www.nobeltarim.com\/index.php?rest_route=\/wp\/v2\/media\/557"}],"wp:attachment":[{"href":"https:\/\/www.nobeltarim.com\/index.php?rest_route=%2Fwp%2Fv2%2Fmedia&parent=796"}],"wp:term":[{"taxonomy":"product_cat","embeddable":true,"href":"https:\/\/www.nobeltarim.com\/index.php?rest_route=%2Fwp%2Fv2%2Fproduct_cat&post=796"},{"taxonomy":"product_tag","embeddable":true,"href":"https:\/\/www.nobeltarim.com\/index.php?rest_route=%2Fwp%2Fv2%2Fproduct_tag&post=796"}],"curies":[{"name":"wp","href":"https:\/\/api.w.org\/{rel}","templated":true}]}}